{"id":223516,"date":"2025-11-25T02:48:35","date_gmt":"2025-11-25T00:48:35","guid":{"rendered":"https:\/\/electrovideo.eu\/produit\/philips-49-oled-evnia-49m2c8900l\/"},"modified":"2025-11-25T02:48:35","modified_gmt":"2025-11-25T00:48:35","slug":"philips-49-oled-evnia-49m2c8900l","status":"publish","type":"product","link":"https:\/\/electrovideo.eu\/en\/product\/philips-49-oled-evnia-49m2c8900l\/","title":{"rendered":"Philips 49&#8243; OLED &#8211; Evnia 49M2C8900L"},"content":{"rendered":"<div id=\"description\" class=\"description\">\n<div class=\"details-pdt-desc\">\n<h2 class=\"h2-master\">\u00c9cran OLED 5K incurv\u00e9 ultra-large avec Ambiglow<\/h2>\n<section>\n<p>Boostez votre confort de jeu et d\u00e9cuplez votre immersion avec le<strong> moniteur Philips EVNIA 49M2C8900L<\/strong> ! Avec sa dalle incurv\u00e9e de 49 pouces au format 32\/9 avec dalle QD-OLED, sa compatibilit\u00e9 HDR 400 True Black et le support de la technologie FreeSync Premium Pro, cet \u00e9cran Philips vous offre la qualit\u00e9 d&#8217;image et la fluidit\u00e9 d&#8217;affichage dont vous avez besoin.<br \/>&nbsp;<\/p>\n<\/section>\n<section>\n<div class=\"desc-image\"><span><img decoding=\"async\" alt=\"\" loading=\"lazy\" src=\"https:\/\/electrovideo.eu\/wp-content\/uploads\/2025\/11\/801-23.jpg\"><\/span><\/div>\n<div class=\"desc-text\">\n<h2>Des couleurs superbes avec un \u00e9cran OLED<\/h2>\n<p>La solution QD OLED est une approche hybride alliant des dalles OLED \u00e0 la technologie Quantum Dot. En r\u00e9unissant le meilleur des deux, l&#8217;\u00e9cran QD OLED offre un contraste \u00e9lev\u00e9, des noirs profonds et des angles de vue illimit\u00e9s, avec une luminosit\u00e9 de cr\u00eate plus \u00e9lev\u00e9e et des couleurs plus \u00e9clatantes.<\/p>\n<p>Ce moniteur Philips est certifi\u00e9 <strong>VESA DisplayHDR True Black 400<\/strong>. Il affiche des d\u00e9tails incroyablement pr\u00e9cis dans les zones sombres, avec des noirs plus profonds, pour une exp\u00e9rience visuelle remarquable. \u00c9galement certifi\u00e9 <strong>VESA ClearMR 8000<\/strong>, ce moniteur vous offre la garantie d&#8217;une image pr\u00e9cise avec un flou r\u00e9duit au minimum.<\/p>\n<\/div>\n<\/section>\n<section>\n<div class=\"desc-text\">\n<h2>Parfaite immersion<\/h2>\n<p>Les moniteurs de bureau sont destin\u00e9s avant tout \u00e0 un usage personnel, ce qui rend un design courbe parfaitement adapt\u00e9. L&#8217;\u00e9cran incurv\u00e9 offre une immersion subtile et agr\u00e9able en vous pla\u00e7ant au centre du bureau. Avec sa courbure de 1800R et son pied r\u00e9glable en hauteur, ce moniteur Philips maximisera votre confort d&#8217;utilisation !<\/p>\n<p>L&#8217;\u00e9clairage Ambiglow ajoute une nouvelle dimension \u00e0 votre plaisir visuel. La technologie novatrice Ambiglow enrichit le contenu \u00e0 l&#8217;\u00e9cran en cr\u00e9ant un halo de lumi\u00e8re provenant du moniteur. Son processeur rapide analyse le contenu de l&#8217;image afin d&#8217;adapter continuellement la couleur et l&#8217;intensit\u00e9 de la lumi\u00e8re produite. Particuli\u00e8rement adapt\u00e9 aux films, \u00e9v\u00e8nements sportifs et jeux, Philips Ambiglow vous offre une exp\u00e9rience immersive unique.<\/p>\n<\/div>\n<div class=\"desc-image\"><img decoding=\"async\" alt=\"\" loading=\"lazy\" src=\"https:\/\/electrovideo.eu\/wp-content\/uploads\/2025\/11\/802-25.jpg\"><\/div>\n<\/section>\n<section class=\"list\">\n<h2>Caract\u00e9ristiques principales :<\/h2>\n<ul>\n<li>\u00c9cran de 49 pouces au format 32\/9 avec <strong>r\u00e9solution de 5120 x 1440<\/strong><\/li>\n<li><strong>Dalle QD-OLED <\/strong>avec temps de r\u00e9ponse de 0.03 ms et contraste natif de 1 000 000:1<\/li>\n<li>Certifications <strong> <span>DisplayHDR True&nbsp;Black&nbsp;400 <\/span><\/strong>et<strong><span> ClearMR 8000<\/span><\/strong><\/li>\n<li>Fr\u00e9quence de rafra\u00eechissement de<strong> 144 Hz<\/strong><\/li>\n<li>Technologie<strong> AMD FreeSync Premium Pro<\/strong><\/li>\n<li>2 ports HDMI&nbsp;+ 1 port DisplayPort + 1 port&nbsp;USB-C<\/li>\n<li>Hub USB 3.0 avec 4 ports<\/li>\n<li><strong>Hauteur r\u00e9glable sur 120 mm<\/strong><\/li>\n<li>Technologie Philips Ambiglow sur 3 c\u00f4t\u00e9s<\/li>\n<li>Haut-parleurs 2x 7.5 W + 2 haut-parleurs de graves 2x 7.5 W avec FlowPort<\/li>\n<\/ul>\n<\/section>\n<\/div><\/div>\n","protected":false},"excerpt":{"rendered":"<p>Ecran PC 5K &#8211; 5120 x 1440 pixels &#8211; 0.03 ms (gris \u00e0 gris) &#8211; 32\/9 &#8211; Dalle QD-OLED incurv\u00e9e &#8211; HDR 400 True Black &#8211; 144 Hz &#8211; FreeSync Premium Pro &#8211; HDMI\/DisplayPort\/USB-C &#8211; Hauteur r\u00e9glable &#8211; Argent<\/p>\n","protected":false},"featured_media":223518,"comment_status":"open","ping_status":"closed","template":"","meta":{"_monsterinsights_skip_tracking":false,"_monsterinsights_sitenote_active":false,"_monsterinsights_sitenote_note":"","_monsterinsights_sitenote_category":0},"etheme_brands":[{"term_id":3721,"name":"Philips","slug":"philips","term_group":0,"term_taxonomy_id":3721,"taxonomy":"brand","description":"","parent":0,"count":4,"filter":"raw"}],"product_brand":[],"product_cat":[3302],"product_tag":[],"class_list":{"0":"post-223516","1":"product","2":"type-product","3":"status-publish","4":"has-post-thumbnail","6":"brand-philips","7":"product_cat-pc-monitors-screens","9":"first","10":"instock","11":"sale","12":"taxable","13":"shipping-taxable","14":"purchasable","15":"product-type-simple"},"_links":{"self":[{"href":"https:\/\/electrovideo.eu\/en\/wp-json\/wp\/v2\/product\/223516","targetHints":{"allow":["GET"]}}],"collection":[{"href":"https:\/\/electrovideo.eu\/en\/wp-json\/wp\/v2\/product"}],"about":[{"href":"https:\/\/electrovideo.eu\/en\/wp-json\/wp\/v2\/types\/product"}],"replies":[{"embeddable":true,"href":"https:\/\/electrovideo.eu\/en\/wp-json\/wp\/v2\/comments?post=223516"}],"version-history":[{"count":0,"href":"https:\/\/electrovideo.eu\/en\/wp-json\/wp\/v2\/product\/223516\/revisions"}],"wp:featuredmedia":[{"embeddable":true,"href":"https:\/\/electrovideo.eu\/en\/wp-json\/wp\/v2\/media\/223518"}],"wp:attachment":[{"href":"https:\/\/electrovideo.eu\/en\/wp-json\/wp\/v2\/media?parent=223516"}],"wp:term":[{"taxonomy":"brand","embeddable":true,"href":"https:\/\/electrovideo.eu\/en\/wp-json\/wp\/v2\/etheme_brands?post=223516"},{"taxonomy":"product_brand","embeddable":true,"href":"https:\/\/electrovideo.eu\/en\/wp-json\/wp\/v2\/product_brand?post=223516"},{"taxonomy":"product_cat","embeddable":true,"href":"https:\/\/electrovideo.eu\/en\/wp-json\/wp\/v2\/product_cat?post=223516"},{"taxonomy":"product_tag","embeddable":true,"href":"https:\/\/electrovideo.eu\/en\/wp-json\/wp\/v2\/product_tag?post=223516"}],"curies":[{"name":"wp","href":"https:\/\/api.w.org\/{rel}","templated":true}]}}