{"id":223510,"date":"2025-11-25T02:48:35","date_gmt":"2025-11-25T00:48:35","guid":{"rendered":"https:\/\/electrovideo.eu\/produit\/lg-31-5-oled-ultragear-32gx850a-b\/"},"modified":"2025-11-25T02:48:35","modified_gmt":"2025-11-25T00:48:35","slug":"lg-31-5-oled-ultragear-32gx850a-b","status":"publish","type":"product","link":"https:\/\/electrovideo.eu\/en\/product\/lg-31-5-oled-ultragear-32gx850a-b\/","title":{"rendered":"LG 31.5&#8243; OLED &#8211; UltraGear 32GX850A-B"},"content":{"rendered":"<div id=\"description\" class=\"description\">\n<div class=\"details-pdt-desc\">\n<h2 class=\"h2-master\">Dual-Mode : choisissez entre 4K 165 Hz et Full HD 330 Hz !<\/h2>\n<section>\n<p>Le <strong>moniteur LG UltraGear 32GX850A-B <\/strong>combine qualit\u00e9 d&#8217;image, confort de jeu et&#8230; flexibilit\u00e9 ! Avec sa <strong>fonction Dual-Mode<\/strong> cet \u00e9cran de <strong>32 pouces avec r\u00e9solution 4K \u00e0 165 Hz<\/strong> adapte en un instant son affichage et passe \u00e0 un affichage<strong>&nbsp;avec r\u00e9solution Full HD \u00e0 330 Hz<\/strong> ! Plus besoin de choisir entre une image ultra-d\u00e9taill\u00e9e et un affichage ultra-fluide, cet \u00e9cran LG est capable d&#8217;offrir les deux ! Gr\u00e2ce \u00e0 ses deux connecteurs HDMI 2.1, cet \u00e9cran prend en charge la r\u00e9solution 4K avec une fr\u00e9quence jusqu&#8217;\u00e0 165 Hz.<br \/>&nbsp;<\/p>\n<\/section>\n<section>\n<div class=\"desc-image\"><span><img decoding=\"async\" alt=\"\" loading=\"lazy\" src=\"https:\/\/electrovideo.eu\/wp-content\/uploads\/2025\/11\/801-21.jpg\"><\/span><\/div>\n<div class=\"desc-text\">\n<h2>Haute qualit\u00e9 d&#8217;image<\/h2>\n<p>L&#8217;affichage OLED brillant de cet \u00e9cran LG propose des couleurs avec un \u00e9clat d&#8217;un tout autre niveau. Certifi\u00e9 VESA DisplayHDR True Black 400, ce moniteur LG donne vie \u00e0 toutes les sc\u00e8nes, qu&#8217;elles soient lumineuses ou sombres, gr\u00e2ce \u00e0 des d\u00e9tails r\u00e9alistes avec un taux de contraste de 1,5 M et une couverture colorim\u00e9trique DCI-P3 typique de 98.5 %. De plus, avec une surface anti-reflets et les technologies Flicker-Free, Discomfort Glare Free, et Low Blue Light, cet \u00e9cran LG offre un confort oculaire renforc\u00e9.<\/p>\n<\/div>\n<\/section>\n<section>\n<div class=\"desc-text\">\n<h2>Affichage flexible avec Dual-Mode<\/h2>\n<p>Gr\u00e2ce au Dual-Mode certifi\u00e9 VESA, basculez facilement entre UHD 165 Hz pour des jeux aux graphiques riches et FHD 330 Hz pour vivre l\u2019action de fa\u00e7on dynamique. Profitez du Dual-Mode avec des options s\u00e9lectionnables et choisissez facilement votre taille d\u2019\u00e9cran pr\u00e9f\u00e9r\u00e9e parmi deux taux de rafra\u00eechissement (165 Hz, 330 Hz) via l\u2019\u00e9cran. De plus, vous pouvez facilement basculer entre un raccourci physique ou un raccourci clavier via le LG Switch, optimisant ainsi les jeux quel que soit le genre.<\/p>\n<\/div>\n<div class=\"desc-image\"><span><img decoding=\"async\" alt=\"\" loading=\"lazy\" src=\"https:\/\/electrovideo.eu\/wp-content\/uploads\/2025\/11\/802-24.jpg\"><\/span><\/div>\n<\/section>\n<section>\n<div class=\"desc-image\"><span><img decoding=\"async\" alt=\"\" loading=\"lazy\" src=\"https:\/\/electrovideo.eu\/wp-content\/uploads\/2025\/09\/803-11.jpg\"><\/span><\/div>\n<div class=\"desc-text\">\n<h2>Des fonctions innovantes pour les Gamers<\/h2>\n<p>Gagnez en confort avec des fonctions novatrices destin\u00e9es \u00e0 am\u00e9liorer la qualit\u00e9 d&#8217;affichage et les performances de jeu. Dynamic Action Sync r\u00e9duit l&#8217;input lag pour soutenir vote temps de r\u00e9activit\u00e9. Black Stabilizer am\u00e9liore les contrastes dans les zones sombres afin de vous permettre de mieux voir ce qui s&#8217;y cache. Crosshair fixe le point de mire au centre de l&#8217;\u00e9cran, pour am\u00e9liorer la pr\u00e9cision. FPS Counter vous permettra de voir le taux de FPS en temps r\u00e9el.<\/p>\n<\/div>\n<\/section>\n<\/div><\/div>\n","protected":false},"excerpt":{"rendered":"<p>Ecran PC 4K &#8211; 3840 x 2160 pixels &#8211; 0.03 ms (gris \u00e0 gris) &#8211; 16\/9 &#8211; Dalle OLED &#8211; 165 Hz &#8211; HDR 400 True Black &#8211; Compatible G-SYNC \/ FreeSync Premium Pro &#8211; HDMI\/DisplayPort &#8211; Pivot &#8211; Noir<\/p>\n","protected":false},"featured_media":223512,"comment_status":"open","ping_status":"closed","template":"","meta":{"_monsterinsights_skip_tracking":false,"_monsterinsights_sitenote_active":false,"_monsterinsights_sitenote_note":"","_monsterinsights_sitenote_category":0},"etheme_brands":[{"term_id":3723,"name":"LG","slug":"lg","term_group":0,"term_taxonomy_id":3723,"taxonomy":"brand","description":"","parent":0,"count":17,"filter":"raw"}],"product_brand":[],"product_cat":[3302],"product_tag":[],"class_list":{"0":"post-223510","1":"product","2":"type-product","3":"status-publish","4":"has-post-thumbnail","6":"brand-lg","7":"product_cat-pc-monitors-screens","9":"first","10":"instock","11":"sale","12":"taxable","13":"shipping-taxable","14":"purchasable","15":"product-type-simple"},"_links":{"self":[{"href":"https:\/\/electrovideo.eu\/en\/wp-json\/wp\/v2\/product\/223510","targetHints":{"allow":["GET"]}}],"collection":[{"href":"https:\/\/electrovideo.eu\/en\/wp-json\/wp\/v2\/product"}],"about":[{"href":"https:\/\/electrovideo.eu\/en\/wp-json\/wp\/v2\/types\/product"}],"replies":[{"embeddable":true,"href":"https:\/\/electrovideo.eu\/en\/wp-json\/wp\/v2\/comments?post=223510"}],"version-history":[{"count":0,"href":"https:\/\/electrovideo.eu\/en\/wp-json\/wp\/v2\/product\/223510\/revisions"}],"wp:featuredmedia":[{"embeddable":true,"href":"https:\/\/electrovideo.eu\/en\/wp-json\/wp\/v2\/media\/223512"}],"wp:attachment":[{"href":"https:\/\/electrovideo.eu\/en\/wp-json\/wp\/v2\/media?parent=223510"}],"wp:term":[{"taxonomy":"brand","embeddable":true,"href":"https:\/\/electrovideo.eu\/en\/wp-json\/wp\/v2\/etheme_brands?post=223510"},{"taxonomy":"product_brand","embeddable":true,"href":"https:\/\/electrovideo.eu\/en\/wp-json\/wp\/v2\/product_brand?post=223510"},{"taxonomy":"product_cat","embeddable":true,"href":"https:\/\/electrovideo.eu\/en\/wp-json\/wp\/v2\/product_cat?post=223510"},{"taxonomy":"product_tag","embeddable":true,"href":"https:\/\/electrovideo.eu\/en\/wp-json\/wp\/v2\/product_tag?post=223510"}],"curies":[{"name":"wp","href":"https:\/\/api.w.org\/{rel}","templated":true}]}}