{"id":223504,"date":"2025-11-25T03:20:17","date_gmt":"2025-11-25T01:20:17","guid":{"rendered":"https:\/\/electrovideo.eu\/produit\/lg-44-5-oled-ultragear-45gx90sa-b\/"},"modified":"2025-11-25T03:20:17","modified_gmt":"2025-11-25T01:20:17","slug":"lg-44-5-oled-ultragear-45gx90sa-b","status":"publish","type":"product","link":"https:\/\/electrovideo.eu\/en\/product\/lg-44-5-oled-ultragear-45gx90sa-b\/","title":{"rendered":"LG 44.5&#8243; OLED &#8211; UltraGear 45GX90SA-B"},"content":{"rendered":"<div id=\"description\" class=\"description\">\n<div class=\"details-pdt-desc\">\n<h2 class=\"h2-master\">Un grand \u00e9cran OLED incurv\u00e9 pour les Gamers<\/h2>\n<section>Le <strong>moniteur LG UltraGear 45GX90SA-B<\/strong> combine qualit\u00e9 d&#8217;image et confort de jeu ! Avec son grand \u00e9cran OLED incurv\u00e9 de 45 pouces au format 21:9, sa fr\u00e9quence de 240 Hz et sa certification VESA DisplayHDR 400 True Black, ce moniteur vous offre la qualit\u00e9 d&#8217;affichage et la fluidit\u00e9 dont vous avez besoin pour jouer dans de bonnes conditions.<br \/>\n<\/section>\n<section>\n<div class=\"desc-image\"><img decoding=\"async\" src=\"https:\/\/electrovideo.eu\/wp-content\/uploads\/2025\/11\/801-21.jpg\" alt=\"\" \/><\/div>\n<div class=\"desc-text\">\n<h2>Haute qualit\u00e9 d&#8217;image<\/h2>\n<p>L&#8217;affichage OLED brillant de cet \u00e9cran LG propose des couleurs avec un \u00e9clat d&#8217;un tout autre niveau. Avec une luminosit\u00e9 standard de 275 nits et une luminosit\u00e9 maximale de 1300 nits, cet \u00e9cran garde les visuels brillants et \u00e9clatants. Certifi\u00e9 VESA DisplayHDR True Black 400, ce moniteur LG donne vie \u00e0 toutes les sc\u00e8nes, qu&#8217;elles soient lumineuses ou sombres, gr\u00e2ce \u00e0 des d\u00e9tails r\u00e9alistes avec un taux de contraste de 1,5 M et une couverture colorim\u00e9trique DCI-P3 typique de 98.5 %. De plus, avec une surface anti-reflets et les technologies Flicker-Free, Discomfort Glare Free, et Low Blue Light, cet \u00e9cran LG offre un confort oculaire renforc\u00e9.<\/p>\n<\/div>\n<\/section>\n<section>\n<div class=\"desc-text\">\n<h2>\u00c9cran large avec dalle incurv\u00e9e<\/h2>\n<p>Avec son grand \u00e9cran large UltraWide WQHD au format 21:9, ce moniteur LG vous offre une vision \u00e9largie de 34 % par rapport \u00e0 un \u00e9cran 16:9 standard. Vivez une immersion totale dans l\u2019univers du jeu ! De plus, gr\u00e2ce \u00e0 sa courbure de 800R, cet \u00e9cran \u00e9pouse votre vision naturelle afin de maximiser votre confort et votre immersion.<\/p>\n<\/div>\n<div class=\"desc-image\"><img decoding=\"async\" src=\"https:\/\/electrovideo.eu\/wp-content\/uploads\/2025\/11\/802-28.jpg\" alt=\"\" \/><\/div>\n<\/section>\n<section>\n<div class=\"desc-image\"><img decoding=\"async\" src=\"https:\/\/electrovideo.eu\/wp-content\/uploads\/2025\/11\/803-11.jpg\" alt=\"\" \/><\/div>\n<div class=\"desc-text\">\n<h2>Moniteur Smart<\/h2>\n<p>Gr\u00e2ce \u00e0 webOS 24, retrouvez rapidement vos favoris avec un acc\u00e8s int\u00e9gr\u00e9 \u00e0 des applications comme Netflix, Prime Video, Apple TV ou encore Disney+. Jouez sans PC ni console : connectez-vous \u00e0 vos services de cloud gaming pr\u00e9f\u00e9r\u00e9s tels que NVIDIA GeForce NOW, Amazon Luna et Blacknut directement depuis l&#8217;\u00e9cran d&#8217;accueil webOS.<\/p>\n<\/div>\n<\/section>\n<section>\n<div class=\"desc-text\">\n<h2>Un \u00e9cran OLED particuli\u00e8rement lumineux<\/h2>\n<p>L&#8217;affichage OLED brillant propose des couleurs avec un \u00e9clat d\u2019un tout autre niveau. Avec une luminosit\u00e9 standard de 275 nits et une luminosit\u00e9 maximale de 1 300 nits, cet \u00e9cran garde les visuels brillants et \u00e9clatants, vous ne jouerez donc jamais dans l&#8217;obscurit\u00e9.<\/p>\n<\/div>\n<div class=\"desc-image\"><img decoding=\"async\" src=\"https:\/\/electrovideo.eu\/wp-content\/uploads\/2025\/11\/OLED_275nits.jpg\" alt=\"\" \/><\/div>\n<\/section>\n<section>\n<div class=\"desc-image\"><img decoding=\"async\" src=\"https:\/\/electrovideo.eu\/wp-content\/uploads\/2025\/09\/803-11.jpg\" alt=\"\" \/><\/div>\n<div class=\"desc-text\">\n<h2>Des fonctions innovantes pour les Gamers<\/h2>\n<p>Gagnez en confort avec des fonctions novatrices destin\u00e9es \u00e0 am\u00e9liorer la qualit\u00e9 d&#8217;affichage et les performances de jeu. Dynamic Action Sync r\u00e9duit l&#8217;input lag pour soutenir vote temps de r\u00e9activit\u00e9. Black Stabilizer am\u00e9liore les contrastes dans les zones sombres afin de vous permettre de mieux voir ce qui s&#8217;y cache. Crosshair fixe le point de mire au centre de l&#8217;\u00e9cran, pour am\u00e9liorer la pr\u00e9cision. FPS Counter vous permettra de voir le taux de FPS en temps r\u00e9el.<\/p>\n<\/div>\n<\/section>\n<\/div>\n<\/div>\n","protected":false},"excerpt":{"rendered":"<p>Ecran PC UltraWide WQHD &#8211; 3440 x 1440 pixels &#8211; 0.03 ms (gris \u00e0 gris) &#8211; 21\/9 &#8211; Dalle OLED incurv\u00e9e &#8211; 240 Hz &#8211; HDR 400 True Black &#8211; FreeSync Premium \/ Compatible G-SYNC &#8211; HDMI\/DisplayPort\/USB-C &#8211; WebOS &#8211; Noir<\/p>\n","protected":false},"featured_media":223506,"comment_status":"open","ping_status":"closed","template":"","meta":{"_monsterinsights_skip_tracking":false,"_monsterinsights_sitenote_active":false,"_monsterinsights_sitenote_note":"","_monsterinsights_sitenote_category":0},"etheme_brands":[{"term_id":3723,"name":"LG","slug":"lg","term_group":0,"term_taxonomy_id":3723,"taxonomy":"brand","description":"","parent":0,"count":17,"filter":"raw"}],"product_brand":[],"product_cat":[3302],"product_tag":[],"class_list":{"0":"post-223504","1":"product","2":"type-product","3":"status-publish","4":"has-post-thumbnail","6":"brand-lg","7":"product_cat-pc-monitors-screens","9":"first","10":"instock","11":"sale","12":"taxable","13":"shipping-taxable","14":"purchasable","15":"product-type-simple"},"_links":{"self":[{"href":"https:\/\/electrovideo.eu\/en\/wp-json\/wp\/v2\/product\/223504","targetHints":{"allow":["GET"]}}],"collection":[{"href":"https:\/\/electrovideo.eu\/en\/wp-json\/wp\/v2\/product"}],"about":[{"href":"https:\/\/electrovideo.eu\/en\/wp-json\/wp\/v2\/types\/product"}],"replies":[{"embeddable":true,"href":"https:\/\/electrovideo.eu\/en\/wp-json\/wp\/v2\/comments?post=223504"}],"version-history":[{"count":0,"href":"https:\/\/electrovideo.eu\/en\/wp-json\/wp\/v2\/product\/223504\/revisions"}],"wp:featuredmedia":[{"embeddable":true,"href":"https:\/\/electrovideo.eu\/en\/wp-json\/wp\/v2\/media\/223506"}],"wp:attachment":[{"href":"https:\/\/electrovideo.eu\/en\/wp-json\/wp\/v2\/media?parent=223504"}],"wp:term":[{"taxonomy":"brand","embeddable":true,"href":"https:\/\/electrovideo.eu\/en\/wp-json\/wp\/v2\/etheme_brands?post=223504"},{"taxonomy":"product_brand","embeddable":true,"href":"https:\/\/electrovideo.eu\/en\/wp-json\/wp\/v2\/product_brand?post=223504"},{"taxonomy":"product_cat","embeddable":true,"href":"https:\/\/electrovideo.eu\/en\/wp-json\/wp\/v2\/product_cat?post=223504"},{"taxonomy":"product_tag","embeddable":true,"href":"https:\/\/electrovideo.eu\/en\/wp-json\/wp\/v2\/product_tag?post=223504"}],"curies":[{"name":"wp","href":"https:\/\/api.w.org\/{rel}","templated":true}]}}