{"id":223484,"date":"2025-11-25T03:21:42","date_gmt":"2025-11-25T01:21:42","guid":{"rendered":"https:\/\/electrovideo.eu\/produit\/benq-zowie-24-1-led-xl2586x\/"},"modified":"2026-04-15T04:54:37","modified_gmt":"2026-04-15T02:54:37","slug":"benq-zowie-24-1-led-xl2586x","status":"publish","type":"product","link":"https:\/\/electrovideo.eu\/en\/product\/benq-zowie-24-1-led-xl2586x\/","title":{"rendered":"BenQ Zowie 24.1&#8243; LED &#8211; XL2586X+"},"content":{"rendered":"<div id=\"description\" class=\"description\">\n<div class=\"details-pdt-desc\">\n<h2 class=\"h2-master\">Devenez le leader du jeu avec BenQ<\/h2>\n<section>\n<p><strong>BenQ<\/strong>&nbsp;accompagne votre soif de victoire en vous proposant l&#8217;<strong>\u00e9cran Zowie XL2586X+<\/strong> et son large potentiel ! Ce mod\u00e8le \u00e0 dalle Fast TN de 24.1 pouces poss\u00e8de des performances sup\u00e9rieures pour vous accompagner vers les sommets. L\u2019\u00e9cran BenQ Zowie XL2586X+ apporte de nouvelles sensations aux gamers gr\u00e2ce \u00e0 son syst\u00e8me de compensation de mouvement nomm\u00e9 Dynamic Accuracy 2. Cette technologie am\u00e9liore la perception des objets et des personnages en mouvement et apporte un gameplay fluide pour tous les joueurs.<\/p>\n<p>Le confort de jeu sera \u00e9galement de la partie avec un pied r\u00e9glable en hauteur, une connectique compl\u00e8te et une protection oculaire efficace. Accompagn\u00e9 par une t\u00e9l\u00e9commande S-Switch pratique et un bouclier amovible, cet \u00e9cran gaming \u00e0 base r\u00e9duite offre un gain de place optimal sur votre bureau.<br \/>&nbsp;<\/p>\n<\/section>\n<section>\n<div class=\"desc-image\"><span><img decoding=\"async\" alt=\"\" loading=\"lazy\" src=\"https:\/\/electrovideo.eu\/wp-content\/uploads\/2025\/11\/801-27.jpg\"><\/span><\/div>\n<div class=\"desc-text\">\n<h2>Dalle Fast TN, id\u00e9ale pour les gamers<\/h2>\n<p>En comparaison avec une dalle IPS classique, une dalle Fast TN offre des contours plus pr\u00e9cis et plus nets pour les images en mouvement, ce qui favorise la concentration et r\u00e9duit la distraction due \u00e0 l&#8217;image r\u00e9manente parasite issue des mouvements dans le jeu. La nouvelle dalle TN, parfaitement calibr\u00e9e, r\u00e9duit avec efficacit\u00e9 les d\u00e9passements (ou overshoot) pouvant \u00eatre observ\u00e9s sur une dalle classique en raison d&#8217;une saturation excessive en cristaux liquides. Par ailleurs, la lumi\u00e8re blanche aveuglante s&#8217;estompe beaucoup plus rapidement qu&#8217;avec la technologie IPS, ce qui permet aux joueurs de voir les contours de l&#8217;ennemi plus t\u00f4t.<\/p>\n<\/div>\n<\/section>\n<section>\n<div class=\"desc-text\">\n<h2>Technologie Dynamic Accuracy 2<\/h2>\n<p>Gr\u00e2ce \u00e0 la conception exclusive des dalles ZOWIE, Dynamic Accuracy 2 (DyAc 2) offre un haut niveau de fluidit\u00e9 d&#8217;image en mouvement, pour une exp\u00e9rience visuelle de haut niveau ! Gr\u00e2ce \u00e0 sa technologie de double r\u00e9tro\u00e9clairage, DyAc 2 optimise les performances en mati\u00e8re de r\u00e9duction du flou tout en offrant une lumi\u00e8re douce qui favorise l&#8217;adaptation de l&#8217;\u0153il.<\/p>\n<\/div>\n<div class=\"desc-image\"><span><img decoding=\"async\" alt=\"\" loading=\"lazy\" src=\"https:\/\/electrovideo.eu\/wp-content\/uploads\/2025\/11\/802-17.jpg\"><\/span><\/div>\n<\/section>\n<section>\n<div class=\"desc-image\"><img decoding=\"async\" alt=\"\" loading=\"lazy\" src=\"https:\/\/electrovideo.eu\/wp-content\/uploads\/2025\/11\/803-5.jpg\"><\/div>\n<div class=\"desc-text\">\n<h2>R\u00e9glage pr\u00e9cis de la hauteur<\/h2>\n<p>Le nouveau support du moniteur est \u00e9quip\u00e9 d&#8217;un m\u00e9canisme de r\u00e9glage de la hauteur aux roulements de qualit\u00e9 sup\u00e9rieure, ce qui permet de r\u00e9gler la hauteur facilement et sans \u00e0-coups.<\/p>\n<\/div>\n<\/section>\n<section class=\"list\">\n<h2>Caract\u00e9ristiques principales :<\/h2>\n<ul>\n<li>\u00c9cran gamer de&nbsp;<strong>24.1 pouces<\/strong>&nbsp;avec r\u00e9solution&nbsp;<strong>Full HD<\/strong>&nbsp;(1920 x 1080)<\/li>\n<li>Dalle Fast TN<\/li>\n<li><strong>Technologie DyAc 2<\/strong> : r\u00e9duction du flou de mouvement<\/li>\n<li>Fr\u00e9quence de rafra\u00eechissement maximale de 600 Hz (120 Hz sur console PS5 \/ xbox via HDMI)<\/li>\n<li>Technologie<strong>&nbsp;Black eQualizer&nbsp;<\/strong>(\u00e9galiseur de noirs) \u00e9claire les sc\u00e8nes sombres sans surexposer les zones claires<\/li>\n<li>Technologie&nbsp;<strong>Color Vibrance<\/strong>&nbsp;: r\u00e9glage des couleurs et \u00e9talonnage pr\u00e9cis<\/li>\n<li>Connecteurs&nbsp;: 3 ports HDMI&nbsp;2.1, 1 port DisplayPort 1.4<\/li>\n<li><strong>Pied r\u00e9glage en hauteur sur 155 mm<\/strong><\/li>\n<li><strong>T\u00e9l\u00e9commande S Switch<\/strong>&nbsp;: basculez facilement entre 3 modes de configuration pr\u00e9-r\u00e9gl\u00e9s<\/li>\n<li><strong>Bouclier amovible avec angle r\u00e9glable<\/strong>&nbsp;: vous n&#8217;avez qu&#8217;\u00e0 vous concentrer sur la victoire<\/li>\n<\/ul>\n<\/section>\n<\/div><\/div>\n","protected":false},"excerpt":{"rendered":"<p>Ecran PC Full HD 1080p &#8211; 1920 x 1080 pixels &#8211; Format 16\/9 &#8211; DyAc 2 &#8211; 600 Hz &#8211; HDMI\/DisplayPort &#8211; Hauteur ajustable &#8211; S-Switch\/Bouclier &#8211; Noir<\/p>\n","protected":false},"featured_media":223486,"comment_status":"open","ping_status":"closed","template":"","meta":{"_monsterinsights_skip_tracking":false,"_monsterinsights_sitenote_active":false,"_monsterinsights_sitenote_note":"","_monsterinsights_sitenote_category":0},"etheme_brands":[{"term_id":5049,"name":"BenQ Zowie","slug":"benq-zowie-en","term_group":0,"term_taxonomy_id":5049,"taxonomy":"brand","description":"","parent":0,"count":4,"filter":"raw"}],"product_brand":[],"product_cat":[3302],"product_tag":[],"class_list":{"0":"post-223484","1":"product","2":"type-product","3":"status-publish","4":"has-post-thumbnail","6":"brand-benq-zowie-en","7":"product_cat-pc-monitors-screens","9":"first","10":"instock","11":"sale","12":"taxable","13":"shipping-taxable","14":"purchasable","15":"product-type-simple"},"_links":{"self":[{"href":"https:\/\/electrovideo.eu\/en\/wp-json\/wp\/v2\/product\/223484","targetHints":{"allow":["GET"]}}],"collection":[{"href":"https:\/\/electrovideo.eu\/en\/wp-json\/wp\/v2\/product"}],"about":[{"href":"https:\/\/electrovideo.eu\/en\/wp-json\/wp\/v2\/types\/product"}],"replies":[{"embeddable":true,"href":"https:\/\/electrovideo.eu\/en\/wp-json\/wp\/v2\/comments?post=223484"}],"version-history":[{"count":0,"href":"https:\/\/electrovideo.eu\/en\/wp-json\/wp\/v2\/product\/223484\/revisions"}],"wp:featuredmedia":[{"embeddable":true,"href":"https:\/\/electrovideo.eu\/en\/wp-json\/wp\/v2\/media\/223486"}],"wp:attachment":[{"href":"https:\/\/electrovideo.eu\/en\/wp-json\/wp\/v2\/media?parent=223484"}],"wp:term":[{"taxonomy":"brand","embeddable":true,"href":"https:\/\/electrovideo.eu\/en\/wp-json\/wp\/v2\/etheme_brands?post=223484"},{"taxonomy":"product_brand","embeddable":true,"href":"https:\/\/electrovideo.eu\/en\/wp-json\/wp\/v2\/product_brand?post=223484"},{"taxonomy":"product_cat","embeddable":true,"href":"https:\/\/electrovideo.eu\/en\/wp-json\/wp\/v2\/product_cat?post=223484"},{"taxonomy":"product_tag","embeddable":true,"href":"https:\/\/electrovideo.eu\/en\/wp-json\/wp\/v2\/product_tag?post=223484"}],"curies":[{"name":"wp","href":"https:\/\/api.w.org\/{rel}","templated":true}]}}