{"id":223481,"date":"2025-11-25T03:21:42","date_gmt":"2025-11-25T01:21:42","guid":{"rendered":"https:\/\/electrovideo.eu\/produit\/lg-44-5-oled-ultragear-45gx950a-b\/"},"modified":"2025-11-25T03:21:42","modified_gmt":"2025-11-25T01:21:42","slug":"lg-44-5-oled-ultragear-45gx950a-b","status":"publish","type":"product","link":"https:\/\/electrovideo.eu\/en\/product\/lg-44-5-oled-ultragear-45gx950a-b\/","title":{"rendered":"LG 44.5&#8243; OLED &#8211; UltraGear 45GX950A-B"},"content":{"rendered":"<div id=\"description\" class=\"description\">\n<div class=\"details-pdt-desc\">\n<h2 class=\"h2-master\">Un \u00e9cran OLED incurv\u00e9 ultra-large avec Dual-Mode<\/h2>\n<section>\n<p>Le <strong>moniteur LG UltraGear 45GX950A-B<\/strong><strong> <\/strong>combine qualit\u00e9 d&#8217;image et confort de jeu ! Avec son grand \u00e9cran OLED incurv\u00e9 de 45 pouces au format 21:9 avec r\u00e9solution 5K, sa fr\u00e9quence de 165 Hz et sa certification VESA DisplayHDR 400 True Black, ce moniteur vous offre la qualit\u00e9 d&#8217;affichage et la fluidit\u00e9 dont vous avez besoin pour jouer dans de bonnes conditions. Sa fonction Dual-Mode permet \u00e9galement un affichage en r\u00e9solution WFHD avec une fr\u00e9quence maximale de 330 Hz.<br \/>&nbsp;<\/p>\n<\/section>\n<section>\n<div class=\"desc-image\"><span><img decoding=\"async\" alt=\"\" loading=\"lazy\" src=\"https:\/\/electrovideo.eu\/wp-content\/uploads\/2025\/11\/801-30.jpg\"><\/span><\/div>\n<div class=\"desc-text\">\n<h2>Haute qualit\u00e9 d&#8217;image<\/h2>\n<p>Gr\u00e2ce \u00e0 son \u00e9cran OLED 5K2K (5120 x 2160) de 45 pouces, le LG UltraGear 45GX950A-B offre une vue 34% plus \u00e9tendue que les \u00e9crans 16:9 standards et 33% plus de pixels que la r\u00e9solution UHD (3840&#215;2160). Cet \u00e9cran OLED 5K2K offre des ombres plus sombres, des lumi\u00e8res plus \u00e9clatantes et des couleurs vives pour un univers de jeu exceptionnel, quel que soit l\u2019environnement.<\/p>\n<p>Profitez de visuels \u00e9poustouflants avec une dalle LG WOLED. Bas\u00e9e sur le OLED de LG avec la technologie Micro Lens Array+ (MLA+), elle offre un SDR 37,5 % plus clair pour une luminosit\u00e9 optimale et une perte minime. La luminosit\u00e9 standard est de 275 nits (APL 100 %) et la luminosit\u00e9 maximale de 1 300 nits (APL 1,5 %). La pr\u00e9cision des couleurs Delta E\u22662 offre des couleurs r\u00e9alistes pour une exp\u00e9rience de jeu immersive. La technologie anti-glare avanc\u00e9e de LG WOLED minimise les r\u00e9flections et distrations pour offrir une performance de jeu limpide en maintenant une clart\u00e9 constante quel que soit l\u2019\u00e9clairage.<\/p>\n<\/div>\n<\/section>\n<section>\n<div class=\"desc-text\">\n<h2>\u00c9cran ultra-large avec dalle incurv\u00e9e<\/h2>\n<p>Avec son grand \u00e9cran large UltraWide 5K au format 21:9, ce moniteur LG vous offre une vision \u00e9largie de 34 % par rapport \u00e0 un \u00e9cran 16:9 standard. Vivez une immersion totale dans l\u2019univers du jeu ! De plus, gr\u00e2ce \u00e0 sa courbure de 800R, cet \u00e9cran \u00e9pouse votre vision naturelle afin de maximiser votre confort et votre immersion.<\/p>\n<\/div>\n<div class=\"desc-image\"><span><img decoding=\"async\" alt=\"\" loading=\"lazy\" src=\"https:\/\/electrovideo.eu\/wp-content\/uploads\/2025\/11\/802-31.jpg\"><\/span><\/div>\n<\/section>\n<section>\n<div class=\"desc-image\"><span><img decoding=\"async\" alt=\"\" loading=\"lazy\" src=\"https:\/\/electrovideo.eu\/wp-content\/uploads\/2025\/11\/803-13.jpg\"><\/span><\/div>\n<div class=\"desc-text\">\n<h2>Dual Mode<\/h2>\n<p>Avec Dual-Mode certifi\u00e9 par VESA, passez ais\u00e9ment entre le WUHD 165 Hz pour les jeux graphiquement riches et le WFHD 330 Hz pour les actions rapides. Profitez de huit options Dual-Mode et choisissez ais\u00e9ment votre taille d\u2019\u00e9cran et votre rapport d\u2019aspect (21:9, 16:9) pr\u00e9f\u00e9r\u00e9s avec l\u2019affichage OnScreen. De plus, vous pouvez facilement passer d&#8217;un raccourci physique \u00e0 un raccourci clavier via LG Switch, optimisant ainsi l\u2019exp\u00e9rience de jeu pour tous les genres.<\/p>\n<\/div>\n<\/section>\n<section>\n<div class=\"desc-text\">\n<h2>Connectique compl\u00e8te dont DisplayPort 2.1<\/h2>\n<p>Am\u00e9liorez vos performances de jeu et votre productivit\u00e9 avec la norme DisplayPort 2.1, qui offre une exp\u00e9rience de jeu ultra-rapide \u00e0 165Hz en r\u00e9solution 5K2K. Le USB-C prend en charge l\u2019affichage, le transfert de donn\u00e9es et la charge de p\u00e9riph\u00e9riques \u00e0 90W simultan\u00e9ment pour offrir un support fluide des ordinateurs portables avec un c\u00e2ble unique. Profitez d\u2019une performance plus rapide et plus fluide pour le travail et le jeu.<\/p>\n<\/div>\n<div class=\"desc-image\"><span><img decoding=\"async\" alt=\"\" loading=\"lazy\" src=\"https:\/\/electrovideo.eu\/wp-content\/uploads\/2025\/11\/804-2.jpg\"><\/span><\/div>\n<\/section>\n<section>\n<div class=\"desc-image\"><span><img decoding=\"async\" alt=\"\" loading=\"lazy\" src=\"https:\/\/electrovideo.eu\/wp-content\/uploads\/2025\/09\/803-11.jpg\"><\/span><\/div>\n<div class=\"desc-text\">\n<h2>Des fonctions innovantes pour les Gamers<\/h2>\n<p>Gagnez en confort avec des fonctions novatrices destin\u00e9es \u00e0 am\u00e9liorer la qualit\u00e9 d&#8217;affichage et les performances de jeu. Dynamic Action Sync r\u00e9duit l&#8217;input lag pour soutenir vote temps de r\u00e9activit\u00e9. Black Stabilizer am\u00e9liore les contrastes dans les zones sombres afin de vous permettre de mieux voir ce qui s&#8217;y cache. Crosshair fixe le point de mire au centre de l&#8217;\u00e9cran, pour am\u00e9liorer la pr\u00e9cision. FPS Counter vous permettra de voir le taux de FPS en temps r\u00e9el.<\/p>\n<p>De plus, avec le support de la technologie AMD FreeSync Premium Pro et la compatibilit\u00e9 NVIDIA G-SYNC, ce moniteur garantit des visuels sans d\u00e9chirures et ultra-fluides avec une latence faible pour une pr\u00e9cision et une fluidit\u00e9 de jeu impeccable.<\/p>\n<\/div>\n<\/section>\n<\/div><\/div>\n","protected":false},"excerpt":{"rendered":"<p>Ecran PC 5K &#8211; 5120 x 2160 pixels &#8211; 0.03 ms (gris \u00e0 gris) &#8211; 21\/9 &#8211; Dalle OLED incurv\u00e9e &#8211; 165 Hz &#8211; HDR 400 True Black &#8211; FreeSync Premium Pro \/ Compatible G-SYNC &#8211; HDMI\/DisplayPort\/USB-C &#8211; Noir<\/p>\n","protected":false},"featured_media":223483,"comment_status":"open","ping_status":"closed","template":"","meta":{"_monsterinsights_skip_tracking":false,"_monsterinsights_sitenote_active":false,"_monsterinsights_sitenote_note":"","_monsterinsights_sitenote_category":0},"etheme_brands":[{"term_id":3723,"name":"LG","slug":"lg","term_group":0,"term_taxonomy_id":3723,"taxonomy":"brand","description":"","parent":0,"count":17,"filter":"raw"}],"product_brand":[],"product_cat":[3302],"product_tag":[],"class_list":{"0":"post-223481","1":"product","2":"type-product","3":"status-publish","4":"has-post-thumbnail","6":"brand-lg","7":"product_cat-pc-monitors-screens","9":"first","10":"instock","11":"sale","12":"taxable","13":"shipping-taxable","14":"purchasable","15":"product-type-simple"},"_links":{"self":[{"href":"https:\/\/electrovideo.eu\/en\/wp-json\/wp\/v2\/product\/223481","targetHints":{"allow":["GET"]}}],"collection":[{"href":"https:\/\/electrovideo.eu\/en\/wp-json\/wp\/v2\/product"}],"about":[{"href":"https:\/\/electrovideo.eu\/en\/wp-json\/wp\/v2\/types\/product"}],"replies":[{"embeddable":true,"href":"https:\/\/electrovideo.eu\/en\/wp-json\/wp\/v2\/comments?post=223481"}],"version-history":[{"count":0,"href":"https:\/\/electrovideo.eu\/en\/wp-json\/wp\/v2\/product\/223481\/revisions"}],"wp:featuredmedia":[{"embeddable":true,"href":"https:\/\/electrovideo.eu\/en\/wp-json\/wp\/v2\/media\/223483"}],"wp:attachment":[{"href":"https:\/\/electrovideo.eu\/en\/wp-json\/wp\/v2\/media?parent=223481"}],"wp:term":[{"taxonomy":"brand","embeddable":true,"href":"https:\/\/electrovideo.eu\/en\/wp-json\/wp\/v2\/etheme_brands?post=223481"},{"taxonomy":"product_brand","embeddable":true,"href":"https:\/\/electrovideo.eu\/en\/wp-json\/wp\/v2\/product_brand?post=223481"},{"taxonomy":"product_cat","embeddable":true,"href":"https:\/\/electrovideo.eu\/en\/wp-json\/wp\/v2\/product_cat?post=223481"},{"taxonomy":"product_tag","embeddable":true,"href":"https:\/\/electrovideo.eu\/en\/wp-json\/wp\/v2\/product_tag?post=223481"}],"curies":[{"name":"wp","href":"https:\/\/api.w.org\/{rel}","templated":true}]}}