{"id":223478,"date":"2025-11-25T03:21:42","date_gmt":"2025-11-25T01:21:42","guid":{"rendered":"https:\/\/electrovideo.eu\/produit\/lg-31-5-led-ultrafine-evo-32u990a-s\/"},"modified":"2025-11-25T03:21:42","modified_gmt":"2025-11-25T01:21:42","slug":"lg-31-5-led-ultrafine-evo-32u990a-s","status":"publish","type":"product","link":"https:\/\/electrovideo.eu\/en\/product\/lg-31-5-led-ultrafine-evo-32u990a-s\/","title":{"rendered":"LG 31.5&#8243; LED UltraFine evo 32U990A-S"},"content":{"rendered":"<div id=\"description\" class=\"description\">\n<div class=\"details-pdt-desc\">\n<h2 class=\"h2-master\">Exp\u00e9rience 6K avec HDR 600<\/h2>\n<section>\n<p>Profitez d&#8217;un environnement visuel de haute qualit\u00e9 avec le <strong>moniteur LG UltraFine evo 32U990A-S<\/strong> capable d&#8217;afficher une image 6K. Ce mod\u00e8le de 31.5 pouces \u00e0 dalle Nano-IPS est certifi\u00e9 VESA DisplayHDR 600, offre des couleurs authentiques et dispose d&#8217;une connectique compl\u00e8te (HDMI, DisplayPort, Thunderbolt 5). Ce mod\u00e8le b\u00e9n\u00e9ficie \u00e9galement d&#8217;un design ergonomique avec hauteur ajustable et mode pivot.<br \/>&nbsp;<\/p>\n<\/section>\n<section>\n<div class=\"desc-image\"><span><img decoding=\"async\" alt=\"\" loading=\"lazy\" src=\"https:\/\/electrovideo.eu\/wp-content\/uploads\/2025\/11\/801-29.jpg\"><\/span><\/div>\n<div class=\"desc-text\">\n<h2>Grand \u00e9cran avec r\u00e9solution 6K<\/h2>\n<p>L&#8217;\u00e9cran 6K (6144 \u00d7 3456, 224 ppp) offre jusqu&#8217;\u00e0 156 % de pixels en plus par rapport au 4K UHD standard (3840 \u00d7 2160), permettant un espace suppl\u00e9mentaire \u00e0 l&#8217;\u00e9cran pour g\u00e9rer plusieurs t\u00e2ches simultan\u00e9ment. Vous pouvez travailler avec des fichiers 4K en pleine r\u00e9solution native tout en disposant d\u2019un espace de travail additionnel pour les timelines, barres d\u2019outils et autres outils cr\u00e9atifs. Son ultra-haute densit\u00e9 de 224 ppp (pixels par pouce) assure une clart\u00e9 quasi originale et des d\u00e9tails d\u2019une pr\u00e9cision extr\u00eame, garantissant une exactitude optimale pour les cr\u00e9ateurs professionnels.<\/p>\n<p>Avec une couverture Adobe RGB de 99,5 % et DCI-P3 de 98 % (typique), ce moniteur offre une gamme de couleurs plus large et plus pr\u00e9cise que les \u00e9crans sRGB standards. La profondeur r\u00e9elle de 10 bits restitue chaque nuance avec des transitions fluides et homog\u00e8nes, ce qui le rend id\u00e9al pour le HDR et les travaux cr\u00e9atifs en haute r\u00e9solution exigeant une pr\u00e9cision absolue.<\/p>\n<\/div>\n<\/section>\n<section>\n<div class=\"desc-text\">\n<h2>Possibilit\u00e9s \u00e9tendues<\/h2>\n<p>Optimisez votre flux de travail avec Thunderbolt 5 sur des \u00e9crans 6K. Thunderbolt 5 garantit une compatibilit\u00e9 de nouvelle g\u00e9n\u00e9ration, prenant en charge les principaux flux de travail en toute fluidit\u00e9 gr\u00e2ce \u00e0 un transfert deux fois plus rapide, au cha\u00eenage en guirlande 6K et \u00e0 la bande passante DisplayPort 2.1. Pour les cr\u00e9ateurs, monteurs et artistes en IA, il offre une connectivit\u00e9 simple, un multit\u00e2che performant ainsi qu\u2019une \u00e9volutivit\u00e9 robuste. De plus, la technologie Power Delivery 96 W permet une charge rapide et fiable, renfor\u00e7ant ainsi la productivit\u00e9. C\u2019est tout ce dont vous avez besoin pour \u00e9tablir un flux de travail tourn\u00e9 vers l\u2019avenir, avec une efficacit\u00e9 maximale.<\/p>\n<\/div>\n<div class=\"desc-image\"><span><img decoding=\"async\" alt=\"\" loading=\"lazy\" src=\"https:\/\/electrovideo.eu\/wp-content\/uploads\/2025\/11\/802-30.jpg\"><\/span><\/div>\n<\/section>\n<\/div><\/div>\n","protected":false},"excerpt":{"rendered":"<p>Ecran PC 6K &#8211; 6144 x 3456 pixels &#8211; 5 ms (gris \u00e0 gris) &#8211; 16\/9 &#8211; Dalle Nano-IPS &#8211; HDR 600 &#8211; HDMI\/DisplayPort\/Thunderbolt 5 &#8211; Pivot &#8211; Hub USB-C Argent<\/p>\n","protected":false},"featured_media":223480,"comment_status":"open","ping_status":"closed","template":"","meta":{"_monsterinsights_skip_tracking":false,"_monsterinsights_sitenote_active":false,"_monsterinsights_sitenote_note":"","_monsterinsights_sitenote_category":0},"etheme_brands":[{"term_id":3723,"name":"LG","slug":"lg","term_group":0,"term_taxonomy_id":3723,"taxonomy":"brand","description":"","parent":0,"count":17,"filter":"raw"}],"product_brand":[],"product_cat":[3302],"product_tag":[],"class_list":{"0":"post-223478","1":"product","2":"type-product","3":"status-publish","4":"has-post-thumbnail","6":"brand-lg","7":"product_cat-pc-monitors-screens","9":"first","10":"instock","11":"sale","12":"taxable","13":"shipping-taxable","14":"purchasable","15":"product-type-simple"},"_links":{"self":[{"href":"https:\/\/electrovideo.eu\/en\/wp-json\/wp\/v2\/product\/223478","targetHints":{"allow":["GET"]}}],"collection":[{"href":"https:\/\/electrovideo.eu\/en\/wp-json\/wp\/v2\/product"}],"about":[{"href":"https:\/\/electrovideo.eu\/en\/wp-json\/wp\/v2\/types\/product"}],"replies":[{"embeddable":true,"href":"https:\/\/electrovideo.eu\/en\/wp-json\/wp\/v2\/comments?post=223478"}],"version-history":[{"count":0,"href":"https:\/\/electrovideo.eu\/en\/wp-json\/wp\/v2\/product\/223478\/revisions"}],"wp:featuredmedia":[{"embeddable":true,"href":"https:\/\/electrovideo.eu\/en\/wp-json\/wp\/v2\/media\/223480"}],"wp:attachment":[{"href":"https:\/\/electrovideo.eu\/en\/wp-json\/wp\/v2\/media?parent=223478"}],"wp:term":[{"taxonomy":"brand","embeddable":true,"href":"https:\/\/electrovideo.eu\/en\/wp-json\/wp\/v2\/etheme_brands?post=223478"},{"taxonomy":"product_brand","embeddable":true,"href":"https:\/\/electrovideo.eu\/en\/wp-json\/wp\/v2\/product_brand?post=223478"},{"taxonomy":"product_cat","embeddable":true,"href":"https:\/\/electrovideo.eu\/en\/wp-json\/wp\/v2\/product_cat?post=223478"},{"taxonomy":"product_tag","embeddable":true,"href":"https:\/\/electrovideo.eu\/en\/wp-json\/wp\/v2\/product_tag?post=223478"}],"curies":[{"name":"wp","href":"https:\/\/api.w.org\/{rel}","templated":true}]}}