{"id":223473,"date":"2025-11-25T03:23:14","date_gmt":"2025-11-25T01:23:14","guid":{"rendered":"https:\/\/electrovideo.eu\/produit\/aoc-24-5-led-q25g4sr\/"},"modified":"2026-04-15T04:50:20","modified_gmt":"2026-04-15T02:50:20","slug":"aoc-24-5-led-q25g4sr","status":"publish","type":"product","link":"https:\/\/electrovideo.eu\/en\/product\/aoc-24-5-led-q25g4sr\/","title":{"rendered":"AOC 24.5&#8243; LED &#8211; Q25G4SR"},"content":{"rendered":"<div id=\"description\" class=\"description\">\n<div class=\"details-pdt-desc\">\n<h2 class=\"h2-master\">Un \u00e9cran Gamer 2.5K fluide et r\u00e9actif<\/h2>\n<section>\n<p>Installez-vous devant votre <strong>\u00e9cran AOC Q25G4SR<\/strong> et b\u00e9n\u00e9ficiez de conditions optimales pour surpasser vos adversaires ! Ce moniteur \u00e0 dalle IPS 2.5K de 24.5 pouces b\u00e9n\u00e9ficie d&#8217;un temps de r\u00e9ponse rapide et d&#8217;une fr\u00e9quence maximale de 300 Hz. De plus, il est compatible Adaptive-Sync, pour un affichage sans d\u00e9chirure.<br \/>&nbsp;<\/p>\n<\/section>\n<section>\n<div class=\"desc-image\"><span><img decoding=\"async\" alt=\"\" loading=\"lazy\" src=\"https:\/\/electrovideo.eu\/wp-content\/uploads\/2025\/11\/801-34.jpg\"><\/span><\/div>\n<div class=\"desc-text\">\n<h2>Qualit\u00e9 visuelle sup\u00e9rieure<\/h2>\n<p>Avec sa grande <strong>dalle IPS de 24.5 pouces<\/strong>, ce moniteur AOC plonge l&#8217;utilisateur au coeur de l&#8217;action ! Sur un <strong>format 16\/9<\/strong>, ce mod\u00e8le, avec dalle IPS et <strong>r\u00e9solution 2.5K<\/strong> offre des couleurs riches et nuanc\u00e9es ainsi qu&#8217;un contraste \u00e9lev\u00e9. Le r\u00e9sultat : une exp\u00e9rience de jeu fluide et r\u00e9active en 2.5K ! Les bords fins amplifient le sentiment d&#8217;immersion pour ne rater aucun d\u00e9tail lors de vos parties.<\/p>\n<\/div>\n<\/section>\n<section>\n<div class=\"desc-text\">\n<h2>Tout pour la victoire !<\/h2>\n<p>Compatible avec la technologie Adaptive-Sync, l&#8217;\u00e9cran AOC Q25G4SR poss\u00e8de tous les arguments pour vous mener vers la victoire ! Avec en prime un <strong>temps de r\u00e9ponse ultra-rapide de 0.3 ms<\/strong> (MPRT) et un taux de rafra\u00eechissement maximal de <strong>300 Hz<\/strong>, profitez d&#8217;une fluidit\u00e9 exemplaire et d&#8217;une jouabilit\u00e9 confortable pour terrasser facilement vos ennemis. Pour un confort maximal en toutes circontances, r\u00e9glez facilement la position de votre \u00e9cran sur la hauteur, en inclinaison et en rotation.<\/p>\n<\/div>\n<div class=\"desc-image\"><img decoding=\"async\" alt=\"\" loading=\"lazy\" src=\"https:\/\/electrovideo.eu\/wp-content\/uploads\/2025\/11\/802-35.jpg\"><\/div>\n<\/section>\n<section class=\"list\">\n<h2>Caract\u00e9ristiques principales :<\/h2>\n<ul>\n<li><strong>\u00c9cran de 24.5 pouces<\/strong> avec <strong>r\u00e9solution 2.5K<\/strong><\/li>\n<li><strong>Dalle Fast IPS<\/strong> : couleurs lumineuses et angles de vision larges<\/li>\n<li>Contraste natif de 1000:1<\/li>\n<li>Fr\u00e9quence maximale de rafra\u00eechissement de<strong> 300 Hz<\/strong> (120 Hz sur console)<\/li>\n<li>Compatible Adaptive Sync<\/li>\n<li>Temps de r\u00e9ponse : 0.3 ms (MPRT) \/ 1 ms (gris \u00e0 gris)<\/li>\n<li>Confort oculaire am\u00e9lior\u00e9 :&nbsp;Flicker Free + Low Blue Light<\/li>\n<li>2 connecteurs HDMI 2.0 + 1 connecteur DisplayPort 1.4<\/li>\n<li>Design ergonomique : inclinaison, hauteur (130 mm), pivot sur 90\u00b0 et rotation horizontale<\/li>\n<\/ul>\n<\/section>\n<\/div><\/div>\n","protected":false},"excerpt":{"rendered":"<p>Ecran PC 2.5K &#8211; 2560 x 1440 pixels &#8211; 0.3 ms (MPRT) &#8211; 16\/9 &#8211; Dalle IPS &#8211; 300 Hz &#8211; HDR 400 &#8211; Adaptive-Sync &#8211; HDMI\/DisplayPort &#8211; Pivot &#8211; Noir<\/p>\n","protected":false},"featured_media":223475,"comment_status":"open","ping_status":"closed","template":"","meta":{"_monsterinsights_skip_tracking":false,"_monsterinsights_sitenote_active":false,"_monsterinsights_sitenote_note":"","_monsterinsights_sitenote_category":0},"etheme_brands":[{"term_id":1017,"name":"AOC","slug":"aoc","term_group":0,"term_taxonomy_id":1017,"taxonomy":"brand","description":"","parent":0,"count":20,"filter":"raw"}],"product_brand":[],"product_cat":[3302],"product_tag":[],"class_list":{"0":"post-223473","1":"product","2":"type-product","3":"status-publish","4":"has-post-thumbnail","6":"brand-aoc","7":"product_cat-pc-monitors-screens","9":"first","10":"instock","11":"taxable","12":"shipping-taxable","13":"purchasable","14":"product-type-simple"},"_links":{"self":[{"href":"https:\/\/electrovideo.eu\/en\/wp-json\/wp\/v2\/product\/223473","targetHints":{"allow":["GET"]}}],"collection":[{"href":"https:\/\/electrovideo.eu\/en\/wp-json\/wp\/v2\/product"}],"about":[{"href":"https:\/\/electrovideo.eu\/en\/wp-json\/wp\/v2\/types\/product"}],"replies":[{"embeddable":true,"href":"https:\/\/electrovideo.eu\/en\/wp-json\/wp\/v2\/comments?post=223473"}],"version-history":[{"count":0,"href":"https:\/\/electrovideo.eu\/en\/wp-json\/wp\/v2\/product\/223473\/revisions"}],"wp:featuredmedia":[{"embeddable":true,"href":"https:\/\/electrovideo.eu\/en\/wp-json\/wp\/v2\/media\/223475"}],"wp:attachment":[{"href":"https:\/\/electrovideo.eu\/en\/wp-json\/wp\/v2\/media?parent=223473"}],"wp:term":[{"taxonomy":"brand","embeddable":true,"href":"https:\/\/electrovideo.eu\/en\/wp-json\/wp\/v2\/etheme_brands?post=223473"},{"taxonomy":"product_brand","embeddable":true,"href":"https:\/\/electrovideo.eu\/en\/wp-json\/wp\/v2\/product_brand?post=223473"},{"taxonomy":"product_cat","embeddable":true,"href":"https:\/\/electrovideo.eu\/en\/wp-json\/wp\/v2\/product_cat?post=223473"},{"taxonomy":"product_tag","embeddable":true,"href":"https:\/\/electrovideo.eu\/en\/wp-json\/wp\/v2\/product_tag?post=223473"}],"curies":[{"name":"wp","href":"https:\/\/api.w.org\/{rel}","templated":true}]}}