{"id":223470,"date":"2025-11-25T03:23:14","date_gmt":"2025-11-25T01:23:14","guid":{"rendered":"https:\/\/electrovideo.eu\/produit\/acer-34-led-nitro-xv345curx0bmiipphx\/"},"modified":"2025-11-25T03:23:14","modified_gmt":"2025-11-25T01:23:14","slug":"acer-34-led-nitro-xv345curx0bmiipphx","status":"publish","type":"product","link":"https:\/\/electrovideo.eu\/en\/product\/acer-34-led-nitro-xv345curx0bmiipphx\/","title":{"rendered":"Acer 34&#8243; LED &#8211; Nitro XV345CURX0bmiipphx"},"content":{"rendered":"<div id=\"description\" class=\"description\">\n<div class=\"details-pdt-desc\">\n<h2 class=\"h2-master\">Un \u00e9cran Gamer avec dalle incurv\u00e9e<\/h2>\n<section>\n<p>Pr\u00e9parez-vous \u00e0 vivre une exp\u00e9rience de jeu de haute vol\u00e9e avec le <strong>moniteur Acer Nitro XV345CURX0bmiipphx<\/strong> ! Avec un \u00e9cran de 34 pouces avec dalle VA incurv\u00e9e, la technologie AMD FreeSync Premium, un taux de rafra\u00eechissement maximal de 180 Hz et la prise en charge du contenu HDR, cet \u00e9cran Acer a de s\u00e9rieux atouts !<br \/>&nbsp;<\/p>\n<\/section>\n<section>\n<div class=\"desc-image\"><span><img decoding=\"async\" alt=\"\" loading=\"lazy\" src=\"https:\/\/electrovideo.eu\/wp-content\/uploads\/2025\/11\/801-33.jpg\"><\/span><\/div>\n<div class=\"desc-text\">\n<h2>Performance et fluidit\u00e9<\/h2>\n<p>L&#8217;\u00e9cran Acer Nitro XV345CURX0bmiipphx offre une haute qualit\u00e9 d&#8217;image. Profitez d&#8217;un affichage d\u00e9taill\u00e9 avec des couleurs riches avec sa dalle VA de 34&#8243; pouces au format 21\/9 et son temps de r\u00e9ponse de 1 ms ! Avec une fr\u00e9quence maximale de 180 Hz, la fluidit\u00e9 est \u00e9galement au rendez-vous ! Avec son \u00e9cran incurv\u00e9 (1000R), cet \u00e9cran Gamer maximisera votre immersion en jeu !<\/p>\n<\/div>\n<\/section>\n<section>\n<div class=\"desc-text\">\n<h2>FreeSync Premium<\/h2>\n<p>La technologie AMD FreeSync Premium s&#8217;ajoute au niveau de base de la technologie FreeSync, \u00e9quipant les joueurs s\u00e9rieux d&#8217;une exp\u00e9rience de jeu fluide et sans d\u00e9chirure \u00e0 des performances optimales. L&#8217;id\u00e9al pour profiter d&#8217;un affichage fluide et sans d\u00e9chirures !<\/p>\n<\/div>\n<div class=\"desc-image\"><span><img decoding=\"async\" alt=\"\" loading=\"lazy\" src=\"https:\/\/electrovideo.eu\/wp-content\/uploads\/2025\/11\/802-34.jpg\"><\/span><\/div>\n<\/section>\n<section>\n<div class=\"desc-image\"><span><img decoding=\"async\" alt=\"\" loading=\"lazy\" src=\"https:\/\/electrovideo.eu\/wp-content\/uploads\/2025\/11\/img_3.jpg\"><\/span><\/div>\n<div class=\"desc-text\">\n<h2>Confort de pointe<\/h2>\n<p>L&#8217;efficacit\u00e9 en jeu ne se r\u00e9sume pas simplement \u00e0 la rapidit\u00e9 ! Il est \u00e9galement important d&#8217;\u00eatre bien install\u00e9 et de pr\u00e9server vos yeux sur la dur\u00e9e. Au programme ? Un pied r\u00e9glable en hauteur et diff\u00e9rents r\u00e9glages ergonomiques suppl\u00e9mentaires destin\u00e9s \u00e0 maximiser votre confort de jeu. Pour vos yeux, vous pourrez compter sur le Blue Light Shield (anti-lumi\u00e8re bleue) ou la technologie <strong>Flicker Free <\/strong>(anti-scintillements) afin de jouer sur de longues dur\u00e9es sans g\u00eane oculaire.<\/p>\n<\/div>\n<\/section>\n<section class=\"list\">\n<h2>Caract\u00e9ristiques principales :<\/h2>\n<ul>\n<li>\u00c9cran incurv\u00e9 de 34&#8243; au format 21\/9<\/li>\n<li>Fr\u00e9quence de rafra\u00eechissement maximale de 180 Hz en DisplayPort \/ 100 Hz en HDMI<\/li>\n<li><strong>AMD FreeSync Premium<\/strong><\/li>\n<li>Certification <strong>HDR10<\/strong><\/li>\n<li>Affichage fluide gr\u00e2ce \u00e0 un temps de r\u00e9ponse ultra-rapide de 1 ms<\/li>\n<li>Connecteurs : 2x HDMI&nbsp;+ 2x DisplayPort<\/li>\n<li>Design ergonomique avec r\u00e9glage en hauteur sur 110 mm<\/li>\n<li>Technologies anti-scintillements (FlickerLess) et anti-lumi\u00e8re bleue&nbsp;(Blue Light Shield)<\/li>\n<li>Haut-parleurs int\u00e9gr\u00e9s<\/li>\n<\/ul>\n<\/section>\n<\/div><\/div>\n","protected":false},"excerpt":{"rendered":"<p>Ecran PC UltraWide WQHD &#8211; 3440 x 1440 pixels &#8211; 1 ms (gris \u00e0 gris) &#8211; Format large 21\/9 &#8211; Dalle VA incurv\u00e9e &#8211; 180 Hz &#8211; HDR10 &#8211; FreeSync Premium &#8211; HDMI\/DisplayPort &#8211; R\u00e9glage en hauteur &#8211; Noir<\/p>\n","protected":false},"featured_media":223472,"comment_status":"open","ping_status":"closed","template":"","meta":{"_monsterinsights_skip_tracking":false,"_monsterinsights_sitenote_active":false,"_monsterinsights_sitenote_note":"","_monsterinsights_sitenote_category":0},"etheme_brands":[{"term_id":4409,"name":"Acer","slug":"acer-en","term_group":0,"term_taxonomy_id":4409,"taxonomy":"brand","description":"","parent":0,"count":24,"filter":"raw"}],"product_brand":[],"product_cat":[3302],"product_tag":[],"class_list":{"0":"post-223470","1":"product","2":"type-product","3":"status-publish","4":"has-post-thumbnail","6":"brand-acer-en","7":"product_cat-pc-monitors-screens","9":"first","10":"instock","11":"taxable","12":"shipping-taxable","13":"purchasable","14":"product-type-simple"},"_links":{"self":[{"href":"https:\/\/electrovideo.eu\/en\/wp-json\/wp\/v2\/product\/223470","targetHints":{"allow":["GET"]}}],"collection":[{"href":"https:\/\/electrovideo.eu\/en\/wp-json\/wp\/v2\/product"}],"about":[{"href":"https:\/\/electrovideo.eu\/en\/wp-json\/wp\/v2\/types\/product"}],"replies":[{"embeddable":true,"href":"https:\/\/electrovideo.eu\/en\/wp-json\/wp\/v2\/comments?post=223470"}],"version-history":[{"count":0,"href":"https:\/\/electrovideo.eu\/en\/wp-json\/wp\/v2\/product\/223470\/revisions"}],"wp:featuredmedia":[{"embeddable":true,"href":"https:\/\/electrovideo.eu\/en\/wp-json\/wp\/v2\/media\/223472"}],"wp:attachment":[{"href":"https:\/\/electrovideo.eu\/en\/wp-json\/wp\/v2\/media?parent=223470"}],"wp:term":[{"taxonomy":"brand","embeddable":true,"href":"https:\/\/electrovideo.eu\/en\/wp-json\/wp\/v2\/etheme_brands?post=223470"},{"taxonomy":"product_brand","embeddable":true,"href":"https:\/\/electrovideo.eu\/en\/wp-json\/wp\/v2\/product_brand?post=223470"},{"taxonomy":"product_cat","embeddable":true,"href":"https:\/\/electrovideo.eu\/en\/wp-json\/wp\/v2\/product_cat?post=223470"},{"taxonomy":"product_tag","embeddable":true,"href":"https:\/\/electrovideo.eu\/en\/wp-json\/wp\/v2\/product_tag?post=223470"}],"curies":[{"name":"wp","href":"https:\/\/api.w.org\/{rel}","templated":true}]}}