{"id":223443,"date":"2025-11-25T03:26:16","date_gmt":"2025-11-25T01:26:16","guid":{"rendered":"https:\/\/electrovideo.eu\/produit\/asus-27-oled-rog-swift-pg27aqdp\/"},"modified":"2026-04-15T04:52:54","modified_gmt":"2026-04-15T02:52:54","slug":"asus-27-oled-rog-swift-pg27aqdp","status":"publish","type":"product","link":"https:\/\/electrovideo.eu\/en\/product\/asus-27-oled-rog-swift-pg27aqdp\/","title":{"rendered":"ASUS 27&#8243; OLED &#8211; ROG Swift PG27AQDP"},"content":{"rendered":"<div id=\"description\" class=\"description\">\n<div class=\"details-pdt-desc\">\n<h2 class=\"h2-master\">Ecran gaming 1440p 480Hz ROG Swift OLED<\/h2>\n<section>\n<p>L&#8217;<strong>ASUS ROG Swift OLED PG27AQDP <\/strong>est un incroyable \u00e9cran gaming ultra rapide et ultra immersif. Ses caract\u00e9ristiques hors-normes vous permettront de jouer dans des conditions exceptionnelles, jugez plut\u00f4t :<strong> <\/strong>Dalle<strong> 27 pouces OLED<\/strong>, r\u00e9solution <strong>2560 x 1440 pixels<\/strong>, temps de r\u00e9ponse fulgurant de <strong>0.03 ms<\/strong>, taux de rafraichissement de<strong> 480 Hz<\/strong>, compatibilit\u00e9 <strong>NVIDIA G-SYNC<\/strong> et <strong>FreeSync Premium<\/strong>. C\u00f4t\u00e9 design et conception, un syst\u00e8me exclusif de refroidissement par dissipation thermique permet de pr\u00e9server la dalle pour une durabilit\u00e9 longue dur\u00e9e.&nbsp;<\/p>\n<\/section>\n<section>\n<div class=\"desc-image\"><span><img decoding=\"async\" alt=\"\" loading=\"lazy\" src=\"https:\/\/electrovideo.eu\/wp-content\/uploads\/2025\/11\/asus_rog_swift_oled_pg27aqdp_003.jpg\"><\/span><\/div>\n<div class=\"desc-text\">\n<h2>Plongez au coeur de l&#8217;action<\/h2>\n<ul>\n<li>Moniteur gaming OLED 26,5 pouces QHD (2560 x 1440) avec taux de rafra\u00eechissement de 480 Hz et temps de r\u00e9ponse de 0,03 ms pour un jeu immersif<\/li>\n<li>Dissipateur thermique personnalis\u00e9 tr\u00e8s efficace et optimisation intelligente de la tension pour une meilleure gestion de la chaleur et une r\u00e9duction du risque de burn-in<\/li>\n<li>Luminosit\u00e9 maximale de 1300 nits (3 % de l&#8217;\u00e9cran avec HDR activ\u00e9), gamme DCI-P3 de 99% et diff\u00e9rence de couleur Delta E &lt; 2 pour des performances HDR \u00e9tonnantes<\/li>\n<li>Le r\u00e9glage optionnel de la luminosit\u00e9 uniforme garantit des niveaux de luminance constants<\/li>\n<li>Le centre DisplayWidget permet de r\u00e9gler facilement les param\u00e8tres de l&#8217;OLED et du moniteur \u00e0 l&#8217;aide d&#8217;une souris<\/li>\n<\/ul>\n<\/div>\n<\/section>\n<section>\n<div class=\"desc-text\">\n<h2>Dalle OLED 480 Hz<\/h2>\n<p>D\u00e9couvrez des images nettes et rapides et prenez l&#8217;avantage gr\u00e2ce \u00e0 la technologie OLED. L<strong>&#8216;\u00e9cran OLED de 27 pouces<\/strong> du <strong>ROG Swift PG27AQDP <\/strong>a une <strong>r\u00e9solution de 1440p<\/strong> et offre un <strong>taux de rafra\u00eechissement ultra rapide de 480 Hz<\/strong> pour une fluidit\u00e9 de jeu in\u00e9gal\u00e9e&nbsp;!&nbsp;La<strong> technologie OLED<\/strong> du <strong>ROG Swift PG27AQDP<\/strong> produit les noirs les plus profonds et offre des couleurs vives quel que soit le niveau de luminosit\u00e9. Le contraste extraordinaire fait ressortir chaque d\u00e9tail, m\u00eame dans les sc\u00e8nes les plus sombres.<\/p>\n<\/div>\n<div class=\"desc-image\"><span><img decoding=\"async\" alt=\"\" loading=\"lazy\" src=\"https:\/\/electrovideo.eu\/wp-content\/uploads\/2025\/11\/asus_rog_swift_oled_pg27aqdp_001.jpg\"><\/span><\/div>\n<\/section>\n<section>\n<div class=\"desc-image\"><span><img decoding=\"async\" alt=\"\" loading=\"lazy\" src=\"https:\/\/electrovideo.eu\/wp-content\/uploads\/2025\/11\/asus_rog_swift_oled_pg27aqdp_002.jpg\"><\/span><\/div>\n<div class=\"desc-text\">\n<h2>Conception remarquable<\/h2>\n<p>Le <strong>Swift PG27AQDP <\/strong>est \u00e9quip\u00e9 d&#8217;un dissipateur thermique personnalis\u00e9 et d&#8217;une disposition innovante des composants internes con\u00e7us pour \u00e9loigner la chaleur de l&#8217;\u00e9cran OLED afin de minimiser la probabilit\u00e9 de br\u00fblure de l&#8217;image. Gr\u00e2ce \u00e0 ces caract\u00e9ristiques et \u00e0 un large \u00e9vent sup\u00e9rieur, le <strong>ROG Swift PG27AQDP<\/strong> est capable de dissiper la chaleur plus efficacement, de sorte qu&#8217;il fonctionne \u00e0 des temp\u00e9ratures moyennes inf\u00e9rieures de 5 % \u00e0 celles des autres moniteurs gaming OLED de 27 pouces, tout en affichant une luminosit\u00e9 accrue de 17%&nbsp;par rapport \u00e0 la g\u00e9n\u00e9ration pr\u00e9c\u00e9dente de dalles OLED.<\/p>\n<\/div>\n<\/section>\n<\/div><\/div>\n","protected":false},"excerpt":{"rendered":"<p>Ecran PC 2.5K &#8211; 2560 x 1440 pixels &#8211; 0.03 ms (gris \u00e0 gris) &#8211; Format 16\/9 &#8211; Dalle OLED &#8211; 480 Hz &#8211; NVIDIA G-SYNC Compatible \/ FreeSync Premium &#8211; HDR10 \/ VESA DisplayHDR 400 True Black &#8211; DisplayPort\/HDMI &#8211; Noir<\/p>\n","protected":false},"featured_media":223445,"comment_status":"open","ping_status":"closed","template":"","meta":{"_monsterinsights_skip_tracking":false,"_monsterinsights_sitenote_active":false,"_monsterinsights_sitenote_note":"","_monsterinsights_sitenote_category":0},"etheme_brands":[{"term_id":53,"name":"ASUS","slug":"asus","term_group":0,"term_taxonomy_id":53,"taxonomy":"brand","description":"","parent":0,"count":248,"filter":"raw"}],"product_brand":[],"product_cat":[3302],"product_tag":[],"class_list":{"0":"post-223443","1":"product","2":"type-product","3":"status-publish","4":"has-post-thumbnail","6":"brand-asus","7":"product_cat-pc-monitors-screens","9":"first","10":"instock","11":"taxable","12":"shipping-taxable","13":"purchasable","14":"product-type-simple"},"_links":{"self":[{"href":"https:\/\/electrovideo.eu\/en\/wp-json\/wp\/v2\/product\/223443","targetHints":{"allow":["GET"]}}],"collection":[{"href":"https:\/\/electrovideo.eu\/en\/wp-json\/wp\/v2\/product"}],"about":[{"href":"https:\/\/electrovideo.eu\/en\/wp-json\/wp\/v2\/types\/product"}],"replies":[{"embeddable":true,"href":"https:\/\/electrovideo.eu\/en\/wp-json\/wp\/v2\/comments?post=223443"}],"version-history":[{"count":0,"href":"https:\/\/electrovideo.eu\/en\/wp-json\/wp\/v2\/product\/223443\/revisions"}],"wp:featuredmedia":[{"embeddable":true,"href":"https:\/\/electrovideo.eu\/en\/wp-json\/wp\/v2\/media\/223445"}],"wp:attachment":[{"href":"https:\/\/electrovideo.eu\/en\/wp-json\/wp\/v2\/media?parent=223443"}],"wp:term":[{"taxonomy":"brand","embeddable":true,"href":"https:\/\/electrovideo.eu\/en\/wp-json\/wp\/v2\/etheme_brands?post=223443"},{"taxonomy":"product_brand","embeddable":true,"href":"https:\/\/electrovideo.eu\/en\/wp-json\/wp\/v2\/product_brand?post=223443"},{"taxonomy":"product_cat","embeddable":true,"href":"https:\/\/electrovideo.eu\/en\/wp-json\/wp\/v2\/product_cat?post=223443"},{"taxonomy":"product_tag","embeddable":true,"href":"https:\/\/electrovideo.eu\/en\/wp-json\/wp\/v2\/product_tag?post=223443"}],"curies":[{"name":"wp","href":"https:\/\/api.w.org\/{rel}","templated":true}]}}