{"id":223437,"date":"2025-11-25T03:26:16","date_gmt":"2025-11-25T01:26:16","guid":{"rendered":"https:\/\/electrovideo.eu\/produit\/asus-27-led-proart-pa278cfrv\/"},"modified":"2026-04-15T04:52:40","modified_gmt":"2026-04-15T02:52:40","slug":"asus-27-led-proart-pa278cfrv","status":"publish","type":"product","link":"https:\/\/electrovideo.eu\/en\/product\/asus-27-led-proart-pa278cfrv\/","title":{"rendered":"ASUS 27&#8243; LED &#8211; ProArt PA278CFRV"},"content":{"rendered":"<div id=\"description\" class=\"description\">\n<div class=\"details-pdt-desc\">\n<h2 class=\"h2-master\">L&#8217;outil id\u00e9al pour les professionnels de l&#8217;image<\/h2>\n<section>\n<p>Le moniteur ASUS ProArt PA28ACFRV est un moniteur QHD de 27 pouces con\u00e7u pour r\u00e9pondre aux besoins des artistes, qu&#8217;il s&#8217;agisse de retouche photo, de postproduction vid\u00e9o ou de graphisme. Cet \u00e9cran certifi\u00e9 Calman offre une large gamme de couleurs couvrant 95 % de la gamme DCI-P3 et est pr\u00e9-calibr\u00e9 en usine \u00e0 Delta E&lt;2 pour une pr\u00e9cision exceptionnelle des couleurs. Il b\u00e9n\u00e9ficie d&#8217;un taux de rafra\u00eechissement variable (VRR) de 100 Hz pour un rendu fluide. Pour plus de commodit\u00e9, le port USB-C int\u00e9gr\u00e9 offre une prise en charge DisplayPort, des transferts de donn\u00e9es ultra-rapides et une alimentation de 96 watts via un seul c\u00e2ble.<br \/>&nbsp;<\/p>\n<\/section>\n<section>\n<div class=\"desc-image\"><span><img decoding=\"async\" alt=\"\" loading=\"lazy\" src=\"https:\/\/electrovideo.eu\/wp-content\/uploads\/2025\/11\/801-37.jpg\"><\/span><\/div>\n<div class=\"desc-text\">\n<h2>Une image riche en d\u00e9tails et en couleurs<\/h2>\n<p>La dalle QHD (2560 x 1440) du moniteur ASUS PA278CFRV offre un PPI \u00e9lev\u00e9 et 77 % de pixels en plus par rapport aux moniteurs Full HD. Il offre ainsi une qualit\u00e9 d&#8217;image sup\u00e9rieure et des images nettes pour une exp\u00e9rience visuelle superbement d\u00e9taill\u00e9e. Avec un tel espace d&#8217;\u00e9cran suppl\u00e9mentaire, vous pouvez travailler plus facilement et plus confortablement en r\u00e9duisant les d\u00e9filements et les zooms.<\/p>\n<p>De plus, la compatibilit\u00e9 HDR10 et VESA DisplayHDR 400 garantit des blancs plus lumineux et des teintes noires plus sombres, pour un contraste exceptionnel qui se traduit par des images riches et r\u00e9alistes. L&#8217;id\u00e9al pour aider les artistes \u00e0 r\u00e9aliser pleinement leurs visions cr\u00e9atives !<\/p>\n<p>Par ailleurs, la technologie LuxPixel avec rev\u00eatement AGLR (Anti-glare, Low-reflection) permet de r\u00e9duire consid\u00e9rablement les reflets de l&#8217;\u00e9cran et d&#8217;\u00e9viter de perturber votre vue, offrant ainsi des d\u00e9tails nets et une exp\u00e9rience visuelle plus confortable.<\/p>\n<\/div>\n<\/section>\n<section>\n<div class=\"desc-text\">\n<h2>Des couleurs parfaitement fid\u00e8les<\/h2>\n<p>Le PA278CFRV transcende les normes chromatiques de l&#8217;industrie en offrant une couverture DCI-P3 de 95 % et une couverture sRGB de 100 %, ce qui permet de faire ressortir les moindres d\u00e9tails des photos.<\/p>\n<p>Tous les \u00e9crans ProArt sont pr\u00e9-calibr\u00e9s en usine \u00e0 l&#8217;aide d&#8217;un nouveau processus en trois \u00e9tapes qui garantit des couleurs ultra-fid\u00e8les. L&#8217;\u00e9cran subit ensuite des tests rigoureux men\u00e9s \u00e0 l&#8217;aide de la technologie avanc\u00e9e de suivi des niveaux de gris d&#8217;ASUS afin de garantir la fluidit\u00e9 de la gradation, une meilleure uniformit\u00e9 et une grande pr\u00e9cision des couleurs pour obtenir un \u00e9cart Delta E &lt; 2.<\/p>\n<p>Le ProArt Preset, une exclusivit\u00e9 ASUS, offre plusieurs modes de couleurs pour r\u00e9pondre \u00e0 diff\u00e9rents besoins. Le PA278CFRV est conforme \u00e0 la norme DICOM Part 14 qui garantit des gradations fluides et une identification pr\u00e9cise des nuances de gris.<\/p>\n<p>Chaque \u00e9cran PA278CFRV est certifi\u00e9 Calman et soumis \u00e0 des tests rigoureux et m\u00e9ticuleux afin d&#8217;assurer une gradation plus fluide, pour des couleurs et une cr\u00e9ation de contenus \u00e0 la fid\u00e9lit\u00e9 garantie.<\/p>\n<\/div>\n<div class=\"desc-image\"><span><img decoding=\"async\" alt=\"\" loading=\"lazy\" src=\"https:\/\/electrovideo.eu\/wp-content\/uploads\/2025\/11\/802-39.jpg\"><\/span><\/div>\n<\/section>\n<section>\n<div class=\"desc-image\"><span><img decoding=\"async\" alt=\"\" loading=\"lazy\" src=\"https:\/\/electrovideo.eu\/wp-content\/uploads\/2025\/11\/803-17.jpg\"><\/span><\/div>\n<div class=\"desc-text\">\n<h2>Connectique compl\u00e8te<\/h2>\n<p>Le port USB-C inclus permet des transferts de donn\u00e9es ultra-rapides, une connectivit\u00e9 DisplayPort et une alimentation \u00e9lectrique de 96 watts pour charger les ordinateurs portables et autres appareils, le tout via un seul c\u00e2ble. Le PA278CFRV sert \u00e9galement de hub USB : tout appareil reli\u00e9 aux ports USB du moniteur peut acc\u00e9der aux autres p\u00e9riph\u00e9riques connect\u00e9s.<\/p>\n<p>En plus de l&#8217;USB-C, l&#8217;\u00e9cran ProArt offre une myriade d&#8217;options de connectivit\u00e9, notamment HDMI, DisplayPort (avec prise en charge de la mise en cha\u00eene), USB Type-A et un port descendant USB-C suppl\u00e9mentaire pour une compatibilit\u00e9 avec un large \u00e9ventail d&#8217;appareils. DisplayPort permet aux utilisateurs de connecter plusieurs \u00e9crans en cha\u00eene \u00e0 partir d&#8217;une seule source vid\u00e9o, ce qui am\u00e9liore la productivit\u00e9. Le PA278CFRV comprend \u00e9galement un port passthrough pour les casques.<\/p>\n<\/div>\n<\/section>\n<section>\n<div class=\"desc-text\">\n<h2>Confort de travail avec un pied ergonomique<\/h2>\n<p>Chaque \u00e9cran ProArt est \u00e9quip\u00e9 d&#8217;un pied ergonomique permettant de l&#8217;incliner, de le faire pivoter et de le r\u00e9gler en hauteur pour une visualisation confortable. La possibilit\u00e9 de faire pivoter l&#8217;\u00e9cran de 90\u00b0 dans le sens des aiguilles d&#8217;une montre ou dans le sens inverse pour l&#8217;utiliser en mode portrait se r\u00e9v\u00e8le tr\u00e8s pratique pour travailler sur de longs documents, coder ou naviguer sur le web. De plus, la fonction de fixation rapide facilite le montage de l&#8217;\u00e9cran via le support mural VESA int\u00e9gr\u00e9, le tout sans vis, en quelques secondes !<\/p>\n<\/div>\n<div class=\"desc-image\"><span><img decoding=\"async\" alt=\"\" loading=\"lazy\" src=\"https:\/\/electrovideo.eu\/wp-content\/uploads\/2025\/11\/804-3.jpg\"><\/span><\/div>\n<\/section>\n<\/div><\/div>\n","protected":false},"excerpt":{"rendered":"<p>Ecran PC 2.5K &#8211; 2560 x 1440 pixels &#8211; 5 ms (gris \u00e0 gris) &#8211; 16\/9 &#8211; Dalle IPS &#8211; 100 Hz &#8211; DisplayHDR 400 &#8211; Adaptative-Sync &#8211; HDMI\/DisplayPort\/USB-C &#8211; Hub USB 3.0 &#8211; Pivot &#8211; Noir<\/p>\n","protected":false},"featured_media":223439,"comment_status":"open","ping_status":"closed","template":"","meta":{"_monsterinsights_skip_tracking":false,"_monsterinsights_sitenote_active":false,"_monsterinsights_sitenote_note":"","_monsterinsights_sitenote_category":0},"etheme_brands":[{"term_id":53,"name":"ASUS","slug":"asus","term_group":0,"term_taxonomy_id":53,"taxonomy":"brand","description":"","parent":0,"count":248,"filter":"raw"}],"product_brand":[],"product_cat":[3302],"product_tag":[],"class_list":{"0":"post-223437","1":"product","2":"type-product","3":"status-publish","4":"has-post-thumbnail","6":"brand-asus","7":"product_cat-pc-monitors-screens","9":"first","10":"instock","11":"taxable","12":"shipping-taxable","13":"purchasable","14":"product-type-simple"},"_links":{"self":[{"href":"https:\/\/electrovideo.eu\/en\/wp-json\/wp\/v2\/product\/223437","targetHints":{"allow":["GET"]}}],"collection":[{"href":"https:\/\/electrovideo.eu\/en\/wp-json\/wp\/v2\/product"}],"about":[{"href":"https:\/\/electrovideo.eu\/en\/wp-json\/wp\/v2\/types\/product"}],"replies":[{"embeddable":true,"href":"https:\/\/electrovideo.eu\/en\/wp-json\/wp\/v2\/comments?post=223437"}],"version-history":[{"count":0,"href":"https:\/\/electrovideo.eu\/en\/wp-json\/wp\/v2\/product\/223437\/revisions"}],"wp:featuredmedia":[{"embeddable":true,"href":"https:\/\/electrovideo.eu\/en\/wp-json\/wp\/v2\/media\/223439"}],"wp:attachment":[{"href":"https:\/\/electrovideo.eu\/en\/wp-json\/wp\/v2\/media?parent=223437"}],"wp:term":[{"taxonomy":"brand","embeddable":true,"href":"https:\/\/electrovideo.eu\/en\/wp-json\/wp\/v2\/etheme_brands?post=223437"},{"taxonomy":"product_brand","embeddable":true,"href":"https:\/\/electrovideo.eu\/en\/wp-json\/wp\/v2\/product_brand?post=223437"},{"taxonomy":"product_cat","embeddable":true,"href":"https:\/\/electrovideo.eu\/en\/wp-json\/wp\/v2\/product_cat?post=223437"},{"taxonomy":"product_tag","embeddable":true,"href":"https:\/\/electrovideo.eu\/en\/wp-json\/wp\/v2\/product_tag?post=223437"}],"curies":[{"name":"wp","href":"https:\/\/api.w.org\/{rel}","templated":true}]}}