{"id":223432,"date":"2025-11-25T03:27:40","date_gmt":"2025-11-25T01:27:40","guid":{"rendered":"https:\/\/electrovideo.eu\/produit\/asus-31-5-led-proart-pa329crv\/"},"modified":"2026-04-15T04:52:12","modified_gmt":"2026-04-15T02:52:12","slug":"asus-31-5-led-proart-pa329crv","status":"publish","type":"product","link":"https:\/\/electrovideo.eu\/en\/product\/asus-31-5-led-proart-pa329crv\/","title":{"rendered":"ASUS 31.5&#8243; LED &#8211; ProArt PA329CRV"},"content":{"rendered":"<div id=\"description\" class=\"description\">\n<div class=\"details-pdt-desc\">\n<h2 class=\"h2-master\">Moniteur professionnel ASUS ProArt 4K HDR<\/h2>\n<section>\n<p>Le moniteur de 31.5 pouces <strong>ASUS ProArt PA329CRV<\/strong> est con\u00e7u avant tout pour les monteurs vid\u00e9o professionnels. Cet \u00e9cran certifi\u00e9 Calman offre une large gamme de couleurs couvrant 99 % de la gamme DCI-P3 et est pr\u00e9-calibr\u00e9 en usine \u00e0 Delta E &lt; 2, pour une pr\u00e9cision exceptionnelle des couleurs. Pour plus de commodit\u00e9, le port USB-C int\u00e9gr\u00e9 offre une prise en charge DisplayPort, des transferts de donn\u00e9es ultra-rapides et une alimentation de 96 watts via un seul c\u00e2ble.<br \/>&nbsp;<\/p>\n<\/section>\n<section>\n<div class=\"desc-image\"><span><img decoding=\"async\" alt=\"\" loading=\"lazy\" src=\"https:\/\/electrovideo.eu\/wp-content\/uploads\/2025\/09\/801-18.jpg\"><\/span><\/div>\n<div class=\"desc-text\">\n<h2>La magie des couleurs en 4K HDR<\/h2>\n<p>La dalle 4K UHD (3840 x 2160) du PA329CRV offre une densit\u00e9 de pixels quatre fois sup\u00e9rieure et un espace \u00e0 l&#8217;\u00e9cran trois fois plus important que les \u00e9crans FHD de taille similaire, ce qui se traduit par des images plus nettes et un niveau de d\u00e9tail plus \u00e9lev\u00e9. La compatibilit\u00e9 HDR10 et VESA DisplayHDR 400 garantit les blancs les plus lumineux et les teintes noires les plus sombres pour un contraste exceptionnel qui se traduit par des images riches et r\u00e9alistes, le tout pour aider les artistes \u00e0 r\u00e9aliser pleinement leurs visions cr\u00e9atives. Tous les \u00e9crans ProArt sont pr\u00e9-calibr\u00e9s en usine \u00e0 l&#8217;aide d&#8217;un nouveau processus en trois \u00e9tapes qui garantit des couleurs ultra-fid\u00e8les. L&#8217;\u00e9cran subit ensuite des tests rigoureux men\u00e9s \u00e0 l&#8217;aide de la technologie avanc\u00e9e de suivi des niveaux de gris d&#8217;ASUS afin de garantir la fluidit\u00e9 de la gradation, une meilleure uniformit\u00e9 et une grande pr\u00e9cision des couleurs pour obtenir un \u00e9cart Delta E &lt; 2.<\/p>\n<\/div>\n<\/section>\n<section>\n<div class=\"desc-text\">\n<h2>Connectivit\u00e9 \u00e9tendue<\/h2>\n<p>&nbsp;<\/p>\n<p>Le port USB-C inclus permet des transferts de donn\u00e9es ultra-rapides, une connectivit\u00e9 DisplayPort et une alimentation \u00e9lectrique de 96 watts pour charger les ordinateurs portables et autres appareils, le tout via un seul c\u00e2ble. Le PA329CRV sert \u00e9galement de hub USB : tout appareil reli\u00e9 aux ports USB du moniteur peut acc\u00e9der aux autres p\u00e9riph\u00e9riques connect\u00e9s. En plus de l&#8217;USB-C, l&#8217;\u00e9cran ProArt offre une myriade d&#8217;options de connectivit\u00e9, notamment HDMI, DisplayPort (avec prise en charge de la mise en cha\u00eene), USB Type-A et un port descendant USB-C suppl\u00e9mentaire pour une compatibilit\u00e9 avec un large \u00e9ventail d&#8217;appareils. DisplayPort permet aux utilisateurs de connecter plusieurs \u00e9crans en cha\u00eene \u00e0 partir d&#8217;une seule source vid\u00e9o, ce qui am\u00e9liore la productivit\u00e9. Le PA329CRV comprend \u00e9galement un port passthrough pour les casques.<\/p>\n<\/div>\n<div class=\"desc-image\"><span><img decoding=\"async\" alt=\"\" loading=\"lazy\" src=\"https:\/\/electrovideo.eu\/wp-content\/uploads\/2025\/09\/802-12.jpg\"><\/span><\/div>\n<\/section>\n<section>\n<div class=\"desc-image\"><span><img decoding=\"async\" alt=\"\" loading=\"lazy\" src=\"https:\/\/electrovideo.eu\/wp-content\/uploads\/2025\/09\/803-2.jpg\"><\/span><\/div>\n<div class=\"desc-text\">\n<h2>Design ergonomique<\/h2>\n<p>Chaque \u00e9cran ProArt est \u00e9quip\u00e9 d&#8217;un pied ergonomique permettant de l&#8217;incliner, de le faire pivoter et de le r\u00e9gler en hauteur pour une visualisation confortable. La possibilit\u00e9 de faire pivoter l&#8217;\u00e9cran de 90\u00b0 dans le sens des aiguilles d&#8217;une montre ou dans le sens inverse pour l&#8217;utiliser en mode portrait se r\u00e9v\u00e8le tr\u00e8s pratique pour travailler sur de longs documents, coder ou naviguer sur le web. De plus, la fonction de fixation rapide facilite le montage de l&#8217;\u00e9cran via le support mural VESA int\u00e9gr\u00e9, le tout sans vis, en quelques secondes !<\/p>\n<\/div>\n<\/section>\n<\/div><\/div>\n","protected":false},"excerpt":{"rendered":"<p>Ecran PC 4K &#8211; 3840 x 2160 pixels &#8211; 5 ms (gris \u00e0 gris) &#8211; Format 16\/9 &#8211; Dalle IPS &#8211; HDR &#8211; Adaptive-Sync &#8211; DisplayPort\/HDMI\/USB-C &#8211; Pivot &#8211; Hub USB 3.0 &#8211; Argent\/Noir<\/p>\n","protected":false},"featured_media":223433,"comment_status":"open","ping_status":"closed","template":"","meta":{"_monsterinsights_skip_tracking":false,"_monsterinsights_sitenote_active":false,"_monsterinsights_sitenote_note":"","_monsterinsights_sitenote_category":0},"etheme_brands":[{"term_id":53,"name":"ASUS","slug":"asus","term_group":0,"term_taxonomy_id":53,"taxonomy":"brand","description":"","parent":0,"count":248,"filter":"raw"}],"product_brand":[],"product_cat":[3302],"product_tag":[],"class_list":{"0":"post-223432","1":"product","2":"type-product","3":"status-publish","4":"has-post-thumbnail","6":"brand-asus","7":"product_cat-pc-monitors-screens","9":"first","10":"instock","11":"taxable","12":"shipping-taxable","13":"purchasable","14":"product-type-simple"},"_links":{"self":[{"href":"https:\/\/electrovideo.eu\/en\/wp-json\/wp\/v2\/product\/223432","targetHints":{"allow":["GET"]}}],"collection":[{"href":"https:\/\/electrovideo.eu\/en\/wp-json\/wp\/v2\/product"}],"about":[{"href":"https:\/\/electrovideo.eu\/en\/wp-json\/wp\/v2\/types\/product"}],"replies":[{"embeddable":true,"href":"https:\/\/electrovideo.eu\/en\/wp-json\/wp\/v2\/comments?post=223432"}],"version-history":[{"count":0,"href":"https:\/\/electrovideo.eu\/en\/wp-json\/wp\/v2\/product\/223432\/revisions"}],"wp:featuredmedia":[{"embeddable":true,"href":"https:\/\/electrovideo.eu\/en\/wp-json\/wp\/v2\/media\/223433"}],"wp:attachment":[{"href":"https:\/\/electrovideo.eu\/en\/wp-json\/wp\/v2\/media?parent=223432"}],"wp:term":[{"taxonomy":"brand","embeddable":true,"href":"https:\/\/electrovideo.eu\/en\/wp-json\/wp\/v2\/etheme_brands?post=223432"},{"taxonomy":"product_brand","embeddable":true,"href":"https:\/\/electrovideo.eu\/en\/wp-json\/wp\/v2\/product_brand?post=223432"},{"taxonomy":"product_cat","embeddable":true,"href":"https:\/\/electrovideo.eu\/en\/wp-json\/wp\/v2\/product_cat?post=223432"},{"taxonomy":"product_tag","embeddable":true,"href":"https:\/\/electrovideo.eu\/en\/wp-json\/wp\/v2\/product_tag?post=223432"}],"curies":[{"name":"wp","href":"https:\/\/api.w.org\/{rel}","templated":true}]}}