{"id":223429,"date":"2025-11-25T03:27:40","date_gmt":"2025-11-25T01:27:40","guid":{"rendered":"https:\/\/electrovideo.eu\/produit\/asus-21-5-led-tactile-vt229h\/"},"modified":"2026-04-15T04:53:51","modified_gmt":"2026-04-15T02:53:51","slug":"asus-21-5-led-tactile-vt229h","status":"publish","type":"product","link":"https:\/\/electrovideo.eu\/en\/product\/asus-21-5-led-tactile-vt229h\/","title":{"rendered":"ASUS 21.5&#8243; LED Tactile &#8211; VT229H"},"content":{"rendered":"<div id=\"description\" class=\"description\">\n<div class=\"details-pdt-desc\">\n<h2 class=\"h2-master\">EXP\u00c9RIENCE TACTILE FULL HD<\/h2>\n<section>\n<p>Avec sa fonction tactile, le moniteur VT229H sign\u00e9 ASUS vous offre un confort d&#8217;utilisation sup\u00e9rieur. Profitez d&#8217;une belle image Full HD de 21.5 pouces et d&#8217;un design \u00e9pur\u00e9 aux bords fins pour vos besoins du quotidien. Pratique et simple \u00e0 prendre en main, ce mod\u00e8le dispose d&#8217;un confort oculaire sup\u00e9rieur, d&#8217;une puissance sonore de 2 x 1.5 W et de connecteurs VGA et HDMI. &nbsp;<br \/>&nbsp;<\/p>\n<\/section>\n<section>\n<div class=\"desc-image\"><span><img decoding=\"async\" alt=\"\" loading=\"lazy\" src=\"https:\/\/electrovideo.eu\/wp-content\/uploads\/2025\/11\/tactile.jpg\"><\/span><\/div>\n<div class=\"desc-text\">\n<h2>TACTILE AVEC 10 POINTS DE CONTACT<\/h2>\n<p>Le moniteur ASUS VT229H embarque la technologie tactile avec 10 points de contact. Profitez alors d&#8217;une surface id\u00e9ale pour des interactions pr\u00e9cises et un confort optimal au quotidien. Ce mod\u00e8le arbore une dalle IPS brillante avec une r\u00e9solution Full HD (1920 x 1080 pixels). D\u00e9couvrez un design aux bords fins ainsi qu&#8217;une compatibilit\u00e9 avec Windows 10.<\/p>\n<\/div>\n<\/section>\n<section>\n<div class=\"desc-text\">\n<h2>UN PLAISIR POUR LES YEUX<\/h2>\n<p>Ce mod\u00e8le se dote de la technologie ASUS SplendidPlus Video Intelligence qui optimisera le rendu en fonction du contenu affich\u00e9. S\u00e9lectionnez le mode le plus ad\u00e9quat et obtenez un environnement de qualit\u00e9. Vos yeux m\u00e9ritent \u00e9galement une attention toute particuli\u00e8re. Avec ses 4 modes Blue Light Filter, cet \u00e9cran ASUS luttera efficacement contre les effets n\u00e9fastes de la lumi\u00e8re bleue. De son c\u00f4t\u00e9, la technologie Flicker Free r\u00e9duira le scintillement pour le bonheur de votre activit\u00e9 oculaire.<\/p>\n<\/div>\n<div class=\"desc-image\"><span><img decoding=\"async\" alt=\"\" loading=\"lazy\" src=\"https:\/\/electrovideo.eu\/wp-content\/uploads\/2025\/11\/texte1.jpg\"><\/span><\/div>\n<\/section>\n<section class=\"list\">\n<h2>Caract\u00e9ristiques principales :<\/h2>\n<ul>\n<li><strong>Moniteur LED tactile 21.5&#8243; avec r\u00e9solution Full HD (1920 x 1080 pixels)<\/strong><\/li>\n<li>Dalle IPS brillante : couleurs riches et angles de vision larges<\/li>\n<li><strong>Technologie tactile avec 10 points de contact<\/strong><\/li>\n<li>ASUS SplendidPlus Video Intelligence : modes pr\u00e9d\u00e9finis pour des couleurs pr\u00e9cises et fid\u00e8les dans chaque situation<\/li>\n<li><strong>Confort oculaire<\/strong> : technologie Flicker Free (anti-scintillement) et mode Ultra-Low Blue Light (r\u00e9duction de la lumi\u00e8re bleue)<\/li>\n<li>Connecteurs VGA et HDMI<\/li>\n<li>Haut-parleurs int\u00e9gr\u00e9s 2 x 1.5 W<\/li>\n<li>Port Micro USB pour fonction tactile<\/li>\n<li>Encoche de s\u00e9curit\u00e9 Kensington<\/li>\n<li>Compatibilit\u00e9 Windows 10<\/li>\n<\/ul>\n<\/section>\n<\/div><\/div>\n","protected":false},"excerpt":{"rendered":"<p>Ecran PC Full HD 1080p &#8211; 1920 x 1080 pixels &#8211; Tactile 10 points de contact &#8211; Format large 16\/9 &#8211; Dalle IPS &#8211; 5 ms (gris \u00e0 gris) &#8211; HDMI &#8211; VGA &#8211; Noir<\/p>\n","protected":false},"featured_media":223431,"comment_status":"open","ping_status":"closed","template":"","meta":{"_monsterinsights_skip_tracking":false,"_monsterinsights_sitenote_active":false,"_monsterinsights_sitenote_note":"","_monsterinsights_sitenote_category":0},"etheme_brands":[{"term_id":53,"name":"ASUS","slug":"asus","term_group":0,"term_taxonomy_id":53,"taxonomy":"brand","description":"","parent":0,"count":248,"filter":"raw"}],"product_brand":[],"product_cat":[3302],"product_tag":[],"class_list":{"0":"post-223429","1":"product","2":"type-product","3":"status-publish","4":"has-post-thumbnail","6":"brand-asus","7":"product_cat-pc-monitors-screens","9":"first","10":"instock","11":"taxable","12":"shipping-taxable","13":"purchasable","14":"product-type-simple"},"_links":{"self":[{"href":"https:\/\/electrovideo.eu\/en\/wp-json\/wp\/v2\/product\/223429","targetHints":{"allow":["GET"]}}],"collection":[{"href":"https:\/\/electrovideo.eu\/en\/wp-json\/wp\/v2\/product"}],"about":[{"href":"https:\/\/electrovideo.eu\/en\/wp-json\/wp\/v2\/types\/product"}],"replies":[{"embeddable":true,"href":"https:\/\/electrovideo.eu\/en\/wp-json\/wp\/v2\/comments?post=223429"}],"version-history":[{"count":0,"href":"https:\/\/electrovideo.eu\/en\/wp-json\/wp\/v2\/product\/223429\/revisions"}],"wp:featuredmedia":[{"embeddable":true,"href":"https:\/\/electrovideo.eu\/en\/wp-json\/wp\/v2\/media\/223431"}],"wp:attachment":[{"href":"https:\/\/electrovideo.eu\/en\/wp-json\/wp\/v2\/media?parent=223429"}],"wp:term":[{"taxonomy":"brand","embeddable":true,"href":"https:\/\/electrovideo.eu\/en\/wp-json\/wp\/v2\/etheme_brands?post=223429"},{"taxonomy":"product_brand","embeddable":true,"href":"https:\/\/electrovideo.eu\/en\/wp-json\/wp\/v2\/product_brand?post=223429"},{"taxonomy":"product_cat","embeddable":true,"href":"https:\/\/electrovideo.eu\/en\/wp-json\/wp\/v2\/product_cat?post=223429"},{"taxonomy":"product_tag","embeddable":true,"href":"https:\/\/electrovideo.eu\/en\/wp-json\/wp\/v2\/product_tag?post=223429"}],"curies":[{"name":"wp","href":"https:\/\/api.w.org\/{rel}","templated":true}]}}