{"id":223420,"date":"2025-11-25T03:28:59","date_gmt":"2025-11-25T01:28:59","guid":{"rendered":"https:\/\/electrovideo.eu\/produit\/benq-31-5-led-pd3205u\/"},"modified":"2026-04-15T04:54:12","modified_gmt":"2026-04-15T02:54:12","slug":"benq-31-5-led-pd3205u","status":"publish","type":"product","link":"https:\/\/electrovideo.eu\/en\/product\/benq-31-5-led-pd3205u\/","title":{"rendered":"BenQ 31.5&#8243; LED &#8211; PD3205U"},"content":{"rendered":"<div id=\"description\" class=\"description\">\n<div class=\"details-pdt-desc\">\n<h2 class=\"h2-master\">Sublimez votre cr\u00e9ativit\u00e9<\/h2>\n<section>\n<p>Profitez d&#8217;une grande pr\u00e9cision colorim\u00e9trique et d&#8217;une qualit\u00e9 visuelle sup\u00e9rieure avec le <strong>moniteur BenQ PD3205U<\/strong>. Cet \u00e9cran IPS de 31.5 pouces avec r\u00e9solution 4K UHD et HDR10&nbsp;est valid\u00e9 par Pantone et CaIMAN. Tous les ingr\u00e9dients sont pr\u00e9sents pour faciliter l&#8217;\u00e9laboration de vos projets gr\u00e2ce \u00e0 des modes d&#8217;affichage d\u00e9di\u00e9s, une connexion performante et un confort d&#8217;utilisation permanent.<\/p>\n<\/section>\n<section>\n<div class=\"desc-image\"><span><img decoding=\"async\" alt=\"\" loading=\"lazy\" src=\"https:\/\/electrovideo.eu\/wp-content\/uploads\/2025\/11\/4k_hdr.jpg\"><\/span><\/div>\n<div class=\"desc-text\">\n<h2>Environnement optimis\u00e9<\/h2>\n<p>Avec la technologie AQCOLOR int\u00e9gr\u00e9e, ce moniteur BenQ vous assure des couleurs fid\u00e8les pour travailler dans les meilleures conditions. Le PD3205U poss\u00e8de une <strong>r\u00e9solution 4K UHD<\/strong> (3840 x 2160 pixels) et une <strong>dalle IPS<\/strong> pour des couleurs lumineuses et des angles de vision larges.&nbsp;<br \/>&nbsp;<br \/>La reproduction des couleurs est optimale avec une <strong>couverture sRGB et Rec.709 \u00e0 99%<\/strong>. Compatible HDR10, cet \u00e9cran offre&nbsp;une intensit\u00e9 visuelle id\u00e9ale de chaque contenu affich\u00e9 \u00e0 l&#8217;\u00e9cran.<\/p>\n<\/div>\n<\/section>\n<section>\n<div class=\"desc-text\">\n<h2>Modes adapt\u00e9s<\/h2>\n<p>Profitez&nbsp;d&#8217;un flux de travail plus fluide gr\u00e2ce \u00e0 cet \u00e9cran BenQ \u00e9quip\u00e9 de<strong> trois modes d&#8217;affichage<\/strong> qui accentuent les d\u00e9tails des images et facilitent la modification, la cr\u00e9ation et la visualisation.&nbsp;<br \/>&nbsp;&nbsp;<br \/>Le <strong>mode Darkroom<\/strong> r\u00e8gle la luminosit\u00e9 et le contraste des images pour apporter clart\u00e9 et nettet\u00e9 \u00e0 tous les d\u00e9tails et cr\u00e9er le r\u00e9glage optimal pour les t\u00e2ches de post-traitement dans les zones sombres. Le <strong>mode CAD \/ CAM<\/strong> r\u00e9volutionnaire offre un contraste sup\u00e9rieur de l&#8217;image qui permet aux lignes et formes des illustrations techniques de se d\u00e9marquer. Le <strong>mode Animation<\/strong> augmente les d\u00e9tails des ombres noires pour que vous puissiez pr\u00e9cis\u00e9ment ajuster vos cr\u00e9ations sans effort, alors que les zones qui ne n\u00e9cessitent pas cette fonction restent inchang\u00e9es.<\/p>\n<\/div>\n<div class=\"desc-image\"><span><img decoding=\"async\" alt=\"\" loading=\"lazy\" src=\"https:\/\/electrovideo.eu\/wp-content\/uploads\/2025\/11\/modes.jpg\"><\/span><\/div>\n<\/section>\n<section>\n<div class=\"desc-image\"><span><img decoding=\"async\" alt=\"\" loading=\"lazy\" src=\"https:\/\/electrovideo.eu\/wp-content\/uploads\/2025\/11\/thunderbolt.jpg\"><\/span><\/div>\n<div class=\"desc-text\">\n<h2>Connexions performantes<\/h2>\n<p>Le moniteur BenQ PD3205U dispose d&#8217;une connectique compl\u00e8te avec des connecteurs HDMI, DisplayPort, USB-C et USB 3.0.&nbsp;<br \/>&nbsp;<br \/>Contr\u00f4lez facilement les contenus de deux PC diff\u00e9rents via un dispositif clavier\/souris gr\u00e2ce \u00e0 la <strong>technologie KVM int\u00e9gr\u00e9e<\/strong>. Passez d&#8217;un ordinateur \u00e0 l&#8217;autre en toute simplicit\u00e9 et gagnez en efficacit\u00e9. De son c\u00f4t\u00e9, la <strong>molette raccourcis G2<\/strong> vous propose trois boutons de fonction unique personnalisables pour optimiser encore un peu plus votre environnement de travail !<\/p>\n<\/div>\n<\/section>\n<section>\n<h2>Caract\u00e9ristiques principales :<\/h2>\n<ul>\n<li><strong>\u00c9cran de 31.5 pouces avec r\u00e9solution 4K UHD (3840 x 2160 pixels)<\/strong><\/li>\n<li>Technologie AQCOLOR : reproduction fid\u00e8le des couleurs (Delta E&lt;3)<\/li>\n<li><strong>Espace chromatique : 99% Rec.709, 99% sRGB<\/strong><\/li>\n<li><strong>Dalle IPS<\/strong> : couleurs lumineuses et angles de vision larges<\/li>\n<li>Etalonnage des couleurs optimis\u00e9 pour une pr\u00e9cision in\u00e9galable<\/li>\n<li>V\u00e9rifi\u00e9 par CaIMAN, Valid\u00e9 par Pantone<\/li>\n<li>Uniformit\u00e9 des couleurs ICCsync<\/li>\n<li><strong>Compatibilit\u00e9 HDR10 et FreeSync<\/strong><\/li>\n<li>Fonction DualView (double-vue) et Mode Darkroom (Chambre noire)<\/li>\n<li>Les modes CAD \/ CAM et Animation permettent des conceptions d\u00e9taill\u00e9es et pr\u00e9cises<\/li>\n<li>Modes PiP et PbP<\/li>\n<li><strong>Interrupteur KVM (Keyboard Video Mouse)<\/strong><\/li>\n<li>Molette raccourcis G2 : gagnez en efficacit\u00e9 et en rapidit\u00e9<\/li>\n<li><strong>Technologie Eye-Care<\/strong> : Flicker-Free (anti-scintillements) et Low Blue Light (r\u00e9duction de la lumi\u00e8re bleue)<\/li>\n<li><strong>Confort d&#8217;utilisation<\/strong> : r\u00e9glage de la hauteur, inclinaison, pivotement et basculement<\/li>\n<li>Connecteurs : 1x HDMI 2.0, 1x DisplayPort 1.4, 1x USB-C (DP Alt Mode, 90W), 3x USB 3.0<\/li>\n<\/ul>\n<\/section>\n<\/div><\/div>\n","protected":false},"excerpt":{"rendered":"<p>Ecran PC 4K &#8211; 3840 x 2160 pixels &#8211; 5 ms (gris \u00e0 gris) &#8211; 16\/9 &#8211; Dalle IPS &#8211; HDR &#8211; HDMI\/DisplayPort\/USB-C &#8211; Hub USB &#8211; Pivot &#8211; Noir<\/p>\n","protected":false},"featured_media":223422,"comment_status":"open","ping_status":"closed","template":"","meta":{"_monsterinsights_skip_tracking":false,"_monsterinsights_sitenote_active":false,"_monsterinsights_sitenote_note":"","_monsterinsights_sitenote_category":0},"etheme_brands":[{"term_id":5033,"name":"BenQ","slug":"benq-en","term_group":0,"term_taxonomy_id":5033,"taxonomy":"brand","description":"","parent":0,"count":17,"filter":"raw"}],"product_brand":[],"product_cat":[3302],"product_tag":[],"class_list":{"0":"post-223420","1":"product","2":"type-product","3":"status-publish","4":"has-post-thumbnail","6":"brand-benq-en","7":"product_cat-pc-monitors-screens","9":"first","10":"instock","11":"taxable","12":"shipping-taxable","13":"purchasable","14":"product-type-simple"},"_links":{"self":[{"href":"https:\/\/electrovideo.eu\/en\/wp-json\/wp\/v2\/product\/223420","targetHints":{"allow":["GET"]}}],"collection":[{"href":"https:\/\/electrovideo.eu\/en\/wp-json\/wp\/v2\/product"}],"about":[{"href":"https:\/\/electrovideo.eu\/en\/wp-json\/wp\/v2\/types\/product"}],"replies":[{"embeddable":true,"href":"https:\/\/electrovideo.eu\/en\/wp-json\/wp\/v2\/comments?post=223420"}],"version-history":[{"count":0,"href":"https:\/\/electrovideo.eu\/en\/wp-json\/wp\/v2\/product\/223420\/revisions"}],"wp:featuredmedia":[{"embeddable":true,"href":"https:\/\/electrovideo.eu\/en\/wp-json\/wp\/v2\/media\/223422"}],"wp:attachment":[{"href":"https:\/\/electrovideo.eu\/en\/wp-json\/wp\/v2\/media?parent=223420"}],"wp:term":[{"taxonomy":"brand","embeddable":true,"href":"https:\/\/electrovideo.eu\/en\/wp-json\/wp\/v2\/etheme_brands?post=223420"},{"taxonomy":"product_brand","embeddable":true,"href":"https:\/\/electrovideo.eu\/en\/wp-json\/wp\/v2\/product_brand?post=223420"},{"taxonomy":"product_cat","embeddable":true,"href":"https:\/\/electrovideo.eu\/en\/wp-json\/wp\/v2\/product_cat?post=223420"},{"taxonomy":"product_tag","embeddable":true,"href":"https:\/\/electrovideo.eu\/en\/wp-json\/wp\/v2\/product_tag?post=223420"}],"curies":[{"name":"wp","href":"https:\/\/api.w.org\/{rel}","templated":true}]}}