{"id":223415,"date":"2025-11-25T03:28:59","date_gmt":"2025-11-25T01:28:59","guid":{"rendered":"https:\/\/electrovideo.eu\/produit\/asus-27-led-vg27aqm5a\/"},"modified":"2026-04-15T04:53:17","modified_gmt":"2026-04-15T02:53:17","slug":"asus-27-led-vg27aqm5a","status":"publish","type":"product","link":"https:\/\/electrovideo.eu\/en\/product\/asus-27-led-vg27aqm5a\/","title":{"rendered":"ASUS 27&#8243; LED &#8211; VG27AQM5A"},"content":{"rendered":"<div id=\"description\" class=\"description\">\n<div class=\"details-pdt-desc\">\n<h2 class=\"h2-master\">Exp\u00e9rience de jeu sans compromis<\/h2>\n<section>\n<p>Le moniteur <strong>ASUS TUF Gaming VG27AQM5A<\/strong> est pr\u00eat \u00e0 vous faire passer au niveau sup\u00e9rieur du gaming ! Sa dalle IPS de 27&#8243; avec r\u00e9solution WQHD (2560 x 1440) et fr\u00e9quence maximale de 300 Hz vous fera red\u00e9couvrir vos jeux favoris sous un meilleur jour ! Ce moniteur b\u00e9n\u00e9ficie \u00e9galement d&#8217;une arme secr\u00e8te : l&#8217;ELMB-Sync, qui permet d&#8217;activer \u00e0 la fois la technologie G-Sync (avec laquelle il est compatible)&nbsp;et la technologie ULMB (Ultra Low Motion Blur). De cette mani\u00e8re, vous n&#8217;aurez plus \u00e0 choisir entre fluidit\u00e9 parfaite sans d\u00e9chirements ou la diminution du ghosting lors des phases d&#8217;action rapides.<br \/>&nbsp;<\/p>\n<\/section>\n<section>\n<div class=\"desc-image\"><span><img decoding=\"async\" alt=\"\" loading=\"lazy\" src=\"https:\/\/electrovideo.eu\/wp-content\/uploads\/2025\/09\/hdr.jpg\"><\/span><\/div>\n<div class=\"desc-text\">\n<h2>Des visuels \u00e0 couper le souffle<\/h2>\n<p>Profitant de la r\u00e9solution WQHD (2560 x 1440 pixels), la dalle IPS qui \u00e9quipe la VG27AQM5A offre des images naturelles et r\u00e9alistes. Pour vous faire b\u00e9n\u00e9ficier de rendus encore plus spectaculaires sur les contenus compatibles, ce moniteur supporte la technologie HDR-10 (High Dynamic Range), qui conf\u00e8re des couleurs plus \u00e9clatantes et une meilleure luminosit\u00e9 en comparaison de moniteurs standards. De surcro\u00eet, plusieurs modes HDR sont disponibles en fonction de votre utilisation du moment (films, jeux&#8230;).<\/p><\/div>\n<\/section>\n<section>\n<div class=\"desc-text\">\n<h2>Technologie exclusive ELMB-SYNC<\/h2>\n<p>Le VG27AQM5A propose la combinaison de 2 technologies normalement impossibles \u00e0 activer simultan\u00e9ment&nbsp;: l&#8217;Adaptive-Sync (FreeSync\/G-Sync) et l&#8217;Ultra Low Motion Blur (ULMB). ASUS est parvenu \u00e0 associer ces deux technologies et en a \u00e9quip\u00e9 ce moniteur sous la forme de l&#8217;<strong>ELMB-Sync<\/strong>. Gr\u00e2ce \u00e0 cette innovation majeure, il est d\u00e9sormais possible de <strong>b\u00e9n\u00e9ficier du meilleur des deux mondes<\/strong> (\u00e0 savoir les bienfaits de la synchronisation pour une <strong>meilleure fluidit\u00e9 sans d\u00e9chirures<\/strong> coupl\u00e9s \u00e0 la <strong>r\u00e9duction du ghosting et des zones floues<\/strong> lors de mouvements rapides de l&#8217;ULMB) sans \u00eatre contraint de faire l&#8217;impasse sur l&#8217;un ou l&#8217;autre !&nbsp;Ce moniteur est d&#8217;ailleurs compatible G-Sync et peut donc b\u00e9n\u00e9ficier aussi bien du savoir faire NVIDIA que de celui d&#8217;AMD selon la carte&nbsp;graphique utilis\u00e9e.<\/p>\n<\/div>\n<div class=\"desc-image\"><span><img decoding=\"async\" alt=\"\" loading=\"lazy\" src=\"https:\/\/electrovideo.eu\/wp-content\/uploads\/2025\/09\/802-14.jpg\"><\/span><\/div>\n<\/section>\n<section>\n<div class=\"desc-image\"><span><img decoding=\"async\" alt=\"\" loading=\"lazy\" src=\"https:\/\/electrovideo.eu\/wp-content\/uploads\/2025\/11\/803-19.jpg\"><\/span><\/div>\n<div class=\"desc-text\">\n<h2>300 Hz et 1 ms de temps de r\u00e9ponse<\/h2>\n<p>La<strong> fr\u00e9quence de rafra\u00eechissement de 300 Hz<\/strong> offerte par ce moniteur est un atout de poids en offrant une fluidit\u00e9 sup\u00e9rieure \u00e0 l&#8217;\u00e9cran, ce qui se montre particuli\u00e8rement utile dans les jeux rapides o\u00f9 chaque seconde compte, comme les FPS ou les jeux de course par exemple. Avec un tel niveau de performances, d\u00e9crocher la victoire deviendra un jeu d&#8217;enfant !<\/p>\n<p>Les <strong>1 ms de temps de r\u00e9ponse<\/strong> (gris \u00e0 gris) am\u00e9liorent encore la r\u00e9activit\u00e9 de la dalle, vous laissant le champ libre pour exprimer tout votre potentiel face \u00e0 vos adversaires, chaque variation de l&#8217;environnement vous \u00e9tant instantan\u00e9ment retransmise \u00e0 l&#8217;\u00e9cran.<\/div>\n<\/section>\n<section>\n<div class=\"desc-text\">\n<h2>Confort oculaire am\u00e9lior\u00e9<\/h2>\n<p>Les \u00e9crans \u00e9mettent tous une quantit\u00e9 plus ou moins \u00e9lev\u00e9e de lumi\u00e8re bleue, qui peut \u00eatre nocive pour les yeux en cas d&#8217;exposition prolong\u00e9e. Afin de pallier cette probl\u00e9matique efficacement, la technologie <strong>Ultra Low Blue Light d&#8217;ASUS<\/strong> r\u00e9duit efficacement ces \u00e9missions par le biais de 4 niveaux diff\u00e9rents \u00e0 s\u00e9lectionner. Les scintillements sont eux aussi combattus par le syst\u00e8me <strong>Flicker-Free<\/strong> afin que vous puissiez jouer sur de plus longues dur\u00e9es dans les meilleures conditions.<\/p>\n<\/div>\n<div class=\"desc-image\"><span><img decoding=\"async\" alt=\"\" loading=\"lazy\" src=\"https:\/\/electrovideo.eu\/wp-content\/uploads\/2025\/09\/flickerfree.jpg\"><\/span><\/div>\n<\/section>\n<section>\n<div class=\"desc-image\"><span><img decoding=\"async\" alt=\"\" loading=\"lazy\" src=\"https:\/\/electrovideo.eu\/wp-content\/uploads\/2025\/09\/shadowboost.jpg\"><\/span><\/div>\n<div class=\"desc-text\">\n<h2>Des am\u00e9liorations d\u00e9di\u00e9es au jeu<\/h2>\n<p>L&#8217;\u00e9cran ASUS TUF VG27AQM5A est id\u00e9al pour les Gamers gr\u00e2ce \u00e0 ses&nbsp;<strong>fonctions Viseur, Sniper, Minuteur, Compteur d&#8217;IPS et Alignement de l&#8217;affichage<\/strong>. Choisissez entre quatre r\u00e9ticules de vis\u00e9e qui s&#8217;adapteront \u00e0 votre environnement de jeu et gardez un&nbsp;\u0153il sur les temps d&#8217;apparition et les temps de construction gr\u00e2ce \u00e0 un minuteur qui s&#8217;affiche sur votre \u00e9cran ou restez inform\u00e9s du niveau de performances de votre PC en jeu !<\/p>\n<p>La technologie Shadow Boost se charge quant \u00e0 elle de faire ressortir les sc\u00e8nes sombres sans surexposer les \u00e9l\u00e9ments plus lumineux, de mani\u00e8re \u00e0 vous donner un avantage dans les environnements obscurs.<\/p><\/div>\n<\/section>\n<section class=\"list\">\n<h2>Caract\u00e9ristiques principales :<\/h2>\n<ul>\n<li>Moniteur de 27&nbsp;pouces&nbsp;avec r\u00e9solution&nbsp;WQHD<\/li>\n<li><strong>Dalle Fast IPS<\/strong>&nbsp;: angles de vision larges (178\u00b0) et couleurs de qualit\u00e9 sup\u00e9rieure<\/li>\n<li>Compatibilit\u00e9 HDR10<\/li>\n<li><strong>FreeSync Premium + compatible G-Sync<\/strong><\/li>\n<li>Fr\u00e9quence maximale de <strong>300 Hz<\/strong><\/li>\n<li>Technologie <strong>ELMB-Sync<\/strong>&nbsp;: activation simultan\u00e9e de l&#8217;AdaptiveSync et de l&#8217;Ultra Low Motion Blur<\/li>\n<li>Affichage fluide avec un temps de r\u00e9ponse de 1 ms<\/li>\n<li>Connecteur :&nbsp;HDMI, DisplayPort<\/li>\n<li>Meilleur confort oculaire avec le mode ASUS Ultra Low Blue Light&nbsp;et la technologie&nbsp;Flicker Free<\/li>\n<li>Asus GamePlus<\/li>\n<\/ul>\n<\/section>\n<\/div><\/div>\n","protected":false},"excerpt":{"rendered":"<p>Ecran PC 2.5K &#8211; 2560 x 1440 pixels &#8211; 1 ms &#8211; Format 16\/9 &#8211; Dalle Fast IPS &#8211; 300 Hz &#8211; HDR10 &#8211; FreeSync Premium \/ Compatible G-SYNC &#8211; HDMI\/DisplayPort &#8211; Noir<\/p>\n","protected":false},"featured_media":223417,"comment_status":"open","ping_status":"closed","template":"","meta":{"_monsterinsights_skip_tracking":false,"_monsterinsights_sitenote_active":false,"_monsterinsights_sitenote_note":"","_monsterinsights_sitenote_category":0},"etheme_brands":[{"term_id":53,"name":"ASUS","slug":"asus","term_group":0,"term_taxonomy_id":53,"taxonomy":"brand","description":"","parent":0,"count":248,"filter":"raw"}],"product_brand":[],"product_cat":[3302],"product_tag":[],"class_list":{"0":"post-223415","1":"product","2":"type-product","3":"status-publish","4":"has-post-thumbnail","6":"brand-asus","7":"product_cat-pc-monitors-screens","9":"first","10":"instock","11":"taxable","12":"shipping-taxable","13":"purchasable","14":"product-type-simple"},"_links":{"self":[{"href":"https:\/\/electrovideo.eu\/en\/wp-json\/wp\/v2\/product\/223415","targetHints":{"allow":["GET"]}}],"collection":[{"href":"https:\/\/electrovideo.eu\/en\/wp-json\/wp\/v2\/product"}],"about":[{"href":"https:\/\/electrovideo.eu\/en\/wp-json\/wp\/v2\/types\/product"}],"replies":[{"embeddable":true,"href":"https:\/\/electrovideo.eu\/en\/wp-json\/wp\/v2\/comments?post=223415"}],"version-history":[{"count":0,"href":"https:\/\/electrovideo.eu\/en\/wp-json\/wp\/v2\/product\/223415\/revisions"}],"wp:featuredmedia":[{"embeddable":true,"href":"https:\/\/electrovideo.eu\/en\/wp-json\/wp\/v2\/media\/223417"}],"wp:attachment":[{"href":"https:\/\/electrovideo.eu\/en\/wp-json\/wp\/v2\/media?parent=223415"}],"wp:term":[{"taxonomy":"brand","embeddable":true,"href":"https:\/\/electrovideo.eu\/en\/wp-json\/wp\/v2\/etheme_brands?post=223415"},{"taxonomy":"product_brand","embeddable":true,"href":"https:\/\/electrovideo.eu\/en\/wp-json\/wp\/v2\/product_brand?post=223415"},{"taxonomy":"product_cat","embeddable":true,"href":"https:\/\/electrovideo.eu\/en\/wp-json\/wp\/v2\/product_cat?post=223415"},{"taxonomy":"product_tag","embeddable":true,"href":"https:\/\/electrovideo.eu\/en\/wp-json\/wp\/v2\/product_tag?post=223415"}],"curies":[{"name":"wp","href":"https:\/\/api.w.org\/{rel}","templated":true}]}}