{"id":223413,"date":"2025-11-25T03:29:47","date_gmt":"2025-11-25T01:29:47","guid":{"rendered":"https:\/\/electrovideo.eu\/produit\/benq-31-5-led-ma320u\/"},"modified":"2026-04-15T04:54:31","modified_gmt":"2026-04-15T02:54:31","slug":"benq-31-5-led-ma320u","status":"publish","type":"product","link":"https:\/\/electrovideo.eu\/en\/product\/benq-31-5-led-ma320u\/","title":{"rendered":"BenQ 31.5&#8243; LED &#8211; MA320U"},"content":{"rendered":"<div id=\"description\" class=\"description\">\n<div class=\"details-pdt-desc\">\n<h2 class=\"h2-master\">Un moniteur 4K con\u00e7u pour accompagner un MacBook<\/h2>\n<section>\n<p>Id\u00e9al pour accompagner un MacBook, le <strong>moniteur BenQ MA320U<\/strong> am\u00e9liore votre confort de travail gr\u00e2ce \u00e0 sa gamme de couleurs calibr\u00e9e pour correspondre aux couleurs de votre MacBook. Avec son design ergonomique et ses fonctions optimis\u00e9es pour MacBook, cet \u00e9cran BenQ sera un excellent compl\u00e9ment \u00e0 votre \u00e9cosyst\u00e8me Apple.<br \/>&nbsp;<\/p>\n<\/section>\n<section>\n<div class=\"desc-image\"><span><img decoding=\"async\" alt=\"\" loading=\"lazy\" src=\"https:\/\/electrovideo.eu\/wp-content\/uploads\/2025\/09\/801-31.jpg\"><\/span><\/div>\n<div class=\"desc-text\">\n<h2>Couleurs calibr\u00e9es pour MacBook<\/h2>\n<p>La plupart des moniteurs externes affichent les couleurs diff\u00e9remment par rapport \u00e0 celles d&#8217;un MacBook. Les moniteurs BenQ MA270U\/MA320U ont \u00e9t\u00e9 con\u00e7us et calibr\u00e9s de fa\u00e7on \u00e0 mieux correspondre aux couleurs de votre MacBook. Ils offrent une large gamme de couleurs P3 avec des couleurs vibrantes calibr\u00e9es professionnellement par BenQ pour MacBook. L&#8217;id\u00e9al pour travailler plus confortablement sur plusieurs \u00e9crans, gr\u00e2ce \u00e0 une meilleure coh\u00e9rence des couleurs. Par ailleurs, vous pourrez synchroniser les contr\u00f4les entre votre MacBook et votre moniteur avec de simples pressions de touches, comme sur un MacBook. Il vous suffit d&#8217;appuyer sur la touche de luminosit\u00e9 ou de volume, et les deux \u00e9crans s&#8217;ajusteront simultan\u00e9ment ! Faites aussi l&#8217;exp\u00e9rience de param\u00e8tres simplifi\u00e9s similaires \u00e0 ceux d&#8217;un Mac avec le logiciel BenQ Display Pilot 2.<\/p>\n<\/div>\n<\/section>\n<section>\n<div class=\"desc-text\">\n<h2>Connectique compl\u00e8te<\/h2>\n<p>Plus qu&#8217;un moniteur externe \u00e9l\u00e9gant pour votre MacBook, cet \u00e9cran BenQ sera \u00e9galement un hub tr\u00e8s pratique pour votre \u00e9cosyst\u00e8me Apple de bureau. Le hub int\u00e9gr\u00e9 de 15W chargera votre iPad et votre iPhone pendant que vous travaillez. Avec 2 connecteurs HDMI 2.0, 1 port USB-C d\u00e9livrant une puissance de 15W et 1 port USB-C supportant le signal DisplayPort et d\u00e9livrant une puissance de 90W, vos possibilit\u00e9s sont \u00e9tendues !<\/p>\n<\/div>\n<div class=\"desc-image\"><span><img decoding=\"async\" alt=\"\" loading=\"lazy\" src=\"https:\/\/electrovideo.eu\/wp-content\/uploads\/2025\/09\/802-26.jpg\"><\/span><\/div>\n<\/section>\n<section>\n<div class=\"desc-image\"><span><img decoding=\"async\" alt=\"\" loading=\"lazy\" src=\"https:\/\/electrovideo.eu\/wp-content\/uploads\/2025\/09\/803-10.jpg\"><\/span><\/div>\n<div class=\"desc-text\">\n<h2>Design ergonomique<\/h2>\n<p>Gr\u00e2ce \u00e0 son pied r\u00e9glable en hauteur avec pivot sur 90\u00b0, ce moniteur BenQ vous permettra de toujours pouvoir placer votre \u00e9cran dans une position id\u00e9ale, quels que soient vos besoins du moment !<\/p>\n<\/div>\n<\/section>\n<\/div><\/div>\n","protected":false},"excerpt":{"rendered":"<p>Ecran PC 4K &#8211; 3840 x 2160 pixels &#8211; 5 ms (gris \u00e0 gris) &#8211; Format 16\/9 &#8211; Dalle IPS &#8211; VESA DisplayHDR 600 &#8211; HDMI\/USB-C &#8211; Pivot &#8211; Haut-parleurs &#8211; Argent<\/p>\n","protected":false},"featured_media":223414,"comment_status":"open","ping_status":"closed","template":"","meta":{"_monsterinsights_skip_tracking":false,"_monsterinsights_sitenote_active":false,"_monsterinsights_sitenote_note":"","_monsterinsights_sitenote_category":0},"etheme_brands":[{"term_id":5033,"name":"BenQ","slug":"benq-en","term_group":0,"term_taxonomy_id":5033,"taxonomy":"brand","description":"","parent":0,"count":17,"filter":"raw"}],"product_brand":[],"product_cat":[3302],"product_tag":[],"class_list":{"0":"post-223413","1":"product","2":"type-product","3":"status-publish","4":"has-post-thumbnail","6":"brand-benq-en","7":"product_cat-pc-monitors-screens","9":"first","10":"instock","11":"taxable","12":"shipping-taxable","13":"purchasable","14":"product-type-simple"},"_links":{"self":[{"href":"https:\/\/electrovideo.eu\/en\/wp-json\/wp\/v2\/product\/223413","targetHints":{"allow":["GET"]}}],"collection":[{"href":"https:\/\/electrovideo.eu\/en\/wp-json\/wp\/v2\/product"}],"about":[{"href":"https:\/\/electrovideo.eu\/en\/wp-json\/wp\/v2\/types\/product"}],"replies":[{"embeddable":true,"href":"https:\/\/electrovideo.eu\/en\/wp-json\/wp\/v2\/comments?post=223413"}],"version-history":[{"count":0,"href":"https:\/\/electrovideo.eu\/en\/wp-json\/wp\/v2\/product\/223413\/revisions"}],"wp:featuredmedia":[{"embeddable":true,"href":"https:\/\/electrovideo.eu\/en\/wp-json\/wp\/v2\/media\/223414"}],"wp:attachment":[{"href":"https:\/\/electrovideo.eu\/en\/wp-json\/wp\/v2\/media?parent=223413"}],"wp:term":[{"taxonomy":"brand","embeddable":true,"href":"https:\/\/electrovideo.eu\/en\/wp-json\/wp\/v2\/etheme_brands?post=223413"},{"taxonomy":"product_brand","embeddable":true,"href":"https:\/\/electrovideo.eu\/en\/wp-json\/wp\/v2\/product_brand?post=223413"},{"taxonomy":"product_cat","embeddable":true,"href":"https:\/\/electrovideo.eu\/en\/wp-json\/wp\/v2\/product_cat?post=223413"},{"taxonomy":"product_tag","embeddable":true,"href":"https:\/\/electrovideo.eu\/en\/wp-json\/wp\/v2\/product_tag?post=223413"}],"curies":[{"name":"wp","href":"https:\/\/api.w.org\/{rel}","templated":true}]}}