{"id":223407,"date":"2025-11-25T03:29:47","date_gmt":"2025-11-25T01:29:47","guid":{"rendered":"https:\/\/electrovideo.eu\/produit\/gigabyte-34-led-g34wqcp\/"},"modified":"2025-11-25T03:29:47","modified_gmt":"2025-11-25T01:29:47","slug":"gigabyte-34-led-g34wqcp","status":"publish","type":"product","link":"https:\/\/electrovideo.eu\/en\/product\/gigabyte-34-led-g34wqcp\/","title":{"rendered":"Gigabyte 34&#8243; LED &#8211; G34WQCP"},"content":{"rendered":"<div id=\"description\" class=\"description\">\n<div class=\"details-pdt-desc\">\n<h2 class=\"h2-master\">Visez les sommets avec Gigabyte !<\/h2>\n<section>\n<p>L&#8217;immersion gaming imagin\u00e9e par <strong>Gigabyte<\/strong> avec son <strong>\u00e9cran G34WQCP<\/strong> se montre intense avec une dalle WQHD de 34 pouces au format 21\/9. Ce mod\u00e8le aux performances gaming sup\u00e9rieures (1 ms, 180 Hz, FreeSync Premium) vous permettra de voir les choses en grand au moment de monter sur la premi\u00e8re marche du podium. Retrouvez une connectique compl\u00e8te, une hauteur facilement ajustable ainsi qu&#8217;un confort oculaire optimal pour une utilisation prolong\u00e9e !<br \/>&nbsp;<\/p>\n<\/section>\n<section>\n<div class=\"desc-image\"><span><img decoding=\"async\" alt=\"\" loading=\"lazy\" src=\"https:\/\/electrovideo.eu\/wp-content\/uploads\/2025\/11\/801-40.jpg\"><\/span><\/div>\n<div class=\"desc-text\">\n<h2>Plongez au c\u0153ur de l&#8217;action<\/h2>\n<p>Vivez des parties inoubliables et immersives avec le moniteur Gigabyte G34WQCP. Ce dernier est \u00e9quip\u00e9 d&#8217;une&nbsp;<strong>dalle VA incurv\u00e9e de 34 pouces au format 21\/9<\/strong>. Certifi\u00e9 HDR400, ce mod\u00e8le vous fera profiter&nbsp;en plus d&#8217;une <strong>r\u00e9solution WQHD (3440&nbsp;x 1440 pixels)<\/strong>&nbsp;et d&#8217;une couverture colorim\u00e9trique DCI-P3&nbsp;\u00e0&nbsp;90% et sRGB \u00e0 120%.<\/p>\n<p>Confortable au quotidien, l&#8217;\u00e9cran gaming G34WQCP propose un pied ergonomique avec <strong>hauteur et inclinaison r\u00e9glables<\/strong>. Trouvez la position adapt\u00e9e et b\u00e9n\u00e9ficiez de tout le potentiel de votre compagnon gaming. Pour le bien-\u00eatre de vos yeux, les technologies de confort oculaire <strong>Low Blue Light<\/strong> et <strong>FlickerFree<\/strong> sont \u00e9galement int\u00e9gr\u00e9es. Ces derni\u00e8res, respectivement, r\u00e9duiront l&#8217;effet n\u00e9faste de la lumi\u00e8re bleue et \u00e9limineront le scintillement.<\/p>\n<\/div>\n<\/section>\n<section>\n<div class=\"desc-text\">\n<h2>La victoire \u00e0 l&#8217;horizon<\/h2>\n<p>Pour que la victoire soit belle, ce moniteur Gigabyte int\u00e8gre des performances gaming sup\u00e9rieures. Il b\u00e9n\u00e9ficie notamment de la technologie <strong>AMD FreeSync Premium<\/strong>&nbsp;pour vous offrir une belle fluidit\u00e9 sans effet d&#8217;image saccad\u00e9 et d&#8217;un <strong>taux de rafra\u00eechissement maximal de 180 Hz<\/strong> ! Enfin, un <strong>temps de r\u00e9ponse ultra-rapide de 1 ms (MPRT)<\/strong> accompagnera vos envies de triomphe !<\/p>\n<p>D&#8217;autres fonctionnalit\u00e9s viennent s&#8217;ajouter pour vous faciliter la vie. GameAssist permet notamment d&#8217;ajouter un chronom\u00e8tre, un r\u00e9ticule fixe au centre de l&#8217;\u00e9cran ou de profiter d&#8217;un flou r\u00e9duit li\u00e9 au recul des armes (Aim Stabilizer). De son c\u00f4t\u00e9, Black Equalizer illuminera les sc\u00e8nes sombres pour ne plus vous faire surprendre par un ennemi !&nbsp;&nbsp;<\/p>\n<\/div>\n<div class=\"desc-image\"><span><img decoding=\"async\" alt=\"\" loading=\"lazy\" src=\"https:\/\/electrovideo.eu\/wp-content\/uploads\/2025\/11\/180.jpg\"><\/span><\/div>\n<\/section>\n<section class=\"list\">\n<h2>Caract\u00e9ristiques principales :<\/h2>\n<ul>\n<li>\u00c9cran de 34 pouces avec r\u00e9solution <b>WQHD&nbsp;(3440 x 1440)&nbsp;<\/b><\/li>\n<li><b>Dalle VA incurv\u00e9e avec courbure 1500R<\/b><\/li>\n<li>Gamut couleurs : 90% DCI-P3 \/ 120% sRGB<\/li>\n<li><strong>Certification VESA DisplayHDR 400<\/strong><\/li>\n<li><strong>Temps de r\u00e9ponse : 1 ms (MPRT)<\/strong><\/li>\n<li>Fr\u00e9quence de rafra\u00eechissement maximale de <strong>180 Hz<\/strong><\/li>\n<li><strong>AMD FreeSync Premium<\/strong><\/li>\n<li>Conditions gaming optimales : Black Equalizer, Game Assist, Tableau de bord<\/li>\n<li>Confort oculaire : technologies Low Blue Light et Flicker Free<\/li>\n<li>Pied ergonomique : inclinaison, hauteur r\u00e9glable (100 mm)<\/li>\n<li>Connecteurs : 2x DisplayPort 1.4 et 2x HDMI 2.0<\/li>\n<li>Puissance audio : 2 x 2 watts<\/li>\n<\/ul>\n<\/section>\n<\/div><\/div>\n","protected":false},"excerpt":{"rendered":"<p>Ecran PC UltraWide WQHD &#8211; 3440 x 1440 pixels &#8211; 1 ms (MPRT) &#8211; 21\/9 &#8211; Dalle VA incurv\u00e9e &#8211; HDR 400 &#8211; 180 Hz &#8211; FreeSync Premium &#8211; HDMI\/DisplayPort &#8211; R\u00e9glage en hauteur &#8211; Haut-parleurs &#8211; Noir<\/p>\n","protected":false},"featured_media":223409,"comment_status":"open","ping_status":"closed","template":"","meta":{"_monsterinsights_skip_tracking":false,"_monsterinsights_sitenote_active":false,"_monsterinsights_sitenote_note":"","_monsterinsights_sitenote_category":0},"etheme_brands":[{"term_id":44,"name":"Gigabyte","slug":"gigabyte","term_group":0,"term_taxonomy_id":44,"taxonomy":"brand","description":"","parent":0,"count":118,"filter":"raw"}],"product_brand":[],"product_cat":[3302],"product_tag":[],"class_list":{"0":"post-223407","1":"product","2":"type-product","3":"status-publish","4":"has-post-thumbnail","6":"brand-gigabyte","7":"product_cat-pc-monitors-screens","9":"first","10":"instock","11":"taxable","12":"shipping-taxable","13":"purchasable","14":"product-type-simple"},"_links":{"self":[{"href":"https:\/\/electrovideo.eu\/en\/wp-json\/wp\/v2\/product\/223407","targetHints":{"allow":["GET"]}}],"collection":[{"href":"https:\/\/electrovideo.eu\/en\/wp-json\/wp\/v2\/product"}],"about":[{"href":"https:\/\/electrovideo.eu\/en\/wp-json\/wp\/v2\/types\/product"}],"replies":[{"embeddable":true,"href":"https:\/\/electrovideo.eu\/en\/wp-json\/wp\/v2\/comments?post=223407"}],"version-history":[{"count":0,"href":"https:\/\/electrovideo.eu\/en\/wp-json\/wp\/v2\/product\/223407\/revisions"}],"wp:featuredmedia":[{"embeddable":true,"href":"https:\/\/electrovideo.eu\/en\/wp-json\/wp\/v2\/media\/223409"}],"wp:attachment":[{"href":"https:\/\/electrovideo.eu\/en\/wp-json\/wp\/v2\/media?parent=223407"}],"wp:term":[{"taxonomy":"brand","embeddable":true,"href":"https:\/\/electrovideo.eu\/en\/wp-json\/wp\/v2\/etheme_brands?post=223407"},{"taxonomy":"product_brand","embeddable":true,"href":"https:\/\/electrovideo.eu\/en\/wp-json\/wp\/v2\/product_brand?post=223407"},{"taxonomy":"product_cat","embeddable":true,"href":"https:\/\/electrovideo.eu\/en\/wp-json\/wp\/v2\/product_cat?post=223407"},{"taxonomy":"product_tag","embeddable":true,"href":"https:\/\/electrovideo.eu\/en\/wp-json\/wp\/v2\/product_tag?post=223407"}],"curies":[{"name":"wp","href":"https:\/\/api.w.org\/{rel}","templated":true}]}}