{"id":223398,"date":"2025-11-25T03:31:00","date_gmt":"2025-11-25T01:31:00","guid":{"rendered":"https:\/\/electrovideo.eu\/produit\/iiyama-23-8-led-tactile-prolite-t2452msc-b1\/"},"modified":"2025-11-25T03:31:00","modified_gmt":"2025-11-25T01:31:00","slug":"iiyama-23-8-led-tactile-prolite-t2452msc-b1","status":"publish","type":"product","link":"https:\/\/electrovideo.eu\/en\/product\/iiyama-23-8-led-tactile-prolite-t2452msc-b1\/","title":{"rendered":"iiyama 23.8&#8243; LED Tactile &#8211; ProLite T2452MSC-B1"},"content":{"rendered":"<div id=\"description\" class=\"description\">\n<div class=\"details-pdt-desc\">\n<h2 class=\"h2-master\">Le plaisir d&#8217;une utilisation tactile au quotidien<\/h2>\n<section>\n<p>L&#8217;\u00e9cran iiyama ProLite T2452MSC-B1 offre toute l&#8217;interactivit\u00e9 du tactile associ\u00e9e \u00e0 une superbe r\u00e9solution Full HD. Dot\u00e9 de la technologie IPS, cet \u00e9cran propose des performances de couleurs exceptionnelles et des angles de vision larges. Con\u00e7u pour durer, gr\u00e2ce notamment \u00e0 la dalle de verre qui offre une protection optimale de l&#8217;\u00e9cran, ce moniteur est un v\u00e9ritable outil de communication et d&#8217;\u00e9change. Il s&#8217;impose alors comme une solution id\u00e9ale pour l&#8217;affichage en magasin, dans les kiosques ainsi que pour les pr\u00e9sentations interactives.<br \/>&nbsp;<\/p>\n<\/section>\n<section>\n<div class=\"desc-image\"><span><img decoding=\"async\" alt=\"\" loading=\"lazy\" src=\"https:\/\/electrovideo.eu\/wp-content\/uploads\/2025\/11\/801-41.jpg\"><\/span><\/div>\n<div class=\"desc-text\">\n<h2>Performant et r\u00e9sistant<\/h2>\n<p>Ce moniteur iiyama propose une superbe qualit\u00e9 d&#8217;image pour un affichage clair et percutant. La technologie IPS offre un contraste plus \u00e9lev\u00e9, des noirs plus sombres et des angles de vision larges. L&#8217;image sera parfaite quel que soit l\u2019angle sous lequel vous la regardez. La r\u00e9sistance aux rayures est primordiale dans le cadre d\u2019une utilisation de la fonction tactile dans les milieux publics. Ceci est possible gr\u00e2ce \u00e0 une dalle de verre de protection qui recouvre la dalle de l\u2019\u00e9cran. Elle garantit une grande durabilit\u00e9 de la fonction tactile. M\u00eame une fois ray\u00e9, le verre conserve sa fonction tactile.<\/p>\n<\/div>\n<\/section>\n<section>\n<div class=\"desc-text\">\n<h2>Dimension tactile<\/h2>\n<p>La Touch Technology utilise un capteur avec des fils de tension micro-fins int\u00e9gr\u00e9s dans la vitre qui recouvre le moniteur. Le toucher est d\u00e9tect\u00e9 gr\u00e2ce aux caract\u00e9ristiques \u00e9lectriques du capteur et varie donc lorsque le doigt de l\u2019utilisateur se d\u00e9place sur la vitre. Gr\u00e2ce \u00e0 cette vitre de protection, cette technologie a une longue dur\u00e9e de vie. Cela permet une image aux performances et qualit\u00e9s parfaites, mais \u00e9galement une utilisation avec un doigt, (\u00e9galement des gants en latex) et un pointeur magn\u00e9tique.<\/p>\n<\/div>\n<div class=\"desc-image\"><span><img decoding=\"async\" alt=\"\" loading=\"lazy\" src=\"https:\/\/electrovideo.eu\/wp-content\/uploads\/2025\/11\/802-43.jpg\"><\/span><\/div>\n<\/section>\n<\/div><\/div>\n","protected":false},"excerpt":{"rendered":"<p>Ecran PC Full HD 1080p &#8211; 1920 x 1080 pixels &#8211; Tactile MultiTouch &#8211; 14 ms &#8211; Format large 16\/9 &#8211; Dalle IPS &#8211; HDMI\/DisplayPort &#8211; Noir<\/p>\n","protected":false},"featured_media":223400,"comment_status":"open","ping_status":"closed","template":"","meta":{"_monsterinsights_skip_tracking":false,"_monsterinsights_sitenote_active":false,"_monsterinsights_sitenote_note":"","_monsterinsights_sitenote_category":0},"etheme_brands":[{"term_id":5058,"name":"iiyama","slug":"iiyama-en","term_group":0,"term_taxonomy_id":5058,"taxonomy":"brand","description":"","parent":0,"count":29,"filter":"raw"}],"product_brand":[],"product_cat":[3302],"product_tag":[],"class_list":{"0":"post-223398","1":"product","2":"type-product","3":"status-publish","4":"has-post-thumbnail","6":"brand-iiyama-en","7":"product_cat-pc-monitors-screens","9":"first","10":"instock","11":"taxable","12":"shipping-taxable","13":"purchasable","14":"product-type-simple"},"_links":{"self":[{"href":"https:\/\/electrovideo.eu\/en\/wp-json\/wp\/v2\/product\/223398","targetHints":{"allow":["GET"]}}],"collection":[{"href":"https:\/\/electrovideo.eu\/en\/wp-json\/wp\/v2\/product"}],"about":[{"href":"https:\/\/electrovideo.eu\/en\/wp-json\/wp\/v2\/types\/product"}],"replies":[{"embeddable":true,"href":"https:\/\/electrovideo.eu\/en\/wp-json\/wp\/v2\/comments?post=223398"}],"version-history":[{"count":0,"href":"https:\/\/electrovideo.eu\/en\/wp-json\/wp\/v2\/product\/223398\/revisions"}],"wp:featuredmedia":[{"embeddable":true,"href":"https:\/\/electrovideo.eu\/en\/wp-json\/wp\/v2\/media\/223400"}],"wp:attachment":[{"href":"https:\/\/electrovideo.eu\/en\/wp-json\/wp\/v2\/media?parent=223398"}],"wp:term":[{"taxonomy":"brand","embeddable":true,"href":"https:\/\/electrovideo.eu\/en\/wp-json\/wp\/v2\/etheme_brands?post=223398"},{"taxonomy":"product_brand","embeddable":true,"href":"https:\/\/electrovideo.eu\/en\/wp-json\/wp\/v2\/product_brand?post=223398"},{"taxonomy":"product_cat","embeddable":true,"href":"https:\/\/electrovideo.eu\/en\/wp-json\/wp\/v2\/product_cat?post=223398"},{"taxonomy":"product_tag","embeddable":true,"href":"https:\/\/electrovideo.eu\/en\/wp-json\/wp\/v2\/product_tag?post=223398"}],"curies":[{"name":"wp","href":"https:\/\/api.w.org\/{rel}","templated":true}]}}