{"id":223393,"date":"2025-11-25T03:31:51","date_gmt":"2025-11-25T01:31:51","guid":{"rendered":"https:\/\/electrovideo.eu\/produit\/iiyama-31-5-led-g-master-gcb3280qsu-b2-red-eagle\/"},"modified":"2025-11-25T03:31:51","modified_gmt":"2025-11-25T01:31:51","slug":"iiyama-31-5-led-g-master-gcb3280qsu-b2-red-eagle","status":"publish","type":"product","link":"https:\/\/electrovideo.eu\/en\/product\/iiyama-31-5-led-g-master-gcb3280qsu-b2-red-eagle\/","title":{"rendered":"iiyama 31.5&#8243; LED &#8211; G-Master GCB3280QSU-B2 Red Eagle"},"content":{"rendered":"<div id=\"description\" class=\"description\">\n<div class=\"details-pdt-desc\">\n<h2 class=\"h2-master\">Performance et confort pour le jeu<\/h2>\n<section>\n<p>Plongez-vous dans le jeu avec le <strong>moniteur iiyama GCB3280QSU-B2 Red Eagle<\/strong> incurv\u00e9 ! Avec une dalle VA incurv\u00e9e 1500R, un taux de rafra\u00eechissement de 165Hz, un temps de r\u00e9ponse MPRT de 0.2ms et une r\u00e9solution de 2560 x 1440, cet \u00e9cran iiyama vous offre une exp\u00e9rience visuelle de haute vol\u00e9e et garantit une superbe qualit\u00e9 d&#8217;image.<br \/>&nbsp;<\/p>\n<\/section>\n<section>\n<div class=\"desc-image\"><span><img decoding=\"async\" alt=\"\" loading=\"lazy\" src=\"https:\/\/electrovideo.eu\/wp-content\/uploads\/2025\/09\/ecran_gaming.jpg\"><\/span><\/div>\n<div class=\"desc-text\">\n<h2>Le parfum de la victoire<\/h2>\n<p>Signez vos plus beaux exploits avec ce moniteur iiyama offrant des conditions de jeu optimales ! Port\u00e9 par une dalle VA incurv\u00e9e, cet \u00e9cran de 32 pouces&nbsp;parvient \u00e0 un <strong>temps de r\u00e9ponse ultra-rapide de 0.2 ms<\/strong> (MPRT) tout en offrant une qualit\u00e9 visuelle sup\u00e9rieure avec une <strong>r\u00e9solution QHD<\/strong> et un contraste de 80M:1 en mode dynamique&nbsp;(3000:1 typique).<\/p>\n<p>Une belle fluidit\u00e9 est \u00e9galement au rendez-vous avec une <strong>fr\u00e9quence de rafra\u00eechissement maximale de 180 Hz<\/strong> et le travail de la technologie <strong>AMD FreeSync<\/strong>. R\u00e9sultat, une image sans d\u00e9chirement pour surpasser vos adversaires \u00e0 chaque instant !<\/p>\n<\/div>\n<\/section>\n<section>\n<div class=\"desc-text\">\n<h2>Un confort de jeu sup\u00e9rieur<\/h2>\n<p>Outre les performances de l&#8217;\u00e9cran, pour viser les sommets, il faut aussi un confort de jeu sup\u00e9rieur. Le moniteur GCB3280QSU-B2 Red Eagle se pare d&#8217;un <strong>pied ergonomique avec r\u00e9glage en hauteur<\/strong>. Pour vous assurer de truster le haut du classement pendant longtemps, la fatigue visuelle sera r\u00e9duite gr\u00e2ce \u00e0 la pr\u00e9sence des technologies de protection oculaire FlickerFree (anti-scintillement) et r\u00e9duction de lumi\u00e8re bleue.<\/p>\n<\/div>\n<div class=\"desc-image\"><span><img decoding=\"async\" alt=\"\" loading=\"lazy\" src=\"https:\/\/electrovideo.eu\/wp-content\/uploads\/2025\/11\/802-46.jpg\"><\/span><\/div>\n<\/section>\n<section class=\"list\">\n<h2>Caract\u00e9ristiques principales :<\/h2>\n<ul>\n<li><strong>\u00c9cran incurv\u00e9 de 31.5 pouces avec r\u00e9solution QHD<\/strong>&nbsp;(2560 x 1440)<\/li>\n<li>Dalle VA avec temps de r\u00e9ponse ultra-rapide de 0.2 ms (MPRT)<\/li>\n<li>Des couleurs d&#8217;une grande richesse gr\u00e2ce au contraste dynamique de 80&nbsp;000 000:1 (typique 3000:1)<\/li>\n<li>Affichage ultra-fluide avec une&nbsp;<strong>fr\u00e9quence maximale de 180 Hz<\/strong><\/li>\n<li>Affichage sans d\u00e9chirures avec la technologie&nbsp;<strong>AMD FreeSync<\/strong><\/li>\n<li><strong>Fonction Black Tuner<\/strong> : sc\u00e8nes sombres optimis\u00e9es pour ne plus vous faire surprendre par l&#8217;ennemi<\/li>\n<li><strong>Connecteurs<\/strong>&nbsp;: HDMI et DisplayPort<\/li>\n<li>Haut-parleurs int\u00e9gr\u00e9s + prise casque audio<\/li>\n<li><strong>Position ajustable<\/strong> : inclinaison et r\u00e9glage en hauteur sur 150 mm<\/li>\n<li>Confort oculaire :&nbsp;Flicker Free +&nbsp;r\u00e9duction de la lumi\u00e8re bleue<\/li>\n<\/ul>\n<\/section>\n<\/div><\/div>\n","protected":false},"excerpt":{"rendered":"<p>Ecran PC 2.5K &#8211; 2560 x 1440 pixels &#8211; 0.2 ms (MPRT) &#8211; 16\/9 &#8211; Dalle VA incurv\u00e9e &#8211; HDR &#8211; 180 Hz &#8211; FreeSync &#8211; HDMI\/DisplayPort &#8211; R\u00e9glage en hauteur &#8211; Hub USB &#8211; Noir<\/p>\n","protected":false},"featured_media":223395,"comment_status":"open","ping_status":"closed","template":"","meta":{"_monsterinsights_skip_tracking":false,"_monsterinsights_sitenote_active":false,"_monsterinsights_sitenote_note":"","_monsterinsights_sitenote_category":0},"etheme_brands":[{"term_id":5058,"name":"iiyama","slug":"iiyama-en","term_group":0,"term_taxonomy_id":5058,"taxonomy":"brand","description":"","parent":0,"count":29,"filter":"raw"}],"product_brand":[],"product_cat":[3302],"product_tag":[],"class_list":{"0":"post-223393","1":"product","2":"type-product","3":"status-publish","4":"has-post-thumbnail","6":"brand-iiyama-en","7":"product_cat-pc-monitors-screens","9":"first","10":"instock","11":"taxable","12":"shipping-taxable","13":"purchasable","14":"product-type-simple"},"_links":{"self":[{"href":"https:\/\/electrovideo.eu\/en\/wp-json\/wp\/v2\/product\/223393","targetHints":{"allow":["GET"]}}],"collection":[{"href":"https:\/\/electrovideo.eu\/en\/wp-json\/wp\/v2\/product"}],"about":[{"href":"https:\/\/electrovideo.eu\/en\/wp-json\/wp\/v2\/types\/product"}],"replies":[{"embeddable":true,"href":"https:\/\/electrovideo.eu\/en\/wp-json\/wp\/v2\/comments?post=223393"}],"version-history":[{"count":0,"href":"https:\/\/electrovideo.eu\/en\/wp-json\/wp\/v2\/product\/223393\/revisions"}],"wp:featuredmedia":[{"embeddable":true,"href":"https:\/\/electrovideo.eu\/en\/wp-json\/wp\/v2\/media\/223395"}],"wp:attachment":[{"href":"https:\/\/electrovideo.eu\/en\/wp-json\/wp\/v2\/media?parent=223393"}],"wp:term":[{"taxonomy":"brand","embeddable":true,"href":"https:\/\/electrovideo.eu\/en\/wp-json\/wp\/v2\/etheme_brands?post=223393"},{"taxonomy":"product_brand","embeddable":true,"href":"https:\/\/electrovideo.eu\/en\/wp-json\/wp\/v2\/product_brand?post=223393"},{"taxonomy":"product_cat","embeddable":true,"href":"https:\/\/electrovideo.eu\/en\/wp-json\/wp\/v2\/product_cat?post=223393"},{"taxonomy":"product_tag","embeddable":true,"href":"https:\/\/electrovideo.eu\/en\/wp-json\/wp\/v2\/product_tag?post=223393"}],"curies":[{"name":"wp","href":"https:\/\/api.w.org\/{rel}","templated":true}]}}