{"id":223373,"date":"2025-11-25T03:32:59","date_gmt":"2025-11-25T01:32:59","guid":{"rendered":"https:\/\/electrovideo.eu\/produit\/lenovo-23-8-led-tactile-thinkcentre-tiny-in-one-24-gen-5-12nbgat1eu\/"},"modified":"2025-11-25T03:32:59","modified_gmt":"2025-11-25T01:32:59","slug":"lenovo-23-8-led-tactile-thinkcentre-tiny-in-one-24-gen-5-12nbgat1eu","status":"publish","type":"product","link":"https:\/\/electrovideo.eu\/en\/product\/lenovo-23-8-led-tactile-thinkcentre-tiny-in-one-24-gen-5-12nbgat1eu\/","title":{"rendered":"Lenovo 23.8&#8243; LED Tactile &#8211; ThinkCentre Tiny-In-One 24 Gen 5 (12NBGAT1EU)"},"content":{"rendered":"<div id=\"description\" class=\"description\">\n<div class=\"details-pdt-desc\">\n<h2 class=\"h2-master\">Le partenaire professionnel \u00e9volutif<\/h2>\n<section>\n<p>Lenovo offre avec son moniteur <strong>ThinkCentre Tiny-In-One 24 Gen 5<\/strong> une solution performante et \u00e9volutive pour l&#8217;ensemble de vos besoins professionnels. Derri\u00e8re une dalle IPS tactile&nbsp;Full HD de 23.8&nbsp;pouces, vous disposez d&#8217;un emplacement pour ajouter un mini PC ThinkCentre ou Client L\u00e9ger et&nbsp;cr\u00e9er ainsi un syst\u00e8me tout-en-un efficace. En outre, retrouvez une webcam Full HD avec double microphone et haut-parleurs int\u00e9gr\u00e9s.<br \/>&nbsp;<\/p>\n<\/section>\n<section>\n<div class=\"desc-image\"><span><img decoding=\"async\" alt=\"\" loading=\"lazy\" src=\"https:\/\/electrovideo.eu\/wp-content\/uploads\/2025\/11\/802-47.jpg\"><\/span><\/div>\n<div class=\"desc-text\">\n<h2>Polyvalence et \u00e9volutivit\u00e9<\/h2>\n<p>Ins\u00e9rez un ThinkCentre Tiny ou Nano ou encore une ThinkStation Tiny, et votre ThinkCentre Tiny-In-One 24 Gen 5 se transforme instantan\u00e9ment en <strong>tout-en-un d\u2019une grande compacit\u00e9<\/strong>. Pourtant, contrairement aux autres tout-en-un, quand vos besoins \u00e9voluent, vous pouvez actualiser soit le moniteur, soit le PC, au lieu de devoir changer tout le syst\u00e8me !<\/p>\n<\/div>\n<\/section>\n<section>\n<div class=\"desc-text\">\n<h2>Webcam int\u00e9gr\u00e9e<\/h2>\n<p>Gr\u00e2ce \u00e0 la cam\u00e9ra Full HD rotative avec microphones et les haut-parleurs, les visioconf\u00e9rences sont faciles et d\u2019une limpidit\u00e9 cristalline. De plus, le Tiny-in-One 24 Gen 5 dispose du&nbsp;syst\u00e8me&nbsp; et son cache de confidentialit\u00e9 vous permettent de vraiment contr\u00f4ler quand la cam\u00e9ra est active.<\/p>\n<p><strong>Test\u00e9 et certifi\u00e9 par T\u00dcV Rheinland<\/strong> pour m\u00e9nager vos yeux, ce mod\u00e8le&nbsp;est&nbsp;dot\u00e9 d\u2019un filtre anti-reflets, d&#8217;une technologie anti-scintillement et d&#8217;une r\u00e9duction de la lumi\u00e8re bleue. Enfin, son <strong>design ergonomique<\/strong> permet d&#8217;ajuster facilement la hauteur, l&#8217;inclinaison ou encore la rotation pour trouver la position optimale !<\/p>\n<\/div>\n<div class=\"desc-image\"><span><img decoding=\"async\" alt=\"\" loading=\"lazy\" src=\"https:\/\/electrovideo.eu\/wp-content\/uploads\/2025\/11\/801-43.jpg\"><\/span><\/div>\n<\/section>\n<section class=\"list\">\n<h2>Caract\u00e9ristiques principales :<\/h2>\n<ul>\n<li>Moniteur de 23.8&nbsp;pouces avec r\u00e9solution <strong>Full HD<\/strong> (1920 x 1080)<\/li>\n<li><strong>Dalle IPS<\/strong>&nbsp;: couleurs lumineuses avec des angles de vision larges (178\u00b0)<\/li>\n<li><strong>Fonction tactile<\/strong> : 10 points multi-touch<\/li>\n<li>Temps de r\u00e9ponse de 6 ms (Extr\u00eame mode : 4 ms)<\/li>\n<li><strong>Webcam Full HD<\/strong><\/li>\n<li>Connecteurs DisplayPort + HDMI<\/li>\n<li><strong>Pied ergonomique<\/strong> avec r\u00e9glage en hauteur et fonction pivot sur 90\u00b0<\/li>\n<li>Switch KVM<\/li>\n<li><strong>Garantie constructeur 3 ans<\/strong><\/li>\n<\/ul>\n<\/section>\n<\/div><\/div>\n","protected":false},"excerpt":{"rendered":"<p>Ecran PC Full HD 1080p &#8211; 1920 x 1080 pixels &#8211; 6 ms &#8211; Format 16\/9 &#8211; Dalle IPS tactile &#8211; DisplayPort\/HDMI &#8211; Webcam Full HD &#8211; Pivot &#8211; Noir<\/p>\n","protected":false},"featured_media":223375,"comment_status":"open","ping_status":"closed","template":"","meta":{"_monsterinsights_skip_tracking":false,"_monsterinsights_sitenote_active":false,"_monsterinsights_sitenote_note":"","_monsterinsights_sitenote_category":0},"etheme_brands":[{"term_id":4412,"name":"Lenovo","slug":"lenovo-en","term_group":0,"term_taxonomy_id":4412,"taxonomy":"brand","description":"","parent":0,"count":29,"filter":"raw"}],"product_brand":[],"product_cat":[3302],"product_tag":[],"class_list":{"0":"post-223373","1":"product","2":"type-product","3":"status-publish","4":"has-post-thumbnail","6":"brand-lenovo-en","7":"product_cat-pc-monitors-screens","9":"first","10":"instock","11":"taxable","12":"shipping-taxable","13":"purchasable","14":"product-type-simple"},"_links":{"self":[{"href":"https:\/\/electrovideo.eu\/en\/wp-json\/wp\/v2\/product\/223373","targetHints":{"allow":["GET"]}}],"collection":[{"href":"https:\/\/electrovideo.eu\/en\/wp-json\/wp\/v2\/product"}],"about":[{"href":"https:\/\/electrovideo.eu\/en\/wp-json\/wp\/v2\/types\/product"}],"replies":[{"embeddable":true,"href":"https:\/\/electrovideo.eu\/en\/wp-json\/wp\/v2\/comments?post=223373"}],"version-history":[{"count":0,"href":"https:\/\/electrovideo.eu\/en\/wp-json\/wp\/v2\/product\/223373\/revisions"}],"wp:featuredmedia":[{"embeddable":true,"href":"https:\/\/electrovideo.eu\/en\/wp-json\/wp\/v2\/media\/223375"}],"wp:attachment":[{"href":"https:\/\/electrovideo.eu\/en\/wp-json\/wp\/v2\/media?parent=223373"}],"wp:term":[{"taxonomy":"brand","embeddable":true,"href":"https:\/\/electrovideo.eu\/en\/wp-json\/wp\/v2\/etheme_brands?post=223373"},{"taxonomy":"product_brand","embeddable":true,"href":"https:\/\/electrovideo.eu\/en\/wp-json\/wp\/v2\/product_brand?post=223373"},{"taxonomy":"product_cat","embeddable":true,"href":"https:\/\/electrovideo.eu\/en\/wp-json\/wp\/v2\/product_cat?post=223373"},{"taxonomy":"product_tag","embeddable":true,"href":"https:\/\/electrovideo.eu\/en\/wp-json\/wp\/v2\/product_tag?post=223373"}],"curies":[{"name":"wp","href":"https:\/\/api.w.org\/{rel}","templated":true}]}}