{"id":223356,"date":"2025-11-25T03:34:26","date_gmt":"2025-11-25T01:34:26","guid":{"rendered":"https:\/\/electrovideo.eu\/produit\/lg-31-5-led-tactile-smart-monitor-swing-32u889sa-w\/"},"modified":"2025-11-25T03:34:26","modified_gmt":"2025-11-25T01:34:26","slug":"lg-31-5-led-tactile-smart-monitor-swing-32u889sa-w","status":"publish","type":"product","link":"https:\/\/electrovideo.eu\/en\/product\/lg-31-5-led-tactile-smart-monitor-swing-32u889sa-w\/","title":{"rendered":"LG 31.5&#8243; LED Tactile &#8211; Smart Monitor Swing 32U889SA-W"},"content":{"rendered":"<div id=\"description\" class=\"description\">\n<div class=\"details-pdt-desc\">\n<h2 class=\"h2-master\">Moniteur Smart 4K avec support mobile et flexible<\/h2>\n<section>\n<p>Faites l&#8217;exp\u00e9rience d\u2019une parfaite flexibilit\u00e9 avec cet <strong>\u00e9cran LG Smart Monitor Swing<\/strong> dot\u00e9 d&#8217;un grand \u00e9cran tactile et d&#8217;un support \u00e0 roulettes, pour un ajustement id\u00e9al dans diff\u00e9rents angles et positions. Profitez d\u2019un contr\u00f4le fluide de l&#8217;\u00e9cran tactile et d&#8217;une qualit\u00e9 d&#8217;image 4K \u00e9poustouflante pour le travail et les loisirs.<br \/>&nbsp;<\/p>\n<\/section>\n<section>\n<div class=\"desc-image\"><span><img decoding=\"async\" alt=\"\" loading=\"lazy\" src=\"https:\/\/electrovideo.eu\/wp-content\/uploads\/2025\/11\/801-46.jpg\"><\/span><\/div>\n<div class=\"desc-text\">\n<h2>Haute qualit\u00e9 d&#8217;image<\/h2>\n<p>Profitez de couleurs et de d\u00e9tails \u00e9clatants avec cet \u00e9cran IPS 4K UHD 31,5 pouces. L\u2019\u00e9cran tactile intuitif offre un contr\u00f4le sans effort, avec un acc\u00e8s rapide aux r\u00e9glages. Profitez d\u2019images nettes et de couleurs pr\u00e9cises gr\u00e2ce \u00e0 une large gamme de couleurs DCI-P3 \u00e0 95 % et une luminosit\u00e9 de 350 nits. Profitez d\u2019une clart\u00e9 \u00e9poustouflante et d\u2019images r\u00e9alistes donnant vie \u00e0 votre contenu.<\/p>\n<\/div>\n<\/section>\n<section>\n<div class=\"desc-text\">\n<h2>Parfaite flexibilit\u00e9<\/h2>\n<p>Ce moniteur intelligent LG est dot\u00e9 d\u2019un support flexible avec une charni\u00e8re \u00e0 ressort de torsion, qui permet de r\u00e9gler l&#8217;inclinaison, le pivotement, la hauteur et le mode Portrait pour une personnalisation de l&#8217;angle sans effort. La base carr\u00e9e \u00e9paisse garantit la stabilit\u00e9, tandis que le ton gris-blanc \u00e9l\u00e9gant se fond parfaitement dans n&#8217;importe quelle maison ou lieu de travail.<\/p>\n<p>Gr\u00e2ce \u00e0 ses roulettes robustes, d\u00e9placez-le facilement o\u00f9 vous le voulez, tout en profitant d\u2019une mobilit\u00e9 fluide et stable. En outre, l\u2019adaptateur cach\u00e9 maintient les c\u00e2bles soigneusement dissimul\u00e9s, pour un look impeccable et organis\u00e9.<\/p>\n<p>Trois ports USB-C permettent un excellent affichage, le transfert de donn\u00e9es et le chargement du p\u00e9riph\u00e9rique connect\u00e9 (jusqu\u2019\u00e0 65 W), permettant ainsi de tout faire avec votre ordinateur portable, tout \u00e7a avec un seul c\u00e2ble.<\/p>\n<\/div>\n<div class=\"desc-image\"><span><img decoding=\"async\" alt=\"\" loading=\"lazy\" src=\"https:\/\/electrovideo.eu\/wp-content\/uploads\/2025\/11\/802-50.jpg\"><\/span><\/div>\n<\/section>\n<section>\n<div class=\"desc-image\"><span><img decoding=\"async\" alt=\"\" loading=\"lazy\" src=\"https:\/\/electrovideo.eu\/wp-content\/uploads\/2025\/11\/803-21.jpg\"><\/span><\/div>\n<div class=\"desc-text\">\n<h2>Smart Monitor avec WebOS<\/h2>\n<p>Adaptez-vous \u00e0 n\u2019importe quelle t\u00e2che ou environnement gr\u00e2ce \u00e0 de nombreuses possibilit\u00e9s. Aliment\u00e9 par webOS, vous pouvez g\u00e9rer les t\u00e2ches du bureau \u00e0 domicile sans PC et profiter d\u2019une multitude de contenus, en \u00e9quilibrant parfaitement le travail et le divertissement. webOS vous permet d\u2019acc\u00e9der \u00e0 distance \u00e0 votre PC et votre Cloud PC via un PC \u00e0 distance. Cette fonctionnalit\u00e9 vous permet d\u2019utiliser divers services de t\u00e9l\u00e9travail, comme la visioconf\u00e9rence et les applications bas\u00e9es sur le cloud, le tout sans PC.<\/p>\n<p>Partagez facilement le contenu de votre appareil intelligent sur votre moniteur avec AirPlay 2 (pour les appareils Apple) ou Partage d&#8217;\u00e9cran (pour les appareils Android). Connectez-vous instantan\u00e9ment et profitez d\u2019une exp\u00e9rience visuelle et audio harmonieuse sur un \u00e9cran plus grand en quelques clics.<\/p>\n<\/div>\n<\/section>\n<\/div><\/div>\n","protected":false},"excerpt":{"rendered":"<p>Ecran PC 4K &#8211; 3840 x 2160 pixels &#8211; 5 ms (gris \u00e0 gris) &#8211; 16\/9 &#8211; Dalle IPS Tactile &#8211; HDR10 &#8211; HDMI\/USB-C &#8211; Pivot &#8211; webOS &#8211; Blanc<\/p>\n","protected":false},"featured_media":223358,"comment_status":"open","ping_status":"closed","template":"","meta":{"_monsterinsights_skip_tracking":false,"_monsterinsights_sitenote_active":false,"_monsterinsights_sitenote_note":"","_monsterinsights_sitenote_category":0},"etheme_brands":[{"term_id":3723,"name":"LG","slug":"lg","term_group":0,"term_taxonomy_id":3723,"taxonomy":"brand","description":"","parent":0,"count":17,"filter":"raw"}],"product_brand":[],"product_cat":[3302],"product_tag":[],"class_list":{"0":"post-223356","1":"product","2":"type-product","3":"status-publish","4":"has-post-thumbnail","6":"brand-lg","7":"product_cat-pc-monitors-screens","9":"first","10":"instock","11":"taxable","12":"shipping-taxable","13":"purchasable","14":"product-type-simple"},"_links":{"self":[{"href":"https:\/\/electrovideo.eu\/en\/wp-json\/wp\/v2\/product\/223356","targetHints":{"allow":["GET"]}}],"collection":[{"href":"https:\/\/electrovideo.eu\/en\/wp-json\/wp\/v2\/product"}],"about":[{"href":"https:\/\/electrovideo.eu\/en\/wp-json\/wp\/v2\/types\/product"}],"replies":[{"embeddable":true,"href":"https:\/\/electrovideo.eu\/en\/wp-json\/wp\/v2\/comments?post=223356"}],"version-history":[{"count":0,"href":"https:\/\/electrovideo.eu\/en\/wp-json\/wp\/v2\/product\/223356\/revisions"}],"wp:featuredmedia":[{"embeddable":true,"href":"https:\/\/electrovideo.eu\/en\/wp-json\/wp\/v2\/media\/223358"}],"wp:attachment":[{"href":"https:\/\/electrovideo.eu\/en\/wp-json\/wp\/v2\/media?parent=223356"}],"wp:term":[{"taxonomy":"brand","embeddable":true,"href":"https:\/\/electrovideo.eu\/en\/wp-json\/wp\/v2\/etheme_brands?post=223356"},{"taxonomy":"product_brand","embeddable":true,"href":"https:\/\/electrovideo.eu\/en\/wp-json\/wp\/v2\/product_brand?post=223356"},{"taxonomy":"product_cat","embeddable":true,"href":"https:\/\/electrovideo.eu\/en\/wp-json\/wp\/v2\/product_cat?post=223356"},{"taxonomy":"product_tag","embeddable":true,"href":"https:\/\/electrovideo.eu\/en\/wp-json\/wp\/v2\/product_tag?post=223356"}],"curies":[{"name":"wp","href":"https:\/\/api.w.org\/{rel}","templated":true}]}}