{"id":223348,"date":"2025-11-25T03:35:51","date_gmt":"2025-11-25T01:35:51","guid":{"rendered":"https:\/\/electrovideo.eu\/produit\/samsung-34-led-viewfinity-s6-s34c652uau\/"},"modified":"2026-04-15T04:55:14","modified_gmt":"2026-04-15T02:55:14","slug":"samsung-34-led-viewfinity-s6-s34c652uau","status":"publish","type":"product","link":"https:\/\/electrovideo.eu\/en\/product\/samsung-34-led-viewfinity-s6-s34c652uau\/","title":{"rendered":"Samsung 34&#8243; LED &#8211; ViewFinity S6 S34C652UAU"},"content":{"rendered":"<div id=\"description\" class=\"description\">\n<div class=\"details-pdt-desc\">\n<h2 class=\"h2-master\">Le confort en format large<\/h2>\n<section>\n<p>Qu&#8217;il s&#8217;agisse de projets professionnels ou de divertissement num\u00e9rique, le <strong>moniteur Samsung ViewFinity S6 S34C652UAU<\/strong> offre une image superbe et immersive gr\u00e2ce \u00e0 son \u00e9cran incurv\u00e9 au format 21\/9. La courbure \u00e9pouse parfaitement le champ de vision humain, ce qui permet de maximiser la surface d&#8217;affichage et d&#8217;atteindre de nouveaux niveaux de productivit\u00e9 avec moins de fatigue oculaire.<br \/>&nbsp;<\/p>\n<\/section>\n<section>\n<div class=\"desc-image\"><span><img decoding=\"async\" alt=\"\" loading=\"lazy\" src=\"https:\/\/electrovideo.eu\/wp-content\/uploads\/2025\/11\/801-52.jpg\"><\/span><\/div>\n<div class=\"desc-text\">\n<h2>Confort sup\u00e9rieur avec un \u00e9cran incurv\u00e9 21\/9<\/h2>\n<p>Avec une courbure de 1000R, un \u00e9cran ultra-large au format 21\/9 avec une dalle VA de 34 pouces, le Samsung ViewFinity S6 S34C652UAU offre un haut niveau de confort pour le travail comme pour le divertissement. Avec une fr\u00e9quence de 100 Hz, l&#8217;image sera \u00e9galement particuli\u00e8rement fluide.<\/p>\n<\/div>\n<\/section>\n<section>\n<div class=\"desc-text\">\n<h2>1 milliard de couleurs avec la technologie HDR10<\/h2>\n<p>Profitez d&#8217;un spectre de couleurs plus large qui vous garantit une pr\u00e9cision et un niveau de d\u00e9tail \u00e9poustouflants. La technologie HDR10 offre des teintes quasi illimit\u00e9es et un rendu des couleurs r\u00e9aliste, avec des couleurs sombres plus sombres et des couleurs claires encore plus \u00e9clatantes. Chaque contenu devient un plaisir \u00e0 regarder et appara\u00eet tel que son cr\u00e9ateur l&#8217;avait imagin\u00e9.<\/p>\n<\/div>\n<div class=\"desc-image\"><span><img decoding=\"async\" alt=\"\" loading=\"lazy\" src=\"https:\/\/electrovideo.eu\/wp-content\/uploads\/2025\/11\/802-56.jpg\"><\/span><\/div>\n<\/section>\n<section>\n<div class=\"desc-image\"><span><img decoding=\"async\" alt=\"\" loading=\"lazy\" src=\"https:\/\/electrovideo.eu\/wp-content\/uploads\/2025\/11\/803-23.jpg\"><\/span><\/div>\n<div class=\"desc-text\">\n<h2>Poste de travail optimis\u00e9<\/h2>\n<p>Pour vous assurer un environnement pratique et performant, ce mod\u00e8le sign\u00e9 Samsung se pare d&#8217;une connectique compl\u00e8te. Le <strong>port USB-C int\u00e9gr\u00e9<\/strong> prend en charge l&#8217;alimentation jusqu&#8217;\u00e0 90 watts et peut accueillir votre PC pour une installation simple et \u00e9pur\u00e9e. En outre, vous disposerez de 1 connecteur HDMI, 2 connecteurs&nbsp;DisplayPort (entr\u00e9e\/sortie), 1 port Ethernet et 3 ports USB.<\/p>\n<p>Gr\u00e2ce au commutateur KVM int\u00e9gr\u00e9, deux sources diff\u00e9rentes pourront \u00eatre connect\u00e9es au moniteur \u00e0 l&#8217;aide d&#8217;un seul clavier et d&#8217;une seule souris. Il sera alors possible de basculer facilement d&#8217;une source \u00e0 une autre \u00e0 l&#8217;aide d&#8217;un bouton.<\/p>\n<\/div>\n<\/section>\n<section class=\"list\">\n<h2>Caract\u00e9ristiques principales :<\/h2>\n<ul>\n<li>\u00c9cran large de 34 pouces au format 21\/9 avec r\u00e9solution de 3440 x 1440 pixels<\/li>\n<li>\u00c9cran incurv\u00e9 avec courbure de 1000R<\/li>\n<li>Dalle VA : couleurs r\u00e9alistes et larges angles de vision (178\/178 degr\u00e9s)<\/li>\n<li>Palette de 1 milliard de couleurs avec HDR10<\/li>\n<li>Temps de r\u00e9ponse : 5&nbsp;ms (gris \u00e0 gris)<\/li>\n<li>Taux de rafra\u00eechissement maximal de 100 Hz<\/li>\n<li>Une image fluide avec la technologie AMD FreeSync<\/li>\n<li>Pied avec hauteur r\u00e9glable (sur 120 mm)<\/li>\n<li>Connecteurs : HDMI 2.0 +&nbsp;DisplayPort 1.2 + USB-C (alimentation jusqu&#8217;\u00e0 90W)<\/li>\n<li>Possibilit\u00e9 de fixation murale (VESA 100 x 100)<\/li>\n<\/ul>\n<\/section>\n<\/div><\/div>\n","protected":false},"excerpt":{"rendered":"<p>Ecran PC UltraWide WQHD &#8211; 3440 x 1440 pixels &#8211; 5 ms (gris \u00e0 gris) &#8211; Format 21\/9 &#8211; Dalle VA incurv\u00e9e &#8211; HDR10 &#8211; 100 Hz &#8211; FreeSync &#8211; HDMI\/DisplayPort\/USB-C &#8211; Hub USB &#8211; R\u00e9glage en hauteur &#8211; Noir<\/p>\n","protected":false},"featured_media":223349,"comment_status":"open","ping_status":"closed","template":"","meta":{"_monsterinsights_skip_tracking":false,"_monsterinsights_sitenote_active":false,"_monsterinsights_sitenote_note":"","_monsterinsights_sitenote_category":0},"etheme_brands":[{"term_id":372,"name":"Samsung","slug":"samsung","term_group":0,"term_taxonomy_id":372,"taxonomy":"brand","description":"","parent":0,"count":86,"filter":"raw"}],"product_brand":[],"product_cat":[3302],"product_tag":[],"class_list":{"0":"post-223348","1":"product","2":"type-product","3":"status-publish","4":"has-post-thumbnail","6":"brand-samsung","7":"product_cat-pc-monitors-screens","9":"first","10":"instock","11":"taxable","12":"shipping-taxable","13":"purchasable","14":"product-type-simple"},"_links":{"self":[{"href":"https:\/\/electrovideo.eu\/en\/wp-json\/wp\/v2\/product\/223348","targetHints":{"allow":["GET"]}}],"collection":[{"href":"https:\/\/electrovideo.eu\/en\/wp-json\/wp\/v2\/product"}],"about":[{"href":"https:\/\/electrovideo.eu\/en\/wp-json\/wp\/v2\/types\/product"}],"replies":[{"embeddable":true,"href":"https:\/\/electrovideo.eu\/en\/wp-json\/wp\/v2\/comments?post=223348"}],"version-history":[{"count":0,"href":"https:\/\/electrovideo.eu\/en\/wp-json\/wp\/v2\/product\/223348\/revisions"}],"wp:featuredmedia":[{"embeddable":true,"href":"https:\/\/electrovideo.eu\/en\/wp-json\/wp\/v2\/media\/223349"}],"wp:attachment":[{"href":"https:\/\/electrovideo.eu\/en\/wp-json\/wp\/v2\/media?parent=223348"}],"wp:term":[{"taxonomy":"brand","embeddable":true,"href":"https:\/\/electrovideo.eu\/en\/wp-json\/wp\/v2\/etheme_brands?post=223348"},{"taxonomy":"product_brand","embeddable":true,"href":"https:\/\/electrovideo.eu\/en\/wp-json\/wp\/v2\/product_brand?post=223348"},{"taxonomy":"product_cat","embeddable":true,"href":"https:\/\/electrovideo.eu\/en\/wp-json\/wp\/v2\/product_cat?post=223348"},{"taxonomy":"product_tag","embeddable":true,"href":"https:\/\/electrovideo.eu\/en\/wp-json\/wp\/v2\/product_tag?post=223348"}],"curies":[{"name":"wp","href":"https:\/\/api.w.org\/{rel}","templated":true}]}}