{"id":223342,"date":"2025-11-25T03:35:51","date_gmt":"2025-11-25T01:35:51","guid":{"rendered":"https:\/\/electrovideo.eu\/produit\/samsung-31-5-led-odyssey-g6-s32bg650eu\/"},"modified":"2026-04-15T04:54:58","modified_gmt":"2026-04-15T02:54:58","slug":"samsung-31-5-led-odyssey-g6-s32bg650eu","status":"publish","type":"product","link":"https:\/\/electrovideo.eu\/en\/product\/samsung-31-5-led-odyssey-g6-s32bg650eu\/","title":{"rendered":"Samsung 31.5&#8243; LED &#8211; Odyssey G6 S32BG650EU"},"content":{"rendered":"<div id=\"description\" class=\"description\">\n<div class=\"details-pdt-desc\">\n<h2 class=\"h2-master\">Visez la plus haute marche !<\/h2>\n<section>\n<p>Cr\u00e9ez un environnement de jeu r\u00eav\u00e9 avec l&#8217;<strong>\u00e9cran 2.5K Samsung Odyssey G6 S32BG650<\/strong>. Sur une dalle VA incurv\u00e9e de 31.5&nbsp;pouces, ce mod\u00e8le offre un rendu visuel optimal tout en proposant des arguments gaming \u00e9lev\u00e9s (240 Hz, 1 ms, FreeSync Premium Pro). Vous profiterez \u00e9galement d&#8217;un design ergonomique, d&#8217;un mode Smart TV et d&#8217;une connectique compl\u00e8te adapt\u00e9e \u00e0 vos besoins.<\/p>\n<\/section>\n<section>\n<div class=\"desc-image\"><span><img decoding=\"async\" alt=\"\" loading=\"lazy\" src=\"https:\/\/electrovideo.eu\/wp-content\/uploads\/2025\/11\/qhd.jpg\"><\/span><\/div>\n<div class=\"desc-text\">\n<h2>Ecran VA 2.5K 31.5 pouces<\/h2>\n<p>Avec sa grande surface d&#8217;affichage de&nbsp;<strong>31.5 pouces<\/strong>&nbsp;et sa belle&nbsp;<strong>r\u00e9solution QHD<\/strong>, l&#8217;\u00e9cran Samsung Odyssey G6 BG650EU transformera vos habituelles sessions de jeu. B\u00e9n\u00e9ficiez de couleurs pr\u00e9cises&nbsp;<strong>(DCI-P3 95%)&nbsp;<\/strong>et d&#8217;un large angle de vision gr\u00e2ce \u00e0 la&nbsp;<strong>dalle Va incurv\u00e9e 1000R<\/strong>. De plus, ce mod\u00e8le est&nbsp;<strong>certifi\u00e9 VESA DisplayHDR 600<\/strong>&nbsp;pour retrouver une intensit\u00e9 lumineuse et des contrastes saisissants \u00e0 chaque utilisation ! En outre, le moniteur S32BG650EU int\u00e8gre une&nbsp;<strong>fonction Smart TV<\/strong>&nbsp;avec Tizen, sa connectivit\u00e9 Wi-Fi et le mode TV Plus.<\/div>\n<\/section>\n<section>\n<div class=\"desc-text\">\n<h2>Visez la victoire !<\/h2>\n<p>Avec ses&nbsp;<strong>2 connecteurs HDMI 2.1<\/strong>, le moniteur Odyssey G6&nbsp;BG650EU&nbsp;offre aux gamers des conditions optimales. Affrontez vos adversaires en toute s\u00e9r\u00e9nit\u00e9 avec un&nbsp;<strong>temps de r\u00e9ponse ultra-rapide de 1 ms<\/strong>&nbsp;et&nbsp;une&nbsp;<strong>fr\u00e9quence de rafra\u00eechissement maximale de 240 Hz<\/strong>. En outre, cet \u00e9cran gaming int\u00e8gre&nbsp;<strong>AMD FreeSync Premium Pro<\/strong>&nbsp;pour des sessions fluides sans d\u00e9chirures d&#8217;image.<\/p>\n<\/div>\n<div class=\"desc-image\"><span><img decoding=\"async\" alt=\"\" loading=\"lazy\" src=\"https:\/\/electrovideo.eu\/wp-content\/uploads\/2025\/11\/240hz.jpg\"><\/span><\/div>\n<\/section>\n<section>\n<div class=\"desc-image\"><span><img decoding=\"async\" alt=\"\" loading=\"lazy\" src=\"https:\/\/electrovideo.eu\/wp-content\/uploads\/2025\/11\/CoreSync.jpg\"><\/span><\/div>\n<div class=\"desc-text\">\n<h2>Des conditions optimales<\/h2>\n<p><strong>Ajustez facilement la position de votre \u00e9cran<\/strong>&nbsp;en r\u00e9glant la hauteur, l&#8217;inclinaison, la rotation ou encore le mode portrait\/paysage. Le design futuriste du moniteur Samsung Odyssey G6 32BG650EU ne laissera personne indiff\u00e9rent. Il dispose d&#8217;un cadre et de bords fins pour servir parfaitement l&#8217;immersion visuelle.<\/p>\n<p>C\u00f4t\u00e9 confort, vos yeux seront pr\u00e9serv\u00e9s gr\u00e2ce \u00e0 la&nbsp;<strong>technologie FlickerFree<\/strong>&nbsp;(anti-scintillement) et au&nbsp;<strong>mode Eye Saver<\/strong>&nbsp;(r\u00e9duction lumi\u00e8re bleue).&nbsp;L&#8217;<strong>\u00e9clairage RGB<\/strong>&nbsp;de l&#8217;anneau (au dos) et des 2 bandeaux LED (sous l&#8217;\u00e9cran) propose une immersion imm\u00e9diate dans vos parties et gr\u00e2ce \u00e0 la&nbsp;<strong>technologie CoreSync<\/strong>, la lumi\u00e8re se&nbsp;synchronise avec le contenu affich\u00e9 \u00e0 l&#8217;\u00e9cran !<\/div>\n<\/section>\n<section class=\"list\">\n<h2>Caract\u00e9ristiques principales :<\/h2>\n<ul>\n<li><strong>Moniteur LED de 31.5&nbsp;pouces<\/strong>&nbsp;avec r\u00e9solution <strong>QHD (2560 x 1440)<\/strong><\/li>\n<li><strong>Dalle VA incurv\u00e9e 1000R<\/strong>&nbsp;: immersion sup\u00e9rieure<\/li>\n<li>Couverture colorim\u00e9trique DCI-P3 95%<\/li>\n<li>Certification&nbsp;<strong>VESA DisplayHDR 600<\/strong><\/li>\n<li><strong>AMD FreeSync Premium Pro<\/strong><\/li>\n<li>Affichage fluide avec un temps de r\u00e9ponse de&nbsp;<strong>1 ms (gris \u00e0 gris)<\/strong><\/li>\n<li><strong>Taux de rafra\u00eechissement maximal 240 Hz<\/strong><\/li>\n<li>Gaming Hub Samsung<\/li>\n<li>Connecteurs :&nbsp;<strong>2x HDMI 2.1<\/strong>&nbsp;+ 1x DisplayPort 1.4 + 2x USB 3.0<\/li>\n<li>Position ajustable en hauteur (120 mm), inclinaison, rotation et pivot<\/li>\n<li><strong>R\u00e9seau<\/strong>&nbsp;: Wi-Fi AC, Bluetooth 5.2<\/li>\n<li><strong>Smart TV Tizen<\/strong>, TV Plus, compatible SmartThings, Tap View, Mirroring<\/li>\n<li>Meilleur confort oculaire avec le mode&nbsp;Eye Saver&nbsp;et la technologie&nbsp;Flicker Free<\/li>\n<li>Eclairage RGB avec synchronisation sur le contenu affich\u00e9 via CoreSync<\/li>\n<\/ul>\n<\/section>\n<\/div><\/div>\n","protected":false},"excerpt":{"rendered":"<p>Ecran gaming 2.5K &#8211; 1 ms (gris \u00e0 gris) &#8211; 16\/9 &#8211; Dalle VA incurv\u00e9e &#8211; HDR600 &#8211; 240 Hz &#8211; FreeSync Premium Pro &#8211; DP\/HDMI 2.1 &#8211; Wi-Fi\/Bluetooth &#8211; Pivot &#8211; RGB &#8211; Noir<\/p>\n","protected":false},"featured_media":223344,"comment_status":"open","ping_status":"closed","template":"","meta":{"_monsterinsights_skip_tracking":false,"_monsterinsights_sitenote_active":false,"_monsterinsights_sitenote_note":"","_monsterinsights_sitenote_category":0},"etheme_brands":[{"term_id":372,"name":"Samsung","slug":"samsung","term_group":0,"term_taxonomy_id":372,"taxonomy":"brand","description":"","parent":0,"count":86,"filter":"raw"}],"product_brand":[],"product_cat":[3302],"product_tag":[],"class_list":{"0":"post-223342","1":"product","2":"type-product","3":"status-publish","4":"has-post-thumbnail","6":"brand-samsung","7":"product_cat-pc-monitors-screens","9":"first","10":"instock","11":"taxable","12":"shipping-taxable","13":"purchasable","14":"product-type-simple"},"_links":{"self":[{"href":"https:\/\/electrovideo.eu\/en\/wp-json\/wp\/v2\/product\/223342","targetHints":{"allow":["GET"]}}],"collection":[{"href":"https:\/\/electrovideo.eu\/en\/wp-json\/wp\/v2\/product"}],"about":[{"href":"https:\/\/electrovideo.eu\/en\/wp-json\/wp\/v2\/types\/product"}],"replies":[{"embeddable":true,"href":"https:\/\/electrovideo.eu\/en\/wp-json\/wp\/v2\/comments?post=223342"}],"version-history":[{"count":0,"href":"https:\/\/electrovideo.eu\/en\/wp-json\/wp\/v2\/product\/223342\/revisions"}],"wp:featuredmedia":[{"embeddable":true,"href":"https:\/\/electrovideo.eu\/en\/wp-json\/wp\/v2\/media\/223344"}],"wp:attachment":[{"href":"https:\/\/electrovideo.eu\/en\/wp-json\/wp\/v2\/media?parent=223342"}],"wp:term":[{"taxonomy":"brand","embeddable":true,"href":"https:\/\/electrovideo.eu\/en\/wp-json\/wp\/v2\/etheme_brands?post=223342"},{"taxonomy":"product_brand","embeddable":true,"href":"https:\/\/electrovideo.eu\/en\/wp-json\/wp\/v2\/product_brand?post=223342"},{"taxonomy":"product_cat","embeddable":true,"href":"https:\/\/electrovideo.eu\/en\/wp-json\/wp\/v2\/product_cat?post=223342"},{"taxonomy":"product_tag","embeddable":true,"href":"https:\/\/electrovideo.eu\/en\/wp-json\/wp\/v2\/product_tag?post=223342"}],"curies":[{"name":"wp","href":"https:\/\/api.w.org\/{rel}","templated":true}]}}