{"id":223331,"date":"2025-11-25T03:37:16","date_gmt":"2025-11-25T01:37:16","guid":{"rendered":"https:\/\/electrovideo.eu\/produit\/samsung-49-oled-odyssey-oled-g9-g91sd-s49dg910su\/"},"modified":"2026-04-15T04:55:51","modified_gmt":"2026-04-15T02:55:51","slug":"samsung-49-oled-odyssey-oled-g9-g91sd-s49dg910su","status":"publish","type":"product","link":"https:\/\/electrovideo.eu\/en\/product\/samsung-49-oled-odyssey-oled-g9-g91sd-s49dg910su\/","title":{"rendered":"Samsung 49&#8243; OLED &#8211; Odyssey OLED G9 G91SD S49DG910SU"},"content":{"rendered":"<div id=\"description\" class=\"description\">\n<div class=\"details-pdt-desc\">\n<h2 class=\"h2-master\">Performances de jeu au top avec un grand \u00e9cran OLED incurv\u00e9<\/h2>\n<section>\n<p>Visez la perfection avec le moniteur <strong>Samsung Odyssey OLED G9 G91SD S49DG910SU <\/strong>! Cet \u00e9cran haut de gamme multiplie les atouts, avec une dalle OLED incurv\u00e9e au format 32\/9, un temps de r\u00e9ponse ultra-rapide, le support des normes HDR10+ Gaming et VESA DisplayHDR Trueblack 400 et un pied r\u00e9glable en hauteur.<br \/>&nbsp;<\/p>\n<\/section>\n<section>\n<div class=\"desc-image\"><span><img decoding=\"async\" alt=\"\" loading=\"lazy\" src=\"https:\/\/electrovideo.eu\/wp-content\/uploads\/2025\/11\/801-53.jpg\"><\/span><\/div>\n<div class=\"desc-text\">\n<h2>Affichage de tr\u00e8s haute qualit\u00e9<\/h2>\n<p>L&#8217;\u00e9cran OLED de ce moniteur Samsung offre des blancs lumineux, des noirs profonds et un contraste de couleurs impressionnant. Chaque image affich\u00e9e sur la dalle OLED est instantan\u00e9ment analys\u00e9e et optimis\u00e9e pour atteindre une qualit\u00e9 maximale.<\/p>\n<p>Les couleurs, les nuances et le contraste s&#8217;harmonisent pour offrir une image lumineuse et brillante \u00e0 tout moment. Avec un temps de r\u00e9ponse \u00e9poustouflant de 0,03&nbsp;ms et un \u00e9cran cadenc\u00e9 \u00e0 <strong>144 Hz<\/strong>, vous allez pouvoir r\u00e9agir aux moindres mouvements de vos adversaires plus rapidement !<\/p>\n<p>Profitez d&#8217;une fluidit\u00e9 parfaite, m\u00eame au plus fort de l&#8217;action : avec son statut <strong>G-SYNC compatible<\/strong> et le support de <strong>FreeSync Premium Pro<\/strong>, m\u00eame les sc\u00e8nes de jeu rapides et complexes seront fluides et sans saccades !<\/p>\n<\/div>\n<\/section>\n<section>\n<div class=\"desc-text\">\n<h2>Une dalle incurv\u00e9e au format 32\/9<\/h2>\n<p>Cet \u00e9cran Samsung au format 32:9 englobe votre vision p\u00e9riph\u00e9rique pour vous offrir un champ de vision plus large lors de vos combats, courses et autres aventures. Gr\u00e2ce \u00e0 cette perspective plus large, vous pourrez attaquer avant m\u00eame que l&#8217;adversaire ne puisse r\u00e9agir. Gr\u00e2ce \u00e0 la dalle incurv\u00e9e (1800R), profitez \u00e9galement d&#8217;un angle de vision plus confortable, plus naturel et plus immersif !<\/p>\n<\/div>\n<div class=\"desc-image\"><span><img decoding=\"async\" alt=\"\" loading=\"lazy\" src=\"https:\/\/electrovideo.eu\/wp-content\/uploads\/2025\/11\/802-57.jpg\"><\/span><\/div>\n<\/section>\n<section class=\"list\">\n<h2>Caract\u00e9ristiques principales :<\/h2>\n<ul>\n<li><strong>Moniteur OLED de 49 pouces au format 32\/9 <\/strong>avec r\u00e9solution de 5120 x 1440 pixels<\/li>\n<li><strong>Dalle incurv\u00e9e 1800R<\/strong><\/li>\n<li>Affichage fluide avec un temps de r\u00e9ponse de 0.03&nbsp;ms et une fr\u00e9quence max. de 144 Hz<\/li>\n<li>Normes HDR : <strong>HDR10+ Gaming et VESA DisplayPort True Black 400<\/strong><\/li>\n<li>AMD FreeSync Premium Pro \/ G-SYNC Compatible<\/li>\n<li>Connecteurs : HDMI 2.1 + Micro HDMI 2.1 + DisplayPort 1.4<\/li>\n<li>Hub avec 2 ports USB Type C (pas de signal vid\u00e9o)<\/li>\n<li>Meilleur confort oculaire avec le mode&nbsp;Eye Saver&nbsp;et la technologie&nbsp;Flicker Free<\/li>\n<\/ul>\n<\/section>\n<\/div><\/div>\n","protected":false},"excerpt":{"rendered":"<p>Ecran PC 5K &#8211; 5120 x 1440 pixels &#8211; 0.03 ms (gris \u00e0 gris) &#8211; 32\/9 &#8211; Dalle OLED incurv\u00e9e &#8211; 144 Hz &#8211; DisplayHDR True Black 400 &#8211; FreeSync Premium Pro \/ G-SYNC Compatible &#8211; DisplayPort\/HDMI &#8211; Hub USB-C -Argent<\/p>\n","protected":false},"featured_media":223333,"comment_status":"open","ping_status":"closed","template":"","meta":{"_monsterinsights_skip_tracking":false,"_monsterinsights_sitenote_active":false,"_monsterinsights_sitenote_note":"","_monsterinsights_sitenote_category":0},"etheme_brands":[{"term_id":372,"name":"Samsung","slug":"samsung","term_group":0,"term_taxonomy_id":372,"taxonomy":"brand","description":"","parent":0,"count":86,"filter":"raw"}],"product_brand":[],"product_cat":[3302],"product_tag":[],"class_list":{"0":"post-223331","1":"product","2":"type-product","3":"status-publish","4":"has-post-thumbnail","6":"brand-samsung","7":"product_cat-pc-monitors-screens","9":"first","10":"instock","11":"taxable","12":"shipping-taxable","13":"purchasable","14":"product-type-simple"},"_links":{"self":[{"href":"https:\/\/electrovideo.eu\/en\/wp-json\/wp\/v2\/product\/223331","targetHints":{"allow":["GET"]}}],"collection":[{"href":"https:\/\/electrovideo.eu\/en\/wp-json\/wp\/v2\/product"}],"about":[{"href":"https:\/\/electrovideo.eu\/en\/wp-json\/wp\/v2\/types\/product"}],"replies":[{"embeddable":true,"href":"https:\/\/electrovideo.eu\/en\/wp-json\/wp\/v2\/comments?post=223331"}],"version-history":[{"count":0,"href":"https:\/\/electrovideo.eu\/en\/wp-json\/wp\/v2\/product\/223331\/revisions"}],"wp:featuredmedia":[{"embeddable":true,"href":"https:\/\/electrovideo.eu\/en\/wp-json\/wp\/v2\/media\/223333"}],"wp:attachment":[{"href":"https:\/\/electrovideo.eu\/en\/wp-json\/wp\/v2\/media?parent=223331"}],"wp:term":[{"taxonomy":"brand","embeddable":true,"href":"https:\/\/electrovideo.eu\/en\/wp-json\/wp\/v2\/etheme_brands?post=223331"},{"taxonomy":"product_brand","embeddable":true,"href":"https:\/\/electrovideo.eu\/en\/wp-json\/wp\/v2\/product_brand?post=223331"},{"taxonomy":"product_cat","embeddable":true,"href":"https:\/\/electrovideo.eu\/en\/wp-json\/wp\/v2\/product_cat?post=223331"},{"taxonomy":"product_tag","embeddable":true,"href":"https:\/\/electrovideo.eu\/en\/wp-json\/wp\/v2\/product_tag?post=223331"}],"curies":[{"name":"wp","href":"https:\/\/api.w.org\/{rel}","templated":true}]}}