{"id":223329,"date":"2025-11-25T03:37:16","date_gmt":"2025-11-25T01:37:16","guid":{"rendered":"https:\/\/electrovideo.eu\/produit\/samsung-32-led-viewfinity-s6-s32d604uau\/"},"modified":"2026-04-15T04:55:47","modified_gmt":"2026-04-15T02:55:47","slug":"samsung-32-led-viewfinity-s6-s32d604uau","status":"publish","type":"product","link":"https:\/\/electrovideo.eu\/en\/product\/samsung-32-led-viewfinity-s6-s32d604uau\/","title":{"rendered":"Samsung 32&#8243; LED &#8211; ViewFinity S6 S32D604UAU"},"content":{"rendered":"<div id=\"description\" class=\"description\">\n<div class=\"details-pdt-desc\">\n<h2 class=\"h2-master\">Confort et qualit\u00e9 d&#8217;image au quotidien<\/h2>\n<section>\n<p>Le <strong>moniteur Samsung ViewFinity S6 S32D604UAU<\/strong> apporte un coup de pouce \u00e0 votre confort et \u00e0 votre productivit\u00e9. Sa dalle IPS de 32 pouces avec r\u00e9solution 2.5K et fr\u00e9quence de 100 Hz offre un affichage pr\u00e9cis et fluide. Ses atouts ne s&#8217;arr\u00eatent pas l\u00e0, avec notamment une compatibilit\u00e9 HDR10, un switch KVM et un pied ergonomique.<br \/>&nbsp;<\/p>\n<\/section>\n<section>\n<div class=\"desc-image\"><span><img decoding=\"async\" alt=\"\" loading=\"lazy\" src=\"https:\/\/electrovideo.eu\/wp-content\/uploads\/2025\/09\/801-53.jpg\"><\/span><\/div>\n<div class=\"desc-text\">\n<h2>Qualit\u00e9 d&#8217;image sup\u00e9rieure<\/h2>\n<p>Offrant des d\u00e9tails \u00e9lev\u00e9s, la <strong>r\u00e9solution QHD (2560 x 1440)<\/strong> qui \u00e9quipe le moniteur Samsung S327D604UAU vous accompagnera id\u00e9alement dans vos projets professionnels ou personnels. La fr\u00e9quence de 100 Hz vous permettra en prime de profiter d&#8217;un affichage plus fluide. Sur une <strong>dalle IPS de 32 pouces<\/strong>, ce mod\u00e8le propose un environnement visuel confortable avec des angles de vision larges et une reproduction \u00e9tendue des couleurs. Capable d&#8217;afficher <strong>jusqu&#8217;\u00e0 1 milliard de couleurs<\/strong> et compatible HDR10, il se montrera \u00e0 la hauteur de vos attentes.<\/p>\n<\/div>\n<\/section>\n<section>\n<div class=\"desc-text\">\n<h2>Confort d&#8217;utilisation<\/h2>\n<p><strong>Certifi\u00e9 T\u00dcV Rheinland<\/strong>, l&#8217;\u00e9cran S32D604UAU prendra soin de vos yeux. La <strong>technologie intelligente Eye Care<\/strong> ajuste automatiquement la luminosit\u00e9 et les couleurs en fonction de l&#8217;ambiance de la pi\u00e8ce, tandis que les technologies Flicker Free et Eye Saver \u00e9limineront le scintillement et r\u00e9duiront les effets de la lumi\u00e8re bleue. La fatigue visuelle sera ainsi bien moins pr\u00e9sente pour vous permettre de finaliser vos travaux.<\/p>\n<p>De son c\u00f4t\u00e9, le <strong>design ergonomique<\/strong> vous assure de trouver la position la plus adapt\u00e9e. <strong>R\u00e9glez la hauteur, l&#8217;inclinaison ou encore la bascule portrait\/paysage<\/strong> et cr\u00e9ez un environnement de travail qui vous ressemble.<\/p>\n<\/div>\n<div class=\"desc-image\"><span><img decoding=\"async\" alt=\"\" loading=\"lazy\" src=\"https:\/\/electrovideo.eu\/wp-content\/uploads\/2025\/09\/802-50.jpg\"><\/span><\/div>\n<\/section>\n<section class=\"list\">\n<h2>Caract\u00e9ristiques principales :<\/h2>\n<ul>\n<li>\u00c9cran large de <strong>32 pouces<\/strong><strong> <\/strong>avec r\u00e9solution&nbsp;<strong>QHD<\/strong> (2560 x 1440 pixels)<\/li>\n<li><b>Dalle IPS<\/b>&nbsp;: couleurs r\u00e9alistes et larges angles de vision (178\/178 degr\u00e9s)<\/li>\n<li>Palette de 1 milliard de couleurs avec HDR10<\/li>\n<li>Temps de r\u00e9ponse : <strong>5&nbsp;ms (gris \u00e0 gris)<\/strong><\/li>\n<li>Taux de rafra\u00eechissement maximal de 100 Hz<\/li>\n<li><strong>Technologie Eye Care<\/strong> : ajustement automatique de la luminosit\u00e9, Flicker Free et Eye Saver<\/li>\n<li><strong>Pied ergonomique<\/strong> : inclinaison, hauteur r\u00e9glable (120 mm), rotation, pivot<\/li>\n<li><strong>Connecteurs<\/strong> : HDMI 2.0 +&nbsp;DisplayPort 1.4 + USB-C (avec puissance de 90W)<\/li>\n<li>3 ports USB 3.0 et port RJ-45<\/li>\n<li><strong>Switch KVM<\/strong><\/li>\n<li>Possibilit\u00e9 de fixation murale (VESA 100 x 100)<\/li>\n<\/ul>\n<\/section>\n<\/div><\/div>\n","protected":false},"excerpt":{"rendered":"<p>Ecran PC 2.5K &#8211; 2560 x 1440 pixels &#8211; 5 ms (gris \u00e0 gris) &#8211; Format 16\/9 &#8211; Dalle IPS &#8211; HDR10 &#8211; 100 Hz &#8211; HDMI\/DisplayPort\/USB-C &#8211; Pivot &#8211; Hub USB &#8211; Ethernet &#8211; Noir<\/p>\n","protected":false},"featured_media":223330,"comment_status":"open","ping_status":"closed","template":"","meta":{"_monsterinsights_skip_tracking":false,"_monsterinsights_sitenote_active":false,"_monsterinsights_sitenote_note":"","_monsterinsights_sitenote_category":0},"etheme_brands":[{"term_id":372,"name":"Samsung","slug":"samsung","term_group":0,"term_taxonomy_id":372,"taxonomy":"brand","description":"","parent":0,"count":86,"filter":"raw"}],"product_brand":[],"product_cat":[3302],"product_tag":[],"class_list":{"0":"post-223329","1":"product","2":"type-product","3":"status-publish","4":"has-post-thumbnail","6":"brand-samsung","7":"product_cat-pc-monitors-screens","9":"first","10":"instock","11":"taxable","12":"shipping-taxable","13":"purchasable","14":"product-type-simple"},"_links":{"self":[{"href":"https:\/\/electrovideo.eu\/en\/wp-json\/wp\/v2\/product\/223329","targetHints":{"allow":["GET"]}}],"collection":[{"href":"https:\/\/electrovideo.eu\/en\/wp-json\/wp\/v2\/product"}],"about":[{"href":"https:\/\/electrovideo.eu\/en\/wp-json\/wp\/v2\/types\/product"}],"replies":[{"embeddable":true,"href":"https:\/\/electrovideo.eu\/en\/wp-json\/wp\/v2\/comments?post=223329"}],"version-history":[{"count":0,"href":"https:\/\/electrovideo.eu\/en\/wp-json\/wp\/v2\/product\/223329\/revisions"}],"wp:featuredmedia":[{"embeddable":true,"href":"https:\/\/electrovideo.eu\/en\/wp-json\/wp\/v2\/media\/223330"}],"wp:attachment":[{"href":"https:\/\/electrovideo.eu\/en\/wp-json\/wp\/v2\/media?parent=223329"}],"wp:term":[{"taxonomy":"brand","embeddable":true,"href":"https:\/\/electrovideo.eu\/en\/wp-json\/wp\/v2\/etheme_brands?post=223329"},{"taxonomy":"product_brand","embeddable":true,"href":"https:\/\/electrovideo.eu\/en\/wp-json\/wp\/v2\/product_brand?post=223329"},{"taxonomy":"product_cat","embeddable":true,"href":"https:\/\/electrovideo.eu\/en\/wp-json\/wp\/v2\/product_cat?post=223329"},{"taxonomy":"product_tag","embeddable":true,"href":"https:\/\/electrovideo.eu\/en\/wp-json\/wp\/v2\/product_tag?post=223329"}],"curies":[{"name":"wp","href":"https:\/\/api.w.org\/{rel}","templated":true}]}}