{"id":223326,"date":"2025-11-25T03:37:16","date_gmt":"2025-11-25T01:37:16","guid":{"rendered":"https:\/\/electrovideo.eu\/produit\/samsung-49-oled-odyssey-oled-g9-s49dg934su\/"},"modified":"2026-04-15T04:55:42","modified_gmt":"2026-04-15T02:55:42","slug":"samsung-49-oled-odyssey-oled-g9-s49dg934su","status":"publish","type":"product","link":"https:\/\/electrovideo.eu\/en\/product\/samsung-49-oled-odyssey-oled-g9-s49dg934su\/","title":{"rendered":"Samsung 49&#8243; OLED &#8211; Odyssey OLED G9 S49DG934SU"},"content":{"rendered":"<div id=\"description\" class=\"description\">\n<div class=\"details-pdt-desc\">\n<h2 class=\"h2-master\">Ecran gaming exceptionnel<\/h2>\n<section>\n<p>Visez la perfection avec le moniteur <strong>Samsung Odyssey OLED G9 S49DG934SU <\/strong>! Cet \u00e9cran haut de gamme multiplie les atouts, avec une dalle OLED incurv\u00e9e au format 32\/9, un temps de r\u00e9ponse ultra-rapide, le support de la norme HDR10+ Gaming et un pied ergonomique avec effets LED RGB.<\/p>\n<\/section>\n<section>\n<div class=\"desc-image\"><span><img decoding=\"async\" alt=\"\" loading=\"lazy\" src=\"https:\/\/electrovideo.eu\/wp-content\/uploads\/2025\/11\/samsung_oled_g9_dqhd_0001.jpg\"><\/span><\/div>\n<div class=\"desc-text\">\n<h2>Principales caract\u00e9ristiques<\/h2>\n<ul>\n<li>Moniteur gaming OLED Glare Free<\/li>\n<li>La technologie Glare Free r\u00e9duit consid\u00e9rablement les reflets g\u00e9n\u00e9r\u00e9s par des sources lumineuses externes<\/li>\n<li>Dual QHD (5120 x 1440) \u00e0 240 Hz et format 32:9<\/li>\n<li>Samsung OLED Safeguard contre les br\u00fblures d&#8217;\u00e9cran<\/li>\n<li>Temps de r\u00e9ponse le plus rapide de 0,03 ms (GtG)<\/li>\n<li>\u00c9cran incurv\u00e9 1800R<\/li>\n<li>AMD FreeSync Premium Pro<\/li>\n<li>1x DP\/1x HDMI\/1x Micro HDMI 2.1 et ports USB-C<\/li>\n<li>Design m\u00e9tallique ultra-fin (3,9 mm)<\/li>\n<li>Effets lumineux avec CoreSync et CoreLighting+<\/li>\n<li>Pied ergonomique : r\u00e9glable en hauteur<\/li>\n<\/ul>\n<\/div>\n<\/section>\n<section>\n<div class=\"desc-text\">\n<h2>OLED Dual QHD<\/h2>\n<p>Avec la technologie OLED, profitez d&#8217;un spectre de couleurs plus large et d&#8217;images \u00e9clatantes. Votre exp\u00e9rience de jeu atteint de nouveaux sommets. Les contenus prennent vie sur un \u00e9cran \u00e0 r\u00e9solution Dual QHD (5120 x 1440), offrant une clart\u00e9 et une pr\u00e9cision in\u00e9gal\u00e9es. La technologie Glare Free r\u00e9duit significativement les reflets des sources lumineuses externes sur l\u2019\u00e9cran pour que vous puissiez appr\u00e9cier pleinement la sublime exp\u00e9rience de la profondeur des couleurs et des noirs ultra-purs sur la dalle OLED, sans la moindre distraction. Avec un \u00e9cran 54 % moins brillant qu&#8217;un film antireflet conventionnel, vous appr\u00e9ciez chaque sc\u00e8ne de jeu dans sa globalit\u00e9 et affrontez vos ennemis en \u00e9tant mieux arm\u00e9.<\/p>\n<\/div>\n<div class=\"desc-image\"><span><img decoding=\"async\" alt=\"\" loading=\"lazy\" src=\"https:\/\/electrovideo.eu\/wp-content\/uploads\/2025\/11\/samsung_oled_g9_dqhd_0002.jpg\"><\/span><\/div>\n<\/section>\n<section>\n<div class=\"desc-image\"><span><img decoding=\"async\" alt=\"\" loading=\"lazy\" src=\"https:\/\/electrovideo.eu\/wp-content\/uploads\/2025\/11\/samsung_oled_g9_dqhd_0003.jpg\"><\/span><\/div>\n<div class=\"desc-text\">\n<h2>Le jeu ultra-rapide<\/h2>\n<p>Esquivez, bloquez et contre-attaquez \u00e0 une vitesse fulgurante gr\u00e2ce \u00e0 la technologie OLED et son temps de r\u00e9ponse (GTG) quasi instantan\u00e9 de 0,03 ms. Les connexions HDMI 2.1 et DisplayPort vous permettent de garder une longueur d&#8217;avance sur vos concurrents gr\u00e2ce au taux de rafra\u00eechissement de 240 Hz. Parce que les millisecondes comptent lorsqu&#8217;on affronte les meilleurs. Une fluidit\u00e9 parfaite, m\u00eame au plus fort de l&#8217;action. Les saccades, latences et d\u00e9chirures d\u2019image sont r\u00e9duites gr\u00e2ce au taux de rafra\u00eechissement variable (VRR) et \u00e0 l\u2019AMD FreeSync Premium Pro assurant la parfaite synchronisation entre la dalle et le processeur graphique. La stabilit\u00e9 et l\u2019absence d\u2019\u00e0-coups dans les mouvements rapides et les sc\u00e8nes de jeu complexes pr\u00e9servent votre avantage comp\u00e9titif.<\/p>\n<\/div>\n<\/section>\n<\/div><\/div>\n","protected":false},"excerpt":{"rendered":"<p>Ecran PC 5K &#8211; 5120 x 1440 pixels &#8211; 0.03 ms (gris \u00e0 gris) &#8211; Format 32\/9 &#8211; Dalle OLED incurv\u00e9e &#8211; 240 Hz &#8211; HDR10+ Gaming &#8211; FreeSync Premium Pro &#8211; DisplayPort\/HDMI &#8211; HUB USB-C &#8211; Argent<\/p>\n","protected":false},"featured_media":223328,"comment_status":"open","ping_status":"closed","template":"","meta":{"_monsterinsights_skip_tracking":false,"_monsterinsights_sitenote_active":false,"_monsterinsights_sitenote_note":"","_monsterinsights_sitenote_category":0},"etheme_brands":[{"term_id":372,"name":"Samsung","slug":"samsung","term_group":0,"term_taxonomy_id":372,"taxonomy":"brand","description":"","parent":0,"count":86,"filter":"raw"}],"product_brand":[],"product_cat":[3302],"product_tag":[],"class_list":{"0":"post-223326","1":"product","2":"type-product","3":"status-publish","4":"has-post-thumbnail","6":"brand-samsung","7":"product_cat-pc-monitors-screens","9":"first","10":"instock","11":"taxable","12":"shipping-taxable","13":"purchasable","14":"product-type-simple"},"_links":{"self":[{"href":"https:\/\/electrovideo.eu\/en\/wp-json\/wp\/v2\/product\/223326","targetHints":{"allow":["GET"]}}],"collection":[{"href":"https:\/\/electrovideo.eu\/en\/wp-json\/wp\/v2\/product"}],"about":[{"href":"https:\/\/electrovideo.eu\/en\/wp-json\/wp\/v2\/types\/product"}],"replies":[{"embeddable":true,"href":"https:\/\/electrovideo.eu\/en\/wp-json\/wp\/v2\/comments?post=223326"}],"version-history":[{"count":0,"href":"https:\/\/electrovideo.eu\/en\/wp-json\/wp\/v2\/product\/223326\/revisions"}],"wp:featuredmedia":[{"embeddable":true,"href":"https:\/\/electrovideo.eu\/en\/wp-json\/wp\/v2\/media\/223328"}],"wp:attachment":[{"href":"https:\/\/electrovideo.eu\/en\/wp-json\/wp\/v2\/media?parent=223326"}],"wp:term":[{"taxonomy":"brand","embeddable":true,"href":"https:\/\/electrovideo.eu\/en\/wp-json\/wp\/v2\/etheme_brands?post=223326"},{"taxonomy":"product_brand","embeddable":true,"href":"https:\/\/electrovideo.eu\/en\/wp-json\/wp\/v2\/product_brand?post=223326"},{"taxonomy":"product_cat","embeddable":true,"href":"https:\/\/electrovideo.eu\/en\/wp-json\/wp\/v2\/product_cat?post=223326"},{"taxonomy":"product_tag","embeddable":true,"href":"https:\/\/electrovideo.eu\/en\/wp-json\/wp\/v2\/product_tag?post=223326"}],"curies":[{"name":"wp","href":"https:\/\/api.w.org\/{rel}","templated":true}]}}