{"id":223323,"date":"2025-11-25T03:38:49","date_gmt":"2025-11-25T01:38:49","guid":{"rendered":"https:\/\/electrovideo.eu\/produit\/viewsonic-34-led-vx3418c-2k\/"},"modified":"2026-04-15T04:50:00","modified_gmt":"2026-04-15T02:50:00","slug":"viewsonic-34-led-vx3418c-2k","status":"publish","type":"product","link":"https:\/\/electrovideo.eu\/en\/product\/viewsonic-34-led-vx3418c-2k\/","title":{"rendered":"ViewSonic 34&#8243; LED &#8211; VX3418C-2K"},"content":{"rendered":"<div id=\"description\" class=\"description\">\n<div class=\"details-pdt-desc\">\n<h2 class=\"h2-master\">Une immersion totale<\/h2>\n<section>\n<p>Le <strong>ViewSonic VX3418C-2K<\/strong> dispose d&#8217;un \u00e9cran 34&#8243; WQHD avec une courbure 1500R pour un affichage plus grand et immersif. Le taux de rafra\u00eechissement de 180 Hz offre des images ultra-fluides pour vos jeux. Son design \u00e9pur\u00e9 \u00e0 cadre mince am\u00e9liore votre exp\u00e9rience sur grand \u00e9cran. \u00c9quip\u00e9e de la technologie AMD FreeSync Premium, cette derni\u00e8re&nbsp;\u00e9limine virtuellement les distorsions et les images saccad\u00e9es pour un jeu fluide. Quant au temps de r\u00e9ponse MPRT de 1 ms, il vous permet de r\u00e9agir rapidement et pr\u00e9cis\u00e9ment dans le jeu.<br \/>&nbsp;<\/p>\n<\/section>\n<section>\n<div class=\"desc-image\"><span><img decoding=\"async\" alt=\"\" loading=\"lazy\" src=\"https:\/\/electrovideo.eu\/wp-content\/uploads\/2025\/11\/801-56.jpg\"><\/span><\/div>\n<div class=\"desc-text\">\n<h2>Tout&nbsp;pour la victoire<\/h2>\n<p>Avec son design incurv\u00e9 1500R, le moniteur ViewSonic VX3418C-2K&nbsp;plonge le joueur en plein c\u0153ur de l&#8217;action. Cette derni\u00e8re reste parfaitement fluide gr\u00e2ce \u00e0 la fr\u00e9quence de rafra\u00eechissement de 180 Hz et&nbsp;au&nbsp;temps de r\u00e9ponse de 1 ms (MPRT). De plus, le HDR10 \u00e9l\u00e8ve la pr\u00e9cision de l&#8217;image \u00e0 un niveau sup\u00e9rieur, en offrant une gamme dynamique am\u00e9lior\u00e9e.<\/p>\n<p>La qualit\u00e9 d&#8217;image sera \u00e9galement au rendez-vous sur cet \u00e9cran \u00e0 dalle VA de 34 pouces au format 21\/9. Retrouvez un haut niveau de contraste avec un contraste natif de 4000:1 mais aussi une belle r\u00e9solution WQHD (3440 x 1440 pixels).<\/p>\n<\/div>\n<\/section>\n<section>\n<div class=\"desc-text\">\n<h2>Des conditions optimales<\/h2>\n<p>Le&nbsp;VX3418C-2K est dot\u00e9 de la technologie <strong>AMD FreeSync Premium<\/strong> qui synchronise votre \u00e9cran avec la fr\u00e9quence d&#8217;image du contenu, ce qui permet un jeu fluide en \u00e9liminant les distorsions de l&#8217;image.<\/p>\n<p>Ne manquez jamais une image de l&#8217;action avec la fr\u00e9quence de rafra\u00eechissement rapide de 180 Hz. \u00c9liminez le d\u00e9calage et le flou de mouvement pour profiter d&#8217;un gameplay fluide et de graphismes impeccables sur l&#8217;ensemble de l&#8217;\u00e9cran.<\/p>\n<p>Jouez confortablement gr\u00e2ce au design ergonomique du VX3418C-2K. Qu&#8217;il s&#8217;agisse d&#8217;une session de jeu prolong\u00e9e ou de t\u00e2ches professionnelles, son design inclinable, pivotant et r\u00e9glable en hauteur garantit le confort, la pr\u00e9cision et la qualit\u00e9 de l&#8217;immersion dans toutes les situations.<\/p>\n<\/div>\n<div class=\"desc-image\"><span><img decoding=\"async\" alt=\"\" loading=\"lazy\" src=\"https:\/\/electrovideo.eu\/wp-content\/uploads\/2025\/11\/802-59.jpg\"><\/span><\/div>\n<\/section>\n<\/div><\/div>\n","protected":false},"excerpt":{"rendered":"<p>Ecran PC UltraWide WQHD &#8211; 3440 x 1440 pixels &#8211; 1 ms (MPRT) &#8211; 21\/9 &#8211; Dalle VA incurv\u00e9e &#8211; 180 Hz &#8211; HDR10 &#8211; FreeSync Premium &#8211; HDMI\/DisplayPort &#8211; Hauteur r\u00e9glable &#8211; Noir<\/p>\n","protected":false},"featured_media":223325,"comment_status":"open","ping_status":"closed","template":"","meta":{"_monsterinsights_skip_tracking":false,"_monsterinsights_sitenote_active":false,"_monsterinsights_sitenote_note":"","_monsterinsights_sitenote_category":0},"etheme_brands":[{"term_id":5060,"name":"ViewSonic","slug":"viewsonic-en","term_group":0,"term_taxonomy_id":5060,"taxonomy":"brand","description":"","parent":0,"count":4,"filter":"raw"}],"product_brand":[],"product_cat":[3302],"product_tag":[],"class_list":{"0":"post-223323","1":"product","2":"type-product","3":"status-publish","4":"has-post-thumbnail","6":"brand-viewsonic-en","7":"product_cat-pc-monitors-screens","9":"first","10":"instock","11":"taxable","12":"shipping-taxable","13":"purchasable","14":"product-type-simple"},"_links":{"self":[{"href":"https:\/\/electrovideo.eu\/en\/wp-json\/wp\/v2\/product\/223323","targetHints":{"allow":["GET"]}}],"collection":[{"href":"https:\/\/electrovideo.eu\/en\/wp-json\/wp\/v2\/product"}],"about":[{"href":"https:\/\/electrovideo.eu\/en\/wp-json\/wp\/v2\/types\/product"}],"replies":[{"embeddable":true,"href":"https:\/\/electrovideo.eu\/en\/wp-json\/wp\/v2\/comments?post=223323"}],"version-history":[{"count":0,"href":"https:\/\/electrovideo.eu\/en\/wp-json\/wp\/v2\/product\/223323\/revisions"}],"wp:featuredmedia":[{"embeddable":true,"href":"https:\/\/electrovideo.eu\/en\/wp-json\/wp\/v2\/media\/223325"}],"wp:attachment":[{"href":"https:\/\/electrovideo.eu\/en\/wp-json\/wp\/v2\/media?parent=223323"}],"wp:term":[{"taxonomy":"brand","embeddable":true,"href":"https:\/\/electrovideo.eu\/en\/wp-json\/wp\/v2\/etheme_brands?post=223323"},{"taxonomy":"product_brand","embeddable":true,"href":"https:\/\/electrovideo.eu\/en\/wp-json\/wp\/v2\/product_brand?post=223323"},{"taxonomy":"product_cat","embeddable":true,"href":"https:\/\/electrovideo.eu\/en\/wp-json\/wp\/v2\/product_cat?post=223323"},{"taxonomy":"product_tag","embeddable":true,"href":"https:\/\/electrovideo.eu\/en\/wp-json\/wp\/v2\/product_tag?post=223323"}],"curies":[{"name":"wp","href":"https:\/\/api.w.org\/{rel}","templated":true}]}}