{"id":223319,"date":"2025-11-25T03:38:49","date_gmt":"2025-11-25T01:38:49","guid":{"rendered":"https:\/\/electrovideo.eu\/produit\/samsung-43-led-smart-monitor-m7-s43fm702uu\/"},"modified":"2026-04-15T04:56:05","modified_gmt":"2026-04-15T02:56:05","slug":"samsung-43-led-smart-monitor-m7-s43fm702uu","status":"publish","type":"product","link":"https:\/\/electrovideo.eu\/en\/product\/samsung-43-led-smart-monitor-m7-s43fm702uu\/","title":{"rendered":"Samsung 43&#8243; LED &#8211; Smart Monitor M7 S43FM702UU"},"content":{"rendered":"<div id=\"description\" class=\"description\">\n<div class=\"details-pdt-desc\">\n<h2 class=\"h2-master\">\u00c9quipement hybride pour travailler et vous divertir<\/h2>\n<section>\n<p>L&#8217;\u00e9cran hybride <strong>Samsung<\/strong>&nbsp;<strong>Smart Monitor M7 S43FM702UU&nbsp;<\/strong>est un mod\u00e8le 2-en-1 qui offre une exp\u00e9rience 4K HDR10 sur une&nbsp;dalle VA de 43 pouces. Id\u00e9al pour travailler sans avoir besoin de PC et pour se divertir,&nbsp;il&nbsp;int\u00e8gre le Wi-Fi, le Bluetooth, Microsoft 365 et Tizen OS et permet d&#8217;acc\u00e9der via le Smart Hub aux plateformes de streaming et \u00e0 de nombreuses applications.<\/p>\n<\/section>\n<section>\n<div class=\"desc-image\"><span><img decoding=\"async\" alt=\"\" loading=\"lazy\" src=\"https:\/\/electrovideo.eu\/wp-content\/uploads\/2025\/11\/801-55.jpg\"><\/span><\/div>\n<div class=\"desc-text\">\n<h2>Utilisation hybride selon vos envies<\/h2>\n<p>Tout ce dont vous avez besoin, directement sur votre \u00e9cran. Regardez, travaillez et chattez &#8211; le tout sans devoir connecter un PC s\u00e9par\u00e9 &#8211; avec Smart Monitor. Vos applis de contenu, de productivit\u00e9 et d&#8217;appel vid\u00e9o pr\u00e9f\u00e9r\u00e9es sont int\u00e9gr\u00e9es pour une configuration du desk plus simple et plus \u00e9l\u00e9gante. Une utilisation agr\u00e9able et conviviale \u00e0 chaque fois.<\/p>\n<p>Plus besoin de PC ! Naviguez sur le Web, modifiez des documents et travaillez sur vos projets, le tout sans avoir besoin d&#8217;un PC s\u00e9par\u00e9. Gr\u00e2ce \u00e0 l&#8217;outil Workspace, vous pouvez \u00e9galement acc\u00e9der \u00e0 distance \u00e0 un autre PC, utiliser les programmes Microsoft 365 et m\u00eame vous connecter aux appareils mobiles Samsung avec Samsung DeX pour un travail super fluide.<\/p>\n<p><em>Certaines fonctionnalit\u00e9s de Microsoft 365 n\u00e9cessitent un abonnement.<\/em><\/p>\n<\/div>\n<\/section>\n<section>\n<div class=\"desc-text\">\n<h2>Tizen OS : le divertissement sans aucune limite<\/h2>\n<p>Vivez votre divertissement sans le moindre effort. Profitez de Netflix, YouTube et d&#8217;autres services de streaming en connectant simplement le moniteur au Wi-Fi. Samsung TV Plus propose \u00e9galement du contenu gratuit en direct et \u00e0 la demande sans t\u00e9l\u00e9chargement ni inscription, tandis que Universal Guide fournit des recommandations de contenu personnalis\u00e9es.<\/p>\n<p>Transformez votre Smart Monitor en centre de contr\u00f4le pour la maison en le connectant \u00e0 vos produits domestiques IoT avec SmartThings. \u00c9teignez les lumi\u00e8res, baissez les stores et r\u00e9glez le thermostat \u00e0 la temp\u00e9rature id\u00e9ale, le tout \u00e0 l&#8217;aide du Smart Monitor. La soir\u00e9e s&#8217;annonce d\u00e9tendue !<\/p>\n<\/div>\n<div class=\"desc-image\"><img decoding=\"async\" alt=\"\" loading=\"lazy\" src=\"https:\/\/electrovideo.eu\/wp-content\/uploads\/2025\/11\/smart_monitor.jpg\"><\/div>\n<\/section>\n<section class=\"list\">\n<h2>Caract\u00e9ristiques principales :<\/h2>\n<ul>\n<li><strong>\u00c9cran connect\u00e9 de 43 pouces avec r\u00e9solution 4K UHD (3840 x 2160)<\/strong><\/li>\n<li><strong>Dalle VA<\/strong> : couleurs lumineuses et angles de vision larges<\/li>\n<li>Prise en charge HDR10<\/li>\n<li><strong>R\u00e9seau : Wi-Fi AC, Bluetooth 5.2<\/strong><\/li>\n<li>Fonction PC on Screen&nbsp;: connexion sans fil \u00e0 distance d&#8217;un PC<\/li>\n<li>Application Microsoft 365 int\u00e9gr\u00e9e : travail sur documents \u00e0 distance, enregistrement sur le Cloud<\/li>\n<li><strong>Smart OS int\u00e9gr\u00e9 Tizen<\/strong> : retrouvez vos applications pr\u00e9f\u00e9r\u00e9es directement sur le moniteur<\/li>\n<li>2 ports HDMI 2.0 et Hub avec 3 ports USB 2.0<\/li>\n<li><strong>Entr\u00e9e USB-C<\/strong> : gestion de l&#8217;affichage, des donn\u00e9es et&nbsp;de l&#8217;alimentation (jusqu&#8217;\u00e0 65 Watts)<\/li>\n<li>T\u00e9l\u00e9commande \u00e0 \u00e9nergie solaire incluse avec fonction vocale compatible Bixby<\/li>\n<li><strong>Confort oculaire sup\u00e9rieur<\/strong> : Adaptive Picture (ajustement automatique de la luminosit\u00e9), r\u00e9duction de lumi\u00e8re bleue et anti-scintillement<\/li>\n<\/ul>\n<\/section>\n<\/div><\/div>\n","protected":false},"excerpt":{"rendered":"<p>Ecran PC 4K &#8211; 3840 x 2160 pixels &#8211; 4 ms (gris \u00e0 gris) &#8211; 16\/9 &#8211; Dalle VA &#8211; HDR10 &#8211; Wi-Fi\/Bluetooth &#8211; Tizen OS &#8211; HDMI\/USB-C &#8211; Hub USB &#8211; T\u00e9l\u00e9commande &#8211; Noir<\/p>\n","protected":false},"featured_media":223320,"comment_status":"open","ping_status":"closed","template":"","meta":{"_monsterinsights_skip_tracking":false,"_monsterinsights_sitenote_active":false,"_monsterinsights_sitenote_note":"","_monsterinsights_sitenote_category":0},"etheme_brands":[{"term_id":372,"name":"Samsung","slug":"samsung","term_group":0,"term_taxonomy_id":372,"taxonomy":"brand","description":"","parent":0,"count":86,"filter":"raw"}],"product_brand":[],"product_cat":[3302],"product_tag":[],"class_list":{"0":"post-223319","1":"product","2":"type-product","3":"status-publish","4":"has-post-thumbnail","6":"brand-samsung","7":"product_cat-pc-monitors-screens","9":"first","10":"instock","11":"taxable","12":"shipping-taxable","13":"purchasable","14":"product-type-simple"},"_links":{"self":[{"href":"https:\/\/electrovideo.eu\/en\/wp-json\/wp\/v2\/product\/223319","targetHints":{"allow":["GET"]}}],"collection":[{"href":"https:\/\/electrovideo.eu\/en\/wp-json\/wp\/v2\/product"}],"about":[{"href":"https:\/\/electrovideo.eu\/en\/wp-json\/wp\/v2\/types\/product"}],"replies":[{"embeddable":true,"href":"https:\/\/electrovideo.eu\/en\/wp-json\/wp\/v2\/comments?post=223319"}],"version-history":[{"count":0,"href":"https:\/\/electrovideo.eu\/en\/wp-json\/wp\/v2\/product\/223319\/revisions"}],"wp:featuredmedia":[{"embeddable":true,"href":"https:\/\/electrovideo.eu\/en\/wp-json\/wp\/v2\/media\/223320"}],"wp:attachment":[{"href":"https:\/\/electrovideo.eu\/en\/wp-json\/wp\/v2\/media?parent=223319"}],"wp:term":[{"taxonomy":"brand","embeddable":true,"href":"https:\/\/electrovideo.eu\/en\/wp-json\/wp\/v2\/etheme_brands?post=223319"},{"taxonomy":"product_brand","embeddable":true,"href":"https:\/\/electrovideo.eu\/en\/wp-json\/wp\/v2\/product_brand?post=223319"},{"taxonomy":"product_cat","embeddable":true,"href":"https:\/\/electrovideo.eu\/en\/wp-json\/wp\/v2\/product_cat?post=223319"},{"taxonomy":"product_tag","embeddable":true,"href":"https:\/\/electrovideo.eu\/en\/wp-json\/wp\/v2\/product_tag?post=223319"}],"curies":[{"name":"wp","href":"https:\/\/api.w.org\/{rel}","templated":true}]}}