{"id":220500,"date":"2025-11-16T18:49:21","date_gmt":"2025-11-16T16:49:21","guid":{"rendered":"https:\/\/electrovideo.eu\/produit\/hyte-x50-tg-noir\/"},"modified":"2025-11-16T18:49:21","modified_gmt":"2025-11-16T16:49:21","slug":"hyte-x50-tg-noir","status":"publish","type":"product","link":"https:\/\/electrovideo.eu\/en\/product\/hyte-x50-tg-noir\/","title":{"rendered":"Hyte X50 TG (Noir)"},"content":{"rendered":"<div id=\"description\" class=\"description\">\n<div class=\"details-pdt-desc\">\n<h2 class=\"h2-master\">Hyte X50 : un design&nbsp;ultra styl\u00e9 pour un refroidissement optimis\u00e9&nbsp;<\/h2>\n<section>\n<p>Le <strong>Hyte X50 TG <\/strong>vous saute aux yeux ! Vous le voyez, vous le voulez ! <strong>Bo\u00eetier&nbsp;moyen tour<\/strong> color\u00e9, au design ultra styl\u00e9, il a \u00e9t\u00e9&nbsp;pens\u00e9 pour vous offrir de r\u00e9elles&nbsp;performances&nbsp;de&nbsp;refroidissement, tout cela afin de pr\u00e9server vos puissants composants. Gr\u00e2ce \u00e0 sa tr\u00e8s large<strong> fa\u00e7ade en mesh<\/strong>, son <strong>panneau lat\u00e9ral&nbsp;en verre tremp\u00e9 de 4 mm <\/strong>qui am\u00e9liore&nbsp;l&#8217;amortissement passif du bruit, son si vaste espace interne&nbsp;et sa compatibilit\u00e9 de haut niveau, il se destine tout sp\u00e9cialement&nbsp;\u00e0 vous qui souhaitez profiter d&#8217;une configuration&nbsp;puissante, silencieuse&nbsp;et tr\u00e8s \u00e9l\u00e9gante.<\/p>\n<p>Capable de g\u00e9rer efficacement un bon&nbsp;flux d\u2019air si vous l&#8217;\u00e9quipez de&nbsp;plusieurs ventilateurs vendus s\u00e9par\u00e9ment (jusqu&#8217;\u00e0 10 ventilateurs de 120 mm), ce bo\u00eetier&nbsp;vous garanti des&nbsp;sessions de tavail ou de gaming intenses et sans compromis.<\/p>\n<p>Vous permettant d&#8217;installer un <strong>CPU<\/strong> imposant <strong>(jusqu&#8217;\u00e0 170 mm)<\/strong>, une <strong>carte graphique performante (jusqu&#8217;\u00e0 430 mm de longueur et 160 mm de hauteur)<\/strong>, des radiateurs de grande taille et une carte&nbsp;m\u00e8re pouvant aller&nbsp;<strong>jusqu\u2019au format E-ATX<\/strong>, ce bo\u00eetier r\u00e9pondra \u00e0 toutes vos attentes. Enfin, sa conception a \u00e9t\u00e9 pens\u00e9e pour un agencement simplifi\u00e9, une montage facilit\u00e9 et une organisation du c\u00e2blage optimis\u00e9. L\u00e0 encore, tout \u00e0 \u00e9t\u00e9 imagin\u00e9 par les ing\u00e9nieurs de<strong> Hyte<\/strong> pour sublimer aussi bien l\u2019esth\u00e9tisme&nbsp;que la bonne circulation du flux d&#8217;air, afin de maximiser les performances.<\/p>\n<\/section>\n<section>\n<div class=\"desc-image\"><span><img decoding=\"async\" alt=\"\" loading=\"lazy\" src=\"https:\/\/electrovideo.eu\/wp-content\/uploads\/2025\/11\/X50noir_800_1.jpg\"><\/span><\/div>\n<div class=\"desc-text\">\n<h2>Caract\u00e9ristiques principales<\/h2>\n<ul>\n<li>Le <strong>X50<\/strong> est dot\u00e9 d&#8217;un panneau en <strong>verre tremp\u00e9 de 4 mm<\/strong>&nbsp;pour bien mettre en valeur votre configuration et amortir passivement&nbsp;le&nbsp;bruit. Voyez et admirez vos composants en silence.<\/li>\n<li><strong>Fa\u00e7ade&nbsp;et panneau lat\u00e9ral en mesh favorisant le flux d&#8217;air et structure en acier pour une r\u00e9duction efficace de la temp\u00e9rature.<\/strong><\/li>\n<li>Le X50 profite d&#8217;un<strong> design harmonieux, ultra styl\u00e9 et color\u00e9,<\/strong> soutenu par de&nbsp;belles et douces courbes.&nbsp;Il vous permet de profiter d&#8217;un&nbsp;PC transform\u00e9 en une v\u00e9ritable&nbsp;\u0153uvre d&#8217;art.<\/li>\n<li><strong>Refroidissement par plancher froid<\/strong> : \u00c9liminez les points chauds gr\u00e2ce aux larges \u00e9vents lat\u00e9raux des ventilateurs qui peuvent \u00eatre install\u00e9s dans le plancher du X50.<\/li>\n<li>Ce bo\u00eetier est vendu sans ventilateurs mais il peut en accueillir 10 de 120 mm<\/li>\n<\/ul>\n<\/div>\n<\/section>\n<\/div><\/div>\n","protected":false},"excerpt":{"rendered":"<p>Boitier moyen tour avec paroi incurv\u00e9e en verre tremp\u00e9<\/p>\n","protected":false},"featured_media":220502,"comment_status":"open","ping_status":"closed","template":"","meta":{"_monsterinsights_skip_tracking":false,"_monsterinsights_sitenote_active":false,"_monsterinsights_sitenote_note":"","_monsterinsights_sitenote_category":0},"etheme_brands":[{"term_id":3933,"name":"Hyte","slug":"hyte","term_group":0,"term_taxonomy_id":3933,"taxonomy":"brand","description":"","parent":0,"count":13,"filter":"raw"}],"product_brand":[],"product_cat":[28],"product_tag":[],"class_list":{"0":"post-220500","1":"product","2":"type-product","3":"status-publish","4":"has-post-thumbnail","6":"brand-hyte","7":"product_cat-tower-pc-case-box","9":"first","10":"instock","11":"taxable","12":"shipping-taxable","13":"purchasable","14":"product-type-simple"},"_links":{"self":[{"href":"https:\/\/electrovideo.eu\/en\/wp-json\/wp\/v2\/product\/220500","targetHints":{"allow":["GET"]}}],"collection":[{"href":"https:\/\/electrovideo.eu\/en\/wp-json\/wp\/v2\/product"}],"about":[{"href":"https:\/\/electrovideo.eu\/en\/wp-json\/wp\/v2\/types\/product"}],"replies":[{"embeddable":true,"href":"https:\/\/electrovideo.eu\/en\/wp-json\/wp\/v2\/comments?post=220500"}],"version-history":[{"count":0,"href":"https:\/\/electrovideo.eu\/en\/wp-json\/wp\/v2\/product\/220500\/revisions"}],"wp:featuredmedia":[{"embeddable":true,"href":"https:\/\/electrovideo.eu\/en\/wp-json\/wp\/v2\/media\/220502"}],"wp:attachment":[{"href":"https:\/\/electrovideo.eu\/en\/wp-json\/wp\/v2\/media?parent=220500"}],"wp:term":[{"taxonomy":"brand","embeddable":true,"href":"https:\/\/electrovideo.eu\/en\/wp-json\/wp\/v2\/etheme_brands?post=220500"},{"taxonomy":"product_brand","embeddable":true,"href":"https:\/\/electrovideo.eu\/en\/wp-json\/wp\/v2\/product_brand?post=220500"},{"taxonomy":"product_cat","embeddable":true,"href":"https:\/\/electrovideo.eu\/en\/wp-json\/wp\/v2\/product_cat?post=220500"},{"taxonomy":"product_tag","embeddable":true,"href":"https:\/\/electrovideo.eu\/en\/wp-json\/wp\/v2\/product_tag?post=220500"}],"curies":[{"name":"wp","href":"https:\/\/api.w.org\/{rel}","templated":true}]}}