{"id":220474,"date":"2025-11-16T18:13:08","date_gmt":"2025-11-16T16:13:08","guid":{"rendered":"https:\/\/electrovideo.eu\/produit\/sapphire-amd-radeon-ai-pro-r9700-32gb\/"},"modified":"2026-04-24T02:44:23","modified_gmt":"2026-04-24T00:44:23","slug":"sapphire-amd-radeon-ai-pro-r9700-32gb","status":"publish","type":"product","link":"https:\/\/electrovideo.eu\/en\/product\/sapphire-amd-radeon-ai-pro-r9700-32gb\/","title":{"rendered":"Sapphire AMD Radeon AI PRO R9700 32GB"},"content":{"rendered":"<div id=\"description\" class=\"description\">\n<div class=\"details-pdt-desc\">\n<h2 class=\"h2-master\">D\u00e9multipliez les performances de votre IA locale<\/h2>\n<section>\n<p><strong>Repoussez les limites de l\u2019IA locale<\/strong> avec la<strong> carte graphique Radeon&nbsp;AI PRO R9700<\/strong>.&nbsp;Gr\u00e2ce \u00e0 l\u2019architecture RDNA&nbsp;4 et \u00e0 ses acc\u00e9l\u00e9rateurs d\u2019IA de 2e g\u00e9n\u00e9ration, b\u00e9n\u00e9ficiez d\u2019une puissance doubl\u00e9e et de 32 Go de m\u00e9moire d\u00e9di\u00e9e pour ex\u00e9cuter les mod\u00e8les les plus ambitieux, sans d\u00e9pendance au&nbsp;cloud.<\/p>\n<\/section>\n<section>\n<div class=\"desc-image\"><span><img decoding=\"async\" alt=\"\" loading=\"lazy\" src=\"https:\/\/electrovideo.eu\/wp-content\/uploads\/2025\/11\/radeon_ai_pro_0001.jpg\"><\/span><\/div>\n<div class=\"desc-text\">\n<h2>Boostez vos workflows<\/h2>\n<p><strong>AMD Radeon AI PRO R9700 <\/strong>transforme votre approche du d\u00e9veloppement de l&#8217;IA. L&#8217;<strong>architecture RDNA 4<\/strong> de pointe et les acc\u00e9l\u00e9rateurs d&#8217;IA de 2e g\u00e9n\u00e9ration offrent jusqu&#8217;\u00e0 2 fois plus de performances d&#8217;IA que la g\u00e9n\u00e9ration pr\u00e9c\u00e9dente. Avec <strong>32 Go de m\u00e9moire vid\u00e9o d\u00e9di\u00e9e<\/strong>, cela vous permet de g\u00e9rer des projets plus volumineux et plus complexes sans aucune limite. Sp\u00e9cialement con\u00e7ue pour acc\u00e9l\u00e9rer les charges de travail d&#8217;IA en local, la <strong>carte Radeon AI PRO R9700<\/strong> concr\u00e9tise vos ambitions en vous offrant la vitesse et la capacit\u00e9 que votre flux de travail exige.<\/div>\n<\/section>\n<section>\n<div class=\"desc-text\">\n<h2>Repoussez les limites<\/h2>\n<p>Boostez la vitesse de transfert des donn\u00e9es et facilitez l<strong>&#8216;\u00e9volutivit\u00e9 multi-GPU<\/strong> gr\u00e2ce \u00e0 la prise en charge<strong> PCIe Gen 5<\/strong>. Con\u00e7ue sp\u00e9cialement pour les d\u00e9veloppeurs d&#8217;IA qui doivent ex\u00e9cuter de grands mod\u00e8les en local, la <strong>carte graphique AMD Radeon AI PRO R9700<\/strong> \u00e9limine la d\u00e9pendance au cloud, g\u00e8re les charges de travail les plus gourmandes en m\u00e9moire et s&#8217;adapte \u00e0 vos besoins.<\/div>\n<div class=\"desc-image\"><span><img decoding=\"async\" alt=\"\" loading=\"lazy\" src=\"https:\/\/electrovideo.eu\/wp-content\/uploads\/2025\/11\/radeon_ai_pro_0002.jpg\"><\/span><\/div>\n<\/section>\n<\/div><\/div>\n","protected":false},"excerpt":{"rendered":"<p>32 Go GDDR6 &#8211; Quad DisplayPort &#8211; PCI Express (AMD Radeon AI PRO R9700)<\/p>\n","protected":false},"featured_media":220476,"comment_status":"open","ping_status":"closed","template":"","meta":{"_monsterinsights_skip_tracking":false,"_monsterinsights_sitenote_active":false,"_monsterinsights_sitenote_note":"","_monsterinsights_sitenote_category":0},"etheme_brands":[{"term_id":83,"name":"SAPPHIRE","slug":"sapphire","term_group":0,"term_taxonomy_id":83,"taxonomy":"brand","description":"","parent":0,"count":12,"filter":"raw"}],"product_brand":[],"product_cat":[21],"product_tag":[],"class_list":{"0":"post-220474","1":"product","2":"type-product","3":"status-publish","4":"has-post-thumbnail","6":"brand-sapphire","7":"product_cat-graphic-card","8":"pa_memory-type-gddr6","10":"first","11":"instock","12":"sale","13":"taxable","14":"shipping-taxable","15":"purchasable","16":"product-type-simple"},"_links":{"self":[{"href":"https:\/\/electrovideo.eu\/en\/wp-json\/wp\/v2\/product\/220474","targetHints":{"allow":["GET"]}}],"collection":[{"href":"https:\/\/electrovideo.eu\/en\/wp-json\/wp\/v2\/product"}],"about":[{"href":"https:\/\/electrovideo.eu\/en\/wp-json\/wp\/v2\/types\/product"}],"replies":[{"embeddable":true,"href":"https:\/\/electrovideo.eu\/en\/wp-json\/wp\/v2\/comments?post=220474"}],"version-history":[{"count":0,"href":"https:\/\/electrovideo.eu\/en\/wp-json\/wp\/v2\/product\/220474\/revisions"}],"wp:featuredmedia":[{"embeddable":true,"href":"https:\/\/electrovideo.eu\/en\/wp-json\/wp\/v2\/media\/220476"}],"wp:attachment":[{"href":"https:\/\/electrovideo.eu\/en\/wp-json\/wp\/v2\/media?parent=220474"}],"wp:term":[{"taxonomy":"brand","embeddable":true,"href":"https:\/\/electrovideo.eu\/en\/wp-json\/wp\/v2\/etheme_brands?post=220474"},{"taxonomy":"product_brand","embeddable":true,"href":"https:\/\/electrovideo.eu\/en\/wp-json\/wp\/v2\/product_brand?post=220474"},{"taxonomy":"product_cat","embeddable":true,"href":"https:\/\/electrovideo.eu\/en\/wp-json\/wp\/v2\/product_cat?post=220474"},{"taxonomy":"product_tag","embeddable":true,"href":"https:\/\/electrovideo.eu\/en\/wp-json\/wp\/v2\/product_tag?post=220474"}],"curies":[{"name":"wp","href":"https:\/\/api.w.org\/{rel}","templated":true}]}}