{"id":220364,"date":"2025-11-23T23:51:16","date_gmt":"2025-11-23T21:51:16","guid":{"rendered":"https:\/\/electrovideo.eu\/produit\/kingston-valueram-16-go-ddr5-5600-mhz-cl46-1rx8\/"},"modified":"2025-11-28T19:50:57","modified_gmt":"2025-11-28T17:50:57","slug":"kingston-valueram-16-go-ddr5-5600-mhz-cl46-1rx8","status":"publish","type":"product","link":"https:\/\/electrovideo.eu\/en\/product\/kingston-valueram-16-go-ddr5-5600-mhz-cl46-1rx8\/","title":{"rendered":"Kingston ValueRAM 16 Go DDR5 5600 MHz CL46 1Rx8"},"content":{"rendered":"<div id=\"description\" class=\"description\">\n<div class=\"details-pdt-desc\">\n<h2 class=\"h2-master\">Kingston DDR5 ValueRAM<\/h2>\n<section>\n<p>Les modules m\u00e9moire <strong>Kingston ValueRAM DDR5<\/strong> offrent une qualit\u00e9 irr\u00e9prochable pour vous garantir une totale s\u00e9r\u00e9nit\u00e9.&nbsp;Tous les modules ValueRAM sont soumis \u00e0 des tests ultra rigoureux auxquels viennent s\u2019ajouter de multiples alliances technologiques. R\u00e9sultat : ValueRAM s\u2019affirme comme une des gammes les plus fiables et compatibles du march\u00e9.<br \/>&nbsp;<\/p>\n<\/section>\n<section>\n<div class=\"desc-image\"><span><img decoding=\"async\" loading=\"lazy\" src=\"https:\/\/electrovideo.eu\/wp-content\/uploads\/2025\/11\/kingston_value_ram_ddr5.jpg\"><\/span><\/div>\n<div class=\"desc-text\">\n<h2>Caract\u00e9ristiques principales<\/h2>\n<ul>\n<li>DDR5 5600 MHz &#8211; PC5-44800<\/li>\n<li>Capacit\u00e9 :16 Go<\/li>\n<li>Timings : 46-45-45<\/li>\n<li>Tension : 1.1V<\/li>\n<li>Single Rank<\/li>\n<\/ul>\n<\/div>\n<\/section>\n<\/div><\/div>\n","protected":false},"excerpt":{"rendered":"<p>RAM DDR5 PC5-44800 &#8211; KVR56U46BS8-16<\/p>\n","protected":false},"featured_media":220366,"comment_status":"open","ping_status":"closed","template":"","meta":{"_monsterinsights_skip_tracking":false,"_monsterinsights_sitenote_active":false,"_monsterinsights_sitenote_note":"","_monsterinsights_sitenote_category":0},"etheme_brands":[{"term_id":382,"name":"Kingston","slug":"kingston","term_group":0,"term_taxonomy_id":382,"taxonomy":"brand","description":"","parent":0,"count":106,"filter":"raw"}],"product_brand":[],"product_cat":[27],"product_tag":[],"class_list":{"0":"post-220364","1":"product","2":"type-product","3":"status-publish","4":"has-post-thumbnail","6":"brand-kingston","7":"product_cat-memory-ram","9":"first","10":"instock","11":"taxable","12":"shipping-taxable","13":"purchasable","14":"product-type-simple"},"_links":{"self":[{"href":"https:\/\/electrovideo.eu\/en\/wp-json\/wp\/v2\/product\/220364","targetHints":{"allow":["GET"]}}],"collection":[{"href":"https:\/\/electrovideo.eu\/en\/wp-json\/wp\/v2\/product"}],"about":[{"href":"https:\/\/electrovideo.eu\/en\/wp-json\/wp\/v2\/types\/product"}],"replies":[{"embeddable":true,"href":"https:\/\/electrovideo.eu\/en\/wp-json\/wp\/v2\/comments?post=220364"}],"version-history":[{"count":0,"href":"https:\/\/electrovideo.eu\/en\/wp-json\/wp\/v2\/product\/220364\/revisions"}],"wp:featuredmedia":[{"embeddable":true,"href":"https:\/\/electrovideo.eu\/en\/wp-json\/wp\/v2\/media\/220366"}],"wp:attachment":[{"href":"https:\/\/electrovideo.eu\/en\/wp-json\/wp\/v2\/media?parent=220364"}],"wp:term":[{"taxonomy":"brand","embeddable":true,"href":"https:\/\/electrovideo.eu\/en\/wp-json\/wp\/v2\/etheme_brands?post=220364"},{"taxonomy":"product_brand","embeddable":true,"href":"https:\/\/electrovideo.eu\/en\/wp-json\/wp\/v2\/product_brand?post=220364"},{"taxonomy":"product_cat","embeddable":true,"href":"https:\/\/electrovideo.eu\/en\/wp-json\/wp\/v2\/product_cat?post=220364"},{"taxonomy":"product_tag","embeddable":true,"href":"https:\/\/electrovideo.eu\/en\/wp-json\/wp\/v2\/product_tag?post=220364"}],"curies":[{"name":"wp","href":"https:\/\/api.w.org\/{rel}","templated":true}]}}