{"id":220307,"date":"2025-11-23T23:56:01","date_gmt":"2025-11-23T21:56:01","guid":{"rendered":"https:\/\/electrovideo.eu\/produit\/g-skill-t5-neo-256-go-4-x-64-go-ddr5-ecc-registered-6400-mhz-cl36\/"},"modified":"2025-11-23T23:56:01","modified_gmt":"2025-11-23T21:56:01","slug":"g-skill-t5-neo-256-go-4-x-64-go-ddr5-ecc-registered-6400-mhz-cl36","status":"publish","type":"product","link":"https:\/\/electrovideo.eu\/en\/product\/g-skill-t5-neo-256-go-4-x-64-go-ddr5-ecc-registered-6400-mhz-cl36\/","title":{"rendered":"G.Skill T5 Neo 256 Go (4 x 64 Go) DDR5 ECC Registered 6400 MHz CL36"},"content":{"rendered":"<div id=\"description\" class=\"description\">\n<div class=\"details-pdt-desc\">\n<h2 class=\"h2-master\">G.Skill T5 Neo : Performances professionnelles et overclocking<\/h2>\n<section>\n<p>Les kits de m\u00e9moire <strong>G.Skill T5 Neo<\/strong> sont des m\u00e9moires DDR5 R-DIMM overclock\u00e9es con\u00e7ues pour \u00eatre utilis\u00e9es dans des syst\u00e8mes de station de travail compatibles. Avec la prise en charge d&#8217;AMD EXPO et ECC, la s\u00e9rie T5 Neo est la solution de m\u00e9moire de performance overclock\u00e9e id\u00e9ale pour les plates-formes et station de travail haut de gamme, o\u00f9 chaque seconde compte.<br \/>&nbsp;<\/p>\n<\/section>\n<section>\n<div class=\"desc-image\"><span><img decoding=\"async\" alt=\"\" loading=\"lazy\" src=\"https:\/\/electrovideo.eu\/wp-content\/uploads\/2025\/11\/gskill_t5neo.jpg\"><\/span><\/div>\n<div class=\"desc-text\">\n<h2>Caract\u00e9ristiques principales<\/h2>\n<ul>\n<li><strong>Construit et test\u00e9 pour la qualit\u00e9 et la stabilit\u00e9 <\/strong>: D\u00e9di\u00e9e \u00e0 la fabrication des meilleurs kits de m\u00e9moire overclock\u00e9s, la s\u00e9rie G.Skill T5 Neo est construite avec des circuits int\u00e9gr\u00e9s de m\u00e9moire s\u00e9lectionn\u00e9s et test\u00e9s \u00e0 la main pour garantir la meilleure qualit\u00e9 et la meilleure stabilit\u00e9.<\/li>\n<li>PCB 16 couches avec deux diodes TVS suppl\u00e9mentaires et un fusible, pour une protection renforc\u00e9e de la tension<\/li>\n<li>On-Die ECC et Side-Band ECC : Chaque module de m\u00e9moire DDR5 R-DIMM de la s\u00e9rie T5 Neo prend en charge l&#8217;ECC pour d\u00e9tecter et corriger les erreurs de donn\u00e9es, am\u00e9liorant ainsi la pr\u00e9cision et la fiabilit\u00e9 des donn\u00e9es.<\/li>\n<li><strong>Capteurs de temp\u00e9rature d\u00e9di\u00e9s<\/strong> : Les kits de m\u00e9moire DDR5 R-DIMM de la s\u00e9rie T5 Neo incluent des capteurs thermiques int\u00e9gr\u00e9s sur chaque module de m\u00e9moire pour permettre la surveillance de la temp\u00e9rature.<\/li>\n<li><strong>Profils AMD EXPO<\/strong><\/li>\n<\/ul>\n<p>&nbsp;<\/p>\n<\/div>\n<\/section>\n<\/div><\/div>\n","protected":false},"excerpt":{"rendered":"<p>Kit Quad Channel 4 barrettes de RAM DDR5 PC5-51200 &#8211; F5-6400R3644E64GQ4-T5N &#8211; AMD EXPO<\/p>\n","protected":false},"featured_media":220308,"comment_status":"open","ping_status":"closed","template":"","meta":{"_monsterinsights_skip_tracking":false,"_monsterinsights_sitenote_active":false,"_monsterinsights_sitenote_note":"","_monsterinsights_sitenote_category":0},"etheme_brands":[{"term_id":419,"name":"G.Skill","slug":"g-skill","term_group":0,"term_taxonomy_id":419,"taxonomy":"brand","description":"","parent":0,"count":183,"filter":"raw"}],"product_brand":[],"product_cat":[27],"product_tag":[],"class_list":{"0":"post-220307","1":"product","2":"type-product","3":"status-publish","4":"has-post-thumbnail","6":"brand-g-skill","7":"product_cat-memory-ram","9":"first","10":"instock","11":"taxable","12":"shipping-taxable","13":"purchasable","14":"product-type-simple"},"_links":{"self":[{"href":"https:\/\/electrovideo.eu\/en\/wp-json\/wp\/v2\/product\/220307","targetHints":{"allow":["GET"]}}],"collection":[{"href":"https:\/\/electrovideo.eu\/en\/wp-json\/wp\/v2\/product"}],"about":[{"href":"https:\/\/electrovideo.eu\/en\/wp-json\/wp\/v2\/types\/product"}],"replies":[{"embeddable":true,"href":"https:\/\/electrovideo.eu\/en\/wp-json\/wp\/v2\/comments?post=220307"}],"version-history":[{"count":0,"href":"https:\/\/electrovideo.eu\/en\/wp-json\/wp\/v2\/product\/220307\/revisions"}],"wp:featuredmedia":[{"embeddable":true,"href":"https:\/\/electrovideo.eu\/en\/wp-json\/wp\/v2\/media\/220308"}],"wp:attachment":[{"href":"https:\/\/electrovideo.eu\/en\/wp-json\/wp\/v2\/media?parent=220307"}],"wp:term":[{"taxonomy":"brand","embeddable":true,"href":"https:\/\/electrovideo.eu\/en\/wp-json\/wp\/v2\/etheme_brands?post=220307"},{"taxonomy":"product_brand","embeddable":true,"href":"https:\/\/electrovideo.eu\/en\/wp-json\/wp\/v2\/product_brand?post=220307"},{"taxonomy":"product_cat","embeddable":true,"href":"https:\/\/electrovideo.eu\/en\/wp-json\/wp\/v2\/product_cat?post=220307"},{"taxonomy":"product_tag","embeddable":true,"href":"https:\/\/electrovideo.eu\/en\/wp-json\/wp\/v2\/product_tag?post=220307"}],"curies":[{"name":"wp","href":"https:\/\/api.w.org\/{rel}","templated":true}]}}