{"id":220286,"date":"2025-11-23T23:56:01","date_gmt":"2025-11-23T21:56:01","guid":{"rendered":"https:\/\/electrovideo.eu\/produit\/crucial-ddr5-pro-overclocking-32-go-2-x-16-go-6400-mhz-cl32-blanc\/"},"modified":"2025-12-01T20:21:09","modified_gmt":"2025-12-01T18:21:09","slug":"crucial-ddr5-pro-overclocking-32-go-2-x-16-go-6400-mhz-cl32-blanc","status":"publish","type":"product","link":"https:\/\/electrovideo.eu\/en\/product\/crucial-ddr5-pro-overclocking-32-go-2-x-16-go-6400-mhz-cl32-blanc\/","title":{"rendered":"Crucial DDR5 Pro Overclocking 32 Go (2 x 16 Go) 6400 MHz CL32 Blanc"},"content":{"rendered":"<div id=\"description\" class=\"description\">\n<div class=\"details-pdt-desc\">\n<h2 class=\"h2-master\">Crucial Pro Overclocking : La m\u00e9moire gamer faible latence<\/h2>\n<section>Faites passer les performances de votre setup gaming au niveau sup\u00e9rieur gr\u00e2ce \u00e0 la vitesse et \u00e0 la bande passante offertes par la m\u00e9moire <strong>Crucial Pro DDR5 Overclocking<\/strong>. Gr\u00e2ce \u00e0 la prise en charge des profils Intel XMP 3.0 et AMD EXPO pour chaque module, vous \u00e9liminez par ailleurs les probl\u00e8mes de compatibilit\u00e9 et disposez de la flexibilit\u00e9 n\u00e9cessaire pour construire votre configuration PC comme bon vous semble. Disponible en capacit\u00e9s de 16 et 24 Go avec un dissipateur thermique en aluminium, la m\u00e9moire DDR5 Crucial Pro : \u00e9dition overclocking vous ouvre les portes d\u2019un nouveau monde.<br \/>\n<\/section>\n<section>\n<div class=\"desc-image\"><img decoding=\"async\" src=\"https:\/\/electrovideo.eu\/wp-content\/uploads\/2025\/11\/crucial_pro_oc_0001.jpg\" alt=\"\" \/><\/div>\n<div class=\"desc-text\">\n<h2>Points forts<\/h2>\n<ul>\n<li><strong>Dissipateur thermique en aluminium<\/strong> au design \u00e9pur\u00e9 inspir\u00e9 de l\u2019origami, froid au touch\u00e9<\/li>\n<li>Pas de LED RGB\/ARGB pour une configuration sobre<\/li>\n<li>Des performances acc\u00e9l\u00e9r\u00e9es pour plus de victoires : Puisque chaque milliseconde gagn\u00e9e dans un jeu rapide fait la diff\u00e9rence, prenez l\u2019avantage gr\u00e2ce \u00e0 une latence r\u00e9duite pour des taux de rafra\u00eechissement par seconde plus \u00e9lev\u00e9s<\/li>\n<li>Compatible Intel et AMD :\u00a0La m\u00e9moire DDR5 Crucial Pro pour l\u2019overclocking est compatible avec les processeurs d\u2019ordinateur de bureau Intel Core 12\u00e8me g\u00e9n\u00e9ration et ult\u00e9rieures, AMD Ryzen s\u00e9rie 7000 et sup\u00e9rieures<\/li>\n<li>En supportant \u00e0 la fois les profils Intel XMP 3.0 et AMD EXPO, Crucial vous offre une grande flexibilit\u00e9 dans le choix de vos composants<\/li>\n<\/ul>\n<p>&nbsp;<\/p>\n<\/div>\n<\/section>\n<\/div>\n<\/div>\n","protected":false},"excerpt":{"rendered":"<p>Kit Dual Channel 2 barrettes de RAM DDR5 PC5-51200 &#8211; CP2K16G64C32U5W<\/p>\n","protected":false},"featured_media":220287,"comment_status":"open","ping_status":"closed","template":"","meta":{"_monsterinsights_skip_tracking":false,"_monsterinsights_sitenote_active":false,"_monsterinsights_sitenote_note":"","_monsterinsights_sitenote_category":0},"etheme_brands":[{"term_id":365,"name":"Crucial","slug":"crucial","term_group":0,"term_taxonomy_id":365,"taxonomy":"brand","description":"","parent":0,"count":41,"filter":"raw"}],"product_brand":[],"product_cat":[27],"product_tag":[],"class_list":{"0":"post-220286","1":"product","2":"type-product","3":"status-publish","4":"has-post-thumbnail","6":"brand-crucial","7":"product_cat-memory-ram","9":"first","10":"instock","11":"taxable","12":"shipping-taxable","13":"purchasable","14":"product-type-simple"},"_links":{"self":[{"href":"https:\/\/electrovideo.eu\/en\/wp-json\/wp\/v2\/product\/220286","targetHints":{"allow":["GET"]}}],"collection":[{"href":"https:\/\/electrovideo.eu\/en\/wp-json\/wp\/v2\/product"}],"about":[{"href":"https:\/\/electrovideo.eu\/en\/wp-json\/wp\/v2\/types\/product"}],"replies":[{"embeddable":true,"href":"https:\/\/electrovideo.eu\/en\/wp-json\/wp\/v2\/comments?post=220286"}],"version-history":[{"count":0,"href":"https:\/\/electrovideo.eu\/en\/wp-json\/wp\/v2\/product\/220286\/revisions"}],"wp:featuredmedia":[{"embeddable":true,"href":"https:\/\/electrovideo.eu\/en\/wp-json\/wp\/v2\/media\/220287"}],"wp:attachment":[{"href":"https:\/\/electrovideo.eu\/en\/wp-json\/wp\/v2\/media?parent=220286"}],"wp:term":[{"taxonomy":"brand","embeddable":true,"href":"https:\/\/electrovideo.eu\/en\/wp-json\/wp\/v2\/etheme_brands?post=220286"},{"taxonomy":"product_brand","embeddable":true,"href":"https:\/\/electrovideo.eu\/en\/wp-json\/wp\/v2\/product_brand?post=220286"},{"taxonomy":"product_cat","embeddable":true,"href":"https:\/\/electrovideo.eu\/en\/wp-json\/wp\/v2\/product_cat?post=220286"},{"taxonomy":"product_tag","embeddable":true,"href":"https:\/\/electrovideo.eu\/en\/wp-json\/wp\/v2\/product_tag?post=220286"}],"curies":[{"name":"wp","href":"https:\/\/api.w.org\/{rel}","templated":true}]}}