{"id":218692,"date":"2025-10-01T00:24:23","date_gmt":"2025-09-30T22:24:23","guid":{"rendered":"https:\/\/electrovideo.eu\/produit\/corsair-gaming-k70-rgb-pro-cherry-mx-red\/"},"modified":"2025-10-01T00:24:23","modified_gmt":"2025-09-30T22:24:23","slug":"corsair-gaming-k70-rgb-pro-cherry-mx-red","status":"publish","type":"product","link":"https:\/\/electrovideo.eu\/en\/product\/corsair-gaming-k70-rgb-pro-cherry-mx-red\/","title":{"rendered":"Corsair Gaming K70 RGB Pro (Cherry MX Red)"},"content":{"rendered":"<div id=\"description\" class=\"description\">\n<div class=\"details-pdt-desc\">\n<h2 class=\"h2-master\">La l\u00e9gende continue<\/h2>\n<section>\n<p>Prenez l&#8217;ascendant sur tous vos adversaires gr\u00e2ce au <strong>Corsair Gaming K70 RGB Pro<\/strong>. Test\u00e9 par des professionnels de l&#8217;e-sport, il est dot\u00e9 de switches Cherry MX Red et b\u00e9n\u00e9ficie de la technologie d&#8217;hyper-traitement Corsair Axon pour une transmission des entr\u00e9es jusqu&#8217;\u00e0 8x plus rapidement que les claviers gaming traditionnels. Il dispose en plus d&#8217;un r\u00e9tro-\u00e9clairage RGB personnalisable&nbsp;pour vous aider \u00e0 le personnaliser selon vos envies.<\/p>\n<p>Id\u00e9al pour ne faire qu&#8217;une bouch\u00e9e de vos ennemis, il est une arme redoutable pour remporter de nombreuses victoires.<\/p>\n<\/section>\n<section>\n<div class=\"desc-image\"><span><img decoding=\"async\" alt=\"\" loading=\"lazy\" src=\"https:\/\/electrovideo.eu\/wp-content\/uploads\/2025\/10\/1-1.jpg\"><\/span><\/div>\n<div class=\"desc-text\">\n<h2>Switches Cherry MX Red<\/h2>\n<p><strong>Type :<\/strong>&nbsp;lin\u00e9aire<br \/>\n<strong>Pression n\u00e9cessaire :&nbsp;<\/strong>45 g<br \/>\n<strong>Distance d&#8217;actionnement :<\/strong> 2.0 mm<br \/>\n<strong>&nbsp;&nbsp;&nbsp;<\/strong><br \/>\nLes&nbsp;<strong>switches MX Red<\/strong>&nbsp;sont lin\u00e9aires, donc sans retour audio et tactile. La pression requise pour activer l\u2019interrupteur est en dessous de la moyenne, la frappe est rapide, pr\u00e9cise et silencieuse :&nbsp;<strong>parfaite pour les personnes d\u00e9sirant silence et saisie sans fatigue<\/strong>.<\/p>\n<\/div>\n<\/section>\n<section>\n<div class=\"desc-text\">\n<h2>Un style unique<\/h2>\n<p>Le Corsair Gaming K70 RGB Pro poss\u00e8de <strong>des touches \u00e0 double injection PBT haute r\u00e9sistance<\/strong> pour une durabilit\u00e9 accrue. Ce n&#8217;est pas tout, il est \u00e9galement <strong>enti\u00e8rement anti-ghosting<\/strong> pour un enregistrement de chaque frappe, peu importe la vitesse \u00e0 laquelle vous jouez.<\/p>\n<p>Pour affirmer votre style lors des comp\u00e9titions, vous pouvez choisir et personnaliser l&#8217;\u00e9clairage de votre clavier K70 RGB Pro gr\u00e2ce \u00e0 un syst\u00e8me de&nbsp;<strong>r\u00e9tro-\u00e9clairage multicolore LED<\/strong>.&nbsp;Avec plus de&nbsp;<strong>16 millions de combinaisons<\/strong>&nbsp;\u00e0 votre disposition, votre clavier ne ressemblera \u00e0 aucun autre.&nbsp;Et avec le <strong>bouton Tournoi<\/strong>, activez ce dernier pour emp\u00eacher l&#8217;activation involontaire des macros et passer \u00e0 un r\u00e9tro\u00e9clairage statique moins distrayant.<\/p>\n<\/div>\n<div class=\"desc-image\"><span><img decoding=\"async\" alt=\"\" loading=\"lazy\" src=\"https:\/\/electrovideo.eu\/wp-content\/uploads\/2025\/10\/2-1.jpg\"><\/span><\/div>\n<\/section>\n<section class=\"list\">\n<h2>Caract\u00e9ristiques principales :<\/h2>\n<ul>\n<li><strong>Clavier m\u00e9canique pour gamer<\/strong><\/li>\n<li><strong>Switches Cherry MX Red<\/strong>&nbsp;: mouvement lin\u00e9aire combin\u00e9 \u00e0 une tension de ressort minimale pour une frappe douce<\/li>\n<li><strong>Technologie d&#8217;hyper-trairement Corsair Axon<\/strong><\/li>\n<li>Touches \u00e0 double injection PBT haute r\u00e9sistance pour une durabilit\u00e9 accrue<\/li>\n<li>Anti-ghosting complet<\/li>\n<li>Polling Rate de 8000 Hz<\/li>\n<li><strong>Bouton Tournoi<\/strong> pour emp\u00eacher l&#8217;activation involontaire des macros<\/li>\n<li>Touches multim\u00e9dia d\u00e9di\u00e9es et molette de contr\u00f4le du volume<\/li>\n<li>Ch\u00e2ssis en aluminium r\u00e9sistant et raffin\u00e9<\/li>\n<li><strong>R\u00e9tro-\u00e9clairage multicolore LED&nbsp;RGB<\/strong>&nbsp;avec plus de 16 millions de combinaisons et des effets lumineux<\/li>\n<li>Compatible iCUE<\/li>\n<li>Stockage interne : 8 Mo (jusqu&#8217;\u00e0 50 profils)<\/li>\n<li>Connectique : USB<\/li>\n<li>Longueur du c\u00e2ble : 1.8 m<\/li>\n<li>Dimensions&nbsp;: 444 x 166 x 40&nbsp;mm<\/li>\n<li>Poids&nbsp;: 1.15&nbsp;kg<\/li>\n<\/ul>\n<\/section>\n<\/div><\/div>\n","protected":false},"excerpt":{"rendered":"<p>Clavier gaming &#8211; interrupteurs m\u00e9caniques rouges (switches Cherry MX Red) &#8211; r\u00e9tro\u00e9clairage RGB &#8211; technologie Axon &#8211; touches multim\u00e9dia et molette de contr\u00f4le &#8211; AZERTY, Fran\u00e7ais<\/p>\n","protected":false},"featured_media":218694,"comment_status":"open","ping_status":"closed","template":"","meta":{"_monsterinsights_skip_tracking":false,"_monsterinsights_sitenote_active":false,"_monsterinsights_sitenote_note":"","_monsterinsights_sitenote_category":0},"etheme_brands":[{"term_id":43,"name":"Corsair","slug":"corsair","term_group":0,"term_taxonomy_id":43,"taxonomy":"brand","description":"","parent":0,"count":182,"filter":"raw"}],"product_brand":[],"product_cat":[40],"product_tag":[],"class_list":{"0":"post-218692","1":"product","2":"type-product","3":"status-publish","4":"has-post-thumbnail","6":"brand-corsair","7":"product_cat-gaming-keyboard","9":"first","10":"instock","11":"taxable","12":"shipping-taxable","13":"purchasable","14":"product-type-simple"},"_links":{"self":[{"href":"https:\/\/electrovideo.eu\/en\/wp-json\/wp\/v2\/product\/218692","targetHints":{"allow":["GET"]}}],"collection":[{"href":"https:\/\/electrovideo.eu\/en\/wp-json\/wp\/v2\/product"}],"about":[{"href":"https:\/\/electrovideo.eu\/en\/wp-json\/wp\/v2\/types\/product"}],"replies":[{"embeddable":true,"href":"https:\/\/electrovideo.eu\/en\/wp-json\/wp\/v2\/comments?post=218692"}],"version-history":[{"count":0,"href":"https:\/\/electrovideo.eu\/en\/wp-json\/wp\/v2\/product\/218692\/revisions"}],"wp:featuredmedia":[{"embeddable":true,"href":"https:\/\/electrovideo.eu\/en\/wp-json\/wp\/v2\/media\/218694"}],"wp:attachment":[{"href":"https:\/\/electrovideo.eu\/en\/wp-json\/wp\/v2\/media?parent=218692"}],"wp:term":[{"taxonomy":"brand","embeddable":true,"href":"https:\/\/electrovideo.eu\/en\/wp-json\/wp\/v2\/etheme_brands?post=218692"},{"taxonomy":"product_brand","embeddable":true,"href":"https:\/\/electrovideo.eu\/en\/wp-json\/wp\/v2\/product_brand?post=218692"},{"taxonomy":"product_cat","embeddable":true,"href":"https:\/\/electrovideo.eu\/en\/wp-json\/wp\/v2\/product_cat?post=218692"},{"taxonomy":"product_tag","embeddable":true,"href":"https:\/\/electrovideo.eu\/en\/wp-json\/wp\/v2\/product_tag?post=218692"}],"curies":[{"name":"wp","href":"https:\/\/api.w.org\/{rel}","templated":true}]}}