{"id":218596,"date":"2025-10-01T00:24:23","date_gmt":"2025-09-30T22:24:23","guid":{"rendered":"https:\/\/electrovideo.eu\/produit\/asus-rog-falchion-nx-noir\/"},"modified":"2025-10-01T00:24:23","modified_gmt":"2025-09-30T22:24:23","slug":"asus-rog-falchion-nx-noir","status":"publish","type":"product","link":"https:\/\/electrovideo.eu\/en\/product\/asus-rog-falchion-nx-noir\/","title":{"rendered":"ASUS ROG Falchion NX &#8211; Noir"},"content":{"rendered":"<div id=\"description\" class=\"description\">\n<div class=\"details-pdt-desc\">\n<h2 class=\"h2-master\">Jouez sans compromis<\/h2>\n<section>\n<p>Le clavier m\u00e9canique avec ou sans fil <strong>ASUS ROG Falchion NX<\/strong> avec format r\u00e9duit \u00e0 65 % est con\u00e7u pour r\u00e9volutionner votre mani\u00e8re de jouer ! Le ROG Falchion NX int\u00e8gre des touches \u00e0 switches m\u00e9caniques exclusifs ROG NX, qui pr\u00e9sentent une activation rapide et une courbe force\/course sp\u00e9cialement con\u00e7ue pour une saisie plus fluide. Le ROG Falchion NX b\u00e9n\u00e9ficie d&#8217;une connectivit\u00e9 sans fil RF 2,4 GHZ pour une r\u00e9activit\u00e9 de 1 ms, ainsi que d&#8217;une autonomie de 450 heures sur une seule charge.<br \/>\n&nbsp;<\/p>\n<\/section>\n<section>\n<div class=\"desc-image\"><span><img decoding=\"async\" alt=\"\" loading=\"lazy\" src=\"https:\/\/electrovideo.eu\/wp-content\/uploads\/2025\/10\/1-8.jpg\"><\/span><\/div>\n<div class=\"desc-text\">\n<h2>Des interrupteurs m\u00e9caniques ROG NX<\/h2>\n<p>Le&nbsp;ASUS ROG Falchion&nbsp;embarque des <strong>commutateurs m\u00e9caniques ROG NX<\/strong> pour une victoire quasi certaine \u00e0 chaque bataille. Les touches ROG PBT \u00e0 double injection offrent des sensations uniques et une r\u00e9sistance accrue sur le long terme. Leur design a \u00e9t\u00e9 optimis\u00e9 par l&#8217;utilisation de touches de hauteur moyenne avec une tige raccourcie afin de r\u00e9duire leur vacillement \u00e0 l&#8217;activation et ainsi am\u00e9liorer le confort de frappe de l&#8217;utilisateur. Le processus de moulage \u00e0 double injection est particuli\u00e8rement pr\u00e9cis et permet de cr\u00e9er des touches translucides qui harmonisent l&#8217;\u00e9clairage RGB qu&#8217;elles diffusent par la suite.<\/p>\n<p>Avec son <strong>format compact de 65%<\/strong> et son <strong>couvercle de protection en polycarbonate<\/strong>, le clavier ASUS ROG Falchion NX sera un compagnon avec ou sans fil id\u00e9al pour vous accompagner dans toutes vos aventures !<\/p>\n<\/div>\n<\/section>\n<section>\n<div class=\"desc-text\">\n<h2>Un clavier \u00e0 votre image<\/h2>\n<p>Le clavier ASUS ROG Falchion NX poss\u00e8de un astucieux <strong>panneau tactile sur le c\u00f4t\u00e9 gauche<\/strong> qui vous permet de r\u00e9gler facilement le volume, de cr\u00e9er des raccourcis ou tout simplement \u00eatre utilis\u00e9 comme une touche macro. Et avec sa <strong>double connectivit\u00e9 USB\/RF 2.4 GHz<\/strong> et son <strong>autonomie allant jusqu&#8217;\u00e0 450 heures<\/strong>, il offre la stabilit\u00e9 et la long\u00e9vit\u00e9 dont vous avez besoin pour vivre une exp\u00e9rience de jeu ultime.<\/p>\n<p>Pour afficher fi\u00e8rement vos couleurs, le ASUS ROG Falchion&nbsp;est dot\u00e9 de la&nbsp;<strong>technologie Aura Sync RGB<\/strong>&nbsp;qui vous offre la possibilit\u00e9 de personnaliser votre clavier \u00e0 l&#8217;aide d&#8217;<strong>une grande vari\u00e9t\u00e9 de couleurs et d&#8217;effets lumineux<\/strong>. De plus, l&#8217;\u00e9clairage peut \u00eatre facilement synchronis\u00e9 avec les p\u00e9riph\u00e9riques de l&#8217;\u00e9co-syst\u00e8me Aura afin de cr\u00e9er un environnement unique et affirmer vos pr\u00e9f\u00e9rences.<\/p>\n<\/div>\n<div class=\"desc-image\"><span><img decoding=\"async\" alt=\"\" loading=\"lazy\" src=\"https:\/\/electrovideo.eu\/wp-content\/uploads\/2025\/10\/2-7.jpg\"><\/span><\/div>\n<\/section>\n<section class=\"list\">\n<h2>Principales caract\u00e9ristiques :<\/h2>\n<ul>\n<li><strong>Clavier m\u00e9canique ultra-compact 65% (AZERTY, Fran\u00e7ais)<\/strong><\/li>\n<li><strong>Switches ASUS ROG NX (Red \/ Blue \/ Brown )<\/strong><\/li>\n<li>Touches ABS<\/li>\n<li><strong>Double connectivit\u00e9 : USB et RF 2.4 GHz<\/strong><\/li>\n<li>100% anti-ghosting et N-Key Rollover<\/li>\n<li><strong>Panneau tactile interactif sur le c\u00f4t\u00e9 gauche<\/strong><\/li>\n<li><strong>Couvercle de protection en polycarbonate<\/strong><\/li>\n<li>Enregistrement de macros \u00e0 la vol\u00e9e<\/li>\n<li>Touche de verrouillage des fonctions<\/li>\n<li><strong>R\u00e9tro\u00e9clairage Aura Sync RGB par touche<\/strong><\/li>\n<li>M\u00e9moire embarqu\u00e9e : jusqu&#8217;\u00e0 6 profils<\/li>\n<li><strong>Autonomie : jusqu&#8217;\u00e0 450 heures<\/strong><\/li>\n<li>Charge rapide : 32 heures d&#8217;autonomie en seulement 30 minutes de charge<\/li>\n<li>Compatibilit\u00e9&nbsp;: Windows 10 \/ 11<\/li>\n<li>Dimensions&nbsp;: 305 x 101 x 38.5 mm<\/li>\n<li>Poids : 520&nbsp;g<\/li>\n<\/ul>\n<\/section>\n<\/div><\/div>\n","protected":false},"excerpt":{"rendered":"<p>Clavier gaming avec ou sans fil &#8211; USB\/RF 2.4 GHz &#8211; format ultra-compact 65% &#8211; interrupteurs m\u00e9caniques (switches ROG NX) &#8211; r\u00e9tro\u00e9clairage RGB Aura Sync &#8211; panneau tactile sur le c\u00f4t\u00e9 &#8211; couvercle de protection &#8211; AZERTY, Fran\u00e7ais<\/p>\n","protected":false},"featured_media":218598,"comment_status":"open","ping_status":"closed","template":"","meta":{"_monsterinsights_skip_tracking":false,"_monsterinsights_sitenote_active":false,"_monsterinsights_sitenote_note":"","_monsterinsights_sitenote_category":0},"etheme_brands":[{"term_id":53,"name":"ASUS","slug":"asus","term_group":0,"term_taxonomy_id":53,"taxonomy":"brand","description":"","parent":0,"count":248,"filter":"raw"}],"product_brand":[],"product_cat":[40],"product_tag":[],"class_list":{"0":"post-218596","1":"product","2":"type-product","3":"status-publish","4":"has-post-thumbnail","6":"brand-asus","7":"product_cat-gaming-keyboard","9":"first","10":"instock","11":"taxable","12":"shipping-taxable","13":"purchasable","14":"product-type-simple"},"_links":{"self":[{"href":"https:\/\/electrovideo.eu\/en\/wp-json\/wp\/v2\/product\/218596","targetHints":{"allow":["GET"]}}],"collection":[{"href":"https:\/\/electrovideo.eu\/en\/wp-json\/wp\/v2\/product"}],"about":[{"href":"https:\/\/electrovideo.eu\/en\/wp-json\/wp\/v2\/types\/product"}],"replies":[{"embeddable":true,"href":"https:\/\/electrovideo.eu\/en\/wp-json\/wp\/v2\/comments?post=218596"}],"version-history":[{"count":0,"href":"https:\/\/electrovideo.eu\/en\/wp-json\/wp\/v2\/product\/218596\/revisions"}],"wp:featuredmedia":[{"embeddable":true,"href":"https:\/\/electrovideo.eu\/en\/wp-json\/wp\/v2\/media\/218598"}],"wp:attachment":[{"href":"https:\/\/electrovideo.eu\/en\/wp-json\/wp\/v2\/media?parent=218596"}],"wp:term":[{"taxonomy":"brand","embeddable":true,"href":"https:\/\/electrovideo.eu\/en\/wp-json\/wp\/v2\/etheme_brands?post=218596"},{"taxonomy":"product_brand","embeddable":true,"href":"https:\/\/electrovideo.eu\/en\/wp-json\/wp\/v2\/product_brand?post=218596"},{"taxonomy":"product_cat","embeddable":true,"href":"https:\/\/electrovideo.eu\/en\/wp-json\/wp\/v2\/product_cat?post=218596"},{"taxonomy":"product_tag","embeddable":true,"href":"https:\/\/electrovideo.eu\/en\/wp-json\/wp\/v2\/product_tag?post=218596"}],"curies":[{"name":"wp","href":"https:\/\/api.w.org\/{rel}","templated":true}]}}