{"id":218594,"date":"2025-10-01T00:24:23","date_gmt":"2025-09-30T22:24:23","guid":{"rendered":"https:\/\/electrovideo.eu\/produit\/corsair-gaming-k65-plus-wireless-mlx-fusion\/"},"modified":"2025-10-01T00:24:23","modified_gmt":"2025-09-30T22:24:23","slug":"corsair-gaming-k65-plus-wireless-mlx-fusion","status":"publish","type":"product","link":"https:\/\/electrovideo.eu\/en\/product\/corsair-gaming-k65-plus-wireless-mlx-fusion\/","title":{"rendered":"Corsair Gaming K65 Plus Wireless (MLX Fusion)"},"content":{"rendered":"<div id=\"description\" class=\"description\">\n<div class=\"details-pdt-desc\">\n<h2 class=\"h2-master\">Alliez performances et style<\/h2>\n<section>\n<p>Avec son format compact 75%, le <strong>Corsair K65 Plus<\/strong>&nbsp;<strong>Wireless<\/strong> s&#8217;int\u00e8gre facilement \u00e0 n&#8217;importe quelle configuration et offre une exp\u00e9rience gaming confortable. Il est un v\u00e9ritable atout \u00e0 la fois en termes de performance et de personnalisation, car il est \u00e9quip\u00e9 de switches Corsair MLX Fusion pr\u00e9-lubri\u00e9fi\u00e9s pour une sensation de frappe unique.<\/p>\n<p>Il dispose en plus d&#8217;un r\u00e9tro-\u00e9clairage RGB personnalisable&nbsp;pour vous aider \u00e0 le personnaliser selon vos envies.<\/p>\n<\/section>\n<section>\n<div class=\"desc-image\"><span><img decoding=\"async\" alt=\"\" loading=\"lazy\" src=\"https:\/\/electrovideo.eu\/wp-content\/uploads\/2025\/10\/1-3.jpg\"><\/span><\/div>\n<div class=\"desc-text\">\n<h2>Switches Corsair MLX Fusion<\/h2>\n<p><strong>Type :<\/strong>&nbsp;tactile<br \/>\n<strong>Pression n\u00e9cessaire :&nbsp;<\/strong>40 g<br \/>\n<strong>Distance d&#8217;actionnement :<\/strong> 3.4 mm<br \/>\n<strong>&nbsp;&nbsp;&nbsp;<\/strong><br \/>\nLes&nbsp;<strong>switches MLX Red&nbsp;sont pr\u00e9-lubrifi\u00e9es<\/strong> dont la bosse tactile pr\u00e9coce procure une sensation de frappe satisfaisante.<\/p>\n<p><strong>Modifiez<\/strong> facilement votre K65 Plus Wireless pour vous l\u2019approprier. De nombreuses options (vendues s\u00e9par\u00e9ment) offrent une multitude de possibilit\u00e9s. Les <strong>switchs de touche sont \u00e9changeables \u00e0 chaud<\/strong>.<\/p>\n<\/div>\n<\/section>\n<section class=\"list\">\n<h2>Caract\u00e9ristiques principales :<\/h2>\n<ul>\n<li><strong>Clavier m\u00e9canique sans fil compact 75%<\/strong><\/li>\n<li><strong>Switches Corsair MLX Fusion<\/strong>: une sensation de frappe satisfaisante<\/li>\n<li><strong>Molette rotative multifonction<\/strong><\/li>\n<li>Touches PBT sublimement color\u00e9es<\/li>\n<li>Anti-ghosting complet<\/li>\n<li>Connectivit\u00e9 : Bluetooth \/ RF 2.4 GHz \/ Filaire<\/li>\n<li>Autonomie : jusqu&#8217;\u00e0 266 heures<\/li>\n<li>Compatible iCUE<\/li>\n<\/ul>\n<\/section>\n<\/div><\/div>\n","protected":false},"excerpt":{"rendered":"<p>Clavier sans fil gaming &#8211; format compact 75% &#8211; Bluetooth\/RF 2.4 GHz &#8211; interrupteurs m\u00e9caniques Corsair MLX Fusion &#8211; r\u00e9tro\u00e9clairage RGB &#8211; AZERTY, Fran\u00e7ais<\/p>\n","protected":false},"featured_media":218595,"comment_status":"open","ping_status":"closed","template":"","meta":{"_monsterinsights_skip_tracking":false,"_monsterinsights_sitenote_active":false,"_monsterinsights_sitenote_note":"","_monsterinsights_sitenote_category":0},"etheme_brands":[{"term_id":43,"name":"Corsair","slug":"corsair","term_group":0,"term_taxonomy_id":43,"taxonomy":"brand","description":"","parent":0,"count":182,"filter":"raw"}],"product_brand":[],"product_cat":[40],"product_tag":[],"class_list":{"0":"post-218594","1":"product","2":"type-product","3":"status-publish","4":"has-post-thumbnail","6":"brand-corsair","7":"product_cat-gaming-keyboard","9":"first","10":"instock","11":"taxable","12":"shipping-taxable","13":"purchasable","14":"product-type-simple"},"_links":{"self":[{"href":"https:\/\/electrovideo.eu\/en\/wp-json\/wp\/v2\/product\/218594","targetHints":{"allow":["GET"]}}],"collection":[{"href":"https:\/\/electrovideo.eu\/en\/wp-json\/wp\/v2\/product"}],"about":[{"href":"https:\/\/electrovideo.eu\/en\/wp-json\/wp\/v2\/types\/product"}],"replies":[{"embeddable":true,"href":"https:\/\/electrovideo.eu\/en\/wp-json\/wp\/v2\/comments?post=218594"}],"version-history":[{"count":0,"href":"https:\/\/electrovideo.eu\/en\/wp-json\/wp\/v2\/product\/218594\/revisions"}],"wp:featuredmedia":[{"embeddable":true,"href":"https:\/\/electrovideo.eu\/en\/wp-json\/wp\/v2\/media\/218595"}],"wp:attachment":[{"href":"https:\/\/electrovideo.eu\/en\/wp-json\/wp\/v2\/media?parent=218594"}],"wp:term":[{"taxonomy":"brand","embeddable":true,"href":"https:\/\/electrovideo.eu\/en\/wp-json\/wp\/v2\/etheme_brands?post=218594"},{"taxonomy":"product_brand","embeddable":true,"href":"https:\/\/electrovideo.eu\/en\/wp-json\/wp\/v2\/product_brand?post=218594"},{"taxonomy":"product_cat","embeddable":true,"href":"https:\/\/electrovideo.eu\/en\/wp-json\/wp\/v2\/product_cat?post=218594"},{"taxonomy":"product_tag","embeddable":true,"href":"https:\/\/electrovideo.eu\/en\/wp-json\/wp\/v2\/product_tag?post=218594"}],"curies":[{"name":"wp","href":"https:\/\/api.w.org\/{rel}","templated":true}]}}