{"id":218582,"date":"2025-10-01T00:24:23","date_gmt":"2025-09-30T22:24:23","guid":{"rendered":"https:\/\/electrovideo.eu\/produit\/corsair-gaming-k70-core\/"},"modified":"2025-10-01T00:24:23","modified_gmt":"2025-09-30T22:24:23","slug":"corsair-gaming-k70-core","status":"publish","type":"product","link":"https:\/\/electrovideo.eu\/en\/product\/corsair-gaming-k70-core\/","title":{"rendered":"Corsair Gaming K70 Core"},"content":{"rendered":"<div id=\"description\" class=\"description\">\n<div class=\"details-pdt-desc\">\n<h2 class=\"h2-master\">Vivez une incroyable exp\u00e9rience<\/h2>\n<section>\n<p>Prenez l&#8217;ascendant sur tous vos adversaires gr\u00e2ce au <strong>Corsair Gaming K70 Core<\/strong>. Il est dot\u00e9 de switches m\u00e9caniques Corsair Red pour u toucher et une sensation de frappe sup\u00e9rieurs&nbsp;et&nbsp;dispose en plus d&#8217;un r\u00e9tro-\u00e9clairage RGB personnalisable&nbsp;pour vous aider \u00e0 le personnaliser selon vos envies.<\/p>\n<p>Id\u00e9al pour ne faire qu&#8217;une bouch\u00e9e de vos ennemis, il est une arme redoutable pour remporter de nombreuses victoires.<\/p>\n<\/section>\n<section>\n<div class=\"desc-image\"><span><img decoding=\"async\" alt=\"\" loading=\"lazy\" src=\"https:\/\/electrovideo.eu\/wp-content\/uploads\/2025\/10\/2-3.jpg\"><\/span><\/div>\n<div class=\"desc-text\">\n<h2>SWITCHES Corsair Red<\/h2>\n<p><strong>Type :<\/strong>&nbsp;lin\u00e9aire<br \/>\n<strong>Pression n\u00e9cessaire :&nbsp;<\/strong>45 g<br \/>\n<strong>Distance d&#8217;actionnement :<\/strong>&nbsp;1.9 mm<br \/>\n<strong>&nbsp;&nbsp;&nbsp;<\/strong><br \/>\nLes&nbsp;<strong>switches Corsair Red<\/strong>&nbsp;sont lin\u00e9aires et poss\u00e8dent deux couches de mousse d&#8217;insonorisation pour un toucher et une sensation de frappes sup\u00e9rieurs.<\/p>\n<\/div>\n<\/section>\n<section>\n<div class=\"desc-text\">\n<h2>Un style unique<\/h2>\n<p>Pour affirmer votre style lors des comp\u00e9titions, vous pouvez choisir et personnaliser l&#8217;\u00e9clairage de votre clavier K70 Core gr\u00e2ce \u00e0 un syst\u00e8me de&nbsp;<strong>r\u00e9tro-\u00e9clairage multicolore LED<\/strong>.&nbsp;Avec plus de&nbsp;<strong>16 millions de combinaisons<\/strong>&nbsp;\u00e0 votre disposition, votre clavier ne ressemblera \u00e0 aucun autre.&nbsp;<\/p>\n<p>Et avec la <strong>molette rotative multifonction<\/strong> et un bouton m\u00e9dia programmable, prenez le contr\u00f4le facilement<\/p>\n<\/div>\n<div class=\"desc-image\"><span><img decoding=\"async\" alt=\"\" loading=\"lazy\" src=\"https:\/\/electrovideo.eu\/wp-content\/uploads\/2025\/10\/1-4.jpg\"><\/span><\/div>\n<\/section>\n<section class=\"list\">\n<h2>Caract\u00e9ristiques principales :<\/h2>\n<ul>\n<li><strong>Clavier m\u00e9canique pour gamer<\/strong><\/li>\n<li><strong>Switches Corsair Red<\/strong><\/li>\n<li>Touches \u00e0 double injection ABS pour une meilleure durabilit\u00e9<\/li>\n<li>Molette rotative multifonction et bouton m\u00e9dia programmable<\/li>\n<li>Ch\u00e2ssis en aluminium r\u00e9sistant et raffin\u00e9<\/li>\n<li><strong>R\u00e9tro-\u00e9clairage multicolore LED&nbsp;RGB<\/strong>&nbsp;avec plus de 16 millions de combinaisons et des effets lumineux<\/li>\n<li>Compatible iCUE<\/li>\n<li>Connectique : USB<\/li>\n<li>Longueur du c\u00e2ble : 1.8 m<\/li>\n<li>Dimensions&nbsp;: 448 x 153 x 35.4 mm<\/li>\n<li>Poids&nbsp;: 934 g<\/li>\n<\/ul>\n<\/section>\n<\/div><\/div>\n","protected":false},"excerpt":{"rendered":"<p>Clavier gaming &#8211; interrupteurs m\u00e9caniques (switches Corsair Red) &#8211; r\u00e9tro\u00e9clairage RGB &#8211; touches multim\u00e9dia et molette de contr\u00f4le &#8211; AZERTY, Fran\u00e7ais<\/p>\n","protected":false},"featured_media":218584,"comment_status":"open","ping_status":"closed","template":"","meta":{"_monsterinsights_skip_tracking":false,"_monsterinsights_sitenote_active":false,"_monsterinsights_sitenote_note":"","_monsterinsights_sitenote_category":0},"etheme_brands":[{"term_id":43,"name":"Corsair","slug":"corsair","term_group":0,"term_taxonomy_id":43,"taxonomy":"brand","description":"","parent":0,"count":182,"filter":"raw"}],"product_brand":[],"product_cat":[40],"product_tag":[],"class_list":{"0":"post-218582","1":"product","2":"type-product","3":"status-publish","4":"has-post-thumbnail","6":"brand-corsair","7":"product_cat-gaming-keyboard","9":"first","10":"instock","11":"taxable","12":"shipping-taxable","13":"purchasable","14":"product-type-simple"},"_links":{"self":[{"href":"https:\/\/electrovideo.eu\/en\/wp-json\/wp\/v2\/product\/218582","targetHints":{"allow":["GET"]}}],"collection":[{"href":"https:\/\/electrovideo.eu\/en\/wp-json\/wp\/v2\/product"}],"about":[{"href":"https:\/\/electrovideo.eu\/en\/wp-json\/wp\/v2\/types\/product"}],"replies":[{"embeddable":true,"href":"https:\/\/electrovideo.eu\/en\/wp-json\/wp\/v2\/comments?post=218582"}],"version-history":[{"count":0,"href":"https:\/\/electrovideo.eu\/en\/wp-json\/wp\/v2\/product\/218582\/revisions"}],"wp:featuredmedia":[{"embeddable":true,"href":"https:\/\/electrovideo.eu\/en\/wp-json\/wp\/v2\/media\/218584"}],"wp:attachment":[{"href":"https:\/\/electrovideo.eu\/en\/wp-json\/wp\/v2\/media?parent=218582"}],"wp:term":[{"taxonomy":"brand","embeddable":true,"href":"https:\/\/electrovideo.eu\/en\/wp-json\/wp\/v2\/etheme_brands?post=218582"},{"taxonomy":"product_brand","embeddable":true,"href":"https:\/\/electrovideo.eu\/en\/wp-json\/wp\/v2\/product_brand?post=218582"},{"taxonomy":"product_cat","embeddable":true,"href":"https:\/\/electrovideo.eu\/en\/wp-json\/wp\/v2\/product_cat?post=218582"},{"taxonomy":"product_tag","embeddable":true,"href":"https:\/\/electrovideo.eu\/en\/wp-json\/wp\/v2\/product_tag?post=218582"}],"curies":[{"name":"wp","href":"https:\/\/api.w.org\/{rel}","templated":true}]}}