{"id":218568,"date":"2025-10-01T00:32:48","date_gmt":"2025-09-30T22:32:48","guid":{"rendered":"https:\/\/electrovideo.eu\/produit\/ducky-channel-one-3-mini-black-cherry-mx-speed-silver\/"},"modified":"2025-10-01T00:32:48","modified_gmt":"2025-09-30T22:32:48","slug":"ducky-channel-one-3-mini-black-cherry-mx-speed-silver","status":"publish","type":"product","link":"https:\/\/electrovideo.eu\/en\/product\/ducky-channel-one-3-mini-black-cherry-mx-speed-silver\/","title":{"rendered":"Ducky Channel One 3 Mini Black (Cherry MX Speed Silver)"},"content":{"rendered":"<div id=\"description\" class=\"description\">\n<div class=\"details-pdt-desc\">\n<h2 class=\"h2-master\">Comme un parfum de victoire<\/h2>\n<section>\n<p>Le&nbsp;<strong>Ducky Channel One 3 Mini Black&nbsp;<\/strong>est un&nbsp;clavier m\u00e9canique haut de gamme qui&nbsp;vous propose&nbsp;un confort de jeu sup\u00e9rieur avec ses touches PBT et&nbsp;ses switches Cherry MX Speed Silver. Ultra-compact et \u00e9quip\u00e9 d&#8217;un r\u00e9tro\u00e9clairage RGB, ce mod\u00e8le suivra toutes vos envies !&nbsp;Cette nouvelle s\u00e9rie pr\u00e9sente la toute nouvelle philosophie de conception Quack Mechanics de Ducky, qui se concentre sur l&#8217;obtention d&#8217;une esth\u00e9tique de premier ordre, d&#8217;une fonctionnalit\u00e9 de remplacement \u00e0 chaud des interrupteurs et d&#8217;un amortissement du son.<\/p>\n<\/section>\n<section>\n<div class=\"desc-image\"><span><img decoding=\"async\" alt=\"\" loading=\"lazy\" src=\"https:\/\/electrovideo.eu\/wp-content\/uploads\/2025\/10\/1-13.jpg\"><\/span><\/div>\n<div class=\"desc-text\">\n<h2>Un \u00e9quipement de choix<\/h2>\n<p>Profitez d&#8217;un clavier de qualit\u00e9 tout en vous concentrant sur les fonctionnalit\u00e9s essentielles. Ce clavier Ducky Channel vous offre une surface de contr\u00f4le id\u00e9ale. Chaque touche poss\u00e8de un&nbsp;<strong>rev\u00eatement PBT<\/strong>&nbsp;pour une r\u00e9sistance accrue et une dur\u00e9e de vie allong\u00e9e gr\u00e2ce \u00e0 une usure r\u00e9duite face au temps et aux nombreuses heures de jeu.<br \/>\n&nbsp;<br \/>\nLe One 3&nbsp;Mini Black poss\u00e8de un&nbsp;<strong>r\u00e9tro-\u00e9clairage multicolore<\/strong>&nbsp;individuel pour chaque touche.&nbsp;S\u00e9lectionnez parmi plusieurs effets et jouez dans les meilleures conditions ! Et gr\u00e2ce \u00e0 la <strong>conception Quack Mechanics de Ducky<\/strong>, vous disposez d&#8217;un clavier stable avec une sensation et un son am\u00e9lior\u00e9. Quant au <strong>remplacement \u00e0 chaud des interrupteurs<\/strong>, vous allez pouvoir remplacer facilement vos touches \u00e0 tout moment.<\/p>\n<\/div>\n<\/section>\n<section>\n<div class=\"desc-text\">\n<h2>SWITCHES CHERRY MX SPEED SILVER<\/h2>\n<p><strong>Pression<\/strong>&nbsp;<strong>n\u00e9cessaire&nbsp;<\/strong>: 45 g<br \/>\n<strong>Point de contact<\/strong>&nbsp;: 1,2 mm<br \/>\n<strong>&nbsp;&nbsp;&nbsp;<\/strong><br \/>\nLe&nbsp;<strong>switch Silver est 40% plus rapide que le switch Cherry MX Standard<\/strong>&nbsp;et offre des d\u00e9lais de r\u00e9action extr\u00eamement courts et des fr\u00e9quences de commutation \u00e9lev\u00e9es. Insensible \u00e0 la poussi\u00e8re et \u00e0 la salet\u00e9, il poss\u00e8de&nbsp;<strong>une dur\u00e9e de vie de plus de 50 millions de frappes<\/strong>. Et avec un&nbsp;<strong>point de contact \u00e0 1,2 mm<\/strong>, il est le commutateur m\u00e9canique le plus rapide qui existe.<\/p>\n<\/div>\n<div class=\"desc-image\"><img decoding=\"async\" src=\"https:\/\/electrovideo.eu\/wp-content\/uploads\/2025\/10\/mx_speed_silver.jpg\"><\/div>\n<\/section>\n<section class=\"list\">\n<h2>Caract\u00e9ristiques principales :<\/h2>\n<ul>\n<li><strong>Clavier m\u00e9canique compact (60%) haut de gamme (AZERTY, Fran\u00e7ais)<\/strong><\/li>\n<li><strong>Switches Cherry MX Speed Silver<\/strong><\/li>\n<li><strong>R\u00e9tro-\u00e9clairage individuel des touches multicolore<\/strong><\/li>\n<li><strong>Nombreux effets visuels diff\u00e9rents<\/strong><\/li>\n<li>Con\u00e7u pour endurer plus de 50 millions de frappes sur chacune des touches<\/li>\n<li>Interrupteurs rempla\u00e7ables \u00e0 chaud<\/li>\n<li><strong>Rev\u00eatement des touches en polyt\u00e9r\u00e9phtalate de butyl\u00e8ne<\/strong>&nbsp;<strong>(PBT)<\/strong>&nbsp;pour encore plus de r\u00e9sistance \u00e0 l&#8217;usure et au temps<\/li>\n<li>Conception Quack Mechanics<\/li>\n<li>\u00c9quip\u00e9 d&#8217;amortisseurs acoustiques en silicone de haute qualit\u00e9 \u00e0 double couche et mousse EVA<\/li>\n<li>Technologie \u00ab N-Key rollover \u00bb (anti-ghosting)<\/li>\n<li>Technologie \u00ab 1000 Hz Report Rate \u00bb, pour un transfert de donn\u00e9es ultra-rapide (1 ms) entre le clavier et l\u2019ordinateur<\/li>\n<li>Pieds r\u00e9glables \u00e0 3 niveaux<\/li>\n<li>C\u00e2ble USB-C d\u00e9tachable<\/li>\n<li><strong>Interface USB<\/strong>&nbsp;<strong>2.0<\/strong><\/li>\n<\/ul>\n<\/section>\n<\/div><\/div>\n","protected":false},"excerpt":{"rendered":"<p>Clavier haut de gamme &#8211; format ultra-compact 60% &#8211; interrupteurs m\u00e9caniques argent\u00e9s (switches Cherry MX Speed Silver) &#8211; r\u00e9tro\u00e9clairage RGB &#8211; remplacement \u00e0 chaud des interrupteurs &#8211; touches en PBT &#8211; AZERTY, Fran\u00e7ais<\/p>\n","protected":false},"featured_media":218569,"comment_status":"open","ping_status":"closed","template":"","meta":{"_monsterinsights_skip_tracking":false,"_monsterinsights_sitenote_active":false,"_monsterinsights_sitenote_note":"","_monsterinsights_sitenote_category":0},"etheme_brands":[{"term_id":898,"name":"Ducky Channel","slug":"ducky-channel","term_group":0,"term_taxonomy_id":898,"taxonomy":"brand","description":"","parent":0,"count":21,"filter":"raw"}],"product_brand":[],"product_cat":[40],"product_tag":[],"class_list":{"0":"post-218568","1":"product","2":"type-product","3":"status-publish","4":"has-post-thumbnail","6":"brand-ducky-channel","7":"product_cat-gaming-keyboard","9":"first","10":"instock","11":"taxable","12":"shipping-taxable","13":"purchasable","14":"product-type-simple"},"_links":{"self":[{"href":"https:\/\/electrovideo.eu\/en\/wp-json\/wp\/v2\/product\/218568","targetHints":{"allow":["GET"]}}],"collection":[{"href":"https:\/\/electrovideo.eu\/en\/wp-json\/wp\/v2\/product"}],"about":[{"href":"https:\/\/electrovideo.eu\/en\/wp-json\/wp\/v2\/types\/product"}],"replies":[{"embeddable":true,"href":"https:\/\/electrovideo.eu\/en\/wp-json\/wp\/v2\/comments?post=218568"}],"version-history":[{"count":0,"href":"https:\/\/electrovideo.eu\/en\/wp-json\/wp\/v2\/product\/218568\/revisions"}],"wp:featuredmedia":[{"embeddable":true,"href":"https:\/\/electrovideo.eu\/en\/wp-json\/wp\/v2\/media\/218569"}],"wp:attachment":[{"href":"https:\/\/electrovideo.eu\/en\/wp-json\/wp\/v2\/media?parent=218568"}],"wp:term":[{"taxonomy":"brand","embeddable":true,"href":"https:\/\/electrovideo.eu\/en\/wp-json\/wp\/v2\/etheme_brands?post=218568"},{"taxonomy":"product_brand","embeddable":true,"href":"https:\/\/electrovideo.eu\/en\/wp-json\/wp\/v2\/product_brand?post=218568"},{"taxonomy":"product_cat","embeddable":true,"href":"https:\/\/electrovideo.eu\/en\/wp-json\/wp\/v2\/product_cat?post=218568"},{"taxonomy":"product_tag","embeddable":true,"href":"https:\/\/electrovideo.eu\/en\/wp-json\/wp\/v2\/product_tag?post=218568"}],"curies":[{"name":"wp","href":"https:\/\/api.w.org\/{rel}","templated":true}]}}