{"id":218503,"date":"2025-10-01T00:36:10","date_gmt":"2025-09-30T22:36:10","guid":{"rendered":"https:\/\/electrovideo.eu\/produit\/keychron-q3-pro-se-red\/"},"modified":"2025-10-01T00:36:10","modified_gmt":"2025-09-30T22:36:10","slug":"keychron-q3-pro-se-red","status":"publish","type":"product","link":"https:\/\/electrovideo.eu\/en\/product\/keychron-q3-pro-se-red\/","title":{"rendered":"Keychron Q3 Pro SE Red"},"content":{"rendered":"<div id=\"description\" class=\"description\">\n<div class=\"details-pdt-desc\">\n<h2 class=\"h2-master\">Passez au niveau sup\u00e9rieur<\/h2>\n<section>\n<p>Le clavier&nbsp;<strong>Keychron Q3 Pro SE<\/strong> est une excellente solution pour le multit\u00e2che gr\u00e2ce \u00e0 son format 65%. Avec lui, vous pouvez connecter jusqu&#8217;\u00e0 3 appareils via Bluetooth 5.1, que ce soit votre ordinateur portable, votre smartphone ou votre tablette. En outre, vous pouvez \u00e9galement connecter votre clavier en filaire via USB-C. Cette \u00e9dition sp\u00e9ciale poss\u00e8de notamment des touches personnalisables suppl\u00e9mentaires sur la gauche.<\/p>\n<\/section>\n<section>\n<div class=\"desc-image\"><span><img decoding=\"async\" alt=\"\" loading=\"lazy\" src=\"https:\/\/electrovideo.eu\/wp-content\/uploads\/2025\/10\/2-18.jpg\"><\/span><\/div>\n<div class=\"desc-text\">\n<h2>Une exp\u00e9rience de frappe incroyable<\/h2>\n<p>Pour tirer davantage parti de votre exp\u00e9rience de frappe, le Q3 Pro SE est livr\u00e9&nbsp;avec un profil OSA unique (profil OEM avec angle sph\u00e9rique) et des touches de r\u00e9tro\u00e9clairage ABS qui visent \u00e0 fournir une sensation plus confortable du bout des doigts et un fantastique effet de r\u00e9tro\u00e9clairage.&nbsp;Il est \u00e9galement dot\u00e9 d&#8217;un processeur ARM ultrabasse consommation equip\u00e9 d&#8217;une m\u00e9moire flash de 128 Ko pour offrir aux d\u00e9veloppeurs plus de flexibilit\u00e9.<\/p>\n<p>Le Q3 Pro SE a \u00e9t\u00e9 repens\u00e9 de l&#8217;int\u00e9rieur pour am\u00e9liorer l&#8217;exp\u00e9rience de frappe. La conception \u00e0 double joint est une nouvelle structure innovante dans l&#8217;industrie. En plus des joints sur les plaques, le Q3 Pro SE poss\u00e8de&nbsp;des coussinets en silicone entre les bo\u00eetiers sup\u00e9rieur et inf\u00e9rieur pour r\u00e9duire consid\u00e9rablement la r\u00e9sonance acoustique entre les m\u00e9taux et r\u00e9duire le bruit des m\u00e9taux impact\u00e9s.&nbsp;<\/p>\n<\/div>\n<\/section>\n<section class=\"list\">\n<h2>Principales caract\u00e9ristiques :<\/h2>\n<ul>\n<li><strong>Clavier au format 65% \u00e0 interrupteurs m\u00e9caniques rouges (switches Keychron K Pro)<\/strong><\/li>\n<li><strong>Force d&#8217;activation : 45 gf<\/strong><\/li>\n<li><strong>Distance d&#8217;activation : 4 mm<\/strong><\/li>\n<li><b>Type de switches : lin\u00e9aire<\/b><\/li>\n<li><b>Rempla\u00e7able \u00e0 chaud<\/b><\/li>\n<li>Processeur ARM Cortex-M4&nbsp;ultra basse consommation<\/li>\n<li>R\u00e9tro\u00e9clairage RGB personnalisable<\/li>\n<li>Touches macro personnalisables<\/li>\n<li>Support QMK\/VIA<\/li>\n<li>Fabriqu\u00e9 en aluminium 6063<\/li>\n<li>Molette programmable<\/li>\n<li><strong>Connectique : USB \/ Bluetooth 5.1<\/strong><\/li>\n<li>Batterie rechargeable 4000 mAh<\/li>\n<li>Compatible Windows et&nbsp;Mac<\/li>\n<\/ul>\n<\/section>\n<\/div><\/div>\n","protected":false},"excerpt":{"rendered":"<p>Clavier avec ou sans fil &#8211; format 65% &#8211; USB\/Bluetooth &#8211; interrupteurs m\u00e9caniques rouges (switches Keychron K Pro) &#8211; r\u00e9tro\u00e9clairage RGB &#8211; AZERTY, Fran\u00e7ais<\/p>\n","protected":false},"featured_media":218505,"comment_status":"open","ping_status":"closed","template":"","meta":{"_monsterinsights_skip_tracking":false,"_monsterinsights_sitenote_active":false,"_monsterinsights_sitenote_note":"","_monsterinsights_sitenote_category":0},"etheme_brands":[{"term_id":5547,"name":"Keychron","slug":"keychron","term_group":0,"term_taxonomy_id":5547,"taxonomy":"brand","description":"","parent":0,"count":5,"filter":"raw"}],"product_brand":[],"product_cat":[40],"product_tag":[],"class_list":{"0":"post-218503","1":"product","2":"type-product","3":"status-publish","4":"has-post-thumbnail","6":"brand-keychron","7":"product_cat-gaming-keyboard","9":"first","10":"instock","11":"taxable","12":"shipping-taxable","13":"purchasable","14":"product-type-simple"},"_links":{"self":[{"href":"https:\/\/electrovideo.eu\/en\/wp-json\/wp\/v2\/product\/218503","targetHints":{"allow":["GET"]}}],"collection":[{"href":"https:\/\/electrovideo.eu\/en\/wp-json\/wp\/v2\/product"}],"about":[{"href":"https:\/\/electrovideo.eu\/en\/wp-json\/wp\/v2\/types\/product"}],"replies":[{"embeddable":true,"href":"https:\/\/electrovideo.eu\/en\/wp-json\/wp\/v2\/comments?post=218503"}],"version-history":[{"count":0,"href":"https:\/\/electrovideo.eu\/en\/wp-json\/wp\/v2\/product\/218503\/revisions"}],"wp:featuredmedia":[{"embeddable":true,"href":"https:\/\/electrovideo.eu\/en\/wp-json\/wp\/v2\/media\/218505"}],"wp:attachment":[{"href":"https:\/\/electrovideo.eu\/en\/wp-json\/wp\/v2\/media?parent=218503"}],"wp:term":[{"taxonomy":"brand","embeddable":true,"href":"https:\/\/electrovideo.eu\/en\/wp-json\/wp\/v2\/etheme_brands?post=218503"},{"taxonomy":"product_brand","embeddable":true,"href":"https:\/\/electrovideo.eu\/en\/wp-json\/wp\/v2\/product_brand?post=218503"},{"taxonomy":"product_cat","embeddable":true,"href":"https:\/\/electrovideo.eu\/en\/wp-json\/wp\/v2\/product_cat?post=218503"},{"taxonomy":"product_tag","embeddable":true,"href":"https:\/\/electrovideo.eu\/en\/wp-json\/wp\/v2\/product_tag?post=218503"}],"curies":[{"name":"wp","href":"https:\/\/api.w.org\/{rel}","templated":true}]}}