{"id":218356,"date":"2025-10-01T00:42:57","date_gmt":"2025-09-30T22:42:57","guid":{"rendered":"https:\/\/electrovideo.eu\/produit\/logitech-g-g915-tenkeyless-lightspeed-carbone-tactile-version\/"},"modified":"2025-10-01T05:15:04","modified_gmt":"2025-10-01T03:15:04","slug":"logitech-g-g915-tenkeyless-lightspeed-carbone-tactile-version","status":"publish","type":"product","link":"https:\/\/electrovideo.eu\/en\/product\/logitech-g-g915-tenkeyless-lightspeed-carbone-tactile-version\/","title":{"rendered":"Logitech G G915 Tenkeyless Lightspeed Carbone (Tactile Version)"},"content":{"rendered":"<div id=\"description\" class=\"description\">\n<div class=\"details-pdt-desc\">\n<h2 class=\"h2-master\">Entrez dans la nouvelle dimension<\/h2>\n<section>\n<p>Rigoureusement con\u00e7u \u00e0 partir de mat\u00e9riaux premium, le clavier <strong>Logitech G915 TKL Lightspeed<\/strong> est dot\u00e9 d&#8217;un design sophistiqu\u00e9, d&#8217;une robustesse \u00e0 toute \u00e9preuve et de performances sans pr\u00e9c\u00e9dent.&nbsp;\u00c9quip\u00e9 de la technologie sans fil Lightspeed, vous b\u00e9n\u00e9ficiez d&#8217;une r\u00e9activit\u00e9 extr\u00eamement rapide d&#8217;une milliseconde pour prendre plus facilement le dessus sur vos adversaires. Ce n&#8217;est pas tout, il embarque de nouveaux switchs m\u00e9caniques ultra-plats hautes performances ainsi que la technologie RVB Lightsync pour vous permettre d&#8217;entrer dans une toute nouvelle dimension.<\/p>\n<\/section>\n<section>\n<div class=\"desc-image\"><span><img decoding=\"async\" alt=\"\" loading=\"lazy\" src=\"https:\/\/electrovideo.eu\/wp-content\/uploads\/2025\/10\/1-24.jpg\"><\/span><\/div>\n<div class=\"desc-text\">\n<h2>Prenez facilement le dessus<\/h2>\n<p>Le clavier Logitech G915 TKL Lightspeed est le premier clavier Logitech dot\u00e9 des nouveaux switchs GL m\u00e9caniques ultra-plats hautes performances offrant toute la vitesse, la pr\u00e9cision et les performances des switchs traditionnels pour une taille divis\u00e9e par deux. Cette version du clavier embarque des <strong>switchs GL Tactile<\/strong> qui disposent d&#8217;<strong>un retour pr\u00e9cis et instantan\u00e9, id\u00e9al pour le gaming comp\u00e9titif, notamment sur les FPS<\/strong>.<br \/>\n&nbsp;<\/p>\n<ul>\n<li><strong>Type de retour :<\/strong> retour perceptible<\/li>\n<li><strong>Distance d&#8217;actionnement :<\/strong> 1.5 mm<\/li>\n<li><strong>D\u00e9placement total :<\/strong> 2.7 mm<\/li>\n<li><strong>Force moyenne : <\/strong>50 gf<\/li>\n<li><strong>Force tactile :<\/strong> 60 gf<\/li>\n<\/ul>\n<\/div>\n<\/section>\n<section>\n<div class=\"desc-text\">\n<h2>Technologie sans fil Lightspeed<\/h2>\n<p>Le Logitech&nbsp;G915 TKL Lightspeed int\u00e8gre la&nbsp;<strong>technologie sans fil Lightspeed<\/strong>&nbsp;qui&nbsp;<strong>offre un taux de rapport d&#8217;une milliseconde pour une connectivit\u00e9 sans fil tr\u00e8s rapide et r\u00e9active<\/strong>. Cette solution sans fil de niveau professionnel vous fait b\u00e9n\u00e9ficier des performances d&#8217;une constance et d&#8217;une r\u00e9activit\u00e9 exceptionnelles.<\/p>\n<p>De plus, le G915 TKL Lightspeed fonctionnement \u00e9galement parfaitement lorsqu&#8217;il est connect\u00e9 via USB, afin que vous puissiez le charger et jouer en m\u00eame temps.<\/p>\n<\/div>\n<div class=\"desc-image\"><span><img decoding=\"async\" alt=\"\" loading=\"lazy\" src=\"https:\/\/electrovideo.eu\/wp-content\/uploads\/2025\/10\/2-19.jpg\"><\/span><\/div>\n<\/section>\n<section>\n<div class=\"desc-image\"><span><img decoding=\"async\" alt=\"\" loading=\"lazy\" src=\"https:\/\/electrovideo.eu\/wp-content\/uploads\/2025\/10\/3-2.jpg\"><\/span><\/div>\n<div class=\"desc-text\">\n<h2>Un grand choix de personnalisation<\/h2>\n<p>Le clavier Logitech G915 TKL Lightspeed est dot\u00e9 d&#8217;une technologie RVB Lightsync intelligente qui permet un \u00e9clairage touche par touche enti\u00e8rement personnalisable avec pr\u00e8s de <strong>16,8 millions de couleurs<\/strong>. Vous avez \u00e9galement la possibilit\u00e9 de cr\u00e9er vos propres animations ou de choisir parmi une s\u00e9lection d&#8217;effets pr\u00e9d\u00e9finis pour une exp\u00e9rience encore plus immersive.<\/p>\n<p>Quant aux <strong>commandes multim\u00e9dias d\u00e9di\u00e9es<\/strong>, elles sont \u00e0 port\u00e9e de mains et tr\u00e8s utiles pour vous permettre de r\u00e9gler rapidement le volume, de lire\/mettre en pause une musique ou encore de mettre instantan\u00e9ment le son en sourdine.<\/p>\n<\/div>\n<\/section>\n<section class=\"list\">\n<h2>Principales caract\u00e9ristiques :<\/h2>\n<ul>\n<li><strong>Clavier gamer au format Tenkeyless (sans pav\u00e9 num\u00e9rique)<\/strong><\/li>\n<li><strong>Technologie Lightspeed pour une connexion sans fil haute vitesse<\/strong><\/li>\n<li>Touches m\u00e9caniques \u00e0&nbsp;<strong>switches GL Tactile<\/strong>&nbsp;pour un retour doux et tactile<\/li>\n<li><strong>R\u00e9tro-\u00e9clairage RVB Lightsync<\/strong> pour un \u00e9clairage touche par touche<\/li>\n<li>Commandes multim\u00e9dias d\u00e9di\u00e9es<\/li>\n<li>Dimensions approximatives : 368 mm x 150 mm x 22 mm<\/li>\n<li>Poids approximatif : 810 g<\/li>\n<\/ul>\n<\/section>\n<\/div><\/div>\n","protected":false},"excerpt":{"rendered":"<p>Clavier gaming sans fil &#8211; format TKL &#8211; interrupteurs m\u00e9caniques tactiles (switches GL Tactile) &#8211; technologie LightSpeed &#8211; r\u00e9tro-\u00e9clairage RVB avec technologie Lightsync &#8211; AZERTY, Fran\u00e7ais<\/p>\n","protected":false},"featured_media":218358,"comment_status":"open","ping_status":"closed","template":"","meta":{"_monsterinsights_skip_tracking":false,"_monsterinsights_sitenote_active":false,"_monsterinsights_sitenote_note":"","_monsterinsights_sitenote_category":0},"etheme_brands":[{"term_id":894,"name":"Logitech G","slug":"logitech-g","term_group":0,"term_taxonomy_id":894,"taxonomy":"brand","description":"","parent":0,"count":25,"filter":"raw"}],"product_brand":[],"product_cat":[40],"product_tag":[],"class_list":{"0":"post-218356","1":"product","2":"type-product","3":"status-publish","4":"has-post-thumbnail","6":"brand-logitech-g","7":"product_cat-gaming-keyboard","9":"first","10":"instock","11":"sale","12":"taxable","13":"shipping-taxable","14":"purchasable","15":"product-type-simple"},"_links":{"self":[{"href":"https:\/\/electrovideo.eu\/en\/wp-json\/wp\/v2\/product\/218356","targetHints":{"allow":["GET"]}}],"collection":[{"href":"https:\/\/electrovideo.eu\/en\/wp-json\/wp\/v2\/product"}],"about":[{"href":"https:\/\/electrovideo.eu\/en\/wp-json\/wp\/v2\/types\/product"}],"replies":[{"embeddable":true,"href":"https:\/\/electrovideo.eu\/en\/wp-json\/wp\/v2\/comments?post=218356"}],"version-history":[{"count":0,"href":"https:\/\/electrovideo.eu\/en\/wp-json\/wp\/v2\/product\/218356\/revisions"}],"wp:featuredmedia":[{"embeddable":true,"href":"https:\/\/electrovideo.eu\/en\/wp-json\/wp\/v2\/media\/218358"}],"wp:attachment":[{"href":"https:\/\/electrovideo.eu\/en\/wp-json\/wp\/v2\/media?parent=218356"}],"wp:term":[{"taxonomy":"brand","embeddable":true,"href":"https:\/\/electrovideo.eu\/en\/wp-json\/wp\/v2\/etheme_brands?post=218356"},{"taxonomy":"product_brand","embeddable":true,"href":"https:\/\/electrovideo.eu\/en\/wp-json\/wp\/v2\/product_brand?post=218356"},{"taxonomy":"product_cat","embeddable":true,"href":"https:\/\/electrovideo.eu\/en\/wp-json\/wp\/v2\/product_cat?post=218356"},{"taxonomy":"product_tag","embeddable":true,"href":"https:\/\/electrovideo.eu\/en\/wp-json\/wp\/v2\/product_tag?post=218356"}],"curies":[{"name":"wp","href":"https:\/\/api.w.org\/{rel}","templated":true}]}}