{"id":218323,"date":"2025-10-01T00:43:57","date_gmt":"2025-09-30T22:43:57","guid":{"rendered":"https:\/\/electrovideo.eu\/produit\/logitech-g-pro-x-tkl-rapid-linear-magenta\/"},"modified":"2025-10-01T05:13:57","modified_gmt":"2025-10-01T03:13:57","slug":"logitech-g-pro-x-tkl-rapid-linear-magenta","status":"publish","type":"product","link":"https:\/\/electrovideo.eu\/en\/product\/logitech-g-pro-x-tkl-rapid-linear-magenta\/","title":{"rendered":"Logitech G Pro X TKL Rapid Linear (Magenta)"},"content":{"rendered":"<div id=\"description\" class=\"description\">\n<div class=\"details-pdt-desc\">\n<h2 class=\"h2-master\">Une r\u00e9activit\u00e9 incroyable<\/h2>\n<section>\n<p>Elevez votre niveau de jeu gr\u00e2ce au clavier gaming <strong>Logitech G Pro X TKL Rapid Linear<\/strong>. Au format TKL, ce clavier gaming est \u00e9quip\u00e9 des switches analogiques magn\u00e9tiques&nbsp;pour une r\u00e9activit\u00e9 hors norme. Quant \u00e0 la technologie LightSync RGB, chaque touche du clavier peut \u00eatre personnalis\u00e9e avec 16,8 millions de couleurs.<\/p>\n<\/section>\n<section>\n<div class=\"desc-image\"><span><img decoding=\"async\" alt=\"\" loading=\"lazy\" src=\"https:\/\/electrovideo.eu\/wp-content\/uploads\/2025\/10\/1-32.jpg\"><\/span><\/div>\n<div class=\"desc-text\">\n<h2>Prenez facilement le dessus<\/h2>\n<p>Le clavier Logitech G Pro X TKL Rapid Linear&nbsp;embarque des&nbsp;<strong>switches analogiques magn\u00e9tiques<\/strong> qui offrent une fluidit\u00e9 et une rapidit\u00e9 qui vont vous permettre de gagner tous vos duels.<\/p>\n<p>En outre, le mode de d\u00e9clenchement rapide de ce clavier gaming pour PC permet de r\u00e9activer les touches sans les rel\u00e2cher compl\u00e8tement, ce qui est parfait pour les jeux FPS o\u00f9 chaque milliseconde compte.<\/p>\n<\/div>\n<\/section>\n<section>\n<div class=\"desc-text\">\n<h2>COMPACT ET ULTRA PORTABLE<\/h2>\n<p>Le Logitech G Pro X TKL Rapid Linear est sp\u00e9cialement con\u00e7u pour vous suivre durant vos diff\u00e9rents tournois. Son&nbsp;<strong>design sans pav\u00e9 num\u00e9rique<\/strong>&nbsp;vous offre&nbsp;plus d&#8217;espace pour votre souris et permettent des d\u00e9placements plus ais\u00e9s.<\/p>\n<p>Mettez&nbsp;en valeur les touches importantes ou arborez simplement les couleurs de votre \u00e9quipe gr\u00e2ce au&nbsp;<strong>r\u00e9tro-\u00e9clairage RVB Lightsync<\/strong>. Personnalisez l&#8217;\u00e9clairage et les animations avec le logiciel G HUB et enregistrez les param\u00e8tres d&#8217;\u00e9clairage statiques dans la m\u00e9moire int\u00e9gr\u00e9e pour les syst\u00e8mes de tournoi.<\/p>\n<\/div>\n<div class=\"desc-image\"><span><img decoding=\"async\" alt=\"\" loading=\"lazy\" src=\"https:\/\/electrovideo.eu\/wp-content\/uploads\/2025\/10\/3-7.jpg\"><\/span><\/div>\n<\/section>\n<section class=\"list\">\n<h2>Caract\u00e9ristiques principales :<\/h2>\n<ul>\n<li><strong>Clavier gamer au format Tenkeyless<\/strong> (sans pav\u00e9 num\u00e9rique)<\/li>\n<li><strong>Touches analogiques magn\u00e9tiques pour une grande r\u00e9activit\u00e9 et fluidit\u00e9<\/strong><\/li>\n<li>Force d&#8217;actionnement : 35G<\/li>\n<li><strong>R\u00e9tro-\u00e9clairage RGB avec technologie Lightsync pour des effets r\u00e9actifs<\/strong><\/li>\n<li>Longueur du c\u00e2ble : 1.8 m<\/li>\n<li>Dimensions : 357 x 150 x 38 mm<\/li>\n<\/ul>\n<\/section>\n<\/div><\/div>\n","protected":false},"excerpt":{"rendered":"<p>Clavier gaming &#8211; format TKL &#8211; interrupteurs analogiques magn\u00e9tiques &#8211; r\u00e9tro-\u00e9clairage RVB avec technologie Lightsync &#8211; AZERTY, Fran\u00e7ais<\/p>\n","protected":false},"featured_media":218325,"comment_status":"open","ping_status":"closed","template":"","meta":{"_monsterinsights_skip_tracking":false,"_monsterinsights_sitenote_active":false,"_monsterinsights_sitenote_note":"","_monsterinsights_sitenote_category":0},"etheme_brands":[{"term_id":894,"name":"Logitech G","slug":"logitech-g","term_group":0,"term_taxonomy_id":894,"taxonomy":"brand","description":"","parent":0,"count":25,"filter":"raw"}],"product_brand":[],"product_cat":[40],"product_tag":[],"class_list":{"0":"post-218323","1":"product","2":"type-product","3":"status-publish","4":"has-post-thumbnail","6":"brand-logitech-g","7":"product_cat-gaming-keyboard","9":"first","10":"instock","11":"taxable","12":"shipping-taxable","13":"purchasable","14":"product-type-simple"},"_links":{"self":[{"href":"https:\/\/electrovideo.eu\/en\/wp-json\/wp\/v2\/product\/218323","targetHints":{"allow":["GET"]}}],"collection":[{"href":"https:\/\/electrovideo.eu\/en\/wp-json\/wp\/v2\/product"}],"about":[{"href":"https:\/\/electrovideo.eu\/en\/wp-json\/wp\/v2\/types\/product"}],"replies":[{"embeddable":true,"href":"https:\/\/electrovideo.eu\/en\/wp-json\/wp\/v2\/comments?post=218323"}],"version-history":[{"count":0,"href":"https:\/\/electrovideo.eu\/en\/wp-json\/wp\/v2\/product\/218323\/revisions"}],"wp:featuredmedia":[{"embeddable":true,"href":"https:\/\/electrovideo.eu\/en\/wp-json\/wp\/v2\/media\/218325"}],"wp:attachment":[{"href":"https:\/\/electrovideo.eu\/en\/wp-json\/wp\/v2\/media?parent=218323"}],"wp:term":[{"taxonomy":"brand","embeddable":true,"href":"https:\/\/electrovideo.eu\/en\/wp-json\/wp\/v2\/etheme_brands?post=218323"},{"taxonomy":"product_brand","embeddable":true,"href":"https:\/\/electrovideo.eu\/en\/wp-json\/wp\/v2\/product_brand?post=218323"},{"taxonomy":"product_cat","embeddable":true,"href":"https:\/\/electrovideo.eu\/en\/wp-json\/wp\/v2\/product_cat?post=218323"},{"taxonomy":"product_tag","embeddable":true,"href":"https:\/\/electrovideo.eu\/en\/wp-json\/wp\/v2\/product_tag?post=218323"}],"curies":[{"name":"wp","href":"https:\/\/api.w.org\/{rel}","templated":true}]}}