{"id":218216,"date":"2025-10-01T00:49:28","date_gmt":"2025-09-30T22:49:28","guid":{"rendered":"https:\/\/electrovideo.eu\/produit\/razer-huntsman-v2-switchs-optiques-violets\/"},"modified":"2025-10-01T05:01:42","modified_gmt":"2025-10-01T03:01:42","slug":"razer-huntsman-v2-switchs-optiques-violets","status":"publish","type":"product","link":"https:\/\/electrovideo.eu\/en\/product\/razer-huntsman-v2-switchs-optiques-violets\/","title":{"rendered":"Razer Huntsman v2 (Switchs optiques violets)"},"content":{"rendered":"<div id=\"description\" class=\"description\">\n<div class=\"details-pdt-desc\">\n<h2 class=\"h2-master\">La performance \u00e0 l&#8217;\u00e9tat brut<\/h2>\n<section>\n<p>Avec le <strong>Razer Huntsman v2<\/strong>, offrez-vous un clavier \u00e0 la r\u00e9activit\u00e9 in\u00e9gal\u00e9e. Ce clavier gaming \u00e0 interrupteurs optiques sonores vous fait b\u00e9n\u00e9ficier d&#8217;une latence proche de z\u00e9ro et d&#8217;autres caract\u00e9ristiques haut de gamme qui en font un produit complet. Superbe \u00e0 regarder , il int\u00e8gre un r\u00e9tro\u00e9clairage RGB personnalisable afin de lui donner un look unique.<\/p>\n<\/section>\n<section>\n<div class=\"desc-image\"><span><img decoding=\"async\" alt=\"\" loading=\"lazy\" src=\"https:\/\/electrovideo.eu\/wp-content\/uploads\/2025\/10\/1-44.jpg\"><\/span><\/div>\n<div class=\"desc-text\">\n<h2>Switchs optiques sonores<\/h2>\n<p>Le Razer Huntsman v2 vous fait profiter&nbsp;de <strong>frappes rapides et ultrapr\u00e9cises<\/strong> qui vous caressent les oreilles et qui sont plus l\u00e9g\u00e8res que les switchs m\u00e9caniques traditionnels tout en offrant un polling rate pouvant atteindre 8 000 Hz pour une latence d\u2019entr\u00e9e plus basse.<\/p>\n<p>Et avec&nbsp;un <strong>temps de r\u00e9ponse de 0,2 ms<\/strong>, le plus rapide du secteur, les &nbsp;switchs optiques 2e g\u00e9n\u00e9ration avec Razer HyperPolling sont 3 fois plus rapides que les switchs magn\u00e9tiques.<\/p>\n<\/div>\n<\/section>\n<section>\n<div class=\"desc-text\">\n<h2>Un clavier confortable<\/h2>\n<p>Le Razer Huntsman v2 poss\u00e8de un <strong>bouton num\u00e9rique multifonction<\/strong> et <strong>4 touches multim\u00e9dias<\/strong> afin de vous faire profiter d&#8217;un confort ultime tout en vous divertissant. Et avec un <strong>repose-poignet ergonomique<\/strong>, ce dernier vous permet de r\u00e9duire la pression sur votre poignet. Ainsi, vous ressentez moins de fatigue, m\u00eame lorsque vous jouez sur de longues p\u00e9riodes.<\/p>\n<p>Dot\u00e9 d&#8217;un <strong>r\u00e9tro\u00e9clairage&nbsp;offrant jusqu&#8217;\u00e0 16,8 millions d&#8217;options de couleur<\/strong>, le Razer Huntsman v2&nbsp;vous offre la possibilit\u00e9 de choisir entre de nombreux effets d&#8217;\u00e9clairage pr\u00e9charg\u00e9s afin de cr\u00e9er votre propre palette de couleurs pour une exp\u00e9rience de jeu unique.<\/p>\n<\/div>\n<div class=\"desc-image\"><span><img decoding=\"async\" alt=\"\" loading=\"lazy\" src=\"https:\/\/electrovideo.eu\/wp-content\/uploads\/2025\/10\/2-37.jpg\"><\/span><\/div>\n<\/section>\n<section class=\"list\">\n<h2>Caract\u00e9ristiques principales :<\/h2>\n<ul>\n<li><strong>Clavier gamer \u00e0 switchs optiques sonores Razer<\/strong><\/li>\n<li>Touches en PBT \u00e0 double injection avec fonctions secondaires imprim\u00e9es sur le c\u00f4t\u00e9<\/li>\n<li>Dur\u00e9e de vie de 100&nbsp;millions de frappes<\/li>\n<li>Technologie Razer HyperPolling avec un polling rate pouvant atteindre 8 000 Hz<\/li>\n<li><strong>Bouton num\u00e9rique multifonction avec 4 touches multim\u00e9dias<\/strong><\/li>\n<li>Repose-poignet ergonomique en similicuir moelleux<\/li>\n<li>Stockage hybride int\u00e9gr\u00e9 : jusqu&#8217;\u00e0 5 profils<\/li>\n<li>Touches enti\u00e8rement programmables avec enregistrement de macros \u00e0 la vol\u00e9e<\/li>\n<li><strong>R\u00e9tro-\u00e9clairage Razer Chroma<\/strong><\/li>\n<li>N-Key roll-over avec anti-ghosting<\/li>\n<li>C\u00e2ble en fibre tress\u00e9<\/li>\n<li>Plaque sup\u00e9rieure mate en aluminium mat<\/li>\n<\/ul>\n<\/section>\n<\/div><\/div>\n","protected":false},"excerpt":{"rendered":"<p>Clavier gaming &#8211; interrupteurs optiques sonores (switches Razer) &#8211; bouton num\u00e9rique multifonction &#8211; repose-poignet ergonomique &#8211; r\u00e9tro-\u00e9clairage RGB Chroma &#8211; AZERTY, Fran\u00e7ais<\/p>\n","protected":false},"featured_media":218218,"comment_status":"open","ping_status":"closed","template":"","meta":{"_monsterinsights_skip_tracking":false,"_monsterinsights_sitenote_active":false,"_monsterinsights_sitenote_note":"","_monsterinsights_sitenote_category":0},"etheme_brands":[{"term_id":670,"name":"Razer","slug":"razer","term_group":0,"term_taxonomy_id":670,"taxonomy":"brand","description":"","parent":0,"count":35,"filter":"raw"}],"product_brand":[],"product_cat":[40],"product_tag":[],"class_list":{"0":"post-218216","1":"product","2":"type-product","3":"status-publish","4":"has-post-thumbnail","6":"brand-razer","7":"product_cat-gaming-keyboard","9":"first","10":"instock","11":"taxable","12":"shipping-taxable","13":"purchasable","14":"product-type-simple"},"_links":{"self":[{"href":"https:\/\/electrovideo.eu\/en\/wp-json\/wp\/v2\/product\/218216","targetHints":{"allow":["GET"]}}],"collection":[{"href":"https:\/\/electrovideo.eu\/en\/wp-json\/wp\/v2\/product"}],"about":[{"href":"https:\/\/electrovideo.eu\/en\/wp-json\/wp\/v2\/types\/product"}],"replies":[{"embeddable":true,"href":"https:\/\/electrovideo.eu\/en\/wp-json\/wp\/v2\/comments?post=218216"}],"version-history":[{"count":0,"href":"https:\/\/electrovideo.eu\/en\/wp-json\/wp\/v2\/product\/218216\/revisions"}],"wp:featuredmedia":[{"embeddable":true,"href":"https:\/\/electrovideo.eu\/en\/wp-json\/wp\/v2\/media\/218218"}],"wp:attachment":[{"href":"https:\/\/electrovideo.eu\/en\/wp-json\/wp\/v2\/media?parent=218216"}],"wp:term":[{"taxonomy":"brand","embeddable":true,"href":"https:\/\/electrovideo.eu\/en\/wp-json\/wp\/v2\/etheme_brands?post=218216"},{"taxonomy":"product_brand","embeddable":true,"href":"https:\/\/electrovideo.eu\/en\/wp-json\/wp\/v2\/product_brand?post=218216"},{"taxonomy":"product_cat","embeddable":true,"href":"https:\/\/electrovideo.eu\/en\/wp-json\/wp\/v2\/product_cat?post=218216"},{"taxonomy":"product_tag","embeddable":true,"href":"https:\/\/electrovideo.eu\/en\/wp-json\/wp\/v2\/product_tag?post=218216"}],"curies":[{"name":"wp","href":"https:\/\/api.w.org\/{rel}","templated":true}]}}