{"id":218211,"date":"2025-10-01T00:49:28","date_gmt":"2025-09-30T22:49:28","guid":{"rendered":"https:\/\/electrovideo.eu\/produit\/razer-huntsman-mini-razer-optical-red\/"},"modified":"2025-10-01T05:01:37","modified_gmt":"2025-10-01T03:01:37","slug":"razer-huntsman-mini-razer-optical-red","status":"publish","type":"product","link":"https:\/\/electrovideo.eu\/en\/product\/razer-huntsman-mini-razer-optical-red\/","title":{"rendered":"Razer Huntsman Mini (Razer Optical Red)"},"content":{"rendered":"<div id=\"description\" class=\"description\">\n<div class=\"details-pdt-desc\">\n<h2 class=\"h2-master\">Dominez le jeu<\/h2>\n<section>\n<p>Ne laissez aucune chance \u00e0 vos adversaires avec le <strong>Razer Huntsman Mini<\/strong>. Ce clavier gamer au format 60% est dot\u00e9 de switchs optiques Razer \u00e0 la pointe de la technologie. Ces derni\u00e8res offrent une vitesse d&#8217;activation incroyable afin de vous donner un avantage certain dans les duels. Superbe \u00e0 regarder , il int\u00e8gre un r\u00e9tro\u00e9clairage RGB personnalisable afin de lui donner un look unique.<\/p>\n<\/section>\n<section>\n<div class=\"desc-image\"><span><img decoding=\"async\" alt=\"\" loading=\"lazy\" src=\"https:\/\/electrovideo.eu\/wp-content\/uploads\/2025\/10\/1-43.jpg\"><\/span><\/div>\n<div class=\"desc-text\">\n<h2>Une vitesse incroyable<\/h2>\n<p>Le Razer Huntsman Mini&nbsp;n&#8217;est pas un simple clavier gamer. Il est \u00e9quip\u00e9 de switchs optiques Razer Optical Red&nbsp;qui offrent une frappe instantan\u00e9e fluide et sans aucune bosse tactile.<br \/>\n&nbsp;<\/p>\n<ul>\n<li><strong>Force d&#8217;activation :<\/strong>&nbsp;40g<\/li>\n<li><strong>Point d&#8217;activation :<\/strong>&nbsp;1&nbsp;mm<\/li>\n<li><b>M\u00e9thode d&#8217;activation :<\/b> activation lumineuse<\/li>\n<li><strong>Durabilit\u00e9 :<\/strong> 100 millions de frappes<\/li>\n<li><strong>Stabilit\u00e9 :<\/strong> tige transversale avec stabilisateurs<\/li>\n<li><strong>Toucher de touche :<\/strong>&nbsp;l\u00e9ger et instantan\u00e9<\/li>\n<\/ul>\n<\/div>\n<\/section>\n<section>\n<div class=\"desc-text\">\n<h2>Une personnalisation pouss\u00e9e<\/h2>\n<p>Dot\u00e9 de <strong>touches r\u00e9tro\u00e9clair\u00e9es offrant jusqu&#8217;\u00e0 16,8 millions d&#8217;options de couleur<\/strong>, le Razer Huntsman Mini vous offre la possibilit\u00e9 de choisir entre de nombreux effets d&#8217;\u00e9clairage pr\u00e9charg\u00e9s afin de cr\u00e9er votre propre palette de couleurs pour une exp\u00e9rience de jeu unique.<\/p>\n<p>Et avec le logiciel <strong>Razer Synapse 3<\/strong>, attribuez facilement des boutons, associez des macros et transformez votre style de jeu comme vous le souhaitez.<\/p>\n<\/div>\n<div class=\"desc-image\"><span><img decoding=\"async\" alt=\"\" loading=\"lazy\" src=\"https:\/\/electrovideo.eu\/wp-content\/uploads\/2025\/10\/2-36.jpg\"><\/span><\/div>\n<\/section>\n<section class=\"list\">\n<h2>Caract\u00e9ristiques principales :<\/h2>\n<ul>\n<li><strong>Clavier au format TKL (60%)<\/strong><\/li>\n<li><strong>Touches optiques&nbsp;Razer Optical Red<\/strong><\/li>\n<li>Touches en PBT \u00e0 double injection avec fonctions secondaires imprim\u00e9es sur le c\u00f4t\u00e9<\/li>\n<li>Dur\u00e9e de vie de 100&nbsp;millions de frappes<\/li>\n<li><strong>R\u00e9tro-\u00e9clairage Razer Chroma<\/strong><\/li>\n<li>Capacit\u00e9 anti-ghosting de&nbsp;<strong>10 touches simultan\u00e9es<\/strong><\/li>\n<li>Touches enti\u00e8rement programmables avec&nbsp;<strong>enregistrement de macros \u00e0 la vol\u00e9e<\/strong><\/li>\n<li>Fonction ultrapolling 1000 Hz<\/li>\n<li>Construction en aluminium<\/li>\n<li>Connectique : c\u00e2ble USB-C amovible<\/li>\n<li>Compatible avec&nbsp;<strong>Razer Synapse 3.0<\/strong><\/li>\n<li>Compatibilit\u00e9 : Windows 10 \/ Windows 8 \/ Windows 7<\/li>\n<\/ul>\n<\/section>\n<\/div><\/div>\n","protected":false},"excerpt":{"rendered":"<p>Clavier gaming &#8211; format TKL &#8211; interrupteurs m\u00e9caniques optiques (switches Razer Optical Red) &#8211; r\u00e9tro-\u00e9clairage RGB Chroma &#8211; AZERTY, Fran\u00e7ais<\/p>\n","protected":false},"featured_media":218213,"comment_status":"open","ping_status":"closed","template":"","meta":{"_monsterinsights_skip_tracking":false,"_monsterinsights_sitenote_active":false,"_monsterinsights_sitenote_note":"","_monsterinsights_sitenote_category":0},"etheme_brands":[{"term_id":670,"name":"Razer","slug":"razer","term_group":0,"term_taxonomy_id":670,"taxonomy":"brand","description":"","parent":0,"count":35,"filter":"raw"}],"product_brand":[],"product_cat":[40],"product_tag":[],"class_list":{"0":"post-218211","1":"product","2":"type-product","3":"status-publish","4":"has-post-thumbnail","6":"brand-razer","7":"product_cat-gaming-keyboard","9":"first","10":"instock","11":"taxable","12":"shipping-taxable","13":"purchasable","14":"product-type-simple"},"_links":{"self":[{"href":"https:\/\/electrovideo.eu\/en\/wp-json\/wp\/v2\/product\/218211","targetHints":{"allow":["GET"]}}],"collection":[{"href":"https:\/\/electrovideo.eu\/en\/wp-json\/wp\/v2\/product"}],"about":[{"href":"https:\/\/electrovideo.eu\/en\/wp-json\/wp\/v2\/types\/product"}],"replies":[{"embeddable":true,"href":"https:\/\/electrovideo.eu\/en\/wp-json\/wp\/v2\/comments?post=218211"}],"version-history":[{"count":0,"href":"https:\/\/electrovideo.eu\/en\/wp-json\/wp\/v2\/product\/218211\/revisions"}],"wp:featuredmedia":[{"embeddable":true,"href":"https:\/\/electrovideo.eu\/en\/wp-json\/wp\/v2\/media\/218213"}],"wp:attachment":[{"href":"https:\/\/electrovideo.eu\/en\/wp-json\/wp\/v2\/media?parent=218211"}],"wp:term":[{"taxonomy":"brand","embeddable":true,"href":"https:\/\/electrovideo.eu\/en\/wp-json\/wp\/v2\/etheme_brands?post=218211"},{"taxonomy":"product_brand","embeddable":true,"href":"https:\/\/electrovideo.eu\/en\/wp-json\/wp\/v2\/product_brand?post=218211"},{"taxonomy":"product_cat","embeddable":true,"href":"https:\/\/electrovideo.eu\/en\/wp-json\/wp\/v2\/product_cat?post=218211"},{"taxonomy":"product_tag","embeddable":true,"href":"https:\/\/electrovideo.eu\/en\/wp-json\/wp\/v2\/product_tag?post=218211"}],"curies":[{"name":"wp","href":"https:\/\/api.w.org\/{rel}","templated":true}]}}