{"id":218205,"date":"2025-10-01T00:49:28","date_gmt":"2025-09-30T22:49:28","guid":{"rendered":"https:\/\/electrovideo.eu\/produit\/razer-blackwidow-v3-tkl-switches-razer-green\/"},"modified":"2025-10-01T05:01:31","modified_gmt":"2025-10-01T03:01:31","slug":"razer-blackwidow-v3-tkl-switches-razer-green","status":"publish","type":"product","link":"https:\/\/electrovideo.eu\/en\/product\/razer-blackwidow-v3-tkl-switches-razer-green\/","title":{"rendered":"Razer BlackWidow V3 TKL (switches Razer Green)"},"content":{"rendered":"<div id=\"description\" class=\"description\">\n<div class=\"details-pdt-desc\">\n<h2 class=\"h2-master\">Sentez la diff\u00e9rence<\/h2>\n<section>\n<p>Con\u00e7u sp\u00e9cifiquement pour le jeu, le&nbsp;<strong>Razer BlackWidow V3 TKL<\/strong>&nbsp;est un clavier compact arm\u00e9 de switches Razer Green afin de vous offrir une ex\u00e9cution pr\u00e9cise avec une sensation tactile. Prenez ainsi facilement le dessus sur vos adversaires lors de duels. De plus, avec son r\u00e9tro\u00e9clairage RGB Chroma, affichez fi\u00e8rement vos couleurs ou immergez-vous plus facilement dans vos jeux.<\/p>\n<\/section>\n<section>\n<div class=\"desc-image\"><span><img decoding=\"async\" loading=\"lazy\" alt=\"\" src=\"https:\/\/electrovideo.eu\/wp-content\/uploads\/2025\/10\/1-41.jpg\"><\/span><\/div>\n<div class=\"desc-text\">\n<h2>Un jeu sans compromis<\/h2>\n<p>Parfaites pour le gaming, les&nbsp;<strong>touches m\u00e9caniques Razer Green<\/strong>&nbsp;agissent \u00e0 une distance optimale, vous offrant&nbsp;<strong>une rapidit\u00e9<\/strong>&nbsp;et&nbsp;<strong>une r\u00e9activit\u00e9 in\u00e9dites<\/strong>.&nbsp;<\/p>\n<p>Plus pr\u00e9cise,&nbsp;mais surtout&nbsp;plus performante, chaque touche m\u00e9canique du Razer BlackWidow V3 TKL est <strong>con\u00e7ue pour supporter jusqu&#8217;\u00e0&nbsp;80 millions de frappes<\/strong>&nbsp;(contre 50 pour un clavier m\u00e9canique standard), vous permettant ainsi de profiter d&#8217;un net avantage sur vos adversaires encore plus longtemps.<\/p>\n<\/div>\n<\/section>\n<section>\n<div class=\"desc-text\">\n<h2>Un r\u00e9tro\u00e9clairage unique<\/h2>\n<p>Ind\u00e9pendamment du genre ou du titre, le style et la configuration de jeu d&#8217;un joueur sont des expressions personnelles et uniques de son individualit\u00e9. Chroma de Razer offre plus que de multiples couleurs,&nbsp;<strong>il propose \u00e9galement des options de personnalisation illimit\u00e9es<\/strong>&nbsp;avec lesquelles vous pouvez jouer, et des outils pour trouver \u00e0 la fois votre style de jeu et votre style personnel pour atteindre le niveau suivant.&nbsp;<\/p>\n<p>Que ce soit votre ton de vert pr\u00e9f\u00e9r\u00e9 ou votre guide de couleurs, Chroma vous donne le pouvoir de choisir. Cela peut \u00eatre une, trois ou m\u00eame trente-sept couleurs, avec un&nbsp;<strong>spectre d&#8217;effets visuels<\/strong>&nbsp;disposant de&nbsp;<strong>16,8 millions de couleurs<\/strong>, les possibilit\u00e9s d\u00e9passent votre imagination. Avec la synchronisation de couleur entre plusieurs p\u00e9riph\u00e9riques via Razer Synapse, votre Razer Chroma permet \u00e0 vos armes de jeu Razer d&#8217;\u00eatre toujours parfaitement synchronis\u00e9es.<\/p>\n<\/div>\n<div class=\"desc-image\"><span><img decoding=\"async\" loading=\"lazy\" alt=\"\" src=\"https:\/\/electrovideo.eu\/wp-content\/uploads\/2025\/10\/2-34.jpg\"><\/span><\/div>\n<\/section>\n<section class=\"list\">\n<h2>Caract\u00e9ristiques principales :<\/h2>\n<ul>\n<li>Clavier gamer filaire au <strong>format TKL<\/strong><\/li>\n<li><strong>Touches m\u00e9caniques \u00e0 switches Razer Green pour des performances exceptionnelles et une r\u00e9sistance \u00e0 toute \u00e9preuve<\/strong><\/li>\n<li>Dur\u00e9e de vie de 80 millions de frappes<\/li>\n<li>Touches enti\u00e8rement programmables avec enregistrement de macros \u00e0 la vol\u00e9e<\/li>\n<li><strong>R\u00e9tro\u00e9clairage multicolore personnalisable (parmi 16.8 millions de couleurs)<\/strong><\/li>\n<li>N-Key rollover<\/li>\n<li>Fonction Ultrapolling 1000 Hz<\/li>\n<li>Construction en aluminium<\/li>\n<li>Compatible Razer Synapse 3<\/li>\n<\/ul>\n<\/section>\n<\/div><\/div>\n","protected":false},"excerpt":{"rendered":"<p>Clavier gaming &#8211; format TKL &#8211; interrupteurs m\u00e9caniques verts \u00e0 clics tactiles (switches Razer Green) &#8211; r\u00e9tro\u00e9clairage RGB 16.8 millions de couleurs Razer Chroma &#8211; AZERTY, Fran\u00e7ais<\/p>\n","protected":false},"featured_media":218207,"comment_status":"open","ping_status":"closed","template":"","meta":{"_monsterinsights_skip_tracking":false,"_monsterinsights_sitenote_active":false,"_monsterinsights_sitenote_note":"","_monsterinsights_sitenote_category":0},"etheme_brands":[{"term_id":670,"name":"Razer","slug":"razer","term_group":0,"term_taxonomy_id":670,"taxonomy":"brand","description":"","parent":0,"count":35,"filter":"raw"}],"product_brand":[],"product_cat":[40],"product_tag":[],"class_list":{"0":"post-218205","1":"product","2":"type-product","3":"status-publish","4":"has-post-thumbnail","6":"brand-razer","7":"product_cat-gaming-keyboard","9":"first","10":"instock","11":"taxable","12":"shipping-taxable","13":"purchasable","14":"product-type-simple"},"_links":{"self":[{"href":"https:\/\/electrovideo.eu\/en\/wp-json\/wp\/v2\/product\/218205","targetHints":{"allow":["GET"]}}],"collection":[{"href":"https:\/\/electrovideo.eu\/en\/wp-json\/wp\/v2\/product"}],"about":[{"href":"https:\/\/electrovideo.eu\/en\/wp-json\/wp\/v2\/types\/product"}],"replies":[{"embeddable":true,"href":"https:\/\/electrovideo.eu\/en\/wp-json\/wp\/v2\/comments?post=218205"}],"version-history":[{"count":0,"href":"https:\/\/electrovideo.eu\/en\/wp-json\/wp\/v2\/product\/218205\/revisions"}],"wp:featuredmedia":[{"embeddable":true,"href":"https:\/\/electrovideo.eu\/en\/wp-json\/wp\/v2\/media\/218207"}],"wp:attachment":[{"href":"https:\/\/electrovideo.eu\/en\/wp-json\/wp\/v2\/media?parent=218205"}],"wp:term":[{"taxonomy":"brand","embeddable":true,"href":"https:\/\/electrovideo.eu\/en\/wp-json\/wp\/v2\/etheme_brands?post=218205"},{"taxonomy":"product_brand","embeddable":true,"href":"https:\/\/electrovideo.eu\/en\/wp-json\/wp\/v2\/product_brand?post=218205"},{"taxonomy":"product_cat","embeddable":true,"href":"https:\/\/electrovideo.eu\/en\/wp-json\/wp\/v2\/product_cat?post=218205"},{"taxonomy":"product_tag","embeddable":true,"href":"https:\/\/electrovideo.eu\/en\/wp-json\/wp\/v2\/product_tag?post=218205"}],"curies":[{"name":"wp","href":"https:\/\/api.w.org\/{rel}","templated":true}]}}