{"id":218200,"date":"2025-10-01T00:49:28","date_gmt":"2025-09-30T22:49:28","guid":{"rendered":"https:\/\/electrovideo.eu\/produit\/steelseries-apex-pro-tkl-gen-3-blanc\/"},"modified":"2025-10-01T05:01:17","modified_gmt":"2025-10-01T03:01:17","slug":"steelseries-apex-pro-tkl-gen-3-blanc","status":"publish","type":"product","link":"https:\/\/electrovideo.eu\/en\/product\/steelseries-apex-pro-tkl-gen-3-blanc\/","title":{"rendered":"SteelSeries Apex Pro TKL Gen 3 (Blanc)"},"content":{"rendered":"<div id=\"description\" class=\"description\">\n<div class=\"details-pdt-desc\">\n<h2 class=\"h2-master\">La clavier le plus rapide au monde<\/h2>\n<section>\n<p>Avec le <strong>SteelSeries Apex Pro TKL Gen 3<\/strong>, d\u00e9couvrez une performance de niveau sup\u00e9rieur avec le clavier le plus rapide du monde. Pour cela, il est \u00e9quip\u00e9 de switches OmniPoint 3.0 HyperMagnetic ajustables qui disposent du d\u00e9clenchement rapide, d\u2019un mode protection, d\u2019un toucher rapide, et d\u2019une ajustabilit\u00e9 par touche. Ainsi, rebattez les cartes en votre faveur avec un clavier plus rapide et maintenant plus intelligent.<\/p>\n<\/section>\n<section>\n<div class=\"desc-image\"><span><img decoding=\"async\" alt=\"\" loading=\"lazy\" src=\"https:\/\/electrovideo.eu\/wp-content\/uploads\/2025\/10\/2-33.jpg\"><\/span><\/div>\n<div class=\"desc-text\">\n<h2>Des switchs magn\u00e9tiques r\u00e9glables<\/h2>\n<p>Le SteelSeries Apex Pro TKL Gen 3 ne s&#8217;adapte pas seulement \u00e0 tous les jeux, <strong>il s&#8217;adapte parfaitement \u00e0 vos pr\u00e9f\u00e9rences gr\u00e2ce \u00e0 des frappes ultra-l\u00e9g\u00e8res, qui sont les plus rapides au monde, et \u00e0 des pressions de touche nettes et profondes<\/strong>. Par exemple,&nbsp;utilisez une activation sensible pour les touches directionnelles (ZQSD) et celles assign\u00e9es \u00e0 une aptitude dans le jeu qui n\u00e9cessitent d\u2019avoir la moindre fraction de seconde d\u2019avance sur vos concurrents. Ou r\u00e9glez-les un peu plus profond\u00e9ment pour conserver la vitesse et avoir plus de pr\u00e9cision.<\/p>\n<p>Rendez vos pressions de touches encore plus sensibles, \u00e9liminez toute latence en activant et en d\u00e9sactivant chaque touche d\u00e8s qu\u2019on appuie dessus ou qu\u2019on la rel\u00e2che. Cela change la donne pour les contre-strafes dans les FPS ou les actions r\u00e9p\u00e9t\u00e9es dans les MOBA.<\/p>\n<\/div>\n<\/section>\n<section>\n<div class=\"desc-text\">\n<h2>Une qualit\u00e9 sup\u00e9rieure<\/h2>\n<p>D\u00e9couvrez une performance plus lisse et plus calme avec la <strong>lubrification par touche<\/strong>, la <strong>mousse triple couche<\/strong> qui amortit le son et les stabilisateurs switchs am\u00e9lior\u00e9s. En outre, avec <strong>des capuchons de touches PBT Double Shot<\/strong>, ultra-durables, anti-d\u00e9colorants et con\u00e7us pour durer toute une vie d\u2019usage intense.<\/p>\n<p>Enfin, gr\u00e2ce au<strong> r\u00e9tro\u00e9clairage RGB de 16.8 millions de couleurs<\/strong>, vous allez pouvoir donner un look unique \u00e0 votre clavier.<\/p>\n<\/div>\n<div class=\"desc-image\"><span><img decoding=\"async\" alt=\"\" loading=\"lazy\" src=\"https:\/\/electrovideo.eu\/wp-content\/uploads\/2025\/10\/3-9.jpg\"><\/span><\/div>\n<\/section>\n<section class=\"list\">\n<h2>Principales caract\u00e9ristiques :<\/h2>\n<ul>\n<li><strong>Clavier pour gamer au format TKL<\/strong><\/li>\n<li><strong>Switches SteelSeries&nbsp;OmniPoint 3.0 uniques en leur genre offrant une sensibilit\u00e9 personnalisable par touche<\/strong><\/li>\n<li>Point d&#8217;activation r\u00e9glable : 0.1 mm &#8211; 4.0 mm<\/li>\n<li>Temps de r\u00e9ponse : 0.7 ms<\/li>\n<li><strong>Affichage intelligent OLED<\/strong> pour vous fournir des informations provenant directement des jeux et applications<\/li>\n<li>Touches en PBT<\/li>\n<li><strong>Syst\u00e8me anti-ghosting<\/strong>&nbsp;avanc\u00e9 permettant d&#8217;<strong>actionner plusieurs touches en m\u00eame temps<\/strong><\/li>\n<li>Repose-main magn\u00e9tique d\u00e9tachable \u00e0 la surface douce<\/li>\n<li><strong>R\u00e9tro-\u00e9clairage personnalisable<\/strong>&nbsp;(jusqu&#8217;\u00e0 16.8 millions de couleurs)<\/li>\n<\/ul>\n<\/section>\n<\/div><\/div>\n","protected":false},"excerpt":{"rendered":"<p>Clavier gaming &#8211; format TKL &#8211; interrupteurs magn\u00e9tiques (switches OmniPoint 3.0) &#8211; \u00e9cran OLED &#8211; r\u00e9tro\u00e9clairage RGB 16.8 millions de couleurs &#8211; AZERTY, Fran\u00e7ais<\/p>\n","protected":false},"featured_media":218201,"comment_status":"open","ping_status":"closed","template":"","meta":{"_monsterinsights_skip_tracking":false,"_monsterinsights_sitenote_active":false,"_monsterinsights_sitenote_note":"","_monsterinsights_sitenote_category":0},"etheme_brands":[{"term_id":972,"name":"SteelSeries","slug":"steelseries","term_group":0,"term_taxonomy_id":972,"taxonomy":"brand","description":"","parent":0,"count":15,"filter":"raw"}],"product_brand":[],"product_cat":[40],"product_tag":[],"class_list":{"0":"post-218200","1":"product","2":"type-product","3":"status-publish","4":"has-post-thumbnail","6":"brand-steelseries","7":"product_cat-gaming-keyboard","9":"first","10":"instock","11":"taxable","12":"shipping-taxable","13":"purchasable","14":"product-type-simple"},"_links":{"self":[{"href":"https:\/\/electrovideo.eu\/en\/wp-json\/wp\/v2\/product\/218200","targetHints":{"allow":["GET"]}}],"collection":[{"href":"https:\/\/electrovideo.eu\/en\/wp-json\/wp\/v2\/product"}],"about":[{"href":"https:\/\/electrovideo.eu\/en\/wp-json\/wp\/v2\/types\/product"}],"replies":[{"embeddable":true,"href":"https:\/\/electrovideo.eu\/en\/wp-json\/wp\/v2\/comments?post=218200"}],"version-history":[{"count":0,"href":"https:\/\/electrovideo.eu\/en\/wp-json\/wp\/v2\/product\/218200\/revisions"}],"wp:featuredmedia":[{"embeddable":true,"href":"https:\/\/electrovideo.eu\/en\/wp-json\/wp\/v2\/media\/218201"}],"wp:attachment":[{"href":"https:\/\/electrovideo.eu\/en\/wp-json\/wp\/v2\/media?parent=218200"}],"wp:term":[{"taxonomy":"brand","embeddable":true,"href":"https:\/\/electrovideo.eu\/en\/wp-json\/wp\/v2\/etheme_brands?post=218200"},{"taxonomy":"product_brand","embeddable":true,"href":"https:\/\/electrovideo.eu\/en\/wp-json\/wp\/v2\/product_brand?post=218200"},{"taxonomy":"product_cat","embeddable":true,"href":"https:\/\/electrovideo.eu\/en\/wp-json\/wp\/v2\/product_cat?post=218200"},{"taxonomy":"product_tag","embeddable":true,"href":"https:\/\/electrovideo.eu\/en\/wp-json\/wp\/v2\/product_tag?post=218200"}],"curies":[{"name":"wp","href":"https:\/\/api.w.org\/{rel}","templated":true}]}}