{"id":218169,"date":"2025-10-01T00:59:46","date_gmt":"2025-09-30T22:59:46","guid":{"rendered":"https:\/\/electrovideo.eu\/produit\/razer-blackwidow-v4-switches-razer-green\/"},"modified":"2025-10-01T05:00:42","modified_gmt":"2025-10-01T03:00:42","slug":"razer-blackwidow-v4-switches-razer-green","status":"publish","type":"product","link":"https:\/\/electrovideo.eu\/en\/product\/razer-blackwidow-v4-switches-razer-green\/","title":{"rendered":"Razer BlackWidow V4 (switches Razer Green)"},"content":{"rendered":"<div id=\"description\" class=\"description\">\n<div class=\"details-pdt-desc\">\n<h2 class=\"h2-master\">Immersion totale<\/h2>\n<section>\n<p>Am\u00e9liorez votre fa\u00e7on de jouer gr\u00e2ce au clavier <strong>Razer BlackWidow V4<\/strong>. Faites \u00e9voluer votre poste de combat \u00e0 un niveau sup\u00e9rieur avec le clavier gaming m\u00e9canique ultime. Prenez les commandes gr\u00e2ce \u00e0 un ensemble de fonctionnalit\u00e9s con\u00e7ues pour un contr\u00f4le avanc\u00e9 et renforcez votre immersion gr\u00e2ce au syst\u00e8me Razer Chroma&nbsp;RGB&nbsp;complet.<\/p>\n<\/section>\n<section>\n<div class=\"desc-image\"><span><img decoding=\"async\" alt=\"\" loading=\"lazy\" src=\"https:\/\/electrovideo.eu\/wp-content\/uploads\/2025\/10\/1-47.jpg\"><\/span><\/div>\n<div class=\"desc-text\">\n<h2>Un jeu sans compromis<\/h2>\n<p>Parfaites pour le gaming, les&nbsp;<strong>touches m\u00e9caniques Razer Green<\/strong>&nbsp;agissent \u00e0 une distance optimale, vous offrant&nbsp;<strong>une rapidit\u00e9<\/strong>&nbsp;et&nbsp;<strong>une r\u00e9activit\u00e9 in\u00e9dites<\/strong>.&nbsp;<\/p>\n<p>Plus pr\u00e9cise,&nbsp;mais surtout&nbsp;plus performante, chaque touche m\u00e9canique du Razer BlackWidow V4 est <strong>con\u00e7ue pour supporter jusqu&#8217;\u00e0&nbsp;100 millions de frappes<\/strong>&nbsp;(contre 50 pour un clavier m\u00e9canique standard), vous permettant ainsi de profiter d&#8217;un net avantage sur vos adversaires encore plus longtemps.<\/p>\n<\/div>\n<\/section>\n<section>\n<div class=\"desc-text\">\n<h2>Un r\u00e9tro\u00e9clairage unique<\/h2>\n<p>Ind\u00e9pendamment du genre ou du titre, le style et la configuration de jeu d&#8217;un joueur sont des expressions personnelles et uniques de son individualit\u00e9. Chroma de Razer offre plus que de multiples couleurs,&nbsp;<strong>il propose \u00e9galement des options de personnalisation illimit\u00e9es<\/strong>&nbsp;avec lesquelles vous pouvez jouer, et des outils pour trouver \u00e0 la fois votre style de jeu et votre style personnel pour atteindre le niveau suivant.&nbsp;<\/p>\n<p>Que ce soit votre ton de vert pr\u00e9f\u00e9r\u00e9 ou votre guide de couleurs, Chroma vous donne le pouvoir de choisir. Cela peut \u00eatre une, trois ou m\u00eame trente-sept couleurs, avec un&nbsp;<strong>spectre d&#8217;effets visuels<\/strong>&nbsp;disposant de&nbsp;<strong>16,8 millions de couleurs<\/strong>, les possibilit\u00e9s d\u00e9passent votre imagination. Avec la synchronisation de couleur entre plusieurs p\u00e9riph\u00e9riques via Razer Synapse, votre Razer Chroma permet \u00e0 vos armes de jeu Razer d&#8217;\u00eatre toujours parfaitement synchronis\u00e9es.<\/p>\n<\/div>\n<div class=\"desc-image\"><span><img decoding=\"async\" alt=\"\" loading=\"lazy\" src=\"https:\/\/electrovideo.eu\/wp-content\/uploads\/2025\/10\/2-41.jpg\"><\/span><\/div>\n<\/section>\n<section class=\"list\">\n<h2>Caract\u00e9ristiques principales :<\/h2>\n<ul>\n<li><strong>Clavier gamer filaire<\/strong><\/li>\n<li><strong>Touches m\u00e9caniques \u00e0 switches Razer Green pour des performances exceptionnelles et une r\u00e9sistance \u00e0 toute \u00e9preuve<\/strong><\/li>\n<li>Dur\u00e9e de vie de 100 millions de frappes<\/li>\n<li>Molette de commande Razer avec 4 boutons<\/li>\n<li>6 touches macros d\u00e9di\u00e9s<\/li>\n<li>Polling rate allant jusqu&#8217;\u00e0 8000 Hz<\/li>\n<li><strong>R\u00e9tro\u00e9clairage multicolore personnalisable (parmi 16.8 millions de couleurs)<\/strong><\/li>\n<li>Stockage hybride jusqu&#8217;\u00e0 5 profils<\/li>\n<li>Construction en alliage d&#8217;aluminium 5052<\/li>\n<li>Repose-poignet magn\u00e9tique en similicuir moelleux<\/li>\n<\/ul>\n<\/section>\n<\/div><\/div>\n","protected":false},"excerpt":{"rendered":"<p>Clavier gaming &#8211; interrupteurs m\u00e9caniques verts \u00e0 clics tactiles (switches Razer Green) &#8211; molette multim\u00e9dia &#8211; r\u00e9tro\u00e9clairage RGB Razer Chroma &#8211; AZERTY, Fran\u00e7ais<\/p>\n","protected":false},"featured_media":218171,"comment_status":"open","ping_status":"closed","template":"","meta":{"_monsterinsights_skip_tracking":false,"_monsterinsights_sitenote_active":false,"_monsterinsights_sitenote_note":"","_monsterinsights_sitenote_category":0},"etheme_brands":[{"term_id":670,"name":"Razer","slug":"razer","term_group":0,"term_taxonomy_id":670,"taxonomy":"brand","description":"","parent":0,"count":35,"filter":"raw"}],"product_brand":[],"product_cat":[40],"product_tag":[],"class_list":{"0":"post-218169","1":"product","2":"type-product","3":"status-publish","4":"has-post-thumbnail","6":"brand-razer","7":"product_cat-gaming-keyboard","9":"first","10":"instock","11":"taxable","12":"shipping-taxable","13":"purchasable","14":"product-type-simple"},"_links":{"self":[{"href":"https:\/\/electrovideo.eu\/en\/wp-json\/wp\/v2\/product\/218169","targetHints":{"allow":["GET"]}}],"collection":[{"href":"https:\/\/electrovideo.eu\/en\/wp-json\/wp\/v2\/product"}],"about":[{"href":"https:\/\/electrovideo.eu\/en\/wp-json\/wp\/v2\/types\/product"}],"replies":[{"embeddable":true,"href":"https:\/\/electrovideo.eu\/en\/wp-json\/wp\/v2\/comments?post=218169"}],"version-history":[{"count":0,"href":"https:\/\/electrovideo.eu\/en\/wp-json\/wp\/v2\/product\/218169\/revisions"}],"wp:featuredmedia":[{"embeddable":true,"href":"https:\/\/electrovideo.eu\/en\/wp-json\/wp\/v2\/media\/218171"}],"wp:attachment":[{"href":"https:\/\/electrovideo.eu\/en\/wp-json\/wp\/v2\/media?parent=218169"}],"wp:term":[{"taxonomy":"brand","embeddable":true,"href":"https:\/\/electrovideo.eu\/en\/wp-json\/wp\/v2\/etheme_brands?post=218169"},{"taxonomy":"product_brand","embeddable":true,"href":"https:\/\/electrovideo.eu\/en\/wp-json\/wp\/v2\/product_brand?post=218169"},{"taxonomy":"product_cat","embeddable":true,"href":"https:\/\/electrovideo.eu\/en\/wp-json\/wp\/v2\/product_cat?post=218169"},{"taxonomy":"product_tag","embeddable":true,"href":"https:\/\/electrovideo.eu\/en\/wp-json\/wp\/v2\/product_tag?post=218169"}],"curies":[{"name":"wp","href":"https:\/\/api.w.org\/{rel}","templated":true}]}}