{"id":218163,"date":"2025-10-01T00:59:46","date_gmt":"2025-09-30T22:59:46","guid":{"rendered":"https:\/\/electrovideo.eu\/produit\/razer-tartarus-pro-noir\/"},"modified":"2025-10-01T05:00:35","modified_gmt":"2025-10-01T03:00:35","slug":"razer-tartarus-pro-noir","status":"publish","type":"product","link":"https:\/\/electrovideo.eu\/en\/product\/razer-tartarus-pro-noir\/","title":{"rendered":"Razer Tartarus Pro (Noir)"},"content":{"rendered":"<div id=\"description\" class=\"description\">\n<div class=\"details-pdt-desc\">\n<h2 class=\"h2-master\">Des possibilit\u00e9s incroyables<\/h2>\n<section>\n<p>Ne laissez jamais la victoire vous \u00e9chapper avec le <strong>Razer Tartarus Pro<\/strong>. Ce pad de 32 touches enti\u00e8rement programmables est le prolongement direct de votre main. D\u00e9couvrez un niveau de contr\u00f4le et personnalisation sp\u00e9cialement con\u00e7u pour les gamers les plus exigeants. En outre, il b\u00e9n\u00e9ficie d&#8217;un r\u00e9tro\u00e9clairage RGB Chroma afin que vous puissiez afficher votre humeur du moment ou tout simplement assortir avec pr\u00e9cision tout votre \u00e9quipement de gamer.<\/p>\n<p>Ce n&#8217;est pas tout, il est notamment dot\u00e9 de switches optiques analogiques Razer afin de vous permettre d&#8217;exercer un contr\u00f4le nuanc\u00e9 et mesur\u00e9.<\/p>\n<\/section>\n<section>\n<div class=\"desc-image\"><span><img decoding=\"async\" loading=\"lazy\" alt=\"\" src=\"https:\/\/electrovideo.eu\/wp-content\/uploads\/2025\/10\/1-46.jpg\"><\/span><\/div>\n<div class=\"desc-text\">\n<h2>Des touches optiques analogiques Razer<\/h2>\n<p>Le Razer Tartarus Pro est \u00e9quip\u00e9 des <strong>switches optiques analogiques Razer<\/strong>. Ces derniers <strong>enregistrent diff\u00e9rents niveaux d&#8217;entr\u00e9e dans le m\u00eame mouvement en fonction du niveau de pression<\/strong>. Ainsi, \u00e0 l&#8217;instar des joysticks sur les manettes, si vous appuyez \u00e0 moiti\u00e9 de la touche votre personnage pourra marcher puis se mettra \u00e0 courir une fois la touche enfonc\u00e9e jusqu&#8217;au bout. Et pour r\u00e9gler vos touches, rien de plus simple, il vous suffit d&#8217;associer deux fonctions \u00e0 une touche via le logiciel.<\/p>\n<p>Quant au <strong>pav\u00e9 directionnel \u00e0 8 directions<\/strong>, il est l&#8217;alli\u00e9 parfait pour naviguer de mani\u00e8re pr\u00e9cise et pour vous aider \u00e0 prendre un avantage d\u00e9finitif sur vos adversaires.<\/p>\n<\/div>\n<\/section>\n<section>\n<div class=\"desc-text\">\n<h2>Une personnalisation compl\u00e8te<\/h2>\n<p>\u00c9quip\u00e9 du r\u00e9tro\u00e9clairage Chroma, le Razer Tartarus Pro vous offre la possibilit\u00e9 de choisir <strong>une couleur parmi 16.8 millions de possibilit\u00e9s<\/strong> afin de donner un look unique \u00e0 votre pad. De plus, avec la synchronisation de couleur entre plusieurs p\u00e9riph\u00e9riques via <strong>Razer Synapse<\/strong>, votre Razer Chroma permet \u00e0 vos armes de jeu Razer d&#8217;\u00eatre toujours parfaitement synchronis\u00e9es.<\/p>\n<p>Ce n&#8217;est pas tout, soyez plus efficace au moment de changer de comp\u00e9tences et de gameplay gr\u00e2ce aux <strong>macros illimit\u00e9es<\/strong> et aux <strong>8 profils \u00e0 permutation rapide<\/strong>.&nbsp;<\/div>\n<div class=\"desc-image\"><span><img decoding=\"async\" loading=\"lazy\" alt=\"\" src=\"https:\/\/electrovideo.eu\/wp-content\/uploads\/2025\/10\/2-39.jpg\"><\/span><\/div>\n<\/section>\n<section class=\"list\">\n<h2>Caract\u00e9ristiques principales :<\/h2>\n<ul>\n<li><strong>Switches optiques analogiques Razer<\/strong><\/li>\n<li><strong>Touches \u00e0 double fonction et activation ajustable<\/strong><\/li>\n<li><strong>32 touches enti\u00e8rement programmables<\/strong><\/li>\n<li><strong>Curseur de pouce directionnel programmable \u00e0 8 directions<\/strong><\/li>\n<li>R\u00e9tro\u00e9clairage Chroma avec 16,8 millions de possibilit\u00e9s de couleurs<\/li>\n<li>Macros illimit\u00e9es<\/li>\n<li><b>Possibilit\u00e9 de basculer rapidement entre 8 profils<\/b><\/li>\n<li>Compatible avec Razer Synapse<\/li>\n<\/ul>\n<\/section>\n<\/div><\/div>\n","protected":false},"excerpt":{"rendered":"<p>Pad programmable &#8211; interrupteurs hybrides \u00e0 technologie optiques et analogiques Razer &#8211; r\u00e9tro\u00e9clairage RGB Chroma &#8211; repose-main ergonomique<\/p>\n","protected":false},"featured_media":218165,"comment_status":"open","ping_status":"closed","template":"","meta":{"_monsterinsights_skip_tracking":false,"_monsterinsights_sitenote_active":false,"_monsterinsights_sitenote_note":"","_monsterinsights_sitenote_category":0},"etheme_brands":[{"term_id":670,"name":"Razer","slug":"razer","term_group":0,"term_taxonomy_id":670,"taxonomy":"brand","description":"","parent":0,"count":35,"filter":"raw"}],"product_brand":[],"product_cat":[40],"product_tag":[],"class_list":{"0":"post-218163","1":"product","2":"type-product","3":"status-publish","4":"has-post-thumbnail","6":"brand-razer","7":"product_cat-gaming-keyboard","9":"first","10":"instock","11":"taxable","12":"shipping-taxable","13":"purchasable","14":"product-type-simple"},"_links":{"self":[{"href":"https:\/\/electrovideo.eu\/en\/wp-json\/wp\/v2\/product\/218163","targetHints":{"allow":["GET"]}}],"collection":[{"href":"https:\/\/electrovideo.eu\/en\/wp-json\/wp\/v2\/product"}],"about":[{"href":"https:\/\/electrovideo.eu\/en\/wp-json\/wp\/v2\/types\/product"}],"replies":[{"embeddable":true,"href":"https:\/\/electrovideo.eu\/en\/wp-json\/wp\/v2\/comments?post=218163"}],"version-history":[{"count":0,"href":"https:\/\/electrovideo.eu\/en\/wp-json\/wp\/v2\/product\/218163\/revisions"}],"wp:featuredmedia":[{"embeddable":true,"href":"https:\/\/electrovideo.eu\/en\/wp-json\/wp\/v2\/media\/218165"}],"wp:attachment":[{"href":"https:\/\/electrovideo.eu\/en\/wp-json\/wp\/v2\/media?parent=218163"}],"wp:term":[{"taxonomy":"brand","embeddable":true,"href":"https:\/\/electrovideo.eu\/en\/wp-json\/wp\/v2\/etheme_brands?post=218163"},{"taxonomy":"product_brand","embeddable":true,"href":"https:\/\/electrovideo.eu\/en\/wp-json\/wp\/v2\/product_brand?post=218163"},{"taxonomy":"product_cat","embeddable":true,"href":"https:\/\/electrovideo.eu\/en\/wp-json\/wp\/v2\/product_cat?post=218163"},{"taxonomy":"product_tag","embeddable":true,"href":"https:\/\/electrovideo.eu\/en\/wp-json\/wp\/v2\/product_tag?post=218163"}],"curies":[{"name":"wp","href":"https:\/\/api.w.org\/{rel}","templated":true}]}}