{"id":218160,"date":"2025-10-01T00:59:46","date_gmt":"2025-09-30T22:59:46","guid":{"rendered":"https:\/\/electrovideo.eu\/produit\/razer-tartarus-v2\/"},"modified":"2025-10-01T05:00:30","modified_gmt":"2025-10-01T03:00:30","slug":"razer-tartarus-v2","status":"publish","type":"product","link":"https:\/\/electrovideo.eu\/en\/product\/razer-tartarus-v2\/","title":{"rendered":"Razer Tartarus v2"},"content":{"rendered":"<div id=\"description\" class=\"description\">\n<div class=\"details-pdt-desc\">\n<h2 class=\"h2-master\">Des possibilit\u00e9s sans fin<\/h2>\n<section>\n<p>Avec 32 touches enti\u00e8rement programmables, le <strong>Razer Tartarus v2<\/strong> sera le prolongement direct de votre main afin de prendre toujours le dessus sur vos adversaires. En effet, vous allez pouvoir associer des commandes et les activer de fa\u00e7on instantan\u00e9e, le tout \u00e0 port\u00e9e de la paume de votre main. En outre, il b\u00e9n\u00e9ficie d&#8217;un r\u00e9tro\u00e9clairage RGB multicolore afin que vous puissiez afficher votre humeur du moment ou tout simplement assortir avec pr\u00e9cision tout votre \u00e9quipement de gamer.<\/p>\n<p>Le Razer Tartarus v2 s&#8217;imposera vite comme l&#8217;arme absolue permettant aux gamers de prendre un ascendant d\u00e9finitif sur leurs adversaires.<\/p>\n<\/section>\n<section>\n<div class=\"desc-image\"><span><img decoding=\"async\" loading=\"lazy\" alt=\"\" src=\"https:\/\/electrovideo.eu\/wp-content\/uploads\/2025\/10\/razer-tartarus-v2-800_1.jpg\"><\/span><\/div>\n<div class=\"desc-text\">\n<h2>Des touches m\u00e9ca-membrane Razer<\/h2>\n<p>Le Razer Tartarus v2 <strong>allie le meilleur des touches m\u00e9caniques et membranes<\/strong> afin de vous offrir un clic tactile cristallin d&#8217;un clavier m\u00e9canique avec le toucher moelleux d&#8217;une membrane en caoutchouc. <strong>Chaque touche est activ\u00e9e \u00e0 mi-hauteur pour une r\u00e9ponse instantan\u00e9e<\/strong> afin que vos actions soient enclench\u00e9es plus rapidement que vos adversaires.<\/p>\n<p>Armez-vous de <strong>32 touches enti\u00e8rement programmables<\/strong> pour acc\u00e9der directement \u00e0 toutes les commandes, tous les raccourcis et toutes les macros. Le <strong>curseur de pouces programmable 8 directions<\/strong> peut servir pour les d\u00e9placements ou pour ajouter d&#8217;autres touches et enrichir davantage votre arsenal de destruction.<\/p>\n<\/div>\n<\/section>\n<section>\n<div class=\"desc-text\">\n<h2>Con\u00e7u pour s&#8217;adapter \u00e0 votre main<\/h2>\n<p>Le Razer Tartarus v2 dispose d&#8217;une ergonomie avanc\u00e9e afin que vous puissiez jouer pendant une heure ou dix heures de mani\u00e8re confortable. Vous profiterez \u00e9galement d&#8217;<strong>un repose-main d\u00e9tachable avec deux positions ajustables<\/strong> afin de pouvoir jouer avec votre angle de confort pr\u00e9f\u00e9r\u00e9.<\/p>\n<p>\u00c9quip\u00e9 du r\u00e9tro\u00e9clairage Chroma, ce dernier vous offre la possibilit\u00e9 de choisir <strong>une couleur parmi 16.8 millions de possibilit\u00e9s<\/strong> afin de donner un look unique \u00e0 votre pad. Avec la synchronisation de couleur entre plusieurs p\u00e9riph\u00e9riques via <strong>Razer Synapse<\/strong>, votre Razer Chroma permet \u00e0 vos armes de jeu Razer d&#8217;\u00eatre toujours parfaitement synchronis\u00e9es.<br \/>\n&nbsp;<\/div>\n<div class=\"desc-image\"><span><img decoding=\"async\" loading=\"lazy\" alt=\"\" src=\"https:\/\/electrovideo.eu\/wp-content\/uploads\/2025\/10\/razer-tartarus-v2-800_2.jpg\"><\/span><\/div>\n<\/section>\n<section>\n<center><iframe loading=\"lazy\" allowfullscreen=\"\" frameborder=\"0\" height=\"360\" showinfo=\"0\" src=\"https:\/\/www.youtube-nocookie.com\/embed\/_G8ppY3R8q0?rel=0&amp;wmode=opaque\" width=\"640\"><\/iframe><\/center><br \/>\n<\/section>\n<section class=\"list\">\n<h2>Caract\u00e9ristiques principales :<\/h2>\n<ul>\n<li><strong>32 touches enti\u00e8rement programmables<\/strong><\/li>\n<li><strong>Curseur de pouce directionnel programmable \u00e0 8 directions<\/strong><\/li>\n<li>\u00c9clairage Chroma avec 16,8 millions de possibilit\u00e9s de couleurs<\/li>\n<li>Repose-main ergonomique<\/li>\n<li><strong>Mode Hypershift<\/strong> pour obtenir plus de commandes<\/li>\n<li>Enti\u00e8rement anti-ghosting<\/li>\n<li>Macros et profils illimit\u00e9es<\/li>\n<li>Compatible avec Razer Synapse<\/li>\n<\/ul>\n<\/section>\n<\/div><\/div>\n","protected":false},"excerpt":{"rendered":"<p>Pad programmable &#8211; interrupteurs hybrides \u00e0 technologie m\u00e9ca-membranes Razer &#8211; r\u00e9tro\u00e9clairage RGB multicolore personnalisable &#8211; repose-main ergonomique<\/p>\n","protected":false},"featured_media":218162,"comment_status":"open","ping_status":"closed","template":"","meta":{"_monsterinsights_skip_tracking":false,"_monsterinsights_sitenote_active":false,"_monsterinsights_sitenote_note":"","_monsterinsights_sitenote_category":0},"etheme_brands":[{"term_id":670,"name":"Razer","slug":"razer","term_group":0,"term_taxonomy_id":670,"taxonomy":"brand","description":"","parent":0,"count":35,"filter":"raw"}],"product_brand":[],"product_cat":[40],"product_tag":[],"class_list":{"0":"post-218160","1":"product","2":"type-product","3":"status-publish","4":"has-post-thumbnail","6":"brand-razer","7":"product_cat-gaming-keyboard","9":"first","10":"instock","11":"taxable","12":"shipping-taxable","13":"purchasable","14":"product-type-simple"},"_links":{"self":[{"href":"https:\/\/electrovideo.eu\/en\/wp-json\/wp\/v2\/product\/218160","targetHints":{"allow":["GET"]}}],"collection":[{"href":"https:\/\/electrovideo.eu\/en\/wp-json\/wp\/v2\/product"}],"about":[{"href":"https:\/\/electrovideo.eu\/en\/wp-json\/wp\/v2\/types\/product"}],"replies":[{"embeddable":true,"href":"https:\/\/electrovideo.eu\/en\/wp-json\/wp\/v2\/comments?post=218160"}],"version-history":[{"count":0,"href":"https:\/\/electrovideo.eu\/en\/wp-json\/wp\/v2\/product\/218160\/revisions"}],"wp:featuredmedia":[{"embeddable":true,"href":"https:\/\/electrovideo.eu\/en\/wp-json\/wp\/v2\/media\/218162"}],"wp:attachment":[{"href":"https:\/\/electrovideo.eu\/en\/wp-json\/wp\/v2\/media?parent=218160"}],"wp:term":[{"taxonomy":"brand","embeddable":true,"href":"https:\/\/electrovideo.eu\/en\/wp-json\/wp\/v2\/etheme_brands?post=218160"},{"taxonomy":"product_brand","embeddable":true,"href":"https:\/\/electrovideo.eu\/en\/wp-json\/wp\/v2\/product_brand?post=218160"},{"taxonomy":"product_cat","embeddable":true,"href":"https:\/\/electrovideo.eu\/en\/wp-json\/wp\/v2\/product_cat?post=218160"},{"taxonomy":"product_tag","embeddable":true,"href":"https:\/\/electrovideo.eu\/en\/wp-json\/wp\/v2\/product_tag?post=218160"}],"curies":[{"name":"wp","href":"https:\/\/api.w.org\/{rel}","templated":true}]}}