{"id":218151,"date":"2025-10-01T00:59:46","date_gmt":"2025-09-30T22:59:46","guid":{"rendered":"https:\/\/electrovideo.eu\/produit\/razer-huntsman-v3-pro\/"},"modified":"2025-10-01T05:00:20","modified_gmt":"2025-10-01T03:00:20","slug":"razer-huntsman-v3-pro","status":"publish","type":"product","link":"https:\/\/electrovideo.eu\/en\/product\/razer-huntsman-v3-pro\/","title":{"rendered":"Razer Huntsman v3 Pro"},"content":{"rendered":"<div id=\"description\" class=\"description\">\n<div class=\"details-pdt-desc\">\n<h2 class=\"h2-master\">Pour les pros<\/h2>\n<section>\n<p>Le <strong>Razer&nbsp;Huntsman V3 Pro <\/strong>est un clavier qui offre une r\u00e9activit\u00e9 in\u00e9gal\u00e9e gr\u00e2ce \u00e0 aux derniers switches optiques analogiques de Razer. Avec l&#8217;activation r\u00e9glable et le mode d\u00e9clenchement rapide pour des entr\u00e9es r\u00e9p\u00e9t\u00e9es ultra-rapides, ce clavier vous offre la vitesse dont vous avez besoin pour vous hisser au&nbsp;sommet.<\/p>\n<\/section>\n<section>\n<div class=\"desc-image\"><span><img decoding=\"async\" alt=\"\" loading=\"lazy\" src=\"https:\/\/electrovideo.eu\/wp-content\/uploads\/2025\/10\/3-12.jpg\"><\/span><\/div>\n<div class=\"desc-text\">\n<h2>Un d\u00e9clenchement rapide<\/h2>\n<p>Le Razer Huntsman v3 Pro n&#8217;est pas un simple clavier gamer. Il est \u00e9quip\u00e9 de&nbsp;<strong>switchs optiques analogiques Razer<\/strong>&nbsp;qui offrent une r\u00e9activit\u00e9 incroyable et peuvent d\u00e9tecter \u00e0 quel point une touche est press\u00e9e au lieu de se limiter \u00e0 une entr\u00e9e binaire traditionnelle. En effet, ses switchs poss\u00e8dent&nbsp;<strong>une activation ajustable de 0.1 \u00e0 4.0&nbsp;mm<\/strong>&nbsp;et une <strong>dur\u00e9e de vie de 100 millions de frappes<\/strong>.<\/p>\n<p>Profitez d\u2019une plus grande r\u00e9activit\u00e9 avec une force d\u2019activation plus l\u00e9g\u00e8re qui vous permet de jouer et de r\u00e9agir plus rapidement que jamais. D\u00e9placements lat\u00e9raux, vis\u00e9e, esquive : prenez l&#8217;avantage gr\u00e2ce \u00e0 la fraction de seconde dont vous avez besoin pour sortir vainqueur de chaque&nbsp;\u00e9change.<\/p>\n<\/div>\n<\/section>\n<section>\n<div class=\"desc-text\">\n<h2>Un clavier confortable<\/h2>\n<p>G\u00e9rez tout du bout des doigts gr\u00e2ce \u00e0 un bouton d\u00e9di\u00e9 aux r\u00e9glages du volume et des switches analogiques, ainsi qu&#8217;aux trois boutons d\u00e9di\u00e9s aux commandes multim\u00e9dia et aux macros personnalis\u00e9es. En outre,&nbsp;il est fabriqu\u00e9 en aluminium de qualit\u00e9 a\u00e9ronautique et dot\u00e9 d\u2019une finition lisse en m\u00e9tal bross\u00e9. Le bo\u00eetier robuste du clavier taill\u00e9 pour l\u2019esport est con\u00e7u pour r\u00e9sister \u00e0 une utilisation fr\u00e9quente et intense, ainsi qu\u2019au gauchissement.<\/p>\n<p>Dot\u00e9 d&#8217;un <strong>r\u00e9tro\u00e9clairage&nbsp;offrant jusqu&#8217;\u00e0 16,8 millions d&#8217;options de couleur<\/strong>, le Razer Huntsman v3 Pro&nbsp;vous offre la possibilit\u00e9 de choisir entre de nombreux effets d&#8217;\u00e9clairage pr\u00e9charg\u00e9s afin de cr\u00e9er votre propre palette de couleurs pour une exp\u00e9rience de jeu unique.<\/p>\n<\/div>\n<div class=\"desc-image\"><span><img decoding=\"async\" alt=\"\" loading=\"lazy\" src=\"https:\/\/electrovideo.eu\/wp-content\/uploads\/2025\/10\/4-3.jpg\"><\/span><\/div>\n<\/section>\n<section class=\"list\">\n<h2>Caract\u00e9ristiques principales :<\/h2>\n<ul>\n<li><strong>Clavier gamer id\u00e9al pour l&#8217;eSport<\/strong><\/li>\n<li><b>Interrupteurs optiques analogiques Razer<\/b>&nbsp;(activation ajustable, entr\u00e9e analogique, activation en deux \u00e9tapes)<\/li>\n<li>Activation r\u00e9glable de 0.1 \u00e0 4.0 mm<\/li>\n<li>Force d&#8217;activation de 40G<\/li>\n<li><strong>Bouton num\u00e9rique multifonction et boutons de contr\u00f4le d\u00e9di\u00e9s<\/strong><\/li>\n<li>Touches PBT \u00e0 double injection textur\u00e9es<\/li>\n<li>Dur\u00e9e de vie de 100&nbsp;millions de frappes<\/li>\n<li>Stockage hybride int\u00e9gr\u00e9 : jusqu&#8217;\u00e0 6 profils<\/li>\n<li>Touches enti\u00e8rement programmables avec enregistrement de macros \u00e0 la vol\u00e9e<\/li>\n<li><strong>R\u00e9tro-\u00e9clairage Razer Chroma<\/strong><\/li>\n<li>N-Key roll-over avec anti-ghosting<\/li>\n<li>Bo\u00eetier sup\u00e9rieur en alliage d&#8217;aluminium bross\u00e9 5052<\/li>\n<li><strong>Repose-poignet magn\u00e9tique solide en similicuir<\/strong><\/li>\n<\/ul>\n<\/section>\n<\/div><\/div>\n","protected":false},"excerpt":{"rendered":"<p>Clavier gaming &#8211; interrupteurs optiques analogiques Razer &#8211; bouton num\u00e9rique multifonction &#8211; r\u00e9tro-\u00e9clairage RGB Chroma &#8211; AZERTY, Fran\u00e7ais<\/p>\n","protected":false},"featured_media":218153,"comment_status":"open","ping_status":"closed","template":"","meta":{"_monsterinsights_skip_tracking":false,"_monsterinsights_sitenote_active":false,"_monsterinsights_sitenote_note":"","_monsterinsights_sitenote_category":0},"etheme_brands":[{"term_id":670,"name":"Razer","slug":"razer","term_group":0,"term_taxonomy_id":670,"taxonomy":"brand","description":"","parent":0,"count":35,"filter":"raw"}],"product_brand":[],"product_cat":[40],"product_tag":[],"class_list":{"0":"post-218151","1":"product","2":"type-product","3":"status-publish","4":"has-post-thumbnail","6":"brand-razer","7":"product_cat-gaming-keyboard","9":"first","10":"instock","11":"taxable","12":"shipping-taxable","13":"purchasable","14":"product-type-simple"},"_links":{"self":[{"href":"https:\/\/electrovideo.eu\/en\/wp-json\/wp\/v2\/product\/218151","targetHints":{"allow":["GET"]}}],"collection":[{"href":"https:\/\/electrovideo.eu\/en\/wp-json\/wp\/v2\/product"}],"about":[{"href":"https:\/\/electrovideo.eu\/en\/wp-json\/wp\/v2\/types\/product"}],"replies":[{"embeddable":true,"href":"https:\/\/electrovideo.eu\/en\/wp-json\/wp\/v2\/comments?post=218151"}],"version-history":[{"count":0,"href":"https:\/\/electrovideo.eu\/en\/wp-json\/wp\/v2\/product\/218151\/revisions"}],"wp:featuredmedia":[{"embeddable":true,"href":"https:\/\/electrovideo.eu\/en\/wp-json\/wp\/v2\/media\/218153"}],"wp:attachment":[{"href":"https:\/\/electrovideo.eu\/en\/wp-json\/wp\/v2\/media?parent=218151"}],"wp:term":[{"taxonomy":"brand","embeddable":true,"href":"https:\/\/electrovideo.eu\/en\/wp-json\/wp\/v2\/etheme_brands?post=218151"},{"taxonomy":"product_brand","embeddable":true,"href":"https:\/\/electrovideo.eu\/en\/wp-json\/wp\/v2\/product_brand?post=218151"},{"taxonomy":"product_cat","embeddable":true,"href":"https:\/\/electrovideo.eu\/en\/wp-json\/wp\/v2\/product_cat?post=218151"},{"taxonomy":"product_tag","embeddable":true,"href":"https:\/\/electrovideo.eu\/en\/wp-json\/wp\/v2\/product_tag?post=218151"}],"curies":[{"name":"wp","href":"https:\/\/api.w.org\/{rel}","templated":true}]}}