{"id":217061,"date":"2025-09-25T01:57:27","date_gmt":"2025-09-24T23:57:27","guid":{"rendered":"https:\/\/electrovideo.eu\/produit\/crucial-p310-1-to-2230-2\/"},"modified":"2025-09-25T01:57:27","modified_gmt":"2025-09-24T23:57:27","slug":"crucial-p310-1-to-2230-2","status":"publish","type":"product","link":"https:\/\/electrovideo.eu\/en\/product\/crucial-p310-1-to-2230-2\/","title":{"rendered":"Crucial P310 1 To 2230"},"content":{"rendered":"<div id=\"description\" class=\"description\">\n<div class=\"details-pdt-desc\">\n<h2 class=\"h2-master\">Crucial P310 : l&#8217;incontournable de votre console portable<\/h2>\n<section>Le <strong>SSD M.2 NVMe PCIe 4.0 x4 Crucial P310<\/strong> vous permet de stocker encore plus de jeux sans sacrifier la vitesse et les performances. Avec des vitesses de lecture de 7100 Mo\/s et d&#8217;\u00e9criture 6000 Mo\/s, le P310 est id\u00e9al pour consoles de jeux portables en permettant d&#8217;augmenter le nombre de jeux stock\u00e9s tout en b\u00e9n\u00e9ficiant de performances sup\u00e9rieures. Faites l&#8217;exp\u00e9rience d&#8217;un stockage de qualit\u00e9 con\u00e7u avec la 3D Technologie NAND sign\u00e9e Micron et laissez le P310 transformer votre monde de jeu.<\/p>\n<\/section>\n<section>\n<div class=\"desc-image\"><img decoding=\"async\" src=\"https:\/\/electrovideo.eu\/wp-content\/uploads\/2025\/09\/crucial_p310-1.jpg\" alt=\"\" \/><\/div>\n<div class=\"desc-text\">\n<h2>Points forts<\/h2>\n<ul>\n<li>Faites de votre appareil de jeu portable ou du stockage de votre ordinateur portable compatible M.2 2230 le GOAT avec le SSD P310. Le SSD de Crucial offre des vitesses de lecture allant jusqu&#8217;\u00e0 7100 Mo\/s et des lectures al\u00e9atoires jusqu&#8217;\u00e0 1 million d&#8217;IOPS.<\/li>\n<li>Pour atteindre des performances optimales, rejoignez le clan Crucial pour un stockage plus performant qui vous permet de vous concentrer sur ce qui vous int\u00e9resse. Stockez et chargez des jeux plus rapidement avec des capacit\u00e9s allant jusqu&#8217;\u00e0 2 To et am\u00e9liorez votre biblioth\u00e8que.<\/li>\n<li>Ne vous souciez pas des temps de latence et\u00a0d\u00e9couvrez un gameplay plus fluide gr\u00e2ce \u00e0 un chargement plus rapide des jeux qui sont \u00e0 port\u00e9e de main dans votre biblioth\u00e8que de jeux ultime.<\/li>\n<li>Augmenter la capacit\u00e9 de stockage de votre appareil ne devrait pas vous co\u00fbter en performances, c&#8217;est pourquoi le SSD P310 donne la priorit\u00e9 \u00e0 l&#8217;efficacit\u00e9 \u00e9nerg\u00e9tique afin que vous puissiez limiter la perte de batterie lors de vos d\u00e9placements.<\/li>\n<li>La conception fine et compacte du SSD P310 offre une solution l\u00e9g\u00e8re que vous pouvez installer dans les consoles de jeux portables comme le Steam Deck de Valve, le MSI Claw et l&#8217;ASUS ROG Ally ainsi que certains ordinateurs portables comme la Microsoft Surface en seulement cinq minutes.<\/li>\n<\/ul>\n<\/div>\n<\/section>\n<\/div>\n<\/div>\n","protected":false},"excerpt":{"rendered":"<p>SSD 1 To 3D NAND M.2 2230 NVMe &#8211; PCIe 4.0 x4<\/p>\n","protected":false},"featured_media":217063,"comment_status":"open","ping_status":"closed","template":"","meta":{"_monsterinsights_skip_tracking":false,"_monsterinsights_sitenote_active":false,"_monsterinsights_sitenote_note":"","_monsterinsights_sitenote_category":0},"etheme_brands":[{"term_id":365,"name":"Crucial","slug":"crucial","term_group":0,"term_taxonomy_id":365,"taxonomy":"brand","description":"","parent":0,"count":41,"filter":"raw"}],"product_brand":[],"product_cat":[25],"product_tag":[],"class_list":{"0":"post-217061","1":"product","2":"type-product","3":"status-publish","4":"has-post-thumbnail","6":"brand-crucial","7":"product_cat-ssd-m2","9":"first","10":"instock","11":"taxable","12":"shipping-taxable","13":"purchasable","14":"product-type-simple"},"_links":{"self":[{"href":"https:\/\/electrovideo.eu\/en\/wp-json\/wp\/v2\/product\/217061","targetHints":{"allow":["GET"]}}],"collection":[{"href":"https:\/\/electrovideo.eu\/en\/wp-json\/wp\/v2\/product"}],"about":[{"href":"https:\/\/electrovideo.eu\/en\/wp-json\/wp\/v2\/types\/product"}],"replies":[{"embeddable":true,"href":"https:\/\/electrovideo.eu\/en\/wp-json\/wp\/v2\/comments?post=217061"}],"version-history":[{"count":0,"href":"https:\/\/electrovideo.eu\/en\/wp-json\/wp\/v2\/product\/217061\/revisions"}],"wp:featuredmedia":[{"embeddable":true,"href":"https:\/\/electrovideo.eu\/en\/wp-json\/wp\/v2\/media\/217063"}],"wp:attachment":[{"href":"https:\/\/electrovideo.eu\/en\/wp-json\/wp\/v2\/media?parent=217061"}],"wp:term":[{"taxonomy":"brand","embeddable":true,"href":"https:\/\/electrovideo.eu\/en\/wp-json\/wp\/v2\/etheme_brands?post=217061"},{"taxonomy":"product_brand","embeddable":true,"href":"https:\/\/electrovideo.eu\/en\/wp-json\/wp\/v2\/product_brand?post=217061"},{"taxonomy":"product_cat","embeddable":true,"href":"https:\/\/electrovideo.eu\/en\/wp-json\/wp\/v2\/product_cat?post=217061"},{"taxonomy":"product_tag","embeddable":true,"href":"https:\/\/electrovideo.eu\/en\/wp-json\/wp\/v2\/product_tag?post=217061"}],"curies":[{"name":"wp","href":"https:\/\/api.w.org\/{rel}","templated":true}]}}