{"id":217053,"date":"2025-09-25T02:25:02","date_gmt":"2025-09-25T00:25:02","guid":{"rendered":"https:\/\/electrovideo.eu\/produit\/western-digital-ssd-wd-black-sn850x-4-to\/"},"modified":"2026-04-15T22:40:26","modified_gmt":"2026-04-15T20:40:26","slug":"western-digital-ssd-wd-black-sn850x-4-to","status":"publish","type":"product","link":"https:\/\/electrovideo.eu\/en\/product\/western-digital-ssd-wd-black-sn850x-4-to\/","title":{"rendered":"Western Digital SSD WD Black SN850X 4 To"},"content":{"rendered":"<div id=\"description\" class=\"description\">\n<div class=\"details-pdt-desc\">\n<h2 class=\"h2-master\">WD_Black SN850X : SSD PCIe 4.0 hautes performances pour gamers<\/h2>\n<section>\n<p>Accrochez-vous \u00e0 des vitesses de jeu vertigineuses avec le <strong>SSD NVMe WD_Black SN850X.<\/strong> An\u00e9antissez les temps de chargement et r\u00e9duisez les \u00e9tranglements et les lags pour une exp\u00e9rience fluide et rapide qui vous permet d&#8217;affronter vos adversaires dans les meilleures conditions. Ce SSD d\u00e9di\u00e9 aux gamers est disponible dans des capacit\u00e9s de 1 To \u00e0 4 To, avec un dissipateur thermique en option sur les disques de 1 To et 2 To pour aider \u00e0 maintenir des performances de haute vol\u00e9e.<\/p>\n<\/section>\n<section>\n<div class=\"desc-image\"><span><img decoding=\"async\" alt=\"\" loading=\"lazy\" src=\"https:\/\/electrovideo.eu\/wp-content\/uploads\/2025\/09\/wd_black_sn850x.jpg\"><\/span><\/div>\n<div class=\"desc-text\">\n<h2>Au SUMMUM Du PCIe-Express 4.0<\/h2>\n<ul>\n<li>Des vitesses folles allant jusqu&#8217;\u00e0 7 300 Mo\/s offrent des performances de haut niveau avec des temps de chargement extr\u00eamement courts.<\/li>\n<li>La latence extr\u00eamement faible charge les graphiques rapidement avec un minimum de saccades et de retards pour une exp\u00e9rience de jeu fluide.<\/li>\n<li>Une gamme de capacit\u00e9s allant de 1 To \u00e0 4 To pour garder plus de jeux \u00e0 port\u00e9e de main et entrer rapidement dans l&#8217;action.<\/li>\n<\/ul>\n<\/div>\n<\/section>\n<section>\n<div class=\"desc-text\">\n<h2>LOGICIEL WD_BLACK DASHBOARD<\/h2>\n<p>B\u00e9n\u00e9ficiez d&#8217;un contr\u00f4le total avec le WD_BLACK Dashboard, vous permettant de surveiller l&#8217;\u00e9tat de votre disque et d&#8217;optimiser les performances en utilisant le mode jeu pour vous assurer d&#8217;utiliser votre appareil au maximum de ses performances pendant les sessions de jeu intenses.<\/p>\n<\/div>\n<div class=\"desc-image\"><span><img decoding=\"async\" alt=\"\" loading=\"lazy\" src=\"https:\/\/electrovideo.eu\/wp-content\/uploads\/2025\/09\/800_2-14.jpg\"><\/span><\/div>\n<\/section>\n<\/div><\/div>\n","protected":false},"excerpt":{"rendered":"<p>SSD 4 To M.2 2280 PCIe NVMe 4.0 x4 NAND 3D TLC<\/p>\n","protected":false},"featured_media":217055,"comment_status":"open","ping_status":"closed","template":"","meta":{"_monsterinsights_skip_tracking":false,"_monsterinsights_sitenote_active":false,"_monsterinsights_sitenote_note":"","_monsterinsights_sitenote_category":0},"etheme_brands":[{"term_id":375,"name":"Western Digital","slug":"western-digital","term_group":0,"term_taxonomy_id":375,"taxonomy":"brand","description":"","parent":0,"count":10,"filter":"raw"}],"product_brand":[],"product_cat":[25],"product_tag":[],"class_list":{"0":"post-217053","1":"product","2":"type-product","3":"status-publish","4":"has-post-thumbnail","6":"brand-western-digital","7":"product_cat-ssd-m2","9":"first","10":"instock","11":"taxable","12":"shipping-taxable","13":"purchasable","14":"product-type-simple"},"_links":{"self":[{"href":"https:\/\/electrovideo.eu\/en\/wp-json\/wp\/v2\/product\/217053","targetHints":{"allow":["GET"]}}],"collection":[{"href":"https:\/\/electrovideo.eu\/en\/wp-json\/wp\/v2\/product"}],"about":[{"href":"https:\/\/electrovideo.eu\/en\/wp-json\/wp\/v2\/types\/product"}],"replies":[{"embeddable":true,"href":"https:\/\/electrovideo.eu\/en\/wp-json\/wp\/v2\/comments?post=217053"}],"version-history":[{"count":0,"href":"https:\/\/electrovideo.eu\/en\/wp-json\/wp\/v2\/product\/217053\/revisions"}],"wp:featuredmedia":[{"embeddable":true,"href":"https:\/\/electrovideo.eu\/en\/wp-json\/wp\/v2\/media\/217055"}],"wp:attachment":[{"href":"https:\/\/electrovideo.eu\/en\/wp-json\/wp\/v2\/media?parent=217053"}],"wp:term":[{"taxonomy":"brand","embeddable":true,"href":"https:\/\/electrovideo.eu\/en\/wp-json\/wp\/v2\/etheme_brands?post=217053"},{"taxonomy":"product_brand","embeddable":true,"href":"https:\/\/electrovideo.eu\/en\/wp-json\/wp\/v2\/product_brand?post=217053"},{"taxonomy":"product_cat","embeddable":true,"href":"https:\/\/electrovideo.eu\/en\/wp-json\/wp\/v2\/product_cat?post=217053"},{"taxonomy":"product_tag","embeddable":true,"href":"https:\/\/electrovideo.eu\/en\/wp-json\/wp\/v2\/product_tag?post=217053"}],"curies":[{"name":"wp","href":"https:\/\/api.w.org\/{rel}","templated":true}]}}